{"id":9945,"date":"2022-04-10T18:55:17","date_gmt":"2022-04-11T00:55:17","guid":{"rendered":"https:\/\/www.unaq.edu.mx\/?page_id=9945"},"modified":"2022-04-10T19:00:59","modified_gmt":"2022-04-11T01:00:59","slug":"visita-la-unaq","status":"publish","type":"page","link":"https:\/\/www.unaq.edu.mx\/en\/admisiones\/visita-la-unaq\/","title":{"rendered":"Visit us!"},"content":{"rendered":"<div data-elementor-type=\"wp-page\" data-elementor-id=\"9945\" class=\"elementor elementor-9945\" data-elementor-post-type=\"page\">\n\t\t\t\t\t\t<section class=\"elementor-section elementor-top-section elementor-element elementor-element-12c5ba9 elementor-section-full_width elementor-section-height-default elementor-section-height-default\" data-id=\"12c5ba9\" data-element_type=\"section\" data-e-type=\"section\" data-settings=\"{&quot;ekit_has_onepagescroll_dot&quot;:&quot;yes&quot;}\">\n\t\t\t\t\t\t<div class=\"elementor-container elementor-column-gap-default\">\n\t\t\t\t\t<div class=\"elementor-column elementor-col-100 elementor-top-column elementor-element elementor-element-c4b5be8\" data-id=\"c4b5be8\" data-element_type=\"column\" data-e-type=\"column\">\n\t\t\t<div class=\"elementor-widget-wrap elementor-element-populated\">\n\t\t\t\t\t\t<div class=\"elementor-element elementor-element-e18892c elementor-widget elementor-widget-image\" data-id=\"e18892c\" data-element_type=\"widget\" data-e-type=\"widget\" data-settings=\"{&quot;ekit_we_effect_on&quot;:&quot;none&quot;}\" data-widget_type=\"image.default\">\n\t\t\t\t<div class=\"elementor-widget-container\">\n\t\t\t\t\t\t\t\t\t\t\t\t\t\t\t<img fetchpriority=\"high\" decoding=\"async\" width=\"1920\" height=\"500\" src=\"https:\/\/www.unaq.edu.mx\/wp-content\/uploads\/Header_Visita_UNAQ.jpg\" class=\"attachment-full size-full wp-image-9947\" alt=\"\" srcset=\"https:\/\/www.unaq.edu.mx\/wp-content\/uploads\/Header_Visita_UNAQ.jpg 1920w, https:\/\/www.unaq.edu.mx\/wp-content\/uploads\/Header_Visita_UNAQ-300x78.jpg 300w, https:\/\/www.unaq.edu.mx\/wp-content\/uploads\/Header_Visita_UNAQ-1024x267.jpg 1024w, https:\/\/www.unaq.edu.mx\/wp-content\/uploads\/Header_Visita_UNAQ-768x200.jpg 768w, https:\/\/www.unaq.edu.mx\/wp-content\/uploads\/Header_Visita_UNAQ-1536x400.jpg 1536w, https:\/\/www.unaq.edu.mx\/wp-content\/uploads\/Header_Visita_UNAQ-18x5.jpg 18w\" sizes=\"(max-width: 1920px) 100vw, 1920px\" \/>\t\t\t\t\t\t\t\t\t\t\t\t\t\t\t<\/div>\n\t\t\t\t<\/div>\n\t\t\t\t\t<\/div>\n\t\t<\/div>\n\t\t\t\t\t<\/div>\n\t\t<\/section>\n\t\t\t\t<section class=\"elementor-section elementor-top-section elementor-element elementor-element-e894ec8 elementor-section-boxed elementor-section-height-default elementor-section-height-default\" data-id=\"e894ec8\" data-element_type=\"section\" data-e-type=\"section\" data-settings=\"{&quot;ekit_has_onepagescroll_dot&quot;:&quot;yes&quot;}\">\n\t\t\t\t\t\t<div class=\"elementor-container elementor-column-gap-default\">\n\t\t\t\t\t<div class=\"elementor-column elementor-col-66 elementor-top-column elementor-element elementor-element-3f9b7d5\" data-id=\"3f9b7d5\" data-element_type=\"column\" data-e-type=\"column\">\n\t\t\t<div class=\"elementor-widget-wrap elementor-element-populated\">\n\t\t\t\t\t\t<div class=\"elementor-element elementor-element-786a12e elementor-widget elementor-widget-heading\" data-id=\"786a12e\" data-element_type=\"widget\" data-e-type=\"widget\" data-settings=\"{&quot;ekit_we_effect_on&quot;:&quot;none&quot;}\" data-widget_type=\"heading.default\">\n\t\t\t\t<div class=\"elementor-widget-container\">\n\t\t\t\t\t<h2 class=\"elementor-heading-title elementor-size-default\">Visit us!<\/h2>\t\t\t\t<\/div>\n\t\t\t\t<\/div>\n\t\t\t\t\t<\/div>\n\t\t<\/div>\n\t\t\t\t<div class=\"elementor-column elementor-col-33 elementor-top-column elementor-element elementor-element-60d02d6\" data-id=\"60d02d6\" data-element_type=\"column\" data-e-type=\"column\">\n\t\t\t<div class=\"elementor-widget-wrap elementor-element-populated\">\n\t\t\t\t\t\t<div class=\"elementor-element elementor-element-33195fc elementor-align-center elementor-widget elementor-widget-button\" data-id=\"33195fc\" data-element_type=\"widget\" data-e-type=\"widget\" data-settings=\"{&quot;ekit_we_effect_on&quot;:&quot;none&quot;}\" data-widget_type=\"button.default\">\n\t\t\t\t<div class=\"elementor-widget-container\">\n\t\t\t\t\t\t\t\t\t<div class=\"elementor-button-wrapper\">\n\t\t\t\t\t<a class=\"elementor-button elementor-button-link elementor-size-xl\" href=\"http:\/\/sii.unaq.edu.mx\/Vinculacion\/Visita\/Crear\" target=\"_blank\">\n\t\t\t\t\t\t<span class=\"elementor-button-content-wrapper\">\n\t\t\t\t\t\t<span class=\"elementor-button-icon\">\n\t\t\t\t<i aria-hidden=\"true\" class=\"fas fa-check-double\"><\/i>\t\t\t<\/span>\n\t\t\t\t\t\t\t\t\t<span class=\"elementor-button-text\">Register your visit<\/span>\n\t\t\t\t\t<\/span>\n\t\t\t\t\t<\/a>\n\t\t\t\t<\/div>\n\t\t\t\t\t\t\t\t<\/div>\n\t\t\t\t<\/div>\n\t\t\t\t\t<\/div>\n\t\t<\/div>\n\t\t\t\t\t<\/div>\n\t\t<\/section>\n\t\t\t\t<section class=\"elementor-section elementor-top-section elementor-element elementor-element-56eac38 elementor-section-boxed elementor-section-height-default elementor-section-height-default\" data-id=\"56eac38\" data-element_type=\"section\" data-e-type=\"section\" data-settings=\"{&quot;ekit_has_onepagescroll_dot&quot;:&quot;yes&quot;}\">\n\t\t\t\t\t\t<div class=\"elementor-container elementor-column-gap-default\">\n\t\t\t\t\t<div class=\"elementor-column elementor-col-100 elementor-top-column elementor-element elementor-element-38112c1\" data-id=\"38112c1\" data-element_type=\"column\" data-e-type=\"column\">\n\t\t\t<div class=\"elementor-widget-wrap elementor-element-populated\">\n\t\t\t\t\t\t<div class=\"elementor-element elementor-element-6d6acfd elementor-widget elementor-widget-text-editor\" data-id=\"6d6acfd\" data-element_type=\"widget\" data-e-type=\"widget\" data-settings=\"{&quot;ekit_we_effect_on&quot;:&quot;none&quot;}\" data-widget_type=\"text-editor.default\">\n\t\t\t\t<div class=\"elementor-widget-container\">\n\t\t\t\t\t\t\t\t\t<p style=\"text-align: justify;\">Guided tours are for those people who would like to know UNAQ for academic and cultural purposes. There, you will know different laboratories and workshops very similar to those in where aircraft is given maintenance. You can also see and touch different aircraft such as executive jets, navy aircraft and passenger aircraft.<\/p><p style=\"text-align: justify;\">Live the experience of our #OrgulloAeronautico<\/p><p style=\"text-align: justify;\">To visit us, you can do it in the following way:<\/p><p style=\"text-align: justify;\">We have two visit options:<\/p><figure id=\"attachment_9949\" aria-describedby=\"caption-attachment-9949\" style=\"width: 300px\" class=\"wp-caption alignright\"><img decoding=\"async\" class=\"wp-image-9949 size-medium\" src=\"https:\/\/www.unaq.edu.mx\/wp-content\/uploads\/VisitaGuiada01-300x225.jpg\" alt=\"\" width=\"300\" height=\"225\" srcset=\"https:\/\/www.unaq.edu.mx\/wp-content\/uploads\/VisitaGuiada01-300x225.jpg 300w, https:\/\/www.unaq.edu.mx\/wp-content\/uploads\/VisitaGuiada01-768x576.jpg 768w, https:\/\/www.unaq.edu.mx\/wp-content\/uploads\/VisitaGuiada01-16x12.jpg 16w, https:\/\/www.unaq.edu.mx\/wp-content\/uploads\/VisitaGuiada01.jpg 800w\" sizes=\"(max-width: 300px) 100vw, 300px\" \/><figcaption id=\"caption-attachment-9949\" class=\"wp-caption-text\">School visits<\/figcaption><\/figure><h3 style=\"text-align: justify;\">School visits<\/h3><p style=\"text-align: justify;\">If you are a teacher, principal or student and are interested in aeronautics you can visit UNAQ\u2019s facilities. A maximum of 50 people are allowed, including the people responsible of the visitor institution.<\/p><ul style=\"text-align: justify;\"><li><strong>What schools can visit us?<br \/><\/strong>We host pre-scholar, elementary, high school, universities or non-profit organizations. As well as private and public ones.<br \/>For pre-scholar schools, it is necessary to have two teachers in charge of the groups.<\/li><li><strong>When can I go?<br \/><\/strong>On Tuesday, Wednesday and Thursday.<\/li><li><strong>Schedule?<br \/><\/strong>From 10:00 to 12:30. Two and a half-length.<\/li><\/ul><h3 style=\"text-align: justify;\">Public visits<\/h3><p style=\"text-align: justify;\">If you are interested in enrolling at UNAQ and require more information about our programs, scholarships, cost, mobility, and would like to visit our facilities with your family, you are welcome.<\/p><p style=\"text-align: justify;\">Enjoy the experience of being in the aeronautic environment.<\/p><ul style=\"text-align: justify;\"><li><strong>When can I go?<br \/><\/strong>On Friday.<\/li><li><strong>Schedule?<br \/><\/strong>From 10:00 to 12:30. Two and a half-length.<\/li><\/ul><figure id=\"attachment_9950\" aria-describedby=\"caption-attachment-9950\" style=\"width: 300px\" class=\"wp-caption alignright\"><img decoding=\"async\" class=\"wp-image-9950 size-medium\" src=\"https:\/\/www.unaq.edu.mx\/wp-content\/uploads\/VisitaGuiada02-300x225.jpg\" alt=\"\" width=\"300\" height=\"225\" srcset=\"https:\/\/www.unaq.edu.mx\/wp-content\/uploads\/VisitaGuiada02-300x225.jpg 300w, https:\/\/www.unaq.edu.mx\/wp-content\/uploads\/VisitaGuiada02-768x576.jpg 768w, https:\/\/www.unaq.edu.mx\/wp-content\/uploads\/VisitaGuiada02-16x12.jpg 16w, https:\/\/www.unaq.edu.mx\/wp-content\/uploads\/VisitaGuiada02.jpg 800w\" sizes=\"(max-width: 300px) 100vw, 300px\" \/><figcaption id=\"caption-attachment-9950\" class=\"wp-caption-text\">School visits<\/figcaption><\/figure><h3 style=\"text-align: justify;\">To have a successful visit:<\/h3><ol style=\"text-align: justify;\"><li>Check the information about the type of visit you require.<\/li><li>Register your data\u00a0<a href=\"http:\/\/sii.unaq.edu.mx\/Vinculacion\/Visita\/Crear\" target=\"_blank\" rel=\"noopener noreferrer\">next page<\/a><ul><li>Fill out the form with the data of the school or of the interested applicant.<\/li><li>Check the available dates<\/li><\/ul><\/li><li>You will receive a confirmation e-mail\u00a0<strong>(check your SPAM tray)<\/strong>.<\/li><li>Print your entry pass.<\/li><li>Arrive at least 5 minutes before your scheduled visit.<\/li><li>It\u00b4s necessary to wear enclosed shoe.<\/li><\/ol><p style=\"text-align: justify;\">You can take pictures with your camera or cell phone in the areas that are allowed to do so.<\/p><p style=\"text-align: justify;\">Share your photos with us on\u00a0<a href=\"https:\/\/www.facebook.com\/UNAQMX\/\" target=\"_blank\" rel=\"noopener noreferrer\">Facebook<\/a>\u00a0or\u00a0<a href=\"https:\/\/twitter.com\/UNAQmx\/\" target=\"_blank\" rel=\"noopener noreferrer\">Twitter<\/a>\u00a0and leave a comment about your visit.<\/p>\t\t\t\t\t\t\t\t<\/div>\n\t\t\t\t<\/div>\n\t\t\t\t\t<\/div>\n\t\t<\/div>\n\t\t\t\t\t<\/div>\n\t\t<\/section>\n\t\t\t\t<\/div>","protected":false},"excerpt":{"rendered":"<p>Visita la UNAQ Registra tu visita Las visitas guiadas est\u00e1n dirigidas para aquellas personas que quieran conocer la universidad con fines acad\u00e9micos y culturales. Donde podr\u00e1s conocer diferentes laboratorios, talleres que asemejan el mantenimiento de una aeronave y sobre todo, ver y tocar diferentes aviones desde: un jet ejecutivo, un militar, hasta uno de pasajeros. [&hellip;]<\/p>\n","protected":false},"author":1,"featured_media":0,"parent":9933,"menu_order":0,"comment_status":"closed","ping_status":"closed","template":"elementor_header_footer","meta":{"footnotes":""},"class_list":["post-9945","page","type-page","status-publish","hentry"],"yoast_head":"<!-- This site is optimized with the Yoast SEO plugin v27.6 - https:\/\/yoast.com\/product\/yoast-seo-wordpress\/ -->\n<title>Visita la UNAQ - UNAQ - Universidad Aeron&aacute;utica en Quer&eacute;taro<\/title>\n<meta name=\"robots\" content=\"index, follow, max-snippet:-1, max-image-preview:large, max-video-preview:-1\" \/>\n<link rel=\"canonical\" href=\"https:\/\/www.unaq.edu.mx\/en\/admisiones\/visita-la-unaq\/\" \/>\n<meta property=\"og:locale\" content=\"en_US\" \/>\n<meta property=\"og:type\" content=\"article\" \/>\n<meta property=\"og:title\" content=\"Visita la UNAQ - UNAQ - Universidad Aeron&aacute;utica en Quer&eacute;taro\" \/>\n<meta property=\"og:description\" content=\"Visita la UNAQ Registra tu visita Las visitas guiadas est\u00e1n dirigidas para aquellas personas que quieran conocer la universidad con fines acad\u00e9micos y culturales. Donde podr\u00e1s conocer diferentes laboratorios, talleres que asemejan el mantenimiento de una aeronave y sobre todo, ver y tocar diferentes aviones desde: un jet ejecutivo, un militar, hasta uno de pasajeros. [&hellip;]\" \/>\n<meta property=\"og:url\" content=\"https:\/\/www.unaq.edu.mx\/en\/admisiones\/visita-la-unaq\/\" \/>\n<meta property=\"og:site_name\" content=\"UNAQ - Universidad Aeron&aacute;utica en Quer&eacute;taro\" \/>\n<meta property=\"article:publisher\" content=\"https:\/\/www.facebook.com\/UNAQMX\/\" \/>\n<meta property=\"article:modified_time\" content=\"2022-04-11T01:00:59+00:00\" \/>\n<meta property=\"og:image\" content=\"https:\/\/www.unaq.edu.mx\/wp-content\/uploads\/Header_Visita_UNAQ.jpg\" \/>\n<meta name=\"twitter:card\" content=\"summary_large_image\" \/>\n<meta name=\"twitter:site\" content=\"@UNAQmx\" \/>\n<meta name=\"twitter:label1\" content=\"Est. reading time\" \/>\n\t<meta name=\"twitter:data1\" content=\"2 minutes\" \/>\n<script type=\"application\/ld+json\" class=\"yoast-schema-graph\">{\"@context\":\"https:\\\/\\\/schema.org\",\"@graph\":[{\"@type\":\"WebPage\",\"@id\":\"https:\\\/\\\/www.unaq.edu.mx\\\/admisiones\\\/visita-la-unaq\\\/\",\"url\":\"https:\\\/\\\/www.unaq.edu.mx\\\/admisiones\\\/visita-la-unaq\\\/\",\"name\":\"Visita la UNAQ - UNAQ - Universidad Aeron&aacute;utica en Quer&eacute;taro\",\"isPartOf\":{\"@id\":\"https:\\\/\\\/www.unaq.edu.mx\\\/#website\"},\"primaryImageOfPage\":{\"@id\":\"https:\\\/\\\/www.unaq.edu.mx\\\/admisiones\\\/visita-la-unaq\\\/#primaryimage\"},\"image\":{\"@id\":\"https:\\\/\\\/www.unaq.edu.mx\\\/admisiones\\\/visita-la-unaq\\\/#primaryimage\"},\"thumbnailUrl\":\"https:\\\/\\\/www.unaq.edu.mx\\\/wp-content\\\/uploads\\\/Header_Visita_UNAQ.jpg\",\"datePublished\":\"2022-04-11T00:55:17+00:00\",\"dateModified\":\"2022-04-11T01:00:59+00:00\",\"breadcrumb\":{\"@id\":\"https:\\\/\\\/www.unaq.edu.mx\\\/admisiones\\\/visita-la-unaq\\\/#breadcrumb\"},\"inLanguage\":\"en-US\",\"potentialAction\":[{\"@type\":\"ReadAction\",\"target\":[\"https:\\\/\\\/www.unaq.edu.mx\\\/admisiones\\\/visita-la-unaq\\\/\"]}]},{\"@type\":\"ImageObject\",\"inLanguage\":\"en-US\",\"@id\":\"https:\\\/\\\/www.unaq.edu.mx\\\/admisiones\\\/visita-la-unaq\\\/#primaryimage\",\"url\":\"https:\\\/\\\/www.unaq.edu.mx\\\/wp-content\\\/uploads\\\/Header_Visita_UNAQ.jpg\",\"contentUrl\":\"https:\\\/\\\/www.unaq.edu.mx\\\/wp-content\\\/uploads\\\/Header_Visita_UNAQ.jpg\"},{\"@type\":\"BreadcrumbList\",\"@id\":\"https:\\\/\\\/www.unaq.edu.mx\\\/admisiones\\\/visita-la-unaq\\\/#breadcrumb\",\"itemListElement\":[{\"@type\":\"ListItem\",\"position\":1,\"name\":\"Portada\",\"item\":\"https:\\\/\\\/www.unaq.edu.mx\\\/\"},{\"@type\":\"ListItem\",\"position\":2,\"name\":\"Admisiones\",\"item\":\"https:\\\/\\\/www.unaq.edu.mx\\\/admisiones\\\/\"},{\"@type\":\"ListItem\",\"position\":3,\"name\":\"Visita la UNAQ\"}]},{\"@type\":\"WebSite\",\"@id\":\"https:\\\/\\\/www.unaq.edu.mx\\\/#website\",\"url\":\"https:\\\/\\\/www.unaq.edu.mx\\\/\",\"name\":\"UNAQ - Universidad Aeron&aacute;utica en Quer&eacute;taro\",\"description\":\"Formamos profesionales e investigadores para el sector aeron&aacute;utico, con valores, conocimientos, competencias y reconocimiento nacional e internacional, basado en un modelo educativo abierto, flexible, pertinente y estrechamente vinculado, para el desarrollo social, econ&oacute;mico y cultural de M&eacute;xico.\",\"publisher\":{\"@id\":\"https:\\\/\\\/www.unaq.edu.mx\\\/#organization\"},\"potentialAction\":[{\"@type\":\"SearchAction\",\"target\":{\"@type\":\"EntryPoint\",\"urlTemplate\":\"https:\\\/\\\/www.unaq.edu.mx\\\/?s={search_term_string}\"},\"query-input\":{\"@type\":\"PropertyValueSpecification\",\"valueRequired\":true,\"valueName\":\"search_term_string\"}}],\"inLanguage\":\"en-US\"},{\"@type\":\"Organization\",\"@id\":\"https:\\\/\\\/www.unaq.edu.mx\\\/#organization\",\"name\":\"Universidad Aeron\u00e1utica en Quer\u00e9taro\",\"url\":\"https:\\\/\\\/www.unaq.edu.mx\\\/\",\"logo\":{\"@type\":\"ImageObject\",\"inLanguage\":\"en-US\",\"@id\":\"https:\\\/\\\/www.unaq.edu.mx\\\/#\\\/schema\\\/logo\\\/image\\\/\",\"url\":\"https:\\\/\\\/www.unaq.edu.mx\\\/wp-content\\\/uploads\\\/2022\\\/04\\\/Logo_UNAQ.png\",\"contentUrl\":\"https:\\\/\\\/www.unaq.edu.mx\\\/wp-content\\\/uploads\\\/2022\\\/04\\\/Logo_UNAQ.png\",\"width\":648,\"height\":284,\"caption\":\"Universidad Aeron\u00e1utica en Quer\u00e9taro\"},\"image\":{\"@id\":\"https:\\\/\\\/www.unaq.edu.mx\\\/#\\\/schema\\\/logo\\\/image\\\/\"},\"sameAs\":[\"https:\\\/\\\/www.facebook.com\\\/UNAQMX\\\/\",\"https:\\\/\\\/x.com\\\/UNAQmx\",\"https:\\\/\\\/www.linkedin.com\\\/company\\\/unaq\",\"https:\\\/\\\/www.youtube.com\\\/user\\\/UNAQMX\"]}]}<\/script>\n<!-- \/ Yoast SEO plugin. -->","yoast_head_json":{"title":"Visita la UNAQ - UNAQ - Universidad Aeron&aacute;utica en Quer&eacute;taro","robots":{"index":"index","follow":"follow","max-snippet":"max-snippet:-1","max-image-preview":"max-image-preview:large","max-video-preview":"max-video-preview:-1"},"canonical":"https:\/\/www.unaq.edu.mx\/en\/admisiones\/visita-la-unaq\/","og_locale":"en_US","og_type":"article","og_title":"Visita la UNAQ - UNAQ - Universidad Aeron&aacute;utica en Quer&eacute;taro","og_description":"Visita la UNAQ Registra tu visita Las visitas guiadas est\u00e1n dirigidas para aquellas personas que quieran conocer la universidad con fines acad\u00e9micos y culturales. Donde podr\u00e1s conocer diferentes laboratorios, talleres que asemejan el mantenimiento de una aeronave y sobre todo, ver y tocar diferentes aviones desde: un jet ejecutivo, un militar, hasta uno de pasajeros. [&hellip;]","og_url":"https:\/\/www.unaq.edu.mx\/en\/admisiones\/visita-la-unaq\/","og_site_name":"UNAQ - Universidad Aeron&aacute;utica en Quer&eacute;taro","article_publisher":"https:\/\/www.facebook.com\/UNAQMX\/","article_modified_time":"2022-04-11T01:00:59+00:00","og_image":[{"url":"https:\/\/www.unaq.edu.mx\/wp-content\/uploads\/Header_Visita_UNAQ.jpg","type":"","width":"","height":""}],"twitter_card":"summary_large_image","twitter_site":"@UNAQmx","twitter_misc":{"Est. reading time":"2 minutes"},"schema":{"@context":"https:\/\/schema.org","@graph":[{"@type":"WebPage","@id":"https:\/\/www.unaq.edu.mx\/admisiones\/visita-la-unaq\/","url":"https:\/\/www.unaq.edu.mx\/admisiones\/visita-la-unaq\/","name":"Visita la UNAQ - UNAQ - Universidad Aeron&aacute;utica en Quer&eacute;taro","isPartOf":{"@id":"https:\/\/www.unaq.edu.mx\/#website"},"primaryImageOfPage":{"@id":"https:\/\/www.unaq.edu.mx\/admisiones\/visita-la-unaq\/#primaryimage"},"image":{"@id":"https:\/\/www.unaq.edu.mx\/admisiones\/visita-la-unaq\/#primaryimage"},"thumbnailUrl":"https:\/\/www.unaq.edu.mx\/wp-content\/uploads\/Header_Visita_UNAQ.jpg","datePublished":"2022-04-11T00:55:17+00:00","dateModified":"2022-04-11T01:00:59+00:00","breadcrumb":{"@id":"https:\/\/www.unaq.edu.mx\/admisiones\/visita-la-unaq\/#breadcrumb"},"inLanguage":"en-US","potentialAction":[{"@type":"ReadAction","target":["https:\/\/www.unaq.edu.mx\/admisiones\/visita-la-unaq\/"]}]},{"@type":"ImageObject","inLanguage":"en-US","@id":"https:\/\/www.unaq.edu.mx\/admisiones\/visita-la-unaq\/#primaryimage","url":"https:\/\/www.unaq.edu.mx\/wp-content\/uploads\/Header_Visita_UNAQ.jpg","contentUrl":"https:\/\/www.unaq.edu.mx\/wp-content\/uploads\/Header_Visita_UNAQ.jpg"},{"@type":"BreadcrumbList","@id":"https:\/\/www.unaq.edu.mx\/admisiones\/visita-la-unaq\/#breadcrumb","itemListElement":[{"@type":"ListItem","position":1,"name":"Portada","item":"https:\/\/www.unaq.edu.mx\/"},{"@type":"ListItem","position":2,"name":"Admisiones","item":"https:\/\/www.unaq.edu.mx\/admisiones\/"},{"@type":"ListItem","position":3,"name":"Visita la UNAQ"}]},{"@type":"WebSite","@id":"https:\/\/www.unaq.edu.mx\/#website","url":"https:\/\/www.unaq.edu.mx\/","name":"UNAQ - Universidad Aeron&aacute;utica en Quer&eacute;taro","description":"Formamos profesionales e investigadores para el sector aeron&aacute;utico, con valores, conocimientos, competencias y reconocimiento nacional e internacional, basado en un modelo educativo abierto, flexible, pertinente y estrechamente vinculado, para el desarrollo social, econ&oacute;mico y cultural de M&eacute;xico.","publisher":{"@id":"https:\/\/www.unaq.edu.mx\/#organization"},"potentialAction":[{"@type":"SearchAction","target":{"@type":"EntryPoint","urlTemplate":"https:\/\/www.unaq.edu.mx\/?s={search_term_string}"},"query-input":{"@type":"PropertyValueSpecification","valueRequired":true,"valueName":"search_term_string"}}],"inLanguage":"en-US"},{"@type":"Organization","@id":"https:\/\/www.unaq.edu.mx\/#organization","name":"Universidad Aeron\u00e1utica en Quer\u00e9taro","url":"https:\/\/www.unaq.edu.mx\/","logo":{"@type":"ImageObject","inLanguage":"en-US","@id":"https:\/\/www.unaq.edu.mx\/#\/schema\/logo\/image\/","url":"https:\/\/www.unaq.edu.mx\/wp-content\/uploads\/2022\/04\/Logo_UNAQ.png","contentUrl":"https:\/\/www.unaq.edu.mx\/wp-content\/uploads\/2022\/04\/Logo_UNAQ.png","width":648,"height":284,"caption":"Universidad Aeron\u00e1utica en Quer\u00e9taro"},"image":{"@id":"https:\/\/www.unaq.edu.mx\/#\/schema\/logo\/image\/"},"sameAs":["https:\/\/www.facebook.com\/UNAQMX\/","https:\/\/x.com\/UNAQmx","https:\/\/www.linkedin.com\/company\/unaq","https:\/\/www.youtube.com\/user\/UNAQMX"]}]}},"_links":{"self":[{"href":"https:\/\/www.unaq.edu.mx\/en\/wp-json\/wp\/v2\/pages\/9945","targetHints":{"allow":["GET"]}}],"collection":[{"href":"https:\/\/www.unaq.edu.mx\/en\/wp-json\/wp\/v2\/pages"}],"about":[{"href":"https:\/\/www.unaq.edu.mx\/en\/wp-json\/wp\/v2\/types\/page"}],"author":[{"embeddable":true,"href":"https:\/\/www.unaq.edu.mx\/en\/wp-json\/wp\/v2\/users\/1"}],"replies":[{"embeddable":true,"href":"https:\/\/www.unaq.edu.mx\/en\/wp-json\/wp\/v2\/comments?post=9945"}],"version-history":[{"count":4,"href":"https:\/\/www.unaq.edu.mx\/en\/wp-json\/wp\/v2\/pages\/9945\/revisions"}],"predecessor-version":[{"id":9953,"href":"https:\/\/www.unaq.edu.mx\/en\/wp-json\/wp\/v2\/pages\/9945\/revisions\/9953"}],"up":[{"embeddable":true,"href":"https:\/\/www.unaq.edu.mx\/en\/wp-json\/wp\/v2\/pages\/9933"}],"wp:attachment":[{"href":"https:\/\/www.unaq.edu.mx\/en\/wp-json\/wp\/v2\/media?parent=9945"}],"curies":[{"name":"wp","href":"https:\/\/api.w.org\/{rel}","templated":true}]}}