{"id":9699,"date":"2022-04-09T20:12:33","date_gmt":"2022-04-10T02:12:33","guid":{"rendered":"https:\/\/www.unaq.edu.mx\/?page_id=9699"},"modified":"2023-08-22T12:00:34","modified_gmt":"2023-08-22T18:00:34","slug":"u-fly","status":"publish","type":"page","link":"https:\/\/www.unaq.edu.mx\/en\/soyunaq\/equipos-representativos\/u-fly\/","title":{"rendered":"U-FLY"},"content":{"rendered":"<div data-elementor-type=\"wp-page\" data-elementor-id=\"9699\" class=\"elementor elementor-9699\" data-elementor-post-type=\"page\">\n\t\t\t\t\t\t<section class=\"elementor-section elementor-top-section elementor-element elementor-element-af480c7 elementor-section-full_width elementor-section-height-default elementor-section-height-default\" data-id=\"af480c7\" data-element_type=\"section\" data-e-type=\"section\" data-settings=\"{&quot;ekit_has_onepagescroll_dot&quot;:&quot;yes&quot;}\">\n\t\t\t\t\t\t<div class=\"elementor-container elementor-column-gap-default\">\n\t\t\t\t\t<div class=\"elementor-column elementor-col-100 elementor-top-column elementor-element elementor-element-aa6f509\" data-id=\"aa6f509\" data-element_type=\"column\" data-e-type=\"column\">\n\t\t\t<div class=\"elementor-widget-wrap elementor-element-populated\">\n\t\t\t\t\t\t<div class=\"elementor-element elementor-element-f4f914c elementor-widget elementor-widget-image\" data-id=\"f4f914c\" data-element_type=\"widget\" data-e-type=\"widget\" data-settings=\"{&quot;ekit_we_effect_on&quot;:&quot;none&quot;}\" data-widget_type=\"image.default\">\n\t\t\t\t<div class=\"elementor-widget-container\">\n\t\t\t\t\t\t\t\t\t\t\t\t\t\t\t<img fetchpriority=\"high\" decoding=\"async\" width=\"1920\" height=\"500\" src=\"https:\/\/www.unaq.edu.mx\/wp-content\/uploads\/Header_UFly2.jpg\" class=\"attachment-full size-full wp-image-12851\" alt=\"\" srcset=\"https:\/\/www.unaq.edu.mx\/wp-content\/uploads\/Header_UFly2.jpg 1920w, https:\/\/www.unaq.edu.mx\/wp-content\/uploads\/Header_UFly2-300x78.jpg 300w, https:\/\/www.unaq.edu.mx\/wp-content\/uploads\/Header_UFly2-1024x267.jpg 1024w, https:\/\/www.unaq.edu.mx\/wp-content\/uploads\/Header_UFly2-768x200.jpg 768w, https:\/\/www.unaq.edu.mx\/wp-content\/uploads\/Header_UFly2-1536x400.jpg 1536w, https:\/\/www.unaq.edu.mx\/wp-content\/uploads\/Header_UFly2-18x5.jpg 18w\" sizes=\"(max-width: 1920px) 100vw, 1920px\" \/>\t\t\t\t\t\t\t\t\t\t\t\t\t\t\t<\/div>\n\t\t\t\t<\/div>\n\t\t\t\t\t<\/div>\n\t\t<\/div>\n\t\t\t\t\t<\/div>\n\t\t<\/section>\n\t\t\t\t<section class=\"elementor-section elementor-top-section elementor-element elementor-element-7637a1e elementor-section-boxed elementor-section-height-default elementor-section-height-default\" data-id=\"7637a1e\" data-element_type=\"section\" data-e-type=\"section\" data-settings=\"{&quot;ekit_has_onepagescroll_dot&quot;:&quot;yes&quot;}\">\n\t\t\t\t\t\t<div class=\"elementor-container elementor-column-gap-default\">\n\t\t\t\t\t<div class=\"elementor-column elementor-col-100 elementor-top-column elementor-element elementor-element-310b2ea\" data-id=\"310b2ea\" data-element_type=\"column\" data-e-type=\"column\">\n\t\t\t<div class=\"elementor-widget-wrap elementor-element-populated\">\n\t\t\t\t\t\t<div class=\"elementor-element elementor-element-0c824cb elementor-widget elementor-widget-heading\" data-id=\"0c824cb\" data-element_type=\"widget\" data-e-type=\"widget\" data-settings=\"{&quot;ekit_we_effect_on&quot;:&quot;none&quot;}\" data-widget_type=\"heading.default\">\n\t\t\t\t<div class=\"elementor-widget-container\">\n\t\t\t\t\t<h2 class=\"elementor-heading-title elementor-size-default\">U-FLY<\/h2>\t\t\t\t<\/div>\n\t\t\t\t<\/div>\n\t\t\t\t<div class=\"elementor-element elementor-element-969f488 elementor-widget elementor-widget-text-editor\" data-id=\"969f488\" data-element_type=\"widget\" data-e-type=\"widget\" data-settings=\"{&quot;ekit_we_effect_on&quot;:&quot;none&quot;}\" data-widget_type=\"text-editor.default\">\n\t\t\t\t<div class=\"elementor-widget-container\">\n\t\t\t\t\t\t\t\t\t<p style=\"text-align: justify;\"><img decoding=\"async\" class=\"alignright wp-image-9695 size-medium\" src=\"https:\/\/www.unaq.edu.mx\/wp-content\/uploads\/Logo_U-Fly-300x209.png\" alt=\"\" width=\"300\" height=\"209\" srcset=\"https:\/\/www.unaq.edu.mx\/wp-content\/uploads\/Logo_U-Fly-300x209.png 300w, https:\/\/www.unaq.edu.mx\/wp-content\/uploads\/Logo_U-Fly-18x12.png 18w, https:\/\/www.unaq.edu.mx\/wp-content\/uploads\/Logo_U-Fly.png 468w\" sizes=\"(max-width: 300px) 100vw, 300px\" \/><\/p><p style=\"text-align: justify;\">U-Fly Team is a prominent aeromodel design team composed of students from the Aeronautical University in Quer\u00e9taro (UNAQ), both from the Engineering and University Technician programs. Since its inception, the team has proudly represented the university, with its legacy dating back to 2013.<\/p><p style=\"text-align: justify;\">Over the years, the team has welcomed new members who bring exceptional skills and, most importantly, a strong sense of camaraderie that contributes to the overall success of the team. U-Fly Team carries out various activities within the UNAQ's \"Prototypes and Models Workshop,\" utilizing the facilities for the development of their projects.<\/p><p style=\"text-align: justify;\">The central project of U-Fly Team revolves around the design, manufacturing, and testing of Remotely Piloted Aircraft (RPAs) to compete in SAE Aero Design competitions. They carefully consider aspects such as aerodynamics, propulsion, and prototype functionality. These competitions provide students with a realistic experience simulating workplace challenges, allowing them to test and improve their design and problem-solving skills.<\/p><p style=\"text-align: justify;\">U-Fly Team has distinguished itself through efficient management, showcasing the educational quality of UNAQ and its commitment to excellence. Each competition is an opportunity to overcome challenges and learn from new experiences.<\/p><p style=\"text-align: justify;\">The U-Fly team continues to look towards the future, pursuing new goals and facing each sky filled with opportunities with enthusiasm and determination. Their legacy at UNAQ serves as an example of teamwork, innovation, and success in the exciting world of aeronautical engineering.<\/p><p><strong>Achievements:<\/strong><\/p><p>In national competitions:<\/p><ul><li>SAE Mexico 2015 \u2013 Second place overall.<\/li><li>SAE Mexico 2015 \u2013 Third place overall.<\/li><li>SAE Mexico 2016 \u2013 Quer\u00e9taro, Qro. First place overall.<\/li><li>SAE Mexico 2017 \u2013 Silao, Gto. First place overall.<\/li><li>SAE Mexico 2018 \u2013 Monterrey, Nuevo Le\u00f3n. First place overall.<\/li><li>SAE Mexico 2019 \u2013 Monterrey, Nuevo Le\u00f3n. Second place overall.<\/li><li>SAE Mexico 2020 \u2013 Monterrey, Nuevo Le\u00f3n. Third place overall.<\/li><li>SAE Mexico 2022 \u2013 Quer\u00e9taro, Quer\u00e9taro. First place overall.<\/li><li>SAE Mexico 2023 \u2013 Quer\u00e9taro, Quer\u00e9taro. Third place overall in the Regular category.<\/li><li>SAE Mexico 2023 Quer\u00e9taro, Quer\u00e9taro. First place overall in the Micro category.<\/li><\/ul><p>In international competitions:<\/p><ul><li>SAE West International 2014 \u2013 28th place overall.<\/li><li>SAE West International 2015 \u2013 Ninth place overall.<\/li><li>SAE West International 2016 \u2013 Van Nuys, California, USA. Fourth place overall.<\/li><li>SAE Brasil International 2016 \u2013 Sao Jose Dos Campos, Brazil. Thirteenth place overall.<\/li><li>SAE East International 2017 \u2013 Lakeland, Florida, USA. Tenth place overall.<\/li><li>SAE West International 2018 \u2013 Van Nuys, California, USA. Third place overall. \u00a0\u00a0<\/li><li>New Flying Competition 2018 \u2013 Hamburg, Germany. Second place overall.<\/li><li>New Flying Competition 2020 \u2013 Hamburg, Germany. Fifth place overall.<\/li><li>Air Cargo Challenge 2021-22 \u2013 Munich, Germany. Eleventh place overall.<\/li><\/ul><p><strong>Social networks:<\/strong><\/p>\t\t\t\t\t\t\t\t<\/div>\n\t\t\t\t<\/div>\n\t\t\t\t<div class=\"elementor-element elementor-element-f53d782 e-grid-align-left elementor-shape-rounded elementor-grid-0 elementor-widget elementor-widget-social-icons\" data-id=\"f53d782\" data-element_type=\"widget\" data-e-type=\"widget\" data-settings=\"{&quot;ekit_we_effect_on&quot;:&quot;none&quot;}\" data-widget_type=\"social-icons.default\">\n\t\t\t\t<div class=\"elementor-widget-container\">\n\t\t\t\t\t\t\t<div class=\"elementor-social-icons-wrapper elementor-grid\" role=\"list\">\n\t\t\t\t\t\t\t<span class=\"elementor-grid-item\" role=\"listitem\">\n\t\t\t\t\t<a class=\"elementor-icon elementor-social-icon elementor-social-icon-facebook elementor-repeater-item-61f9c93\" href=\"https:\/\/www.facebook.com\/UFlyAerodesign\" target=\"_blank\">\n\t\t\t\t\t\t<span class=\"elementor-screen-only\">Facebook<\/span>\n\t\t\t\t\t\t<i aria-hidden=\"true\" class=\"fab fa-facebook\"><\/i>\t\t\t\t\t<\/a>\n\t\t\t\t<\/span>\n\t\t\t\t\t\t\t<span class=\"elementor-grid-item\" role=\"listitem\">\n\t\t\t\t\t<a class=\"elementor-icon elementor-social-icon elementor-social-icon-twitter elementor-repeater-item-5da8199\" href=\"https:\/\/twitter.com\/UFly_Aerodesign\" target=\"_blank\">\n\t\t\t\t\t\t<span class=\"elementor-screen-only\">Twitter<\/span>\n\t\t\t\t\t\t<i aria-hidden=\"true\" class=\"fab fa-twitter\"><\/i>\t\t\t\t\t<\/a>\n\t\t\t\t<\/span>\n\t\t\t\t\t\t\t<span class=\"elementor-grid-item\" role=\"listitem\">\n\t\t\t\t\t<a class=\"elementor-icon elementor-social-icon elementor-social-icon-instagram elementor-repeater-item-6ee69f1\" href=\"https:\/\/www.instagram.com\/ufly_aerodesign\/\" target=\"_blank\">\n\t\t\t\t\t\t<span class=\"elementor-screen-only\">Instagram<\/span>\n\t\t\t\t\t\t<i aria-hidden=\"true\" class=\"fab fa-instagram\"><\/i>\t\t\t\t\t<\/a>\n\t\t\t\t<\/span>\n\t\t\t\t\t<\/div>\n\t\t\t\t\t\t<\/div>\n\t\t\t\t<\/div>\n\t\t\t\t\t<\/div>\n\t\t<\/div>\n\t\t\t\t\t<\/div>\n\t\t<\/section>\n\t\t\t\t<\/div>","protected":false},"excerpt":{"rendered":"<p>U-FLY U-Fly Team es un destacado equipo de dise\u00f1o de aeromodelos compuesto por estudiantes de la Universidad Aeron\u00e1utica en Quer\u00e9taro (UNAQ), tanto de la modalidad de Ingenier\u00eda como de T\u00e9cnico Superior Universitario. Desde sus inicios, el equipo ha representado con orgullo a la universidad, y su legado se remonta al a\u00f1o 2013. A lo largo [&hellip;]<\/p>\n","protected":false},"author":1,"featured_media":0,"parent":9688,"menu_order":0,"comment_status":"closed","ping_status":"closed","template":"elementor_header_footer","meta":{"footnotes":""},"class_list":["post-9699","page","type-page","status-publish","hentry"],"yoast_head":"<!-- This site is optimized with the Yoast SEO plugin v27.6 - https:\/\/yoast.com\/product\/yoast-seo-wordpress\/ -->\n<title>U-FLY - UNAQ - Universidad Aeron&aacute;utica en Quer&eacute;taro<\/title>\n<meta name=\"robots\" content=\"index, follow, max-snippet:-1, max-image-preview:large, max-video-preview:-1\" \/>\n<link rel=\"canonical\" href=\"https:\/\/www.unaq.edu.mx\/en\/soyunaq\/equipos-representativos\/u-fly\/\" \/>\n<meta property=\"og:locale\" content=\"en_US\" \/>\n<meta property=\"og:type\" content=\"article\" \/>\n<meta property=\"og:title\" content=\"U-FLY - UNAQ - Universidad Aeron&aacute;utica en Quer&eacute;taro\" \/>\n<meta property=\"og:description\" content=\"U-FLY U-Fly Team es un destacado equipo de dise\u00f1o de aeromodelos compuesto por estudiantes de la Universidad Aeron\u00e1utica en Quer\u00e9taro (UNAQ), tanto de la modalidad de Ingenier\u00eda como de T\u00e9cnico Superior Universitario. Desde sus inicios, el equipo ha representado con orgullo a la universidad, y su legado se remonta al a\u00f1o 2013. A lo largo [&hellip;]\" \/>\n<meta property=\"og:url\" content=\"https:\/\/www.unaq.edu.mx\/en\/soyunaq\/equipos-representativos\/u-fly\/\" \/>\n<meta property=\"og:site_name\" content=\"UNAQ - Universidad Aeron&aacute;utica en Quer&eacute;taro\" \/>\n<meta property=\"article:publisher\" content=\"https:\/\/www.facebook.com\/UNAQMX\/\" \/>\n<meta property=\"article:modified_time\" content=\"2023-08-22T18:00:34+00:00\" \/>\n<meta property=\"og:image\" content=\"https:\/\/www.unaq.edu.mx\/wp-content\/uploads\/Header_UFly2.jpg\" \/>\n<meta name=\"twitter:card\" content=\"summary_large_image\" \/>\n<meta name=\"twitter:site\" content=\"@UNAQmx\" \/>\n<meta name=\"twitter:label1\" content=\"Est. reading time\" \/>\n\t<meta name=\"twitter:data1\" content=\"3 minutes\" \/>\n<script type=\"application\/ld+json\" class=\"yoast-schema-graph\">{\"@context\":\"https:\\\/\\\/schema.org\",\"@graph\":[{\"@type\":\"WebPage\",\"@id\":\"https:\\\/\\\/www.unaq.edu.mx\\\/soyunaq\\\/equipos-representativos\\\/u-fly\\\/\",\"url\":\"https:\\\/\\\/www.unaq.edu.mx\\\/soyunaq\\\/equipos-representativos\\\/u-fly\\\/\",\"name\":\"U-FLY - UNAQ - Universidad Aeron&aacute;utica en Quer&eacute;taro\",\"isPartOf\":{\"@id\":\"https:\\\/\\\/www.unaq.edu.mx\\\/#website\"},\"primaryImageOfPage\":{\"@id\":\"https:\\\/\\\/www.unaq.edu.mx\\\/soyunaq\\\/equipos-representativos\\\/u-fly\\\/#primaryimage\"},\"image\":{\"@id\":\"https:\\\/\\\/www.unaq.edu.mx\\\/soyunaq\\\/equipos-representativos\\\/u-fly\\\/#primaryimage\"},\"thumbnailUrl\":\"https:\\\/\\\/www.unaq.edu.mx\\\/wp-content\\\/uploads\\\/Header_UFly2.jpg\",\"datePublished\":\"2022-04-10T02:12:33+00:00\",\"dateModified\":\"2023-08-22T18:00:34+00:00\",\"breadcrumb\":{\"@id\":\"https:\\\/\\\/www.unaq.edu.mx\\\/soyunaq\\\/equipos-representativos\\\/u-fly\\\/#breadcrumb\"},\"inLanguage\":\"en-US\",\"potentialAction\":[{\"@type\":\"ReadAction\",\"target\":[\"https:\\\/\\\/www.unaq.edu.mx\\\/soyunaq\\\/equipos-representativos\\\/u-fly\\\/\"]}]},{\"@type\":\"ImageObject\",\"inLanguage\":\"en-US\",\"@id\":\"https:\\\/\\\/www.unaq.edu.mx\\\/soyunaq\\\/equipos-representativos\\\/u-fly\\\/#primaryimage\",\"url\":\"https:\\\/\\\/www.unaq.edu.mx\\\/wp-content\\\/uploads\\\/Header_UFly2.jpg\",\"contentUrl\":\"https:\\\/\\\/www.unaq.edu.mx\\\/wp-content\\\/uploads\\\/Header_UFly2.jpg\"},{\"@type\":\"BreadcrumbList\",\"@id\":\"https:\\\/\\\/www.unaq.edu.mx\\\/soyunaq\\\/equipos-representativos\\\/u-fly\\\/#breadcrumb\",\"itemListElement\":[{\"@type\":\"ListItem\",\"position\":1,\"name\":\"Portada\",\"item\":\"https:\\\/\\\/www.unaq.edu.mx\\\/\"},{\"@type\":\"ListItem\",\"position\":2,\"name\":\"@SoyUNAQ\",\"item\":\"https:\\\/\\\/www.unaq.edu.mx\\\/soyunaq\\\/\"},{\"@type\":\"ListItem\",\"position\":3,\"name\":\"Equipos representativos\",\"item\":\"https:\\\/\\\/www.unaq.edu.mx\\\/soyunaq\\\/equipos-representativos\\\/\"},{\"@type\":\"ListItem\",\"position\":4,\"name\":\"U-FLY\"}]},{\"@type\":\"WebSite\",\"@id\":\"https:\\\/\\\/www.unaq.edu.mx\\\/#website\",\"url\":\"https:\\\/\\\/www.unaq.edu.mx\\\/\",\"name\":\"UNAQ - Universidad Aeron&aacute;utica en Quer&eacute;taro\",\"description\":\"Formamos profesionales e investigadores para el sector aeron&aacute;utico, con valores, conocimientos, competencias y reconocimiento nacional e internacional, basado en un modelo educativo abierto, flexible, pertinente y estrechamente vinculado, para el desarrollo social, econ&oacute;mico y cultural de M&eacute;xico.\",\"publisher\":{\"@id\":\"https:\\\/\\\/www.unaq.edu.mx\\\/#organization\"},\"potentialAction\":[{\"@type\":\"SearchAction\",\"target\":{\"@type\":\"EntryPoint\",\"urlTemplate\":\"https:\\\/\\\/www.unaq.edu.mx\\\/?s={search_term_string}\"},\"query-input\":{\"@type\":\"PropertyValueSpecification\",\"valueRequired\":true,\"valueName\":\"search_term_string\"}}],\"inLanguage\":\"en-US\"},{\"@type\":\"Organization\",\"@id\":\"https:\\\/\\\/www.unaq.edu.mx\\\/#organization\",\"name\":\"Universidad Aeron\u00e1utica en Quer\u00e9taro\",\"url\":\"https:\\\/\\\/www.unaq.edu.mx\\\/\",\"logo\":{\"@type\":\"ImageObject\",\"inLanguage\":\"en-US\",\"@id\":\"https:\\\/\\\/www.unaq.edu.mx\\\/#\\\/schema\\\/logo\\\/image\\\/\",\"url\":\"https:\\\/\\\/www.unaq.edu.mx\\\/wp-content\\\/uploads\\\/2022\\\/04\\\/Logo_UNAQ.png\",\"contentUrl\":\"https:\\\/\\\/www.unaq.edu.mx\\\/wp-content\\\/uploads\\\/2022\\\/04\\\/Logo_UNAQ.png\",\"width\":648,\"height\":284,\"caption\":\"Universidad Aeron\u00e1utica en Quer\u00e9taro\"},\"image\":{\"@id\":\"https:\\\/\\\/www.unaq.edu.mx\\\/#\\\/schema\\\/logo\\\/image\\\/\"},\"sameAs\":[\"https:\\\/\\\/www.facebook.com\\\/UNAQMX\\\/\",\"https:\\\/\\\/x.com\\\/UNAQmx\",\"https:\\\/\\\/www.linkedin.com\\\/company\\\/unaq\",\"https:\\\/\\\/www.youtube.com\\\/user\\\/UNAQMX\"]}]}<\/script>\n<!-- \/ Yoast SEO plugin. -->","yoast_head_json":{"title":"U-FLY - UNAQ - Universidad Aeron&aacute;utica en Quer&eacute;taro","robots":{"index":"index","follow":"follow","max-snippet":"max-snippet:-1","max-image-preview":"max-image-preview:large","max-video-preview":"max-video-preview:-1"},"canonical":"https:\/\/www.unaq.edu.mx\/en\/soyunaq\/equipos-representativos\/u-fly\/","og_locale":"en_US","og_type":"article","og_title":"U-FLY - UNAQ - Universidad Aeron&aacute;utica en Quer&eacute;taro","og_description":"U-FLY U-Fly Team es un destacado equipo de dise\u00f1o de aeromodelos compuesto por estudiantes de la Universidad Aeron\u00e1utica en Quer\u00e9taro (UNAQ), tanto de la modalidad de Ingenier\u00eda como de T\u00e9cnico Superior Universitario. Desde sus inicios, el equipo ha representado con orgullo a la universidad, y su legado se remonta al a\u00f1o 2013. A lo largo [&hellip;]","og_url":"https:\/\/www.unaq.edu.mx\/en\/soyunaq\/equipos-representativos\/u-fly\/","og_site_name":"UNAQ - Universidad Aeron&aacute;utica en Quer&eacute;taro","article_publisher":"https:\/\/www.facebook.com\/UNAQMX\/","article_modified_time":"2023-08-22T18:00:34+00:00","og_image":[{"url":"https:\/\/www.unaq.edu.mx\/wp-content\/uploads\/Header_UFly2.jpg","type":"","width":"","height":""}],"twitter_card":"summary_large_image","twitter_site":"@UNAQmx","twitter_misc":{"Est. reading time":"3 minutes"},"schema":{"@context":"https:\/\/schema.org","@graph":[{"@type":"WebPage","@id":"https:\/\/www.unaq.edu.mx\/soyunaq\/equipos-representativos\/u-fly\/","url":"https:\/\/www.unaq.edu.mx\/soyunaq\/equipos-representativos\/u-fly\/","name":"U-FLY - UNAQ - Universidad Aeron&aacute;utica en Quer&eacute;taro","isPartOf":{"@id":"https:\/\/www.unaq.edu.mx\/#website"},"primaryImageOfPage":{"@id":"https:\/\/www.unaq.edu.mx\/soyunaq\/equipos-representativos\/u-fly\/#primaryimage"},"image":{"@id":"https:\/\/www.unaq.edu.mx\/soyunaq\/equipos-representativos\/u-fly\/#primaryimage"},"thumbnailUrl":"https:\/\/www.unaq.edu.mx\/wp-content\/uploads\/Header_UFly2.jpg","datePublished":"2022-04-10T02:12:33+00:00","dateModified":"2023-08-22T18:00:34+00:00","breadcrumb":{"@id":"https:\/\/www.unaq.edu.mx\/soyunaq\/equipos-representativos\/u-fly\/#breadcrumb"},"inLanguage":"en-US","potentialAction":[{"@type":"ReadAction","target":["https:\/\/www.unaq.edu.mx\/soyunaq\/equipos-representativos\/u-fly\/"]}]},{"@type":"ImageObject","inLanguage":"en-US","@id":"https:\/\/www.unaq.edu.mx\/soyunaq\/equipos-representativos\/u-fly\/#primaryimage","url":"https:\/\/www.unaq.edu.mx\/wp-content\/uploads\/Header_UFly2.jpg","contentUrl":"https:\/\/www.unaq.edu.mx\/wp-content\/uploads\/Header_UFly2.jpg"},{"@type":"BreadcrumbList","@id":"https:\/\/www.unaq.edu.mx\/soyunaq\/equipos-representativos\/u-fly\/#breadcrumb","itemListElement":[{"@type":"ListItem","position":1,"name":"Portada","item":"https:\/\/www.unaq.edu.mx\/"},{"@type":"ListItem","position":2,"name":"@SoyUNAQ","item":"https:\/\/www.unaq.edu.mx\/soyunaq\/"},{"@type":"ListItem","position":3,"name":"Equipos representativos","item":"https:\/\/www.unaq.edu.mx\/soyunaq\/equipos-representativos\/"},{"@type":"ListItem","position":4,"name":"U-FLY"}]},{"@type":"WebSite","@id":"https:\/\/www.unaq.edu.mx\/#website","url":"https:\/\/www.unaq.edu.mx\/","name":"UNAQ - Universidad Aeron&aacute;utica en Quer&eacute;taro","description":"Formamos profesionales e investigadores para el sector aeron&aacute;utico, con valores, conocimientos, competencias y reconocimiento nacional e internacional, basado en un modelo educativo abierto, flexible, pertinente y estrechamente vinculado, para el desarrollo social, econ&oacute;mico y cultural de M&eacute;xico.","publisher":{"@id":"https:\/\/www.unaq.edu.mx\/#organization"},"potentialAction":[{"@type":"SearchAction","target":{"@type":"EntryPoint","urlTemplate":"https:\/\/www.unaq.edu.mx\/?s={search_term_string}"},"query-input":{"@type":"PropertyValueSpecification","valueRequired":true,"valueName":"search_term_string"}}],"inLanguage":"en-US"},{"@type":"Organization","@id":"https:\/\/www.unaq.edu.mx\/#organization","name":"Universidad Aeron\u00e1utica en Quer\u00e9taro","url":"https:\/\/www.unaq.edu.mx\/","logo":{"@type":"ImageObject","inLanguage":"en-US","@id":"https:\/\/www.unaq.edu.mx\/#\/schema\/logo\/image\/","url":"https:\/\/www.unaq.edu.mx\/wp-content\/uploads\/2022\/04\/Logo_UNAQ.png","contentUrl":"https:\/\/www.unaq.edu.mx\/wp-content\/uploads\/2022\/04\/Logo_UNAQ.png","width":648,"height":284,"caption":"Universidad Aeron\u00e1utica en Quer\u00e9taro"},"image":{"@id":"https:\/\/www.unaq.edu.mx\/#\/schema\/logo\/image\/"},"sameAs":["https:\/\/www.facebook.com\/UNAQMX\/","https:\/\/x.com\/UNAQmx","https:\/\/www.linkedin.com\/company\/unaq","https:\/\/www.youtube.com\/user\/UNAQMX"]}]}},"_links":{"self":[{"href":"https:\/\/www.unaq.edu.mx\/en\/wp-json\/wp\/v2\/pages\/9699","targetHints":{"allow":["GET"]}}],"collection":[{"href":"https:\/\/www.unaq.edu.mx\/en\/wp-json\/wp\/v2\/pages"}],"about":[{"href":"https:\/\/www.unaq.edu.mx\/en\/wp-json\/wp\/v2\/types\/page"}],"author":[{"embeddable":true,"href":"https:\/\/www.unaq.edu.mx\/en\/wp-json\/wp\/v2\/users\/1"}],"replies":[{"embeddable":true,"href":"https:\/\/www.unaq.edu.mx\/en\/wp-json\/wp\/v2\/comments?post=9699"}],"version-history":[{"count":10,"href":"https:\/\/www.unaq.edu.mx\/en\/wp-json\/wp\/v2\/pages\/9699\/revisions"}],"predecessor-version":[{"id":12854,"href":"https:\/\/www.unaq.edu.mx\/en\/wp-json\/wp\/v2\/pages\/9699\/revisions\/12854"}],"up":[{"embeddable":true,"href":"https:\/\/www.unaq.edu.mx\/en\/wp-json\/wp\/v2\/pages\/9688"}],"wp:attachment":[{"href":"https:\/\/www.unaq.edu.mx\/en\/wp-json\/wp\/v2\/media?parent=9699"}],"curies":[{"name":"wp","href":"https:\/\/api.w.org\/{rel}","templated":true}]}}