{"id":9518,"date":"2022-04-07T20:22:39","date_gmt":"2022-04-08T02:22:39","guid":{"rendered":"https:\/\/www.unaq.edu.mx\/?page_id=9518"},"modified":"2026-01-13T10:21:59","modified_gmt":"2026-01-13T16:21:59","slug":"como-llegar","status":"publish","type":"page","link":"https:\/\/www.unaq.edu.mx\/en\/nosotros\/como-llegar\/","title":{"rendered":"How to get here"},"content":{"rendered":"<div data-elementor-type=\"wp-page\" data-elementor-id=\"9518\" class=\"elementor elementor-9518\" data-elementor-post-type=\"page\">\n\t\t\t\t\t\t<section class=\"elementor-section elementor-top-section elementor-element elementor-element-ed9e5fc elementor-section-full_width elementor-section-height-default elementor-section-height-default\" data-id=\"ed9e5fc\" data-element_type=\"section\" data-e-type=\"section\" data-settings=\"{&quot;ekit_has_onepagescroll_dot&quot;:&quot;yes&quot;}\">\n\t\t\t\t\t\t<div class=\"elementor-container elementor-column-gap-default\">\n\t\t\t\t\t<div class=\"elementor-column elementor-col-100 elementor-top-column elementor-element elementor-element-b8ba368\" data-id=\"b8ba368\" data-element_type=\"column\" data-e-type=\"column\">\n\t\t\t<div class=\"elementor-widget-wrap elementor-element-populated\">\n\t\t\t\t\t\t<div class=\"elementor-element elementor-element-23c1cd2 elementor-widget elementor-widget-google_maps\" data-id=\"23c1cd2\" data-element_type=\"widget\" data-e-type=\"widget\" data-settings=\"{&quot;ekit_we_effect_on&quot;:&quot;none&quot;}\" data-widget_type=\"google_maps.default\">\n\t\t\t\t<div class=\"elementor-widget-container\">\n\t\t\t\t\t\t\t<div class=\"elementor-custom-embed\">\n\t\t\t<iframe loading=\"lazy\"\n\t\t\t\t\tsrc=\"https:\/\/maps.google.com\/maps?q=unaq&#038;t=m&#038;z=14&#038;output=embed&#038;iwloc=near\"\n\t\t\t\t\ttitle=\"unaq\"\n\t\t\t\t\taria-label=\"unaq\"\n\t\t\t><\/iframe>\n\t\t<\/div>\n\t\t\t\t\t\t<\/div>\n\t\t\t\t<\/div>\n\t\t\t\t\t<\/div>\n\t\t<\/div>\n\t\t\t\t\t<\/div>\n\t\t<\/section>\n\t\t\t\t<section class=\"elementor-section elementor-top-section elementor-element elementor-element-8f88171 elementor-section-boxed elementor-section-height-default elementor-section-height-default\" data-id=\"8f88171\" data-element_type=\"section\" data-e-type=\"section\" data-settings=\"{&quot;ekit_has_onepagescroll_dot&quot;:&quot;yes&quot;}\">\n\t\t\t\t\t\t<div class=\"elementor-container elementor-column-gap-default\">\n\t\t\t\t\t<div class=\"elementor-column elementor-col-100 elementor-top-column elementor-element elementor-element-76eaf4f\" data-id=\"76eaf4f\" data-element_type=\"column\" data-e-type=\"column\">\n\t\t\t<div class=\"elementor-widget-wrap elementor-element-populated\">\n\t\t\t\t\t\t<div class=\"elementor-element elementor-element-6f67788 elementor-widget elementor-widget-heading\" data-id=\"6f67788\" data-element_type=\"widget\" data-e-type=\"widget\" data-settings=\"{&quot;ekit_we_effect_on&quot;:&quot;none&quot;}\" data-widget_type=\"heading.default\">\n\t\t\t\t<div class=\"elementor-widget-container\">\n\t\t\t\t\t<h2 class=\"elementor-heading-title elementor-size-default\">How to get here<\/h2>\t\t\t\t<\/div>\n\t\t\t\t<\/div>\n\t\t\t\t\t<\/div>\n\t\t<\/div>\n\t\t\t\t\t<\/div>\n\t\t<\/section>\n\t\t\t\t<section class=\"elementor-section elementor-top-section elementor-element elementor-element-ef1fd33 elementor-section-boxed elementor-section-height-default elementor-section-height-default\" data-id=\"ef1fd33\" data-element_type=\"section\" data-e-type=\"section\" data-settings=\"{&quot;ekit_has_onepagescroll_dot&quot;:&quot;yes&quot;}\">\n\t\t\t\t\t\t<div class=\"elementor-container elementor-column-gap-default\">\n\t\t\t\t\t<div class=\"elementor-column elementor-col-50 elementor-top-column elementor-element elementor-element-952320e\" data-id=\"952320e\" data-element_type=\"column\" data-e-type=\"column\">\n\t\t\t<div class=\"elementor-widget-wrap elementor-element-populated\">\n\t\t\t\t\t\t<div class=\"elementor-element elementor-element-38d43dc elementor-widget elementor-widget-text-editor\" data-id=\"38d43dc\" data-element_type=\"widget\" data-e-type=\"widget\" data-settings=\"{&quot;ekit_we_effect_on&quot;:&quot;none&quot;}\" data-widget_type=\"text-editor.default\">\n\t\t\t\t<div class=\"elementor-widget-container\">\n\t\t\t\t\t\t\t\t\t<p style=\"text-align: justify;\">There are different bus services you can use to get to UNAQ:<\/p><h3 style=\"text-align: center;\">UNAQ\u2019s Transportation (For students and personnel only)<\/h3><p style=\"text-align: justify;\">\u00a0<\/p>\t\t\t\t\t\t\t\t<\/div>\n\t\t\t\t<\/div>\n\t\t\t\t<div class=\"elementor-element elementor-element-67b46f8 elementor-widget elementor-widget-elementskit-creative-button\" data-id=\"67b46f8\" data-element_type=\"widget\" data-e-type=\"widget\" data-settings=\"{&quot;ekit_we_effect_on&quot;:&quot;none&quot;}\" data-widget_type=\"elementskit-creative-button.default\">\n\t\t\t\t<div class=\"elementor-widget-container\">\n\t\t\t\t\t<div class=\"ekit-wid-con\" >\t\t<div class=\"ekit-btn-wraper\">\n\t\t\t\t\t\t\t\t<a href=\"https:\/\/unaq-my.sharepoint.com\/:b:\/g\/personal\/webpage_soyunaq_mx\/EWIXmArwDZ1HvViKRSg0hIcB_xqA1YrDV5RYHzuNHfX9Tg?e=G6pJ03\" target=\"_blank\" class=\"ekit_creative_button ekit_slide_bg ekit_slide_text_left ekit_slide_icon\" id=\"\" style=\"flex-direction: row;\" data-text=\"\">\n\t\t\t\t\t\t<span class=\"ekit_creative_button_icon_wrapper\">\n\t\t\t\t\t\t<i aria-hidden=\"true\" class=\"ekit_creative_button_icon_before fas fa-bus-alt\"><\/i>\t\t\t\t\t\t<\/span>\n\n\t\t\t\t\t\t<span class=\"ekit_creative_button_text\">Rutas UNAQ (enero - abril 2026)<\/span>\n\n\t\t\t\t\t\t\t\t\t\t\t<\/a>\n\t\t\t\t\t\t<\/div>\n        <\/div>\t\t\t\t<\/div>\n\t\t\t\t<\/div>\n\t\t\t\t\t<\/div>\n\t\t<\/div>\n\t\t\t\t<div class=\"elementor-column elementor-col-50 elementor-top-column elementor-element elementor-element-9e84720\" data-id=\"9e84720\" data-element_type=\"column\" data-e-type=\"column\">\n\t\t\t<div class=\"elementor-widget-wrap elementor-element-populated\">\n\t\t\t\t\t\t<div class=\"elementor-element elementor-element-8d3b0d7 elementor-widget elementor-widget-image\" data-id=\"8d3b0d7\" data-element_type=\"widget\" data-e-type=\"widget\" data-settings=\"{&quot;ekit_we_effect_on&quot;:&quot;none&quot;}\" data-widget_type=\"image.default\">\n\t\t\t\t<div class=\"elementor-widget-container\">\n\t\t\t\t\t\t\t\t\t\t\t\t\t\t\t\t<a href=\"https:\/\/www.unaq.edu.mx\/wp-content\/uploads\/ComoLlegarMapa.png\" data-elementor-open-lightbox=\"yes\" data-e-action-hash=\"#elementor-action%3Aaction%3Dlightbox%26settings%3DeyJpZCI6OTUyMiwidXJsIjoiaHR0cHM6XC9cL3d3dy51bmFxLmVkdS5teFwvd3AtY29udGVudFwvdXBsb2Fkc1wvQ29tb0xsZWdhck1hcGEucG5nIn0%3D\">\n\t\t\t\t\t\t\t<img fetchpriority=\"high\" decoding=\"async\" width=\"1275\" height=\"1231\" src=\"https:\/\/www.unaq.edu.mx\/wp-content\/uploads\/ComoLlegarMapa.png\" class=\"attachment-full size-full wp-image-9522\" alt=\"\" srcset=\"https:\/\/www.unaq.edu.mx\/wp-content\/uploads\/ComoLlegarMapa.png 1275w, https:\/\/www.unaq.edu.mx\/wp-content\/uploads\/ComoLlegarMapa-300x290.png 300w, https:\/\/www.unaq.edu.mx\/wp-content\/uploads\/ComoLlegarMapa-1024x989.png 1024w, https:\/\/www.unaq.edu.mx\/wp-content\/uploads\/ComoLlegarMapa-768x741.png 768w, https:\/\/www.unaq.edu.mx\/wp-content\/uploads\/ComoLlegarMapa-12x12.png 12w\" sizes=\"(max-width: 1275px) 100vw, 1275px\" \/>\t\t\t\t\t\t\t\t<\/a>\n\t\t\t\t\t\t\t\t\t\t\t\t\t\t\t<\/div>\n\t\t\t\t<\/div>\n\t\t\t\t\t<\/div>\n\t\t<\/div>\n\t\t\t\t\t<\/div>\n\t\t<\/section>\n\t\t<div class=\"elementor-element elementor-element-e5f775e e-grid e-con-boxed e-con e-parent\" data-id=\"e5f775e\" data-element_type=\"container\" data-e-type=\"container\" data-settings=\"{&quot;ekit_has_onepagescroll_dot&quot;:&quot;yes&quot;}\">\n\t\t\t\t\t<div class=\"e-con-inner\">\n\t\t<div class=\"elementor-element elementor-element-7a56c19 e-con-full e-flex e-con e-child\" data-id=\"7a56c19\" data-element_type=\"container\" data-e-type=\"container\" data-settings=\"{&quot;ekit_has_onepagescroll_dot&quot;:&quot;yes&quot;}\">\n\t\t\t\t<div class=\"elementor-element elementor-element-a86b2a1 elementor-widget elementor-widget-text-editor\" data-id=\"a86b2a1\" data-element_type=\"widget\" data-e-type=\"widget\" data-settings=\"{&quot;ekit_we_effect_on&quot;:&quot;none&quot;}\" data-widget_type=\"text-editor.default\">\n\t\t\t\t<div class=\"elementor-widget-container\">\n\t\t\t\t\t\t\t\t\t<h3 style=\"text-align: center;\">Bus headed to Galeras<\/h3><p style=\"text-align: center;\">DEPARTURE POINT: Tanque del Agua located on Zaragoza Avenue, in Queretaro\u2019s downtown.<br \/>ROUTE: Hercules and La Ca\u00f1ada<br \/>FREQUENCY: Every 15 or 20 minutes<br \/>DESTINATION: In front of the University<\/p>\t\t\t\t\t\t\t\t<\/div>\n\t\t\t\t<\/div>\n\t\t\t\t<\/div>\n\t\t<div class=\"elementor-element elementor-element-0a03f94 e-con-full e-flex e-con e-child\" data-id=\"0a03f94\" data-element_type=\"container\" data-e-type=\"container\" data-settings=\"{&quot;ekit_has_onepagescroll_dot&quot;:&quot;yes&quot;}\">\n\t\t\t\t<div class=\"elementor-element elementor-element-d81d57a elementor-widget elementor-widget-text-editor\" data-id=\"d81d57a\" data-element_type=\"widget\" data-e-type=\"widget\" data-settings=\"{&quot;ekit_we_effect_on&quot;:&quot;none&quot;}\" data-widget_type=\"text-editor.default\">\n\t\t\t\t<div class=\"elementor-widget-container\">\n\t\t\t\t\t\t\t\t\t<h3 style=\"text-align: center;\">Flecha Amarilla Bus<\/h3><p style=\"text-align: center;\">DEPARTURE POINT: Bus Station Queretaro<br \/>ROUTE: Cadereyta, Colon, Toliman<br \/>FREQUENCY: Every 15 minutes<br \/>DESTINATION: Cross street in Galeras<\/p>\t\t\t\t\t\t\t\t<\/div>\n\t\t\t\t<\/div>\n\t\t\t\t<\/div>\n\t\t<div class=\"elementor-element elementor-element-f243e03 e-con-full e-flex e-con e-child\" data-id=\"f243e03\" data-element_type=\"container\" data-e-type=\"container\" data-settings=\"{&quot;ekit_has_onepagescroll_dot&quot;:&quot;yes&quot;}\">\n\t\t\t\t<div class=\"elementor-element elementor-element-66ca134 elementor-widget elementor-widget-text-editor\" data-id=\"66ca134\" data-element_type=\"widget\" data-e-type=\"widget\" data-settings=\"{&quot;ekit_we_effect_on&quot;:&quot;none&quot;}\" data-widget_type=\"text-editor.default\">\n\t\t\t\t<div class=\"elementor-widget-container\">\n\t\t\t\t\t\t\t\t\t<h3 style=\"text-align: center;\">Autob\u00fas Flecha Azul<\/h3><p style=\"text-align: center;\">DEPARTURE POINT: Bus Station Queretaro<br \/>ROUTE: Galeras<br \/>FREQUENCY: Every 15 minutes<br \/>DESTINATION: Cross street in Galeras<\/p>\t\t\t\t\t\t\t\t<\/div>\n\t\t\t\t<\/div>\n\t\t\t\t<\/div>\n\t\t\t\t\t<\/div>\n\t\t\t\t<\/div>\n\t\t\t\t<\/div>","protected":false},"excerpt":{"rendered":"<p>C\u00f3mo llegar Hay diferentes transportes para poder llegar a la UNAQ: Transporte UNAQ (solo para estudiantes y personal) \u00a0 Rutas UNAQ (enero &#8211; abril 2026) Autob\u00fas direcci\u00f3n Galeras SALIDA: Tanque del Agua ubicado en Av. Zaragoza en el Centro de Quer\u00e9taroRECORRIDO: H\u00e9rcules y la Ca\u00f1adaFRECUENCIA: Cada 15 o 20 minutosDESTINO: Frente a la Universidad Autob\u00fas [&hellip;]<\/p>\n","protected":false},"author":1,"featured_media":0,"parent":9293,"menu_order":0,"comment_status":"closed","ping_status":"closed","template":"elementor_header_footer","meta":{"footnotes":""},"class_list":["post-9518","page","type-page","status-publish","hentry"],"yoast_head":"<!-- This site is optimized with the Yoast SEO plugin v27.6 - https:\/\/yoast.com\/product\/yoast-seo-wordpress\/ -->\n<title>C\u00f3mo llegar - UNAQ - Universidad Aeron&aacute;utica en Quer&eacute;taro<\/title>\n<meta name=\"robots\" content=\"index, follow, max-snippet:-1, max-image-preview:large, max-video-preview:-1\" \/>\n<link rel=\"canonical\" href=\"https:\/\/www.unaq.edu.mx\/en\/nosotros\/como-llegar\/\" \/>\n<meta property=\"og:locale\" content=\"en_US\" \/>\n<meta property=\"og:type\" content=\"article\" \/>\n<meta property=\"og:title\" content=\"C\u00f3mo llegar - UNAQ - Universidad Aeron&aacute;utica en Quer&eacute;taro\" \/>\n<meta property=\"og:description\" content=\"C\u00f3mo llegar Hay diferentes transportes para poder llegar a la UNAQ: Transporte UNAQ (solo para estudiantes y personal) \u00a0 Rutas UNAQ (enero &#8211; abril 2026) Autob\u00fas direcci\u00f3n Galeras SALIDA: Tanque del Agua ubicado en Av. Zaragoza en el Centro de Quer\u00e9taroRECORRIDO: H\u00e9rcules y la Ca\u00f1adaFRECUENCIA: Cada 15 o 20 minutosDESTINO: Frente a la Universidad Autob\u00fas [&hellip;]\" \/>\n<meta property=\"og:url\" content=\"https:\/\/www.unaq.edu.mx\/en\/nosotros\/como-llegar\/\" \/>\n<meta property=\"og:site_name\" content=\"UNAQ - Universidad Aeron&aacute;utica en Quer&eacute;taro\" \/>\n<meta property=\"article:publisher\" content=\"https:\/\/www.facebook.com\/UNAQMX\/\" \/>\n<meta property=\"article:modified_time\" content=\"2026-01-13T16:21:59+00:00\" \/>\n<meta property=\"og:image\" content=\"https:\/\/www.unaq.edu.mx\/wp-content\/uploads\/ComoLlegarMapa.png\" \/>\n\t<meta property=\"og:image:width\" content=\"1275\" \/>\n\t<meta property=\"og:image:height\" content=\"1231\" \/>\n\t<meta property=\"og:image:type\" content=\"image\/png\" \/>\n<meta name=\"twitter:card\" content=\"summary_large_image\" \/>\n<meta name=\"twitter:site\" content=\"@UNAQmx\" \/>\n<meta name=\"twitter:label1\" content=\"Est. reading time\" \/>\n\t<meta name=\"twitter:data1\" content=\"1 minute\" \/>\n<script type=\"application\/ld+json\" class=\"yoast-schema-graph\">{\"@context\":\"https:\\\/\\\/schema.org\",\"@graph\":[{\"@type\":\"WebPage\",\"@id\":\"https:\\\/\\\/www.unaq.edu.mx\\\/nosotros\\\/como-llegar\\\/\",\"url\":\"https:\\\/\\\/www.unaq.edu.mx\\\/nosotros\\\/como-llegar\\\/\",\"name\":\"C\u00f3mo llegar - UNAQ - Universidad Aeron&aacute;utica en Quer&eacute;taro\",\"isPartOf\":{\"@id\":\"https:\\\/\\\/www.unaq.edu.mx\\\/#website\"},\"primaryImageOfPage\":{\"@id\":\"https:\\\/\\\/www.unaq.edu.mx\\\/nosotros\\\/como-llegar\\\/#primaryimage\"},\"image\":{\"@id\":\"https:\\\/\\\/www.unaq.edu.mx\\\/nosotros\\\/como-llegar\\\/#primaryimage\"},\"thumbnailUrl\":\"https:\\\/\\\/www.unaq.edu.mx\\\/wp-content\\\/uploads\\\/ComoLlegarMapa.png\",\"datePublished\":\"2022-04-08T02:22:39+00:00\",\"dateModified\":\"2026-01-13T16:21:59+00:00\",\"breadcrumb\":{\"@id\":\"https:\\\/\\\/www.unaq.edu.mx\\\/nosotros\\\/como-llegar\\\/#breadcrumb\"},\"inLanguage\":\"en-US\",\"potentialAction\":[{\"@type\":\"ReadAction\",\"target\":[\"https:\\\/\\\/www.unaq.edu.mx\\\/nosotros\\\/como-llegar\\\/\"]}]},{\"@type\":\"ImageObject\",\"inLanguage\":\"en-US\",\"@id\":\"https:\\\/\\\/www.unaq.edu.mx\\\/nosotros\\\/como-llegar\\\/#primaryimage\",\"url\":\"https:\\\/\\\/www.unaq.edu.mx\\\/wp-content\\\/uploads\\\/ComoLlegarMapa.png\",\"contentUrl\":\"https:\\\/\\\/www.unaq.edu.mx\\\/wp-content\\\/uploads\\\/ComoLlegarMapa.png\"},{\"@type\":\"BreadcrumbList\",\"@id\":\"https:\\\/\\\/www.unaq.edu.mx\\\/nosotros\\\/como-llegar\\\/#breadcrumb\",\"itemListElement\":[{\"@type\":\"ListItem\",\"position\":1,\"name\":\"Portada\",\"item\":\"https:\\\/\\\/www.unaq.edu.mx\\\/\"},{\"@type\":\"ListItem\",\"position\":2,\"name\":\"Nosotros\",\"item\":\"https:\\\/\\\/www.unaq.edu.mx\\\/nosotros\\\/\"},{\"@type\":\"ListItem\",\"position\":3,\"name\":\"C\u00f3mo llegar\"}]},{\"@type\":\"WebSite\",\"@id\":\"https:\\\/\\\/www.unaq.edu.mx\\\/#website\",\"url\":\"https:\\\/\\\/www.unaq.edu.mx\\\/\",\"name\":\"UNAQ - Universidad Aeron&aacute;utica en Quer&eacute;taro\",\"description\":\"Formamos profesionales e investigadores para el sector aeron&aacute;utico, con valores, conocimientos, competencias y reconocimiento nacional e internacional, basado en un modelo educativo abierto, flexible, pertinente y estrechamente vinculado, para el desarrollo social, econ&oacute;mico y cultural de M&eacute;xico.\",\"publisher\":{\"@id\":\"https:\\\/\\\/www.unaq.edu.mx\\\/#organization\"},\"potentialAction\":[{\"@type\":\"SearchAction\",\"target\":{\"@type\":\"EntryPoint\",\"urlTemplate\":\"https:\\\/\\\/www.unaq.edu.mx\\\/?s={search_term_string}\"},\"query-input\":{\"@type\":\"PropertyValueSpecification\",\"valueRequired\":true,\"valueName\":\"search_term_string\"}}],\"inLanguage\":\"en-US\"},{\"@type\":\"Organization\",\"@id\":\"https:\\\/\\\/www.unaq.edu.mx\\\/#organization\",\"name\":\"Universidad Aeron\u00e1utica en Quer\u00e9taro\",\"url\":\"https:\\\/\\\/www.unaq.edu.mx\\\/\",\"logo\":{\"@type\":\"ImageObject\",\"inLanguage\":\"en-US\",\"@id\":\"https:\\\/\\\/www.unaq.edu.mx\\\/#\\\/schema\\\/logo\\\/image\\\/\",\"url\":\"https:\\\/\\\/www.unaq.edu.mx\\\/wp-content\\\/uploads\\\/2022\\\/04\\\/Logo_UNAQ.png\",\"contentUrl\":\"https:\\\/\\\/www.unaq.edu.mx\\\/wp-content\\\/uploads\\\/2022\\\/04\\\/Logo_UNAQ.png\",\"width\":648,\"height\":284,\"caption\":\"Universidad Aeron\u00e1utica en Quer\u00e9taro\"},\"image\":{\"@id\":\"https:\\\/\\\/www.unaq.edu.mx\\\/#\\\/schema\\\/logo\\\/image\\\/\"},\"sameAs\":[\"https:\\\/\\\/www.facebook.com\\\/UNAQMX\\\/\",\"https:\\\/\\\/x.com\\\/UNAQmx\",\"https:\\\/\\\/www.linkedin.com\\\/company\\\/unaq\",\"https:\\\/\\\/www.youtube.com\\\/user\\\/UNAQMX\"]}]}<\/script>\n<!-- \/ Yoast SEO plugin. -->","yoast_head_json":{"title":"C\u00f3mo llegar - UNAQ - Universidad Aeron&aacute;utica en Quer&eacute;taro","robots":{"index":"index","follow":"follow","max-snippet":"max-snippet:-1","max-image-preview":"max-image-preview:large","max-video-preview":"max-video-preview:-1"},"canonical":"https:\/\/www.unaq.edu.mx\/en\/nosotros\/como-llegar\/","og_locale":"en_US","og_type":"article","og_title":"C\u00f3mo llegar - UNAQ - Universidad Aeron&aacute;utica en Quer&eacute;taro","og_description":"C\u00f3mo llegar Hay diferentes transportes para poder llegar a la UNAQ: Transporte UNAQ (solo para estudiantes y personal) \u00a0 Rutas UNAQ (enero &#8211; abril 2026) Autob\u00fas direcci\u00f3n Galeras SALIDA: Tanque del Agua ubicado en Av. Zaragoza en el Centro de Quer\u00e9taroRECORRIDO: H\u00e9rcules y la Ca\u00f1adaFRECUENCIA: Cada 15 o 20 minutosDESTINO: Frente a la Universidad Autob\u00fas [&hellip;]","og_url":"https:\/\/www.unaq.edu.mx\/en\/nosotros\/como-llegar\/","og_site_name":"UNAQ - Universidad Aeron&aacute;utica en Quer&eacute;taro","article_publisher":"https:\/\/www.facebook.com\/UNAQMX\/","article_modified_time":"2026-01-13T16:21:59+00:00","og_image":[{"width":1275,"height":1231,"url":"https:\/\/www.unaq.edu.mx\/wp-content\/uploads\/ComoLlegarMapa.png","type":"image\/png"}],"twitter_card":"summary_large_image","twitter_site":"@UNAQmx","twitter_misc":{"Est. reading time":"1 minute"},"schema":{"@context":"https:\/\/schema.org","@graph":[{"@type":"WebPage","@id":"https:\/\/www.unaq.edu.mx\/nosotros\/como-llegar\/","url":"https:\/\/www.unaq.edu.mx\/nosotros\/como-llegar\/","name":"C\u00f3mo llegar - UNAQ - Universidad Aeron&aacute;utica en Quer&eacute;taro","isPartOf":{"@id":"https:\/\/www.unaq.edu.mx\/#website"},"primaryImageOfPage":{"@id":"https:\/\/www.unaq.edu.mx\/nosotros\/como-llegar\/#primaryimage"},"image":{"@id":"https:\/\/www.unaq.edu.mx\/nosotros\/como-llegar\/#primaryimage"},"thumbnailUrl":"https:\/\/www.unaq.edu.mx\/wp-content\/uploads\/ComoLlegarMapa.png","datePublished":"2022-04-08T02:22:39+00:00","dateModified":"2026-01-13T16:21:59+00:00","breadcrumb":{"@id":"https:\/\/www.unaq.edu.mx\/nosotros\/como-llegar\/#breadcrumb"},"inLanguage":"en-US","potentialAction":[{"@type":"ReadAction","target":["https:\/\/www.unaq.edu.mx\/nosotros\/como-llegar\/"]}]},{"@type":"ImageObject","inLanguage":"en-US","@id":"https:\/\/www.unaq.edu.mx\/nosotros\/como-llegar\/#primaryimage","url":"https:\/\/www.unaq.edu.mx\/wp-content\/uploads\/ComoLlegarMapa.png","contentUrl":"https:\/\/www.unaq.edu.mx\/wp-content\/uploads\/ComoLlegarMapa.png"},{"@type":"BreadcrumbList","@id":"https:\/\/www.unaq.edu.mx\/nosotros\/como-llegar\/#breadcrumb","itemListElement":[{"@type":"ListItem","position":1,"name":"Portada","item":"https:\/\/www.unaq.edu.mx\/"},{"@type":"ListItem","position":2,"name":"Nosotros","item":"https:\/\/www.unaq.edu.mx\/nosotros\/"},{"@type":"ListItem","position":3,"name":"C\u00f3mo llegar"}]},{"@type":"WebSite","@id":"https:\/\/www.unaq.edu.mx\/#website","url":"https:\/\/www.unaq.edu.mx\/","name":"UNAQ - Universidad Aeron&aacute;utica en Quer&eacute;taro","description":"Formamos profesionales e investigadores para el sector aeron&aacute;utico, con valores, conocimientos, competencias y reconocimiento nacional e internacional, basado en un modelo educativo abierto, flexible, pertinente y estrechamente vinculado, para el desarrollo social, econ&oacute;mico y cultural de M&eacute;xico.","publisher":{"@id":"https:\/\/www.unaq.edu.mx\/#organization"},"potentialAction":[{"@type":"SearchAction","target":{"@type":"EntryPoint","urlTemplate":"https:\/\/www.unaq.edu.mx\/?s={search_term_string}"},"query-input":{"@type":"PropertyValueSpecification","valueRequired":true,"valueName":"search_term_string"}}],"inLanguage":"en-US"},{"@type":"Organization","@id":"https:\/\/www.unaq.edu.mx\/#organization","name":"Universidad Aeron\u00e1utica en Quer\u00e9taro","url":"https:\/\/www.unaq.edu.mx\/","logo":{"@type":"ImageObject","inLanguage":"en-US","@id":"https:\/\/www.unaq.edu.mx\/#\/schema\/logo\/image\/","url":"https:\/\/www.unaq.edu.mx\/wp-content\/uploads\/2022\/04\/Logo_UNAQ.png","contentUrl":"https:\/\/www.unaq.edu.mx\/wp-content\/uploads\/2022\/04\/Logo_UNAQ.png","width":648,"height":284,"caption":"Universidad Aeron\u00e1utica en Quer\u00e9taro"},"image":{"@id":"https:\/\/www.unaq.edu.mx\/#\/schema\/logo\/image\/"},"sameAs":["https:\/\/www.facebook.com\/UNAQMX\/","https:\/\/x.com\/UNAQmx","https:\/\/www.linkedin.com\/company\/unaq","https:\/\/www.youtube.com\/user\/UNAQMX"]}]}},"_links":{"self":[{"href":"https:\/\/www.unaq.edu.mx\/en\/wp-json\/wp\/v2\/pages\/9518","targetHints":{"allow":["GET"]}}],"collection":[{"href":"https:\/\/www.unaq.edu.mx\/en\/wp-json\/wp\/v2\/pages"}],"about":[{"href":"https:\/\/www.unaq.edu.mx\/en\/wp-json\/wp\/v2\/types\/page"}],"author":[{"embeddable":true,"href":"https:\/\/www.unaq.edu.mx\/en\/wp-json\/wp\/v2\/users\/1"}],"replies":[{"embeddable":true,"href":"https:\/\/www.unaq.edu.mx\/en\/wp-json\/wp\/v2\/comments?post=9518"}],"version-history":[{"count":64,"href":"https:\/\/www.unaq.edu.mx\/en\/wp-json\/wp\/v2\/pages\/9518\/revisions"}],"predecessor-version":[{"id":16270,"href":"https:\/\/www.unaq.edu.mx\/en\/wp-json\/wp\/v2\/pages\/9518\/revisions\/16270"}],"up":[{"embeddable":true,"href":"https:\/\/www.unaq.edu.mx\/en\/wp-json\/wp\/v2\/pages\/9293"}],"wp:attachment":[{"href":"https:\/\/www.unaq.edu.mx\/en\/wp-json\/wp\/v2\/media?parent=9518"}],"curies":[{"name":"wp","href":"https:\/\/api.w.org\/{rel}","templated":true}]}}