{"id":9441,"date":"2022-04-07T14:29:25","date_gmt":"2022-04-07T20:29:25","guid":{"rendered":"https:\/\/www.unaq.edu.mx\/?page_id=9441"},"modified":"2022-04-07T14:31:03","modified_gmt":"2022-04-07T20:31:03","slug":"campus-franco-mexicano","status":"publish","type":"page","link":"https:\/\/www.unaq.edu.mx\/en\/nosotros\/instalaciones\/campus-franco-mexicano\/","title":{"rendered":"French - Mexican Campus"},"content":{"rendered":"<div data-elementor-type=\"wp-page\" data-elementor-id=\"9441\" class=\"elementor elementor-9441\" data-elementor-post-type=\"page\">\n\t\t\t\t\t\t<section class=\"elementor-section elementor-top-section elementor-element elementor-element-a1c5627 elementor-section-full_width elementor-section-height-default elementor-section-height-default\" data-id=\"a1c5627\" data-element_type=\"section\" data-e-type=\"section\" data-settings=\"{&quot;ekit_has_onepagescroll_dot&quot;:&quot;yes&quot;}\">\n\t\t\t\t\t\t<div class=\"elementor-container elementor-column-gap-default\">\n\t\t\t\t\t<div class=\"elementor-column elementor-col-100 elementor-top-column elementor-element elementor-element-991febe\" data-id=\"991febe\" data-element_type=\"column\" data-e-type=\"column\">\n\t\t\t<div class=\"elementor-widget-wrap elementor-element-populated\">\n\t\t\t\t\t\t<div class=\"elementor-element elementor-element-628298d elementor-widget elementor-widget-image\" data-id=\"628298d\" data-element_type=\"widget\" data-e-type=\"widget\" data-settings=\"{&quot;ekit_we_effect_on&quot;:&quot;none&quot;}\" data-widget_type=\"image.default\">\n\t\t\t\t<div class=\"elementor-widget-container\">\n\t\t\t\t\t\t\t\t\t\t\t\t\t\t\t<img fetchpriority=\"high\" decoding=\"async\" width=\"1920\" height=\"500\" src=\"https:\/\/www.unaq.edu.mx\/wp-content\/uploads\/Header_CampusFrancoMexicano.jpg\" class=\"attachment-full size-full wp-image-9443\" alt=\"\" srcset=\"https:\/\/www.unaq.edu.mx\/wp-content\/uploads\/Header_CampusFrancoMexicano.jpg 1920w, https:\/\/www.unaq.edu.mx\/wp-content\/uploads\/Header_CampusFrancoMexicano-300x78.jpg 300w, https:\/\/www.unaq.edu.mx\/wp-content\/uploads\/Header_CampusFrancoMexicano-1024x267.jpg 1024w, https:\/\/www.unaq.edu.mx\/wp-content\/uploads\/Header_CampusFrancoMexicano-768x200.jpg 768w, https:\/\/www.unaq.edu.mx\/wp-content\/uploads\/Header_CampusFrancoMexicano-1536x400.jpg 1536w, https:\/\/www.unaq.edu.mx\/wp-content\/uploads\/Header_CampusFrancoMexicano-18x5.jpg 18w\" sizes=\"(max-width: 1920px) 100vw, 1920px\" \/>\t\t\t\t\t\t\t\t\t\t\t\t\t\t\t<\/div>\n\t\t\t\t<\/div>\n\t\t\t\t\t<\/div>\n\t\t<\/div>\n\t\t\t\t\t<\/div>\n\t\t<\/section>\n\t\t\t\t<section class=\"elementor-section elementor-top-section elementor-element elementor-element-2d3bf98 elementor-section-boxed elementor-section-height-default elementor-section-height-default\" data-id=\"2d3bf98\" data-element_type=\"section\" data-e-type=\"section\" data-settings=\"{&quot;ekit_has_onepagescroll_dot&quot;:&quot;yes&quot;}\">\n\t\t\t\t\t\t<div class=\"elementor-container elementor-column-gap-default\">\n\t\t\t\t\t<div class=\"elementor-column elementor-col-100 elementor-top-column elementor-element elementor-element-129b49a\" data-id=\"129b49a\" data-element_type=\"column\" data-e-type=\"column\">\n\t\t\t<div class=\"elementor-widget-wrap elementor-element-populated\">\n\t\t\t\t\t\t<div class=\"elementor-element elementor-element-0fa98bb elementor-widget elementor-widget-heading\" data-id=\"0fa98bb\" data-element_type=\"widget\" data-e-type=\"widget\" data-settings=\"{&quot;ekit_we_effect_on&quot;:&quot;none&quot;}\" data-widget_type=\"heading.default\">\n\t\t\t\t<div class=\"elementor-widget-container\">\n\t\t\t\t\t<h2 class=\"elementor-heading-title elementor-size-default\">French - Mexican Campus<\/h2>\t\t\t\t<\/div>\n\t\t\t\t<\/div>\n\t\t\t\t<div class=\"elementor-element elementor-element-77b4141 elementor-widget elementor-widget-text-editor\" data-id=\"77b4141\" data-element_type=\"widget\" data-e-type=\"widget\" data-settings=\"{&quot;ekit_we_effect_on&quot;:&quot;none&quot;}\" data-widget_type=\"text-editor.default\">\n\t\t\t\t<div class=\"elementor-widget-container\">\n\t\t\t\t\t\t\t\t\t<p style=\"text-align: justify;\">The French-Mexican Campus emerges as an official agreement between the Presidents of Mexico and France in 2008. In 2009 educational experts carried out some educational trips to France in order to work on the concept of what the Campus is today, being in the middle 2010 when the signing of the collaboration agreement took place, institutions such as the Ministry of Public Education (SEP), the Ministry of National Education of France (MEF), the Ministry of Communications and Transportation (SCT), the Directorate General of CONALEP as well as representatives of Grupo SAFRAN and Airbus Helicopters companies participated.<\/p><h3 style=\"text-align: justify;\">Strategic Alliance<\/h3><p style=\"text-align: justify;\">The French-Mexican Campus is a strategic alliance, between UNAQ and the College of Technical Professional Education of the State of Quer\u00e9taro (CONALEP BICENTENARIO AERON\u00c1UTICO - QUER\u00c9TARO) with the purpose of educating, training and developing Technical Professional Bachelor (PTB) Advanced Technician Degree (TSU) in Aeronautics with a level of competencies comparable to those established by international civil aviation organizations, with the financial, technical or pedagogical support of the Mexican and French governments, companies and aeronautical authorities as well as entities that support the achievement of Campus objectives.<\/p><h3 style=\"text-align: justify;\">Objective<\/h3><p style=\"text-align: justify;\">Since its foundation, UNAQ has contributed to the development and consolidation of the aerospace industry by training the professionals and researchers that the aeronautical sector requires. UNAQ has as a major competitive advantage the consolidation of the French-Mexican Campus which aims to benefit all students of the institution by complementing their educational activities with the relevant competencies so that, upon graduation, they will have successful professional growth in the productive sector.<\/p><h3 style=\"text-align: justify;\">Building<\/h3><p style=\"text-align: justify;\">The French-Mexican Campus construction began in December 2012, considering within the first stage the construction of the main building, as well as the fitting out of ten laboratories, eight workshops, two warehouses, a documentation area and an intervention area; all of this in more than 4,600 m2 of construction. At the end of 2013, in addition to concluding the main building, 50% progress was made in the equipment. In 2014, the equipping of laboratories and workshops was completed, also the construction of the hangar began with more than 5,000 m2 and the capacity to house up to four aircraft, carrying out maintenance practices.<sup>2<\/sup>\u00a0de construcci\u00f3n. Al cierre del a\u00f1o 2013 adem\u00e1s de concluir el edificio principal, se avanz\u00f3 un 50% en el equipamiento. En 2014 se concluy\u00f3 la habilitaci\u00f3n de laboratorios y talleres, iniciando adem\u00e1s la construcci\u00f3n del hangar que cuenta con m\u00e1s de 5,000 m<sup>2<\/sup>\u00a0de construcci\u00f3n y capacidad para albergar hasta cuatro aeronaves, llevando a cabo pr\u00e1cticas de mantenimiento.<\/p><h3 style=\"text-align: justify;\">Teacher training<\/h3><p style=\"text-align: justify;\">At the end of 2013, the trip of fifteen professors in the specialties of avionics, maintenance and manufacturing was completed. They were immersed for six weeks at French institutions certified by EASA (European Aviation Safety Agency) in order to transfer the necessary educational technology to the French-Mexican Campus.<\/p><h3 style=\"text-align: justify;\">Educative offer<\/h3><p style=\"text-align: justify;\">UNAQ French-Mexican Campus of CONALEP Aeronautical Campus, for Technical Professional Bachelor is:<\/p><ul style=\"text-align: justify;\"><li>Aeronautical Mechanical Production<\/li><li>Systems and Structures Maintenance<\/li><li>Avionic Systems Maintenance<\/li><\/ul><p style=\"text-align: justify;\">For the TSU level, in charge of UNAQ:<\/p><ul><li style=\"text-align: justify;\">Class II Maintenance Technician for Electronic Aircraft Systems (Avionics)<\/li><li style=\"text-align: justify;\">Maintenance Engineer Class II for Engines<\/li><li style=\"text-align: justify;\">Aircraft Manufacturing (TSU in Procedures, according to the document \u201cStudy of the instrumentation conditions of a French-Mexican Campus of aeronautical trades in Mexico\u201d).<\/li><\/ul>\t\t\t\t\t\t\t\t<\/div>\n\t\t\t\t<\/div>\n\t\t\t\t\t<\/div>\n\t\t<\/div>\n\t\t\t\t\t<\/div>\n\t\t<\/section>\n\t\t\t\t<\/div>","protected":false},"excerpt":{"rendered":"<p>Campus Franco Mexicano El Campus Franco Mexicano surge como un acuerdo oficial entre los Presidentes de M\u00e9xico y Francia en el a\u00f1o 2008. En el 2009 expertos educacionales realizaron algunas misiones educativas a Francia con la finalidad de generar el concepto de lo que hoy es el Campus, siendo a mediados del 2010 cuando se [&hellip;]<\/p>\n","protected":false},"author":1,"featured_media":0,"parent":9384,"menu_order":0,"comment_status":"closed","ping_status":"closed","template":"elementor_header_footer","meta":{"footnotes":""},"class_list":["post-9441","page","type-page","status-publish","hentry"],"yoast_head":"<!-- This site is optimized with the Yoast SEO plugin v27.6 - https:\/\/yoast.com\/product\/yoast-seo-wordpress\/ -->\n<title>Campus Franco Mexicano - UNAQ - Universidad Aeron&aacute;utica en Quer&eacute;taro<\/title>\n<meta name=\"robots\" content=\"index, follow, max-snippet:-1, max-image-preview:large, max-video-preview:-1\" \/>\n<link rel=\"canonical\" href=\"https:\/\/www.unaq.edu.mx\/en\/nosotros\/instalaciones\/campus-franco-mexicano\/\" \/>\n<meta property=\"og:locale\" content=\"en_US\" \/>\n<meta property=\"og:type\" content=\"article\" \/>\n<meta property=\"og:title\" content=\"Campus Franco Mexicano - UNAQ - Universidad Aeron&aacute;utica en Quer&eacute;taro\" \/>\n<meta property=\"og:description\" content=\"Campus Franco Mexicano El Campus Franco Mexicano surge como un acuerdo oficial entre los Presidentes de M\u00e9xico y Francia en el a\u00f1o 2008. En el 2009 expertos educacionales realizaron algunas misiones educativas a Francia con la finalidad de generar el concepto de lo que hoy es el Campus, siendo a mediados del 2010 cuando se [&hellip;]\" \/>\n<meta property=\"og:url\" content=\"https:\/\/www.unaq.edu.mx\/en\/nosotros\/instalaciones\/campus-franco-mexicano\/\" \/>\n<meta property=\"og:site_name\" content=\"UNAQ - Universidad Aeron&aacute;utica en Quer&eacute;taro\" \/>\n<meta property=\"article:publisher\" content=\"https:\/\/www.facebook.com\/UNAQMX\/\" \/>\n<meta property=\"article:modified_time\" content=\"2022-04-07T20:31:03+00:00\" \/>\n<meta property=\"og:image\" content=\"https:\/\/www.unaq.edu.mx\/wp-content\/uploads\/Header_CampusFrancoMexicano.jpg\" \/>\n<meta name=\"twitter:card\" content=\"summary_large_image\" \/>\n<meta name=\"twitter:site\" content=\"@UNAQmx\" \/>\n<meta name=\"twitter:label1\" content=\"Est. reading time\" \/>\n\t<meta name=\"twitter:data1\" content=\"3 minutes\" \/>\n<script type=\"application\/ld+json\" class=\"yoast-schema-graph\">{\"@context\":\"https:\\\/\\\/schema.org\",\"@graph\":[{\"@type\":\"WebPage\",\"@id\":\"https:\\\/\\\/www.unaq.edu.mx\\\/nosotros\\\/instalaciones\\\/campus-franco-mexicano\\\/\",\"url\":\"https:\\\/\\\/www.unaq.edu.mx\\\/nosotros\\\/instalaciones\\\/campus-franco-mexicano\\\/\",\"name\":\"Campus Franco Mexicano - UNAQ - Universidad Aeron&aacute;utica en Quer&eacute;taro\",\"isPartOf\":{\"@id\":\"https:\\\/\\\/www.unaq.edu.mx\\\/#website\"},\"primaryImageOfPage\":{\"@id\":\"https:\\\/\\\/www.unaq.edu.mx\\\/nosotros\\\/instalaciones\\\/campus-franco-mexicano\\\/#primaryimage\"},\"image\":{\"@id\":\"https:\\\/\\\/www.unaq.edu.mx\\\/nosotros\\\/instalaciones\\\/campus-franco-mexicano\\\/#primaryimage\"},\"thumbnailUrl\":\"https:\\\/\\\/www.unaq.edu.mx\\\/wp-content\\\/uploads\\\/Header_CampusFrancoMexicano.jpg\",\"datePublished\":\"2022-04-07T20:29:25+00:00\",\"dateModified\":\"2022-04-07T20:31:03+00:00\",\"breadcrumb\":{\"@id\":\"https:\\\/\\\/www.unaq.edu.mx\\\/nosotros\\\/instalaciones\\\/campus-franco-mexicano\\\/#breadcrumb\"},\"inLanguage\":\"en-US\",\"potentialAction\":[{\"@type\":\"ReadAction\",\"target\":[\"https:\\\/\\\/www.unaq.edu.mx\\\/nosotros\\\/instalaciones\\\/campus-franco-mexicano\\\/\"]}]},{\"@type\":\"ImageObject\",\"inLanguage\":\"en-US\",\"@id\":\"https:\\\/\\\/www.unaq.edu.mx\\\/nosotros\\\/instalaciones\\\/campus-franco-mexicano\\\/#primaryimage\",\"url\":\"https:\\\/\\\/www.unaq.edu.mx\\\/wp-content\\\/uploads\\\/Header_CampusFrancoMexicano.jpg\",\"contentUrl\":\"https:\\\/\\\/www.unaq.edu.mx\\\/wp-content\\\/uploads\\\/Header_CampusFrancoMexicano.jpg\"},{\"@type\":\"BreadcrumbList\",\"@id\":\"https:\\\/\\\/www.unaq.edu.mx\\\/nosotros\\\/instalaciones\\\/campus-franco-mexicano\\\/#breadcrumb\",\"itemListElement\":[{\"@type\":\"ListItem\",\"position\":1,\"name\":\"Portada\",\"item\":\"https:\\\/\\\/www.unaq.edu.mx\\\/\"},{\"@type\":\"ListItem\",\"position\":2,\"name\":\"Nosotros\",\"item\":\"https:\\\/\\\/www.unaq.edu.mx\\\/nosotros\\\/\"},{\"@type\":\"ListItem\",\"position\":3,\"name\":\"Instalaciones\",\"item\":\"https:\\\/\\\/www.unaq.edu.mx\\\/nosotros\\\/instalaciones\\\/\"},{\"@type\":\"ListItem\",\"position\":4,\"name\":\"Campus Franco Mexicano\"}]},{\"@type\":\"WebSite\",\"@id\":\"https:\\\/\\\/www.unaq.edu.mx\\\/#website\",\"url\":\"https:\\\/\\\/www.unaq.edu.mx\\\/\",\"name\":\"UNAQ - Universidad Aeron&aacute;utica en Quer&eacute;taro\",\"description\":\"Formamos profesionales e investigadores para el sector aeron&aacute;utico, con valores, conocimientos, competencias y reconocimiento nacional e internacional, basado en un modelo educativo abierto, flexible, pertinente y estrechamente vinculado, para el desarrollo social, econ&oacute;mico y cultural de M&eacute;xico.\",\"publisher\":{\"@id\":\"https:\\\/\\\/www.unaq.edu.mx\\\/#organization\"},\"potentialAction\":[{\"@type\":\"SearchAction\",\"target\":{\"@type\":\"EntryPoint\",\"urlTemplate\":\"https:\\\/\\\/www.unaq.edu.mx\\\/?s={search_term_string}\"},\"query-input\":{\"@type\":\"PropertyValueSpecification\",\"valueRequired\":true,\"valueName\":\"search_term_string\"}}],\"inLanguage\":\"en-US\"},{\"@type\":\"Organization\",\"@id\":\"https:\\\/\\\/www.unaq.edu.mx\\\/#organization\",\"name\":\"Universidad Aeron\u00e1utica en Quer\u00e9taro\",\"url\":\"https:\\\/\\\/www.unaq.edu.mx\\\/\",\"logo\":{\"@type\":\"ImageObject\",\"inLanguage\":\"en-US\",\"@id\":\"https:\\\/\\\/www.unaq.edu.mx\\\/#\\\/schema\\\/logo\\\/image\\\/\",\"url\":\"https:\\\/\\\/www.unaq.edu.mx\\\/wp-content\\\/uploads\\\/2022\\\/04\\\/Logo_UNAQ.png\",\"contentUrl\":\"https:\\\/\\\/www.unaq.edu.mx\\\/wp-content\\\/uploads\\\/2022\\\/04\\\/Logo_UNAQ.png\",\"width\":648,\"height\":284,\"caption\":\"Universidad Aeron\u00e1utica en Quer\u00e9taro\"},\"image\":{\"@id\":\"https:\\\/\\\/www.unaq.edu.mx\\\/#\\\/schema\\\/logo\\\/image\\\/\"},\"sameAs\":[\"https:\\\/\\\/www.facebook.com\\\/UNAQMX\\\/\",\"https:\\\/\\\/x.com\\\/UNAQmx\",\"https:\\\/\\\/www.linkedin.com\\\/company\\\/unaq\",\"https:\\\/\\\/www.youtube.com\\\/user\\\/UNAQMX\"]}]}<\/script>\n<!-- \/ Yoast SEO plugin. -->","yoast_head_json":{"title":"Campus Franco Mexicano - UNAQ - Universidad Aeron&aacute;utica en Quer&eacute;taro","robots":{"index":"index","follow":"follow","max-snippet":"max-snippet:-1","max-image-preview":"max-image-preview:large","max-video-preview":"max-video-preview:-1"},"canonical":"https:\/\/www.unaq.edu.mx\/en\/nosotros\/instalaciones\/campus-franco-mexicano\/","og_locale":"en_US","og_type":"article","og_title":"Campus Franco Mexicano - UNAQ - Universidad Aeron&aacute;utica en Quer&eacute;taro","og_description":"Campus Franco Mexicano El Campus Franco Mexicano surge como un acuerdo oficial entre los Presidentes de M\u00e9xico y Francia en el a\u00f1o 2008. En el 2009 expertos educacionales realizaron algunas misiones educativas a Francia con la finalidad de generar el concepto de lo que hoy es el Campus, siendo a mediados del 2010 cuando se [&hellip;]","og_url":"https:\/\/www.unaq.edu.mx\/en\/nosotros\/instalaciones\/campus-franco-mexicano\/","og_site_name":"UNAQ - Universidad Aeron&aacute;utica en Quer&eacute;taro","article_publisher":"https:\/\/www.facebook.com\/UNAQMX\/","article_modified_time":"2022-04-07T20:31:03+00:00","og_image":[{"url":"https:\/\/www.unaq.edu.mx\/wp-content\/uploads\/Header_CampusFrancoMexicano.jpg","type":"","width":"","height":""}],"twitter_card":"summary_large_image","twitter_site":"@UNAQmx","twitter_misc":{"Est. reading time":"3 minutes"},"schema":{"@context":"https:\/\/schema.org","@graph":[{"@type":"WebPage","@id":"https:\/\/www.unaq.edu.mx\/nosotros\/instalaciones\/campus-franco-mexicano\/","url":"https:\/\/www.unaq.edu.mx\/nosotros\/instalaciones\/campus-franco-mexicano\/","name":"Campus Franco Mexicano - UNAQ - Universidad Aeron&aacute;utica en Quer&eacute;taro","isPartOf":{"@id":"https:\/\/www.unaq.edu.mx\/#website"},"primaryImageOfPage":{"@id":"https:\/\/www.unaq.edu.mx\/nosotros\/instalaciones\/campus-franco-mexicano\/#primaryimage"},"image":{"@id":"https:\/\/www.unaq.edu.mx\/nosotros\/instalaciones\/campus-franco-mexicano\/#primaryimage"},"thumbnailUrl":"https:\/\/www.unaq.edu.mx\/wp-content\/uploads\/Header_CampusFrancoMexicano.jpg","datePublished":"2022-04-07T20:29:25+00:00","dateModified":"2022-04-07T20:31:03+00:00","breadcrumb":{"@id":"https:\/\/www.unaq.edu.mx\/nosotros\/instalaciones\/campus-franco-mexicano\/#breadcrumb"},"inLanguage":"en-US","potentialAction":[{"@type":"ReadAction","target":["https:\/\/www.unaq.edu.mx\/nosotros\/instalaciones\/campus-franco-mexicano\/"]}]},{"@type":"ImageObject","inLanguage":"en-US","@id":"https:\/\/www.unaq.edu.mx\/nosotros\/instalaciones\/campus-franco-mexicano\/#primaryimage","url":"https:\/\/www.unaq.edu.mx\/wp-content\/uploads\/Header_CampusFrancoMexicano.jpg","contentUrl":"https:\/\/www.unaq.edu.mx\/wp-content\/uploads\/Header_CampusFrancoMexicano.jpg"},{"@type":"BreadcrumbList","@id":"https:\/\/www.unaq.edu.mx\/nosotros\/instalaciones\/campus-franco-mexicano\/#breadcrumb","itemListElement":[{"@type":"ListItem","position":1,"name":"Portada","item":"https:\/\/www.unaq.edu.mx\/"},{"@type":"ListItem","position":2,"name":"Nosotros","item":"https:\/\/www.unaq.edu.mx\/nosotros\/"},{"@type":"ListItem","position":3,"name":"Instalaciones","item":"https:\/\/www.unaq.edu.mx\/nosotros\/instalaciones\/"},{"@type":"ListItem","position":4,"name":"Campus Franco Mexicano"}]},{"@type":"WebSite","@id":"https:\/\/www.unaq.edu.mx\/#website","url":"https:\/\/www.unaq.edu.mx\/","name":"UNAQ - Universidad Aeron&aacute;utica en Quer&eacute;taro","description":"Formamos profesionales e investigadores para el sector aeron&aacute;utico, con valores, conocimientos, competencias y reconocimiento nacional e internacional, basado en un modelo educativo abierto, flexible, pertinente y estrechamente vinculado, para el desarrollo social, econ&oacute;mico y cultural de M&eacute;xico.","publisher":{"@id":"https:\/\/www.unaq.edu.mx\/#organization"},"potentialAction":[{"@type":"SearchAction","target":{"@type":"EntryPoint","urlTemplate":"https:\/\/www.unaq.edu.mx\/?s={search_term_string}"},"query-input":{"@type":"PropertyValueSpecification","valueRequired":true,"valueName":"search_term_string"}}],"inLanguage":"en-US"},{"@type":"Organization","@id":"https:\/\/www.unaq.edu.mx\/#organization","name":"Universidad Aeron\u00e1utica en Quer\u00e9taro","url":"https:\/\/www.unaq.edu.mx\/","logo":{"@type":"ImageObject","inLanguage":"en-US","@id":"https:\/\/www.unaq.edu.mx\/#\/schema\/logo\/image\/","url":"https:\/\/www.unaq.edu.mx\/wp-content\/uploads\/2022\/04\/Logo_UNAQ.png","contentUrl":"https:\/\/www.unaq.edu.mx\/wp-content\/uploads\/2022\/04\/Logo_UNAQ.png","width":648,"height":284,"caption":"Universidad Aeron\u00e1utica en Quer\u00e9taro"},"image":{"@id":"https:\/\/www.unaq.edu.mx\/#\/schema\/logo\/image\/"},"sameAs":["https:\/\/www.facebook.com\/UNAQMX\/","https:\/\/x.com\/UNAQmx","https:\/\/www.linkedin.com\/company\/unaq","https:\/\/www.youtube.com\/user\/UNAQMX"]}]}},"_links":{"self":[{"href":"https:\/\/www.unaq.edu.mx\/en\/wp-json\/wp\/v2\/pages\/9441","targetHints":{"allow":["GET"]}}],"collection":[{"href":"https:\/\/www.unaq.edu.mx\/en\/wp-json\/wp\/v2\/pages"}],"about":[{"href":"https:\/\/www.unaq.edu.mx\/en\/wp-json\/wp\/v2\/types\/page"}],"author":[{"embeddable":true,"href":"https:\/\/www.unaq.edu.mx\/en\/wp-json\/wp\/v2\/users\/1"}],"replies":[{"embeddable":true,"href":"https:\/\/www.unaq.edu.mx\/en\/wp-json\/wp\/v2\/comments?post=9441"}],"version-history":[{"count":4,"href":"https:\/\/www.unaq.edu.mx\/en\/wp-json\/wp\/v2\/pages\/9441\/revisions"}],"predecessor-version":[{"id":9446,"href":"https:\/\/www.unaq.edu.mx\/en\/wp-json\/wp\/v2\/pages\/9441\/revisions\/9446"}],"up":[{"embeddable":true,"href":"https:\/\/www.unaq.edu.mx\/en\/wp-json\/wp\/v2\/pages\/9384"}],"wp:attachment":[{"href":"https:\/\/www.unaq.edu.mx\/en\/wp-json\/wp\/v2\/media?parent=9441"}],"curies":[{"name":"wp","href":"https:\/\/api.w.org\/{rel}","templated":true}]}}