{"id":9435,"date":"2022-04-07T14:18:31","date_gmt":"2022-04-07T20:18:31","guid":{"rendered":"https:\/\/www.unaq.edu.mx\/?page_id=9435"},"modified":"2022-04-07T14:21:38","modified_gmt":"2022-04-07T20:21:38","slug":"centro-de-informacion","status":"publish","type":"page","link":"https:\/\/www.unaq.edu.mx\/en\/nosotros\/instalaciones\/centro-de-informacion\/","title":{"rendered":"Information Center"},"content":{"rendered":"<div data-elementor-type=\"wp-page\" data-elementor-id=\"9435\" class=\"elementor elementor-9435\" data-elementor-post-type=\"page\">\n\t\t\t\t\t\t<section class=\"elementor-section elementor-top-section elementor-element elementor-element-deb7b87 elementor-section-full_width elementor-section-height-default elementor-section-height-default\" data-id=\"deb7b87\" data-element_type=\"section\" data-e-type=\"section\" data-settings=\"{&quot;ekit_has_onepagescroll_dot&quot;:&quot;yes&quot;}\">\n\t\t\t\t\t\t<div class=\"elementor-container elementor-column-gap-default\">\n\t\t\t\t\t<div class=\"elementor-column elementor-col-100 elementor-top-column elementor-element elementor-element-f5250f6\" data-id=\"f5250f6\" data-element_type=\"column\" data-e-type=\"column\">\n\t\t\t<div class=\"elementor-widget-wrap elementor-element-populated\">\n\t\t\t\t\t\t<div class=\"elementor-element elementor-element-4e2f880 elementor-widget elementor-widget-image\" data-id=\"4e2f880\" data-element_type=\"widget\" data-e-type=\"widget\" data-settings=\"{&quot;ekit_we_effect_on&quot;:&quot;none&quot;}\" data-widget_type=\"image.default\">\n\t\t\t\t<div class=\"elementor-widget-container\">\n\t\t\t\t\t\t\t\t\t\t\t\t\t\t\t<img fetchpriority=\"high\" decoding=\"async\" width=\"1920\" height=\"500\" src=\"https:\/\/www.unaq.edu.mx\/wp-content\/uploads\/Header_CentroInformacion.jpg\" class=\"attachment-full size-full wp-image-9437\" alt=\"\" srcset=\"https:\/\/www.unaq.edu.mx\/wp-content\/uploads\/Header_CentroInformacion.jpg 1920w, https:\/\/www.unaq.edu.mx\/wp-content\/uploads\/Header_CentroInformacion-300x78.jpg 300w, https:\/\/www.unaq.edu.mx\/wp-content\/uploads\/Header_CentroInformacion-1024x267.jpg 1024w, https:\/\/www.unaq.edu.mx\/wp-content\/uploads\/Header_CentroInformacion-768x200.jpg 768w, https:\/\/www.unaq.edu.mx\/wp-content\/uploads\/Header_CentroInformacion-1536x400.jpg 1536w, https:\/\/www.unaq.edu.mx\/wp-content\/uploads\/Header_CentroInformacion-18x5.jpg 18w\" sizes=\"(max-width: 1920px) 100vw, 1920px\" \/>\t\t\t\t\t\t\t\t\t\t\t\t\t\t\t<\/div>\n\t\t\t\t<\/div>\n\t\t\t\t\t<\/div>\n\t\t<\/div>\n\t\t\t\t\t<\/div>\n\t\t<\/section>\n\t\t\t\t<section class=\"elementor-section elementor-top-section elementor-element elementor-element-e149a1c elementor-section-boxed elementor-section-height-default elementor-section-height-default\" data-id=\"e149a1c\" data-element_type=\"section\" data-e-type=\"section\" data-settings=\"{&quot;ekit_has_onepagescroll_dot&quot;:&quot;yes&quot;}\">\n\t\t\t\t\t\t<div class=\"elementor-container elementor-column-gap-default\">\n\t\t\t\t\t<div class=\"elementor-column elementor-col-100 elementor-top-column elementor-element elementor-element-3534a18\" data-id=\"3534a18\" data-element_type=\"column\" data-e-type=\"column\">\n\t\t\t<div class=\"elementor-widget-wrap elementor-element-populated\">\n\t\t\t\t\t\t<div class=\"elementor-element elementor-element-d313981 elementor-widget elementor-widget-heading\" data-id=\"d313981\" data-element_type=\"widget\" data-e-type=\"widget\" data-settings=\"{&quot;ekit_we_effect_on&quot;:&quot;none&quot;}\" data-widget_type=\"heading.default\">\n\t\t\t\t<div class=\"elementor-widget-container\">\n\t\t\t\t\t<h2 class=\"elementor-heading-title elementor-size-default\">Information Center<\/h2>\t\t\t\t<\/div>\n\t\t\t\t<\/div>\n\t\t\t\t<div class=\"elementor-element elementor-element-d1f512c elementor-widget elementor-widget-text-editor\" data-id=\"d1f512c\" data-element_type=\"widget\" data-e-type=\"widget\" data-settings=\"{&quot;ekit_we_effect_on&quot;:&quot;none&quot;}\" data-widget_type=\"text-editor.default\">\n\t\t\t\t<div class=\"elementor-widget-container\">\n\t\t\t\t\t\t\t\t\t<h2 style=\"text-align: justify;\">Mission<\/h2><p style=\"text-align: justify;\">For UNAQ students, professionals, researchers and teachers to have access to information, knowledge, book culture and reading through library organization services, digital services and information skills development, thus contributing to the educational model of the university and the integral development of the university community.<\/p><p style=\"text-align: justify;\">Office Hours:<\/p><ul style=\"text-align: justify;\"><li>I. C. Main building from 09:00 to 16:00 hours. Monday to Friday.<\/li><li>I.C. B Building from 07:00 to 18:00 hours. Monday to Friday.<\/li><li>I.C. Hangar from 08:30 to 16:00 hours. Monday to Friday.<\/li><\/ul><h2 style=\"text-align: justify;\">Available materials<\/h2><p style=\"text-align: justify;\">Biblio-hemerographic collection:<\/p><ul style=\"text-align: justify;\"><li>2,421 titles<\/li><li>5,820 items<\/li><li>Academic Coverage: Aeronautical Engineering in Manufacturing, Mechanical Aeronautical Design, Electronics and Control of Aircraft Systems, Maintenance, Manufacturing, Avionics<\/li><li>5 titles of periodical issues.<\/li><li>30 DVD titles.<\/li><\/ul><p style=\"text-align: justify;\">Services offered:<\/p><ul style=\"text-align: justify;\"><li>In-room consultation services<\/li><li>Internal loan<\/li><li>External loan<\/li><li>Interlibrary loan (By Agreement with the Institutions belonging to the RESIEQ)<\/li><li>On-line catalogue<\/li><li>Loan of Collaborative Rooms<\/li><li>Computer Equipment Loan<\/li><li>iPad\u00ae loan<\/li><\/ul><h2 style=\"text-align: justify;\">Virtual Library<\/h2><ul style=\"text-align: justify;\"><li><strong>BIBDIG ECEST:<\/strong>\u00a0Contains documentary information and a variety of electronic books, magazines, all topic magazine articles.<\/li><li>Access to resources of the National Consortium of Scientific and Technological Information Resources (CONRICYT) that support, expand and expedite access to scientific information through databases and scientific journals recognized worldwide in Higher Education Institutions (IES) and Research Centers of the country.<\/li><\/ul><h2 style=\"text-align: justify;\">General Rules<\/h2><ul><li style=\"text-align: justify;\">Home loan of materials<\/li><\/ul><table><tbody><tr><td><strong>USERNAME<\/strong><\/td><td><strong>AMOUNT OF BOOKS<\/strong><\/td><td><strong>CALENDAR DAYS<\/strong><\/td><td><strong>MAXIMUM RENEWAL<\/strong><\/td><\/tr><tr><td>Students<\/td><td>3<\/td><td>5<\/td><td>2<\/td><\/tr><tr><td>Teacher<\/td><td>5<\/td><td>7<\/td><td>2<\/td><\/tr><tr><td>Postgraduate and \/ or researchers<\/td><td>5<\/td><td>7<\/td><td>2<\/td><\/tr><tr><td>Administrative staff<\/td><td>5<\/td><td>7<\/td><td>2<\/td><\/tr><\/tbody><\/table><h3 style=\"text-align: justify;\">Sanctions:<\/h3><ul style=\"text-align: justify;\"><li>Fine per book is charged for each day of delay.<\/li><li>In case of loss, physical damage, or other, the user will have to replace the material with a new one.<\/li><\/ul><h3 style=\"text-align: justify;\">Requirements:<\/h3><ul><li style=\"text-align: justify;\">Current student, administrative or teacher ID (valid logo for the current four-month term).<\/li><li style=\"text-align: justify;\">Being registered in the Information System Automation System (in case it is not, it will be registered right then).<\/li><\/ul>\t\t\t\t\t\t\t\t<\/div>\n\t\t\t\t<\/div>\n\t\t\t\t\t<\/div>\n\t\t<\/div>\n\t\t\t\t\t<\/div>\n\t\t<\/section>\n\t\t\t\t<\/div>","protected":false},"excerpt":{"rendered":"<p>Centro de Informaci\u00f3n Misi\u00f3n Que estudiantes, profesionales, investigadores y docentes de la UNAQ cuenten con acceso a la informaci\u00f3n, al conocimiento, a la cultura del libro y la lectura por medio de servicios de organizaci\u00f3n bibliotecaria, servicios digitales y desarrollo de habilidades informativas, coadyuvando al modelo educativo de la universidad y al desarrollo integral de [&hellip;]<\/p>\n","protected":false},"author":1,"featured_media":0,"parent":9384,"menu_order":0,"comment_status":"closed","ping_status":"closed","template":"elementor_header_footer","meta":{"footnotes":""},"class_list":["post-9435","page","type-page","status-publish","hentry"],"yoast_head":"<!-- This site is optimized with the Yoast SEO plugin v27.3 - https:\/\/yoast.com\/product\/yoast-seo-wordpress\/ -->\n<title>Centro de Informaci\u00f3n - UNAQ - Universidad Aeron&aacute;utica en Quer&eacute;taro<\/title>\n<meta name=\"robots\" content=\"index, follow, max-snippet:-1, max-image-preview:large, max-video-preview:-1\" \/>\n<link rel=\"canonical\" href=\"https:\/\/www.unaq.edu.mx\/en\/nosotros\/instalaciones\/centro-de-informacion\/\" \/>\n<meta property=\"og:locale\" content=\"en_US\" \/>\n<meta property=\"og:type\" content=\"article\" \/>\n<meta property=\"og:title\" content=\"Centro de Informaci\u00f3n - UNAQ - Universidad Aeron&aacute;utica en Quer&eacute;taro\" \/>\n<meta property=\"og:description\" content=\"Centro de Informaci\u00f3n Misi\u00f3n Que estudiantes, profesionales, investigadores y docentes de la UNAQ cuenten con acceso a la informaci\u00f3n, al conocimiento, a la cultura del libro y la lectura por medio de servicios de organizaci\u00f3n bibliotecaria, servicios digitales y desarrollo de habilidades informativas, coadyuvando al modelo educativo de la universidad y al desarrollo integral de [&hellip;]\" \/>\n<meta property=\"og:url\" content=\"https:\/\/www.unaq.edu.mx\/en\/nosotros\/instalaciones\/centro-de-informacion\/\" \/>\n<meta property=\"og:site_name\" content=\"UNAQ - Universidad Aeron&aacute;utica en Quer&eacute;taro\" \/>\n<meta property=\"article:publisher\" content=\"https:\/\/www.facebook.com\/UNAQMX\/\" \/>\n<meta property=\"article:modified_time\" content=\"2022-04-07T20:21:38+00:00\" \/>\n<meta property=\"og:image\" content=\"https:\/\/www.unaq.edu.mx\/wp-content\/uploads\/Header_CentroInformacion.jpg\" \/>\n<meta name=\"twitter:card\" content=\"summary_large_image\" \/>\n<meta name=\"twitter:site\" content=\"@UNAQmx\" \/>\n<meta name=\"twitter:label1\" content=\"Est. reading time\" \/>\n\t<meta name=\"twitter:data1\" content=\"2 minutes\" \/>\n<script type=\"application\/ld+json\" class=\"yoast-schema-graph\">{\"@context\":\"https:\\\/\\\/schema.org\",\"@graph\":[{\"@type\":\"WebPage\",\"@id\":\"https:\\\/\\\/www.unaq.edu.mx\\\/nosotros\\\/instalaciones\\\/centro-de-informacion\\\/\",\"url\":\"https:\\\/\\\/www.unaq.edu.mx\\\/nosotros\\\/instalaciones\\\/centro-de-informacion\\\/\",\"name\":\"Centro de Informaci\u00f3n - UNAQ - Universidad Aeron&aacute;utica en Quer&eacute;taro\",\"isPartOf\":{\"@id\":\"https:\\\/\\\/www.unaq.edu.mx\\\/#website\"},\"primaryImageOfPage\":{\"@id\":\"https:\\\/\\\/www.unaq.edu.mx\\\/nosotros\\\/instalaciones\\\/centro-de-informacion\\\/#primaryimage\"},\"image\":{\"@id\":\"https:\\\/\\\/www.unaq.edu.mx\\\/nosotros\\\/instalaciones\\\/centro-de-informacion\\\/#primaryimage\"},\"thumbnailUrl\":\"https:\\\/\\\/www.unaq.edu.mx\\\/wp-content\\\/uploads\\\/Header_CentroInformacion.jpg\",\"datePublished\":\"2022-04-07T20:18:31+00:00\",\"dateModified\":\"2022-04-07T20:21:38+00:00\",\"breadcrumb\":{\"@id\":\"https:\\\/\\\/www.unaq.edu.mx\\\/nosotros\\\/instalaciones\\\/centro-de-informacion\\\/#breadcrumb\"},\"inLanguage\":\"en-US\",\"potentialAction\":[{\"@type\":\"ReadAction\",\"target\":[\"https:\\\/\\\/www.unaq.edu.mx\\\/nosotros\\\/instalaciones\\\/centro-de-informacion\\\/\"]}]},{\"@type\":\"ImageObject\",\"inLanguage\":\"en-US\",\"@id\":\"https:\\\/\\\/www.unaq.edu.mx\\\/nosotros\\\/instalaciones\\\/centro-de-informacion\\\/#primaryimage\",\"url\":\"https:\\\/\\\/www.unaq.edu.mx\\\/wp-content\\\/uploads\\\/Header_CentroInformacion.jpg\",\"contentUrl\":\"https:\\\/\\\/www.unaq.edu.mx\\\/wp-content\\\/uploads\\\/Header_CentroInformacion.jpg\"},{\"@type\":\"BreadcrumbList\",\"@id\":\"https:\\\/\\\/www.unaq.edu.mx\\\/nosotros\\\/instalaciones\\\/centro-de-informacion\\\/#breadcrumb\",\"itemListElement\":[{\"@type\":\"ListItem\",\"position\":1,\"name\":\"Portada\",\"item\":\"https:\\\/\\\/www.unaq.edu.mx\\\/\"},{\"@type\":\"ListItem\",\"position\":2,\"name\":\"Nosotros\",\"item\":\"https:\\\/\\\/www.unaq.edu.mx\\\/nosotros\\\/\"},{\"@type\":\"ListItem\",\"position\":3,\"name\":\"Instalaciones\",\"item\":\"https:\\\/\\\/www.unaq.edu.mx\\\/nosotros\\\/instalaciones\\\/\"},{\"@type\":\"ListItem\",\"position\":4,\"name\":\"Centro de Informaci\u00f3n\"}]},{\"@type\":\"WebSite\",\"@id\":\"https:\\\/\\\/www.unaq.edu.mx\\\/#website\",\"url\":\"https:\\\/\\\/www.unaq.edu.mx\\\/\",\"name\":\"UNAQ - Universidad Aeron&aacute;utica en Quer&eacute;taro\",\"description\":\"Formamos profesionales e investigadores para el sector aeron&aacute;utico, con valores, conocimientos, competencias y reconocimiento nacional e internacional, basado en un modelo educativo abierto, flexible, pertinente y estrechamente vinculado, para el desarrollo social, econ&oacute;mico y cultural de M&eacute;xico.\",\"publisher\":{\"@id\":\"https:\\\/\\\/www.unaq.edu.mx\\\/#organization\"},\"potentialAction\":[{\"@type\":\"SearchAction\",\"target\":{\"@type\":\"EntryPoint\",\"urlTemplate\":\"https:\\\/\\\/www.unaq.edu.mx\\\/?s={search_term_string}\"},\"query-input\":{\"@type\":\"PropertyValueSpecification\",\"valueRequired\":true,\"valueName\":\"search_term_string\"}}],\"inLanguage\":\"en-US\"},{\"@type\":\"Organization\",\"@id\":\"https:\\\/\\\/www.unaq.edu.mx\\\/#organization\",\"name\":\"Universidad Aeron\u00e1utica en Quer\u00e9taro\",\"url\":\"https:\\\/\\\/www.unaq.edu.mx\\\/\",\"logo\":{\"@type\":\"ImageObject\",\"inLanguage\":\"en-US\",\"@id\":\"https:\\\/\\\/www.unaq.edu.mx\\\/#\\\/schema\\\/logo\\\/image\\\/\",\"url\":\"https:\\\/\\\/www.unaq.edu.mx\\\/wp-content\\\/uploads\\\/2022\\\/04\\\/Logo_UNAQ.png\",\"contentUrl\":\"https:\\\/\\\/www.unaq.edu.mx\\\/wp-content\\\/uploads\\\/2022\\\/04\\\/Logo_UNAQ.png\",\"width\":648,\"height\":284,\"caption\":\"Universidad Aeron\u00e1utica en Quer\u00e9taro\"},\"image\":{\"@id\":\"https:\\\/\\\/www.unaq.edu.mx\\\/#\\\/schema\\\/logo\\\/image\\\/\"},\"sameAs\":[\"https:\\\/\\\/www.facebook.com\\\/UNAQMX\\\/\",\"https:\\\/\\\/x.com\\\/UNAQmx\",\"https:\\\/\\\/www.linkedin.com\\\/company\\\/unaq\",\"https:\\\/\\\/www.youtube.com\\\/user\\\/UNAQMX\"]}]}<\/script>\n<!-- \/ Yoast SEO plugin. -->","yoast_head_json":{"title":"Centro de Informaci\u00f3n - UNAQ - Universidad Aeron&aacute;utica en Quer&eacute;taro","robots":{"index":"index","follow":"follow","max-snippet":"max-snippet:-1","max-image-preview":"max-image-preview:large","max-video-preview":"max-video-preview:-1"},"canonical":"https:\/\/www.unaq.edu.mx\/en\/nosotros\/instalaciones\/centro-de-informacion\/","og_locale":"en_US","og_type":"article","og_title":"Centro de Informaci\u00f3n - UNAQ - Universidad Aeron&aacute;utica en Quer&eacute;taro","og_description":"Centro de Informaci\u00f3n Misi\u00f3n Que estudiantes, profesionales, investigadores y docentes de la UNAQ cuenten con acceso a la informaci\u00f3n, al conocimiento, a la cultura del libro y la lectura por medio de servicios de organizaci\u00f3n bibliotecaria, servicios digitales y desarrollo de habilidades informativas, coadyuvando al modelo educativo de la universidad y al desarrollo integral de [&hellip;]","og_url":"https:\/\/www.unaq.edu.mx\/en\/nosotros\/instalaciones\/centro-de-informacion\/","og_site_name":"UNAQ - Universidad Aeron&aacute;utica en Quer&eacute;taro","article_publisher":"https:\/\/www.facebook.com\/UNAQMX\/","article_modified_time":"2022-04-07T20:21:38+00:00","og_image":[{"url":"https:\/\/www.unaq.edu.mx\/wp-content\/uploads\/Header_CentroInformacion.jpg","type":"","width":"","height":""}],"twitter_card":"summary_large_image","twitter_site":"@UNAQmx","twitter_misc":{"Est. reading time":"2 minutes"},"schema":{"@context":"https:\/\/schema.org","@graph":[{"@type":"WebPage","@id":"https:\/\/www.unaq.edu.mx\/nosotros\/instalaciones\/centro-de-informacion\/","url":"https:\/\/www.unaq.edu.mx\/nosotros\/instalaciones\/centro-de-informacion\/","name":"Centro de Informaci\u00f3n - UNAQ - Universidad Aeron&aacute;utica en Quer&eacute;taro","isPartOf":{"@id":"https:\/\/www.unaq.edu.mx\/#website"},"primaryImageOfPage":{"@id":"https:\/\/www.unaq.edu.mx\/nosotros\/instalaciones\/centro-de-informacion\/#primaryimage"},"image":{"@id":"https:\/\/www.unaq.edu.mx\/nosotros\/instalaciones\/centro-de-informacion\/#primaryimage"},"thumbnailUrl":"https:\/\/www.unaq.edu.mx\/wp-content\/uploads\/Header_CentroInformacion.jpg","datePublished":"2022-04-07T20:18:31+00:00","dateModified":"2022-04-07T20:21:38+00:00","breadcrumb":{"@id":"https:\/\/www.unaq.edu.mx\/nosotros\/instalaciones\/centro-de-informacion\/#breadcrumb"},"inLanguage":"en-US","potentialAction":[{"@type":"ReadAction","target":["https:\/\/www.unaq.edu.mx\/nosotros\/instalaciones\/centro-de-informacion\/"]}]},{"@type":"ImageObject","inLanguage":"en-US","@id":"https:\/\/www.unaq.edu.mx\/nosotros\/instalaciones\/centro-de-informacion\/#primaryimage","url":"https:\/\/www.unaq.edu.mx\/wp-content\/uploads\/Header_CentroInformacion.jpg","contentUrl":"https:\/\/www.unaq.edu.mx\/wp-content\/uploads\/Header_CentroInformacion.jpg"},{"@type":"BreadcrumbList","@id":"https:\/\/www.unaq.edu.mx\/nosotros\/instalaciones\/centro-de-informacion\/#breadcrumb","itemListElement":[{"@type":"ListItem","position":1,"name":"Portada","item":"https:\/\/www.unaq.edu.mx\/"},{"@type":"ListItem","position":2,"name":"Nosotros","item":"https:\/\/www.unaq.edu.mx\/nosotros\/"},{"@type":"ListItem","position":3,"name":"Instalaciones","item":"https:\/\/www.unaq.edu.mx\/nosotros\/instalaciones\/"},{"@type":"ListItem","position":4,"name":"Centro de Informaci\u00f3n"}]},{"@type":"WebSite","@id":"https:\/\/www.unaq.edu.mx\/#website","url":"https:\/\/www.unaq.edu.mx\/","name":"UNAQ - Universidad Aeron&aacute;utica en Quer&eacute;taro","description":"Formamos profesionales e investigadores para el sector aeron&aacute;utico, con valores, conocimientos, competencias y reconocimiento nacional e internacional, basado en un modelo educativo abierto, flexible, pertinente y estrechamente vinculado, para el desarrollo social, econ&oacute;mico y cultural de M&eacute;xico.","publisher":{"@id":"https:\/\/www.unaq.edu.mx\/#organization"},"potentialAction":[{"@type":"SearchAction","target":{"@type":"EntryPoint","urlTemplate":"https:\/\/www.unaq.edu.mx\/?s={search_term_string}"},"query-input":{"@type":"PropertyValueSpecification","valueRequired":true,"valueName":"search_term_string"}}],"inLanguage":"en-US"},{"@type":"Organization","@id":"https:\/\/www.unaq.edu.mx\/#organization","name":"Universidad Aeron\u00e1utica en Quer\u00e9taro","url":"https:\/\/www.unaq.edu.mx\/","logo":{"@type":"ImageObject","inLanguage":"en-US","@id":"https:\/\/www.unaq.edu.mx\/#\/schema\/logo\/image\/","url":"https:\/\/www.unaq.edu.mx\/wp-content\/uploads\/2022\/04\/Logo_UNAQ.png","contentUrl":"https:\/\/www.unaq.edu.mx\/wp-content\/uploads\/2022\/04\/Logo_UNAQ.png","width":648,"height":284,"caption":"Universidad Aeron\u00e1utica en Quer\u00e9taro"},"image":{"@id":"https:\/\/www.unaq.edu.mx\/#\/schema\/logo\/image\/"},"sameAs":["https:\/\/www.facebook.com\/UNAQMX\/","https:\/\/x.com\/UNAQmx","https:\/\/www.linkedin.com\/company\/unaq","https:\/\/www.youtube.com\/user\/UNAQMX"]}]}},"_links":{"self":[{"href":"https:\/\/www.unaq.edu.mx\/en\/wp-json\/wp\/v2\/pages\/9435","targetHints":{"allow":["GET"]}}],"collection":[{"href":"https:\/\/www.unaq.edu.mx\/en\/wp-json\/wp\/v2\/pages"}],"about":[{"href":"https:\/\/www.unaq.edu.mx\/en\/wp-json\/wp\/v2\/types\/page"}],"author":[{"embeddable":true,"href":"https:\/\/www.unaq.edu.mx\/en\/wp-json\/wp\/v2\/users\/1"}],"replies":[{"embeddable":true,"href":"https:\/\/www.unaq.edu.mx\/en\/wp-json\/wp\/v2\/comments?post=9435"}],"version-history":[{"count":4,"href":"https:\/\/www.unaq.edu.mx\/en\/wp-json\/wp\/v2\/pages\/9435\/revisions"}],"predecessor-version":[{"id":9440,"href":"https:\/\/www.unaq.edu.mx\/en\/wp-json\/wp\/v2\/pages\/9435\/revisions\/9440"}],"up":[{"embeddable":true,"href":"https:\/\/www.unaq.edu.mx\/en\/wp-json\/wp\/v2\/pages\/9384"}],"wp:attachment":[{"href":"https:\/\/www.unaq.edu.mx\/en\/wp-json\/wp\/v2\/media?parent=9435"}],"curies":[{"name":"wp","href":"https:\/\/api.w.org\/{rel}","templated":true}]}}