{"id":9320,"date":"2022-04-06T11:47:06","date_gmt":"2022-04-06T17:47:06","guid":{"rendered":"https:\/\/www.unaq.edu.mx\/?page_id=9320"},"modified":"2026-02-11T11:43:11","modified_gmt":"2026-02-11T17:43:11","slug":"identidad","status":"publish","type":"page","link":"https:\/\/www.unaq.edu.mx\/en\/nosotros\/identidad\/","title":{"rendered":"Identity"},"content":{"rendered":"<div data-elementor-type=\"wp-page\" data-elementor-id=\"9320\" class=\"elementor elementor-9320\" data-elementor-post-type=\"page\">\n\t\t\t\t\t\t<section class=\"elementor-section elementor-top-section elementor-element elementor-element-8791c23 elementor-section-full_width elementor-section-height-default elementor-section-height-default\" data-id=\"8791c23\" data-element_type=\"section\" data-e-type=\"section\" data-settings=\"{&quot;ekit_has_onepagescroll_dot&quot;:&quot;yes&quot;}\">\n\t\t\t\t\t\t<div class=\"elementor-container elementor-column-gap-default\">\n\t\t\t\t\t<div class=\"elementor-column elementor-col-100 elementor-top-column elementor-element elementor-element-5207197\" data-id=\"5207197\" data-element_type=\"column\" data-e-type=\"column\">\n\t\t\t<div class=\"elementor-widget-wrap elementor-element-populated\">\n\t\t\t\t\t\t<div class=\"elementor-element elementor-element-e76fff0 elementor-widget elementor-widget-image\" data-id=\"e76fff0\" data-element_type=\"widget\" data-e-type=\"widget\" data-settings=\"{&quot;ekit_we_effect_on&quot;:&quot;none&quot;}\" data-widget_type=\"image.default\">\n\t\t\t\t<div class=\"elementor-widget-container\">\n\t\t\t\t\t\t\t\t\t\t\t\t\t\t\t<img fetchpriority=\"high\" decoding=\"async\" width=\"1920\" height=\"500\" src=\"https:\/\/www.unaq.edu.mx\/wp-content\/uploads\/Header_Identidad2.jpg\" class=\"attachment-full size-full wp-image-10600\" alt=\"\" srcset=\"https:\/\/www.unaq.edu.mx\/wp-content\/uploads\/Header_Identidad2.jpg 1920w, https:\/\/www.unaq.edu.mx\/wp-content\/uploads\/Header_Identidad2-300x78.jpg 300w, https:\/\/www.unaq.edu.mx\/wp-content\/uploads\/Header_Identidad2-1024x267.jpg 1024w, https:\/\/www.unaq.edu.mx\/wp-content\/uploads\/Header_Identidad2-768x200.jpg 768w, https:\/\/www.unaq.edu.mx\/wp-content\/uploads\/Header_Identidad2-1536x400.jpg 1536w, https:\/\/www.unaq.edu.mx\/wp-content\/uploads\/Header_Identidad2-18x5.jpg 18w\" sizes=\"(max-width: 1920px) 100vw, 1920px\" \/>\t\t\t\t\t\t\t\t\t\t\t\t\t\t\t<\/div>\n\t\t\t\t<\/div>\n\t\t\t\t\t<\/div>\n\t\t<\/div>\n\t\t\t\t\t<\/div>\n\t\t<\/section>\n\t\t\t\t<section class=\"elementor-section elementor-top-section elementor-element elementor-element-03effdb elementor-section-boxed elementor-section-height-default elementor-section-height-default\" data-id=\"03effdb\" data-element_type=\"section\" data-e-type=\"section\" data-settings=\"{&quot;ekit_has_onepagescroll_dot&quot;:&quot;yes&quot;}\">\n\t\t\t\t\t\t<div class=\"elementor-container elementor-column-gap-default\">\n\t\t\t\t\t<div class=\"elementor-column elementor-col-100 elementor-top-column elementor-element elementor-element-52f3501\" data-id=\"52f3501\" data-element_type=\"column\" data-e-type=\"column\">\n\t\t\t<div class=\"elementor-widget-wrap elementor-element-populated\">\n\t\t\t\t\t\t<div class=\"elementor-element elementor-element-7239717 elementor-widget elementor-widget-heading\" data-id=\"7239717\" data-element_type=\"widget\" data-e-type=\"widget\" data-settings=\"{&quot;ekit_we_effect_on&quot;:&quot;none&quot;}\" data-widget_type=\"heading.default\">\n\t\t\t\t<div class=\"elementor-widget-container\">\n\t\t\t\t\t<h2 class=\"elementor-heading-title elementor-size-default\">Identity<\/h2>\t\t\t\t<\/div>\n\t\t\t\t<\/div>\n\t\t\t\t\t<\/div>\n\t\t<\/div>\n\t\t\t\t\t<\/div>\n\t\t<\/section>\n\t\t\t\t<section class=\"elementor-section elementor-top-section elementor-element elementor-element-5b393ef elementor-section-boxed elementor-section-height-default elementor-section-height-default\" data-id=\"5b393ef\" data-element_type=\"section\" data-e-type=\"section\" data-settings=\"{&quot;ekit_has_onepagescroll_dot&quot;:&quot;yes&quot;}\">\n\t\t\t\t\t\t<div class=\"elementor-container elementor-column-gap-default\">\n\t\t\t\t\t<div class=\"elementor-column elementor-col-66 elementor-top-column elementor-element elementor-element-6e5e1c5\" data-id=\"6e5e1c5\" data-element_type=\"column\" data-e-type=\"column\">\n\t\t\t<div class=\"elementor-widget-wrap elementor-element-populated\">\n\t\t\t\t\t\t<div class=\"elementor-element elementor-element-3e08508 elementor-widget elementor-widget-text-editor\" data-id=\"3e08508\" data-element_type=\"widget\" data-e-type=\"widget\" data-settings=\"{&quot;ekit_we_effect_on&quot;:&quot;none&quot;}\" data-widget_type=\"text-editor.default\">\n\t\t\t\t<div class=\"elementor-widget-container\">\n\t\t\t\t\t\t\t\t\t<h3 style=\"text-align: justify;\">Vision<\/h3><p style=\"text-align: justify;\">Ser un referente internacional en formaci\u00f3n e innovaci\u00f3n aeroespacial.<\/p><h3>Mission<\/h3><p>Formar profesionales integrales y generar aportaciones tecnol\u00f3gicas para el desarrollo del sector aeroespacial.<\/p><h3>Values<\/h3><ul><li><strong>Integrity:<\/strong> cualidad de quien tiene entereza moral, rectitud y honradez en la conducta y en el comportamiento.<\/li><li><strong>Liderazgo:<\/strong> funci\u00f3n de inspirar a otros a so\u00f1ar m\u00e1s, aprender m\u00e1s, hacer m\u00e1s, desarrollarse m\u00e1s y obtener lo mejor de cada colaborador.<\/li><li><strong>Innovation:<\/strong> introducci\u00f3n de cambios en la forma de funcionar para transformar nuevas ideas en resultados.<\/li><li><strong>Inclusi\u00f3n:<\/strong> aptitud para reconocer aceptar e integrar a todas las personas.<\/li><li><strong>Quality:<\/strong> cultura de cumplir estrictamente requisitos, ejecutar procesos de acuerdo a est\u00e1ndares definidos y mejora continua.<\/li><li><strong>Sostenibilidad:<\/strong> compromiso para asegurar las necesidades del presente sin comprometer las necesidades de futuras generaciones<\/li><\/ul><h3 style=\"text-align: justify;\">Quality Policy<\/h3><p style=\"text-align: justify;\">At the UNAQ, we offer Educational, Technological and Investigational Services for the aerospace field and related ones; thus, fulfilling requirements defined by the regulatory framework and our stakeholders, establishing quality objectives and standards through the comprehensive management system that promotes continuous improvement.<\/p><h3 style=\"text-align: justify;\">Attributes of the Educational Model<\/h3><ul><li style=\"text-align: justify;\" class=\"translation-block\"><strong>Relevance:<\/strong> Coherence in the educational programs, while these satisfy expectations, needs, postulates and precepts that contribute to social and economic knowledge development in the aerospace industry.<\/li><li style=\"text-align: justify;\"><strong>Flexibility:<\/strong> It allows to offer study programs according to the needs of the labor market, technological services and training required by the state's aeronautical sector and other federative entities.<\/li><li style=\"text-align: justify;\"><strong>Focused on learning:<\/strong> Study programs focused on socially meaningful learning with a vision of the future, linked to institutional values, with a relevant and flexible curricular organization.<\/li><li style=\"text-align: justify;\"><strong>Quality:<\/strong> In response to the need of having academic management programs and processes evaluated internally and externally, in order to meet current and future demands for innovation, competitiveness and academic capacity.<\/li><li style=\"text-align: justify;\"><strong>Continuity:<\/strong> To facilitate, internally and externally, the validation of credits of different study levels with the different subsystems of advanced technological education.<\/li><li style=\"text-align: justify;\"><strong>Internationalization:<\/strong> Commitment to create opportunities for student and academic staff participation in international academic networks that promote learning and technological development.<\/li><li style=\"text-align: justify;\"><strong>Interdisciplinary:<\/strong> To develop innovative learning processes through the interrelationship of various knowledge areas. These support the responsible participation of the student in his or her own learning and in the development of skills and competencies that enable him or her to apply life-long knowledge with an entrepreneurial spirit.<br \/>Mobility of students and academic staff. To generate alternatives for students and academic staff to transfer within and outside the institution while their credits are validated or allocated in the program of origin.<\/li><li style=\"text-align: justify;\"><strong>Innovation:<\/strong> Commitment to facilitate open and flexible teaching-learning processes that allow students to be consistent with the accelerated and deep changes in the transformation of our time and promote their competitiveness.<\/li><li style=\"text-align: justify;\"><strong>Liaison:<\/strong> Process through which the university is involved and impacts locally, regionally, nationally and internationally in terms of productivity, competitiveness and job creation for its graduates.<\/li><li style=\"text-align: justify;\"><strong>Sustainable development:<\/strong> It allows us to face current needs, without endangering the environment and the development of future generations.<\/li><\/ul>\t\t\t\t\t\t\t\t<\/div>\n\t\t\t\t<\/div>\n\t\t\t\t\t<\/div>\n\t\t<\/div>\n\t\t\t\t<div class=\"elementor-column elementor-col-33 elementor-top-column elementor-element elementor-element-45f1b96\" data-id=\"45f1b96\" data-element_type=\"column\" data-e-type=\"column\">\n\t\t\t<div class=\"elementor-widget-wrap elementor-element-populated\">\n\t\t\t\t\t\t<div class=\"elementor-element elementor-element-95d346d elementor-align-center elementor-widget elementor-widget-elementskit-button\" data-id=\"95d346d\" data-element_type=\"widget\" data-e-type=\"widget\" data-settings=\"{&quot;ekit_we_effect_on&quot;:&quot;none&quot;}\" data-widget_type=\"elementskit-button.default\">\n\t\t\t\t<div class=\"elementor-widget-container\">\n\t\t\t\t\t<div class=\"ekit-wid-con\" >\t\t<div class=\"ekit-btn-wraper\">\n\t\t\t\t\t\t\t<a href=\"https:\/\/unaq-my.sharepoint.com\/:b:\/g\/personal\/webpage_soyunaq_mx\/EYnNu6sXDVtNsGdcSpicJPQBAeqRCb89wxzFs7KxLpRlhw?e=50tA3c\" target=\"_blank\" class=\"elementskit-btn  whitespace--normal\" id=\"\">\n\t\t\t\t\tPrograma Institucional de Desarrollo 2024 - 2029\t\t\t\t<\/a>\n\t\t\t\t\t<\/div>\n        <\/div>\t\t\t\t<\/div>\n\t\t\t\t<\/div>\n\t\t\t\t<div class=\"elementor-element elementor-element-e6ccca9 elementor-widget elementor-widget-toggle\" data-id=\"e6ccca9\" data-element_type=\"widget\" data-e-type=\"widget\" data-settings=\"{&quot;ekit_we_effect_on&quot;:&quot;none&quot;}\" data-widget_type=\"toggle.default\">\n\t\t\t\t<div class=\"elementor-widget-container\">\n\t\t\t\t\t\t\t<div class=\"elementor-toggle\">\n\t\t\t\t\t\t\t<div class=\"elementor-toggle-item\">\n\t\t\t\t\t<div id=\"elementor-tab-title-2421\" class=\"elementor-tab-title\" data-tab=\"1\" role=\"button\" aria-controls=\"elementor-tab-content-2421\" aria-expanded=\"false\">\n\t\t\t\t\t\t\t\t\t\t\t\t<span class=\"elementor-toggle-icon elementor-toggle-icon-left\" aria-hidden=\"true\">\n\t\t\t\t\t\t\t\t\t\t\t\t\t\t\t<span class=\"elementor-toggle-icon-closed\"><i class=\"fas fa-caret-right\"><\/i><\/span>\n\t\t\t\t\t\t\t\t<span class=\"elementor-toggle-icon-opened\"><i class=\"elementor-toggle-icon-opened fas fa-caret-up\"><\/i><\/span>\n\t\t\t\t\t\t\t\t\t\t\t\t\t<\/span>\n\t\t\t\t\t\t\t\t\t\t\t\t<a class=\"elementor-toggle-title\" tabindex=\"0\">Informe Anual de Actividades<\/a>\n\t\t\t\t\t<\/div>\n\n\t\t\t\t\t<div id=\"elementor-tab-content-2421\" class=\"elementor-tab-content elementor-clearfix\" data-tab=\"1\" role=\"region\" aria-labelledby=\"elementor-tab-title-2421\"><p style=\"text-align: center;\"><a href=\"https:\/\/unaq-my.sharepoint.com\/:b:\/g\/personal\/webpage_soyunaq_mx\/IQA7GDSLENGCQr6R9uhhy8gPAQKy-eS2Eaga23ir7bCI8-s?e=5Y1rFG\" target=\"_blank\" rel=\"noopener\"><strong>2025<\/strong><\/a><\/p><p style=\"text-align: center;\"><strong><a href=\"https:\/\/unaq-my.sharepoint.com\/:b:\/g\/personal\/webpage_soyunaq_mx\/EWmAdLMKi_pOogDNnSyQdr4B0IbkZW0B5KJCC5uW4-0Brg?e=nBCjJa\" target=\"_blank\" rel=\"noopener\">2024<\/a><\/strong><\/p><p style=\"text-align: center;\"><strong><a href=\"https:\/\/unaq-my.sharepoint.com\/:b:\/g\/personal\/webpage_soyunaq_mx\/EXaJZFksHIRBgCEdWYMgfFoB95SzrlUE-DUo3bRpmLlW0w?e=0TQjWf\" target=\"_blank\" rel=\"noopener\">2023<\/a><\/strong><\/p><p style=\"text-align: center;\"><strong><a href=\"https:\/\/unaq-my.sharepoint.com\/:b:\/g\/personal\/webpage_soyunaq_mx\/EU9jn4y26uZBhWFLrwielgEBizGkj8AAnefdW-ms2da7CA?e=5ShH5F\" target=\"_blank\" rel=\"noopener\">2022<\/a><\/strong><\/p><\/div>\n\t\t\t\t<\/div>\n\t\t\t\t\t\t\t\t<\/div>\n\t\t\t\t\t\t<\/div>\n\t\t\t\t<\/div>\n\t\t\t\t\t<\/div>\n\t\t<\/div>\n\t\t\t\t\t<\/div>\n\t\t<\/section>\n\t\t\t\t<\/div>","protected":false},"excerpt":{"rendered":"<p>Identidad Visi\u00f3n Ser un referente internacional en formaci\u00f3n e innovaci\u00f3n aeroespacial. Misi\u00f3n Formar profesionales integrales y generar aportaciones tecnol\u00f3gicas para el desarrollo del sector aeroespacial. Valores Integridad: cualidad de quien tiene entereza moral, rectitud y honradez en la conducta y en el comportamiento. Liderazgo: funci\u00f3n de inspirar a otros a so\u00f1ar m\u00e1s, aprender m\u00e1s, hacer [&hellip;]<\/p>\n","protected":false},"author":1,"featured_media":0,"parent":9293,"menu_order":0,"comment_status":"closed","ping_status":"closed","template":"elementor_header_footer","meta":{"footnotes":""},"class_list":["post-9320","page","type-page","status-publish","hentry"],"yoast_head":"<!-- This site is optimized with the Yoast SEO plugin v27.6 - https:\/\/yoast.com\/product\/yoast-seo-wordpress\/ -->\n<title>Identidad - UNAQ - Universidad Aeron&aacute;utica en Quer&eacute;taro<\/title>\n<meta name=\"robots\" content=\"index, follow, max-snippet:-1, max-image-preview:large, max-video-preview:-1\" \/>\n<link rel=\"canonical\" href=\"https:\/\/www.unaq.edu.mx\/en\/nosotros\/identidad\/\" \/>\n<meta property=\"og:locale\" content=\"en_US\" \/>\n<meta property=\"og:type\" content=\"article\" \/>\n<meta property=\"og:title\" content=\"Identidad - UNAQ - Universidad Aeron&aacute;utica en Quer&eacute;taro\" \/>\n<meta property=\"og:description\" content=\"Identidad Visi\u00f3n Ser un referente internacional en formaci\u00f3n e innovaci\u00f3n aeroespacial. Misi\u00f3n Formar profesionales integrales y generar aportaciones tecnol\u00f3gicas para el desarrollo del sector aeroespacial. Valores Integridad: cualidad de quien tiene entereza moral, rectitud y honradez en la conducta y en el comportamiento. Liderazgo: funci\u00f3n de inspirar a otros a so\u00f1ar m\u00e1s, aprender m\u00e1s, hacer [&hellip;]\" \/>\n<meta property=\"og:url\" content=\"https:\/\/www.unaq.edu.mx\/en\/nosotros\/identidad\/\" \/>\n<meta property=\"og:site_name\" content=\"UNAQ - Universidad Aeron&aacute;utica en Quer&eacute;taro\" \/>\n<meta property=\"article:publisher\" content=\"https:\/\/www.facebook.com\/UNAQMX\/\" \/>\n<meta property=\"article:modified_time\" content=\"2026-02-11T17:43:11+00:00\" \/>\n<meta property=\"og:image\" content=\"https:\/\/www.unaq.edu.mx\/wp-content\/uploads\/Header_Identidad2.jpg\" \/>\n\t<meta property=\"og:image:width\" content=\"1920\" \/>\n\t<meta property=\"og:image:height\" content=\"500\" \/>\n\t<meta property=\"og:image:type\" content=\"image\/jpeg\" \/>\n<meta name=\"twitter:card\" content=\"summary_large_image\" \/>\n<meta name=\"twitter:site\" content=\"@UNAQmx\" \/>\n<meta name=\"twitter:label1\" content=\"Est. reading time\" \/>\n\t<meta name=\"twitter:data1\" content=\"3 minutes\" \/>\n<script type=\"application\/ld+json\" class=\"yoast-schema-graph\">{\"@context\":\"https:\\\/\\\/schema.org\",\"@graph\":[{\"@type\":\"WebPage\",\"@id\":\"https:\\\/\\\/www.unaq.edu.mx\\\/nosotros\\\/identidad\\\/\",\"url\":\"https:\\\/\\\/www.unaq.edu.mx\\\/nosotros\\\/identidad\\\/\",\"name\":\"Identidad - UNAQ - Universidad Aeron&aacute;utica en Quer&eacute;taro\",\"isPartOf\":{\"@id\":\"https:\\\/\\\/www.unaq.edu.mx\\\/#website\"},\"primaryImageOfPage\":{\"@id\":\"https:\\\/\\\/www.unaq.edu.mx\\\/nosotros\\\/identidad\\\/#primaryimage\"},\"image\":{\"@id\":\"https:\\\/\\\/www.unaq.edu.mx\\\/nosotros\\\/identidad\\\/#primaryimage\"},\"thumbnailUrl\":\"https:\\\/\\\/www.unaq.edu.mx\\\/wp-content\\\/uploads\\\/Header_Identidad2.jpg\",\"datePublished\":\"2022-04-06T17:47:06+00:00\",\"dateModified\":\"2026-02-11T17:43:11+00:00\",\"breadcrumb\":{\"@id\":\"https:\\\/\\\/www.unaq.edu.mx\\\/nosotros\\\/identidad\\\/#breadcrumb\"},\"inLanguage\":\"en-US\",\"potentialAction\":[{\"@type\":\"ReadAction\",\"target\":[\"https:\\\/\\\/www.unaq.edu.mx\\\/nosotros\\\/identidad\\\/\"]}]},{\"@type\":\"ImageObject\",\"inLanguage\":\"en-US\",\"@id\":\"https:\\\/\\\/www.unaq.edu.mx\\\/nosotros\\\/identidad\\\/#primaryimage\",\"url\":\"https:\\\/\\\/www.unaq.edu.mx\\\/wp-content\\\/uploads\\\/Header_Identidad2.jpg\",\"contentUrl\":\"https:\\\/\\\/www.unaq.edu.mx\\\/wp-content\\\/uploads\\\/Header_Identidad2.jpg\"},{\"@type\":\"BreadcrumbList\",\"@id\":\"https:\\\/\\\/www.unaq.edu.mx\\\/nosotros\\\/identidad\\\/#breadcrumb\",\"itemListElement\":[{\"@type\":\"ListItem\",\"position\":1,\"name\":\"Portada\",\"item\":\"https:\\\/\\\/www.unaq.edu.mx\\\/\"},{\"@type\":\"ListItem\",\"position\":2,\"name\":\"Nosotros\",\"item\":\"https:\\\/\\\/www.unaq.edu.mx\\\/nosotros\\\/\"},{\"@type\":\"ListItem\",\"position\":3,\"name\":\"Identidad\"}]},{\"@type\":\"WebSite\",\"@id\":\"https:\\\/\\\/www.unaq.edu.mx\\\/#website\",\"url\":\"https:\\\/\\\/www.unaq.edu.mx\\\/\",\"name\":\"UNAQ - Universidad Aeron&aacute;utica en Quer&eacute;taro\",\"description\":\"Formamos profesionales e investigadores para el sector aeron&aacute;utico, con valores, conocimientos, competencias y reconocimiento nacional e internacional, basado en un modelo educativo abierto, flexible, pertinente y estrechamente vinculado, para el desarrollo social, econ&oacute;mico y cultural de M&eacute;xico.\",\"publisher\":{\"@id\":\"https:\\\/\\\/www.unaq.edu.mx\\\/#organization\"},\"potentialAction\":[{\"@type\":\"SearchAction\",\"target\":{\"@type\":\"EntryPoint\",\"urlTemplate\":\"https:\\\/\\\/www.unaq.edu.mx\\\/?s={search_term_string}\"},\"query-input\":{\"@type\":\"PropertyValueSpecification\",\"valueRequired\":true,\"valueName\":\"search_term_string\"}}],\"inLanguage\":\"en-US\"},{\"@type\":\"Organization\",\"@id\":\"https:\\\/\\\/www.unaq.edu.mx\\\/#organization\",\"name\":\"Universidad Aeron\u00e1utica en Quer\u00e9taro\",\"url\":\"https:\\\/\\\/www.unaq.edu.mx\\\/\",\"logo\":{\"@type\":\"ImageObject\",\"inLanguage\":\"en-US\",\"@id\":\"https:\\\/\\\/www.unaq.edu.mx\\\/#\\\/schema\\\/logo\\\/image\\\/\",\"url\":\"https:\\\/\\\/www.unaq.edu.mx\\\/wp-content\\\/uploads\\\/2022\\\/04\\\/Logo_UNAQ.png\",\"contentUrl\":\"https:\\\/\\\/www.unaq.edu.mx\\\/wp-content\\\/uploads\\\/2022\\\/04\\\/Logo_UNAQ.png\",\"width\":648,\"height\":284,\"caption\":\"Universidad Aeron\u00e1utica en Quer\u00e9taro\"},\"image\":{\"@id\":\"https:\\\/\\\/www.unaq.edu.mx\\\/#\\\/schema\\\/logo\\\/image\\\/\"},\"sameAs\":[\"https:\\\/\\\/www.facebook.com\\\/UNAQMX\\\/\",\"https:\\\/\\\/x.com\\\/UNAQmx\",\"https:\\\/\\\/www.linkedin.com\\\/company\\\/unaq\",\"https:\\\/\\\/www.youtube.com\\\/user\\\/UNAQMX\"]}]}<\/script>\n<!-- \/ Yoast SEO plugin. -->","yoast_head_json":{"title":"Identidad - UNAQ - Universidad Aeron&aacute;utica en Quer&eacute;taro","robots":{"index":"index","follow":"follow","max-snippet":"max-snippet:-1","max-image-preview":"max-image-preview:large","max-video-preview":"max-video-preview:-1"},"canonical":"https:\/\/www.unaq.edu.mx\/en\/nosotros\/identidad\/","og_locale":"en_US","og_type":"article","og_title":"Identidad - UNAQ - Universidad Aeron&aacute;utica en Quer&eacute;taro","og_description":"Identidad Visi\u00f3n Ser un referente internacional en formaci\u00f3n e innovaci\u00f3n aeroespacial. Misi\u00f3n Formar profesionales integrales y generar aportaciones tecnol\u00f3gicas para el desarrollo del sector aeroespacial. Valores Integridad: cualidad de quien tiene entereza moral, rectitud y honradez en la conducta y en el comportamiento. Liderazgo: funci\u00f3n de inspirar a otros a so\u00f1ar m\u00e1s, aprender m\u00e1s, hacer [&hellip;]","og_url":"https:\/\/www.unaq.edu.mx\/en\/nosotros\/identidad\/","og_site_name":"UNAQ - Universidad Aeron&aacute;utica en Quer&eacute;taro","article_publisher":"https:\/\/www.facebook.com\/UNAQMX\/","article_modified_time":"2026-02-11T17:43:11+00:00","og_image":[{"width":1920,"height":500,"url":"https:\/\/www.unaq.edu.mx\/wp-content\/uploads\/Header_Identidad2.jpg","type":"image\/jpeg"}],"twitter_card":"summary_large_image","twitter_site":"@UNAQmx","twitter_misc":{"Est. reading time":"3 minutes"},"schema":{"@context":"https:\/\/schema.org","@graph":[{"@type":"WebPage","@id":"https:\/\/www.unaq.edu.mx\/nosotros\/identidad\/","url":"https:\/\/www.unaq.edu.mx\/nosotros\/identidad\/","name":"Identidad - UNAQ - Universidad Aeron&aacute;utica en Quer&eacute;taro","isPartOf":{"@id":"https:\/\/www.unaq.edu.mx\/#website"},"primaryImageOfPage":{"@id":"https:\/\/www.unaq.edu.mx\/nosotros\/identidad\/#primaryimage"},"image":{"@id":"https:\/\/www.unaq.edu.mx\/nosotros\/identidad\/#primaryimage"},"thumbnailUrl":"https:\/\/www.unaq.edu.mx\/wp-content\/uploads\/Header_Identidad2.jpg","datePublished":"2022-04-06T17:47:06+00:00","dateModified":"2026-02-11T17:43:11+00:00","breadcrumb":{"@id":"https:\/\/www.unaq.edu.mx\/nosotros\/identidad\/#breadcrumb"},"inLanguage":"en-US","potentialAction":[{"@type":"ReadAction","target":["https:\/\/www.unaq.edu.mx\/nosotros\/identidad\/"]}]},{"@type":"ImageObject","inLanguage":"en-US","@id":"https:\/\/www.unaq.edu.mx\/nosotros\/identidad\/#primaryimage","url":"https:\/\/www.unaq.edu.mx\/wp-content\/uploads\/Header_Identidad2.jpg","contentUrl":"https:\/\/www.unaq.edu.mx\/wp-content\/uploads\/Header_Identidad2.jpg"},{"@type":"BreadcrumbList","@id":"https:\/\/www.unaq.edu.mx\/nosotros\/identidad\/#breadcrumb","itemListElement":[{"@type":"ListItem","position":1,"name":"Portada","item":"https:\/\/www.unaq.edu.mx\/"},{"@type":"ListItem","position":2,"name":"Nosotros","item":"https:\/\/www.unaq.edu.mx\/nosotros\/"},{"@type":"ListItem","position":3,"name":"Identidad"}]},{"@type":"WebSite","@id":"https:\/\/www.unaq.edu.mx\/#website","url":"https:\/\/www.unaq.edu.mx\/","name":"UNAQ - Universidad Aeron&aacute;utica en Quer&eacute;taro","description":"Formamos profesionales e investigadores para el sector aeron&aacute;utico, con valores, conocimientos, competencias y reconocimiento nacional e internacional, basado en un modelo educativo abierto, flexible, pertinente y estrechamente vinculado, para el desarrollo social, econ&oacute;mico y cultural de M&eacute;xico.","publisher":{"@id":"https:\/\/www.unaq.edu.mx\/#organization"},"potentialAction":[{"@type":"SearchAction","target":{"@type":"EntryPoint","urlTemplate":"https:\/\/www.unaq.edu.mx\/?s={search_term_string}"},"query-input":{"@type":"PropertyValueSpecification","valueRequired":true,"valueName":"search_term_string"}}],"inLanguage":"en-US"},{"@type":"Organization","@id":"https:\/\/www.unaq.edu.mx\/#organization","name":"Universidad Aeron\u00e1utica en Quer\u00e9taro","url":"https:\/\/www.unaq.edu.mx\/","logo":{"@type":"ImageObject","inLanguage":"en-US","@id":"https:\/\/www.unaq.edu.mx\/#\/schema\/logo\/image\/","url":"https:\/\/www.unaq.edu.mx\/wp-content\/uploads\/2022\/04\/Logo_UNAQ.png","contentUrl":"https:\/\/www.unaq.edu.mx\/wp-content\/uploads\/2022\/04\/Logo_UNAQ.png","width":648,"height":284,"caption":"Universidad Aeron\u00e1utica en Quer\u00e9taro"},"image":{"@id":"https:\/\/www.unaq.edu.mx\/#\/schema\/logo\/image\/"},"sameAs":["https:\/\/www.facebook.com\/UNAQMX\/","https:\/\/x.com\/UNAQmx","https:\/\/www.linkedin.com\/company\/unaq","https:\/\/www.youtube.com\/user\/UNAQMX"]}]}},"_links":{"self":[{"href":"https:\/\/www.unaq.edu.mx\/en\/wp-json\/wp\/v2\/pages\/9320","targetHints":{"allow":["GET"]}}],"collection":[{"href":"https:\/\/www.unaq.edu.mx\/en\/wp-json\/wp\/v2\/pages"}],"about":[{"href":"https:\/\/www.unaq.edu.mx\/en\/wp-json\/wp\/v2\/types\/page"}],"author":[{"embeddable":true,"href":"https:\/\/www.unaq.edu.mx\/en\/wp-json\/wp\/v2\/users\/1"}],"replies":[{"embeddable":true,"href":"https:\/\/www.unaq.edu.mx\/en\/wp-json\/wp\/v2\/comments?post=9320"}],"version-history":[{"count":49,"href":"https:\/\/www.unaq.edu.mx\/en\/wp-json\/wp\/v2\/pages\/9320\/revisions"}],"predecessor-version":[{"id":16336,"href":"https:\/\/www.unaq.edu.mx\/en\/wp-json\/wp\/v2\/pages\/9320\/revisions\/16336"}],"up":[{"embeddable":true,"href":"https:\/\/www.unaq.edu.mx\/en\/wp-json\/wp\/v2\/pages\/9293"}],"wp:attachment":[{"href":"https:\/\/www.unaq.edu.mx\/en\/wp-json\/wp\/v2\/media?parent=9320"}],"curies":[{"name":"wp","href":"https:\/\/api.w.org\/{rel}","templated":true}]}}