{"id":16054,"date":"2025-10-14T15:08:57","date_gmt":"2025-10-14T21:08:57","guid":{"rendered":"https:\/\/www.unaq.edu.mx\/?page_id=16054"},"modified":"2025-10-15T10:13:41","modified_gmt":"2025-10-15T16:13:41","slug":"semblanza-rector","status":"publish","type":"page","link":"https:\/\/www.unaq.edu.mx\/en\/nosotros\/semblanza-rector\/","title":{"rendered":"Semblanza Rector"},"content":{"rendered":"<div data-elementor-type=\"wp-page\" data-elementor-id=\"16054\" class=\"elementor elementor-16054\" data-elementor-post-type=\"page\">\n\t\t\t\t<div class=\"elementor-element elementor-element-f57c3d1 e-flex e-con-boxed e-con e-parent\" data-id=\"f57c3d1\" data-element_type=\"container\" data-e-type=\"container\" data-settings=\"{&quot;ekit_has_onepagescroll_dot&quot;:&quot;yes&quot;}\">\n\t\t\t\t\t<div class=\"e-con-inner\">\n\t\t\t\t<div class=\"elementor-element elementor-element-fb5e356 elementor-widget elementor-widget-text-editor\" data-id=\"fb5e356\" data-element_type=\"widget\" data-e-type=\"widget\" data-settings=\"{&quot;ekit_we_effect_on&quot;:&quot;none&quot;}\" data-widget_type=\"text-editor.default\">\n\t\t\t\t<div class=\"elementor-widget-container\">\n\t\t\t\t\t\t\t\t\t<h2 style=\"text-align: center;\">Dr. Enrique Gerardo Sosa Guti\u00e9rrez<\/h2><h4 style=\"text-align: center;\">Rector de la Universidad Aeron\u00e1utica en Quer\u00e9taro<\/h4><p style=\"text-align: justify;\"><br \/>Doctor en Derecho por la Universidad An\u00e1huac Quer\u00e9taro, Maestro en Administraci\u00f3n P\u00fablica Estatal y Municipal por la Universidad Aut\u00f3noma de Quer\u00e9taro y Licenciado en Derecho por la Universidad An\u00e1huac Quer\u00e9taro, con una trayectoria de 15 a\u00f1os en Educaci\u00f3n Superior Tecnol\u00f3gica.<\/p><p style=\"text-align: justify;\">Actualmente se desempe\u00f1a como Rector de la Universidad Aeron\u00e1utica en Quer\u00e9taro, instituci\u00f3n tem\u00e1tica \u00fanica en su tipo en Latinoam\u00e9rica, dedicada a formar profesionales e investigadores para el sector aeroespacial.<\/p><p style=\"text-align: justify;\">Asimismo, el Dr. Enrique Sosa se ha desempe\u00f1ado como Rector de la Universidad Polit\u00e9cnica de Santa Rosa J\u00e1uregui, d\u00f3nde se concentr\u00f3 en desarrollar un modelo innovador de educaci\u00f3n p\u00fablica que fuera Incluyente, Biling\u00fce, Internacional y Sustentable.<\/p><p style=\"text-align: justify;\">Adicional, se desempe\u00f1a como Presidente del Consejo Consultivo de la Agencia Estatal de Energ\u00eda y como Secretario del Consejo del AeroCl\u00faster de Quer\u00e9taro. El Dr. Enrique Sosa ha sido miembro del consejo de administraci\u00f3n de empresas en el ramo de la vivienda, as\u00ed como consejero y asesor para diferentes organizaciones.<\/p><p style=\"text-align: justify;\">En el campo de la investigaci\u00f3n se ha enfocado en la tem\u00e1tica de educaci\u00f3n p\u00fablica y en la docencia, se ha desempe\u00f1ado en diversas instituciones de nivel superior, m\u00e1s recientemente ha impartido las clases de Administraci\u00f3n P\u00fablica, Teor\u00eda Pol\u00edtica y Liderazgo de Instituciones de Educaci\u00f3n en la Universidad An\u00e1huac en los niveles de Maestr\u00eda y Doctorado.<\/p>\t\t\t\t\t\t\t\t<\/div>\n\t\t\t\t<\/div>\n\t\t\t\t<div class=\"elementor-element elementor-element-46eeffb elementor-widget elementor-widget-image\" data-id=\"46eeffb\" data-element_type=\"widget\" data-e-type=\"widget\" data-settings=\"{&quot;ekit_we_effect_on&quot;:&quot;none&quot;}\" data-widget_type=\"image.default\">\n\t\t\t\t<div class=\"elementor-widget-container\">\n\t\t\t\t\t\t\t\t\t\t\t\t\t\t\t<img fetchpriority=\"high\" decoding=\"async\" width=\"800\" height=\"533\" src=\"https:\/\/www.unaq.edu.mx\/wp-content\/uploads\/FotoRector-1024x682.jpg\" class=\"attachment-large size-large wp-image-16059\" alt=\"\" srcset=\"https:\/\/www.unaq.edu.mx\/wp-content\/uploads\/FotoRector-1024x682.jpg 1024w, https:\/\/www.unaq.edu.mx\/wp-content\/uploads\/FotoRector-300x200.jpg 300w, https:\/\/www.unaq.edu.mx\/wp-content\/uploads\/FotoRector-768x512.jpg 768w, https:\/\/www.unaq.edu.mx\/wp-content\/uploads\/FotoRector-1536x1023.jpg 1536w, https:\/\/www.unaq.edu.mx\/wp-content\/uploads\/FotoRector-18x12.jpg 18w, https:\/\/www.unaq.edu.mx\/wp-content\/uploads\/FotoRector.jpg 1600w\" sizes=\"(max-width: 800px) 100vw, 800px\" \/>\t\t\t\t\t\t\t\t\t\t\t\t\t\t\t<\/div>\n\t\t\t\t<\/div>\n\t\t\t\t\t<\/div>\n\t\t\t\t<\/div>\n\t\t\t\t<\/div>","protected":false},"excerpt":{"rendered":"<p>Dr. Enrique Gerardo Sosa Guti\u00e9rrez Rector de la Universidad Aeron\u00e1utica en Quer\u00e9taro Doctor en Derecho por la Universidad An\u00e1huac Quer\u00e9taro, Maestro en Administraci\u00f3n P\u00fablica Estatal y Municipal por la Universidad Aut\u00f3noma de Quer\u00e9taro y Licenciado en Derecho por la Universidad An\u00e1huac Quer\u00e9taro, con una trayectoria de 15 a\u00f1os en Educaci\u00f3n Superior Tecnol\u00f3gica. Actualmente se desempe\u00f1a [&hellip;]<\/p>\n","protected":false},"author":1,"featured_media":0,"parent":9293,"menu_order":0,"comment_status":"closed","ping_status":"closed","template":"elementor_header_footer","meta":{"footnotes":""},"class_list":["post-16054","page","type-page","status-publish","hentry"],"yoast_head":"<!-- This site is optimized with the Yoast SEO plugin v27.4 - https:\/\/yoast.com\/product\/yoast-seo-wordpress\/ -->\n<title>Semblanza Rector - UNAQ - Universidad Aeron&aacute;utica en Quer&eacute;taro<\/title>\n<meta name=\"robots\" content=\"index, follow, max-snippet:-1, max-image-preview:large, max-video-preview:-1\" \/>\n<link rel=\"canonical\" href=\"https:\/\/www.unaq.edu.mx\/en\/nosotros\/semblanza-rector\/\" \/>\n<meta property=\"og:locale\" content=\"en_US\" \/>\n<meta property=\"og:type\" content=\"article\" \/>\n<meta property=\"og:title\" content=\"Semblanza Rector - UNAQ - Universidad Aeron&aacute;utica en Quer&eacute;taro\" \/>\n<meta property=\"og:description\" content=\"Dr. Enrique Gerardo Sosa Guti\u00e9rrez Rector de la Universidad Aeron\u00e1utica en Quer\u00e9taro Doctor en Derecho por la Universidad An\u00e1huac Quer\u00e9taro, Maestro en Administraci\u00f3n P\u00fablica Estatal y Municipal por la Universidad Aut\u00f3noma de Quer\u00e9taro y Licenciado en Derecho por la Universidad An\u00e1huac Quer\u00e9taro, con una trayectoria de 15 a\u00f1os en Educaci\u00f3n Superior Tecnol\u00f3gica. Actualmente se desempe\u00f1a [&hellip;]\" \/>\n<meta property=\"og:url\" content=\"https:\/\/www.unaq.edu.mx\/en\/nosotros\/semblanza-rector\/\" \/>\n<meta property=\"og:site_name\" content=\"UNAQ - Universidad Aeron&aacute;utica en Quer&eacute;taro\" \/>\n<meta property=\"article:publisher\" content=\"https:\/\/www.facebook.com\/UNAQMX\/\" \/>\n<meta property=\"article:modified_time\" content=\"2025-10-15T16:13:41+00:00\" \/>\n<meta property=\"og:image\" content=\"https:\/\/www.unaq.edu.mx\/wp-content\/uploads\/FotoRector.jpg\" \/>\n\t<meta property=\"og:image:width\" content=\"1600\" \/>\n\t<meta property=\"og:image:height\" content=\"1066\" \/>\n\t<meta property=\"og:image:type\" content=\"image\/jpeg\" \/>\n<meta name=\"twitter:card\" content=\"summary_large_image\" \/>\n<meta name=\"twitter:site\" content=\"@UNAQmx\" \/>\n<meta name=\"twitter:label1\" content=\"Est. reading time\" \/>\n\t<meta name=\"twitter:data1\" content=\"2 minutes\" \/>\n<script type=\"application\/ld+json\" class=\"yoast-schema-graph\">{\"@context\":\"https:\\\/\\\/schema.org\",\"@graph\":[{\"@type\":\"WebPage\",\"@id\":\"https:\\\/\\\/www.unaq.edu.mx\\\/nosotros\\\/semblanza-rector\\\/\",\"url\":\"https:\\\/\\\/www.unaq.edu.mx\\\/nosotros\\\/semblanza-rector\\\/\",\"name\":\"Semblanza Rector - UNAQ - Universidad Aeron&aacute;utica en Quer&eacute;taro\",\"isPartOf\":{\"@id\":\"https:\\\/\\\/www.unaq.edu.mx\\\/#website\"},\"primaryImageOfPage\":{\"@id\":\"https:\\\/\\\/www.unaq.edu.mx\\\/nosotros\\\/semblanza-rector\\\/#primaryimage\"},\"image\":{\"@id\":\"https:\\\/\\\/www.unaq.edu.mx\\\/nosotros\\\/semblanza-rector\\\/#primaryimage\"},\"thumbnailUrl\":\"https:\\\/\\\/www.unaq.edu.mx\\\/wp-content\\\/uploads\\\/FotoRector-1024x682.jpg\",\"datePublished\":\"2025-10-14T21:08:57+00:00\",\"dateModified\":\"2025-10-15T16:13:41+00:00\",\"breadcrumb\":{\"@id\":\"https:\\\/\\\/www.unaq.edu.mx\\\/nosotros\\\/semblanza-rector\\\/#breadcrumb\"},\"inLanguage\":\"en-US\",\"potentialAction\":[{\"@type\":\"ReadAction\",\"target\":[\"https:\\\/\\\/www.unaq.edu.mx\\\/nosotros\\\/semblanza-rector\\\/\"]}]},{\"@type\":\"ImageObject\",\"inLanguage\":\"en-US\",\"@id\":\"https:\\\/\\\/www.unaq.edu.mx\\\/nosotros\\\/semblanza-rector\\\/#primaryimage\",\"url\":\"https:\\\/\\\/www.unaq.edu.mx\\\/wp-content\\\/uploads\\\/FotoRector-1024x682.jpg\",\"contentUrl\":\"https:\\\/\\\/www.unaq.edu.mx\\\/wp-content\\\/uploads\\\/FotoRector-1024x682.jpg\"},{\"@type\":\"BreadcrumbList\",\"@id\":\"https:\\\/\\\/www.unaq.edu.mx\\\/nosotros\\\/semblanza-rector\\\/#breadcrumb\",\"itemListElement\":[{\"@type\":\"ListItem\",\"position\":1,\"name\":\"Portada\",\"item\":\"https:\\\/\\\/www.unaq.edu.mx\\\/\"},{\"@type\":\"ListItem\",\"position\":2,\"name\":\"Nosotros\",\"item\":\"https:\\\/\\\/www.unaq.edu.mx\\\/nosotros\\\/\"},{\"@type\":\"ListItem\",\"position\":3,\"name\":\"Semblanza Rector\"}]},{\"@type\":\"WebSite\",\"@id\":\"https:\\\/\\\/www.unaq.edu.mx\\\/#website\",\"url\":\"https:\\\/\\\/www.unaq.edu.mx\\\/\",\"name\":\"UNAQ - Universidad Aeron&aacute;utica en Quer&eacute;taro\",\"description\":\"Formamos profesionales e investigadores para el sector aeron&aacute;utico, con valores, conocimientos, competencias y reconocimiento nacional e internacional, basado en un modelo educativo abierto, flexible, pertinente y estrechamente vinculado, para el desarrollo social, econ&oacute;mico y cultural de M&eacute;xico.\",\"publisher\":{\"@id\":\"https:\\\/\\\/www.unaq.edu.mx\\\/#organization\"},\"potentialAction\":[{\"@type\":\"SearchAction\",\"target\":{\"@type\":\"EntryPoint\",\"urlTemplate\":\"https:\\\/\\\/www.unaq.edu.mx\\\/?s={search_term_string}\"},\"query-input\":{\"@type\":\"PropertyValueSpecification\",\"valueRequired\":true,\"valueName\":\"search_term_string\"}}],\"inLanguage\":\"en-US\"},{\"@type\":\"Organization\",\"@id\":\"https:\\\/\\\/www.unaq.edu.mx\\\/#organization\",\"name\":\"Universidad Aeron\u00e1utica en Quer\u00e9taro\",\"url\":\"https:\\\/\\\/www.unaq.edu.mx\\\/\",\"logo\":{\"@type\":\"ImageObject\",\"inLanguage\":\"en-US\",\"@id\":\"https:\\\/\\\/www.unaq.edu.mx\\\/#\\\/schema\\\/logo\\\/image\\\/\",\"url\":\"https:\\\/\\\/www.unaq.edu.mx\\\/wp-content\\\/uploads\\\/2022\\\/04\\\/Logo_UNAQ.png\",\"contentUrl\":\"https:\\\/\\\/www.unaq.edu.mx\\\/wp-content\\\/uploads\\\/2022\\\/04\\\/Logo_UNAQ.png\",\"width\":648,\"height\":284,\"caption\":\"Universidad Aeron\u00e1utica en Quer\u00e9taro\"},\"image\":{\"@id\":\"https:\\\/\\\/www.unaq.edu.mx\\\/#\\\/schema\\\/logo\\\/image\\\/\"},\"sameAs\":[\"https:\\\/\\\/www.facebook.com\\\/UNAQMX\\\/\",\"https:\\\/\\\/x.com\\\/UNAQmx\",\"https:\\\/\\\/www.linkedin.com\\\/company\\\/unaq\",\"https:\\\/\\\/www.youtube.com\\\/user\\\/UNAQMX\"]}]}<\/script>\n<!-- \/ Yoast SEO plugin. -->","yoast_head_json":{"title":"Semblanza Rector - UNAQ - Universidad Aeron&aacute;utica en Quer&eacute;taro","robots":{"index":"index","follow":"follow","max-snippet":"max-snippet:-1","max-image-preview":"max-image-preview:large","max-video-preview":"max-video-preview:-1"},"canonical":"https:\/\/www.unaq.edu.mx\/en\/nosotros\/semblanza-rector\/","og_locale":"en_US","og_type":"article","og_title":"Semblanza Rector - UNAQ - Universidad Aeron&aacute;utica en Quer&eacute;taro","og_description":"Dr. Enrique Gerardo Sosa Guti\u00e9rrez Rector de la Universidad Aeron\u00e1utica en Quer\u00e9taro Doctor en Derecho por la Universidad An\u00e1huac Quer\u00e9taro, Maestro en Administraci\u00f3n P\u00fablica Estatal y Municipal por la Universidad Aut\u00f3noma de Quer\u00e9taro y Licenciado en Derecho por la Universidad An\u00e1huac Quer\u00e9taro, con una trayectoria de 15 a\u00f1os en Educaci\u00f3n Superior Tecnol\u00f3gica. Actualmente se desempe\u00f1a [&hellip;]","og_url":"https:\/\/www.unaq.edu.mx\/en\/nosotros\/semblanza-rector\/","og_site_name":"UNAQ - Universidad Aeron&aacute;utica en Quer&eacute;taro","article_publisher":"https:\/\/www.facebook.com\/UNAQMX\/","article_modified_time":"2025-10-15T16:13:41+00:00","og_image":[{"width":1600,"height":1066,"url":"https:\/\/www.unaq.edu.mx\/wp-content\/uploads\/FotoRector.jpg","type":"image\/jpeg"}],"twitter_card":"summary_large_image","twitter_site":"@UNAQmx","twitter_misc":{"Est. reading time":"2 minutes"},"schema":{"@context":"https:\/\/schema.org","@graph":[{"@type":"WebPage","@id":"https:\/\/www.unaq.edu.mx\/nosotros\/semblanza-rector\/","url":"https:\/\/www.unaq.edu.mx\/nosotros\/semblanza-rector\/","name":"Semblanza Rector - UNAQ - Universidad Aeron&aacute;utica en Quer&eacute;taro","isPartOf":{"@id":"https:\/\/www.unaq.edu.mx\/#website"},"primaryImageOfPage":{"@id":"https:\/\/www.unaq.edu.mx\/nosotros\/semblanza-rector\/#primaryimage"},"image":{"@id":"https:\/\/www.unaq.edu.mx\/nosotros\/semblanza-rector\/#primaryimage"},"thumbnailUrl":"https:\/\/www.unaq.edu.mx\/wp-content\/uploads\/FotoRector-1024x682.jpg","datePublished":"2025-10-14T21:08:57+00:00","dateModified":"2025-10-15T16:13:41+00:00","breadcrumb":{"@id":"https:\/\/www.unaq.edu.mx\/nosotros\/semblanza-rector\/#breadcrumb"},"inLanguage":"en-US","potentialAction":[{"@type":"ReadAction","target":["https:\/\/www.unaq.edu.mx\/nosotros\/semblanza-rector\/"]}]},{"@type":"ImageObject","inLanguage":"en-US","@id":"https:\/\/www.unaq.edu.mx\/nosotros\/semblanza-rector\/#primaryimage","url":"https:\/\/www.unaq.edu.mx\/wp-content\/uploads\/FotoRector-1024x682.jpg","contentUrl":"https:\/\/www.unaq.edu.mx\/wp-content\/uploads\/FotoRector-1024x682.jpg"},{"@type":"BreadcrumbList","@id":"https:\/\/www.unaq.edu.mx\/nosotros\/semblanza-rector\/#breadcrumb","itemListElement":[{"@type":"ListItem","position":1,"name":"Portada","item":"https:\/\/www.unaq.edu.mx\/"},{"@type":"ListItem","position":2,"name":"Nosotros","item":"https:\/\/www.unaq.edu.mx\/nosotros\/"},{"@type":"ListItem","position":3,"name":"Semblanza Rector"}]},{"@type":"WebSite","@id":"https:\/\/www.unaq.edu.mx\/#website","url":"https:\/\/www.unaq.edu.mx\/","name":"UNAQ - Universidad Aeron&aacute;utica en Quer&eacute;taro","description":"Formamos profesionales e investigadores para el sector aeron&aacute;utico, con valores, conocimientos, competencias y reconocimiento nacional e internacional, basado en un modelo educativo abierto, flexible, pertinente y estrechamente vinculado, para el desarrollo social, econ&oacute;mico y cultural de M&eacute;xico.","publisher":{"@id":"https:\/\/www.unaq.edu.mx\/#organization"},"potentialAction":[{"@type":"SearchAction","target":{"@type":"EntryPoint","urlTemplate":"https:\/\/www.unaq.edu.mx\/?s={search_term_string}"},"query-input":{"@type":"PropertyValueSpecification","valueRequired":true,"valueName":"search_term_string"}}],"inLanguage":"en-US"},{"@type":"Organization","@id":"https:\/\/www.unaq.edu.mx\/#organization","name":"Universidad Aeron\u00e1utica en Quer\u00e9taro","url":"https:\/\/www.unaq.edu.mx\/","logo":{"@type":"ImageObject","inLanguage":"en-US","@id":"https:\/\/www.unaq.edu.mx\/#\/schema\/logo\/image\/","url":"https:\/\/www.unaq.edu.mx\/wp-content\/uploads\/2022\/04\/Logo_UNAQ.png","contentUrl":"https:\/\/www.unaq.edu.mx\/wp-content\/uploads\/2022\/04\/Logo_UNAQ.png","width":648,"height":284,"caption":"Universidad Aeron\u00e1utica en Quer\u00e9taro"},"image":{"@id":"https:\/\/www.unaq.edu.mx\/#\/schema\/logo\/image\/"},"sameAs":["https:\/\/www.facebook.com\/UNAQMX\/","https:\/\/x.com\/UNAQmx","https:\/\/www.linkedin.com\/company\/unaq","https:\/\/www.youtube.com\/user\/UNAQMX"]}]}},"_links":{"self":[{"href":"https:\/\/www.unaq.edu.mx\/en\/wp-json\/wp\/v2\/pages\/16054","targetHints":{"allow":["GET"]}}],"collection":[{"href":"https:\/\/www.unaq.edu.mx\/en\/wp-json\/wp\/v2\/pages"}],"about":[{"href":"https:\/\/www.unaq.edu.mx\/en\/wp-json\/wp\/v2\/types\/page"}],"author":[{"embeddable":true,"href":"https:\/\/www.unaq.edu.mx\/en\/wp-json\/wp\/v2\/users\/1"}],"replies":[{"embeddable":true,"href":"https:\/\/www.unaq.edu.mx\/en\/wp-json\/wp\/v2\/comments?post=16054"}],"version-history":[{"count":7,"href":"https:\/\/www.unaq.edu.mx\/en\/wp-json\/wp\/v2\/pages\/16054\/revisions"}],"predecessor-version":[{"id":16066,"href":"https:\/\/www.unaq.edu.mx\/en\/wp-json\/wp\/v2\/pages\/16054\/revisions\/16066"}],"up":[{"embeddable":true,"href":"https:\/\/www.unaq.edu.mx\/en\/wp-json\/wp\/v2\/pages\/9293"}],"wp:attachment":[{"href":"https:\/\/www.unaq.edu.mx\/en\/wp-json\/wp\/v2\/media?parent=16054"}],"curies":[{"name":"wp","href":"https:\/\/api.w.org\/{rel}","templated":true}]}}