{"id":13863,"date":"2024-04-16T14:34:48","date_gmt":"2024-04-16T20:34:48","guid":{"rendered":"https:\/\/www.unaq.edu.mx\/?page_id=13863"},"modified":"2025-09-04T15:28:10","modified_gmt":"2025-09-04T21:28:10","slug":"especialidad","status":"publish","type":"page","link":"https:\/\/www.unaq.edu.mx\/en\/soyunaq\/titulaciones\/especialidad\/","title":{"rendered":"Especialidad"},"content":{"rendered":"<div data-elementor-type=\"wp-page\" data-elementor-id=\"13863\" class=\"elementor elementor-13863\" data-elementor-post-type=\"page\">\n\t\t\t\t\t\t<section class=\"elementor-section elementor-top-section elementor-element elementor-element-8e48766 elementor-section-boxed elementor-section-height-default elementor-section-height-default\" data-id=\"8e48766\" data-element_type=\"section\" data-e-type=\"section\" data-settings=\"{&quot;ekit_has_onepagescroll_dot&quot;:&quot;yes&quot;}\">\n\t\t\t\t\t\t<div class=\"elementor-container elementor-column-gap-default\">\n\t\t\t\t\t<div class=\"elementor-column elementor-col-100 elementor-top-column elementor-element elementor-element-136e130\" data-id=\"136e130\" data-element_type=\"column\" data-e-type=\"column\">\n\t\t\t<div class=\"elementor-widget-wrap elementor-element-populated\">\n\t\t\t\t\t\t<div class=\"elementor-element elementor-element-4e16316 elementor-widget elementor-widget-text-editor\" data-id=\"4e16316\" data-element_type=\"widget\" data-e-type=\"widget\" data-settings=\"{&quot;ekit_we_effect_on&quot;:&quot;none&quot;}\" data-widget_type=\"text-editor.default\">\n\t\t\t\t<div class=\"elementor-widget-container\">\n\t\t\t\t\t\t\t\t\t<h3 style=\"text-align: justify;\">REQUISITOS ESPECIALIDAD:<\/h3><ul><li style=\"text-align: justify;\">Ser egresado (Plan de estudios concluido)<\/li><li style=\"text-align: justify;\">Aprobaci\u00f3n de Examen de Especialidad (Acudir directamente a la Divisi\u00f3n de Posgrado para cumplir con los requisitos previos y agenden fecha de examen)<\/li><\/ul><p style=\"text-align: justify;\">El tiempo de respuesta es de 6 meses a partir del cumplimiento de los requisitos.<\/p><h4 style=\"text-align: justify;\">1. Entrega de requisitos internos:<\/h4><h4 style=\"text-align: justify;\">1.1 Entrega de Tesina<\/h4><ul><li style=\"text-align: justify;\">Entrega tu Tesina al\u00a0<strong>Centro de Informaci\u00f3n (CIN)<\/strong>\u00a0en formato PDF al correo\u00a0<a href=\"mailto:tesis@soyunaq.mx\" target=\"_blank\" rel=\"noopener\">tesis@soyunaq.mx<\/a> con las siguientes caracter\u00edsticas:<ul><li style=\"text-align: justify;\">Anexar \u00faltima versi\u00f3n autorizada por tu asesor.<\/li><li style=\"text-align: justify;\">Integrar en el documento el escaneo del Acta de Examen de Especialidad con las firmas correspondientes.<\/li><li style=\"text-align: justify;\">Deber\u00e1 tener un \u00edndice interactivo.<\/li><\/ul><\/li><\/ul><h4>1.2 Expediente Completo en Servicios Escolares.<\/h4><p>Tu expediente deber\u00e1 contar con copia visible por ambos lados de los siguientes documentos del nivel de estudios precedente:<\/p><ul><li style=\"text-align: justify;\">Acta de nacimiento<\/li><li style=\"text-align: justify;\">Certificado total de estudios<\/li><li style=\"text-align: justify;\">T\u00edtulo<\/li><li style=\"text-align: justify;\">C\u00e9dula Profesional<\/li><li style=\"text-align: justify;\">CURP<\/li><\/ul><p><em><strong>Nota: Si no contamos con alg\u00fan documento o no est\u00e1 del todo visible se te notificar\u00e1 a tu correo institucional.<\/strong><\/em><\/p><h4 style=\"text-align: justify;\">1.3 Entrega de Fotograf\u00edas.<\/h4><p style=\"text-align: justify;\">Se entregan en ventanilla de titulaciones en servicios escolares.<\/p><ul><li style=\"text-align: justify;\">6 fotograf\u00edas tama\u00f1o infantil.<\/li><li style=\"text-align: justify;\">3 fotograf\u00edas tama\u00f1o t\u00edtulo (6x9cm. \u00d3valo).<\/li><\/ul><p style=\"text-align: justify;\">Todas las fotograf\u00edas deben tener las siguientes caracter\u00edsticas:<\/p><ul><li style=\"text-align: justify;\">Papel mate (no brillosas).<\/li><li style=\"text-align: justify;\">Blanco y negro.<\/li><li style=\"text-align: justify;\">Fondo blanco.<\/li><li style=\"text-align: justify;\">Con adhesivo integrado.<\/li><li style=\"text-align: justify;\">Orejas y frente descubiertos.<\/li><li style=\"text-align: justify;\">Cabello recogido.<\/li><li style=\"text-align: justify;\">Sin aretes.<\/li><\/ul><p style=\"text-align: justify;\"><strong>Mujeres:<\/strong>\u00a0Blusa blanca, cuello en V, saco azul o negro.<\/p><p style=\"text-align: justify;\"><strong>Hombres:<\/strong>\u00a0Camisa blanca, saco azul o negro y corbata oscura.<\/p><p style=\"text-align: justify;\"><em><strong>Notas:<\/strong><\/em><\/p><ul><li style=\"text-align: justify;\"><em>Cada fotograf\u00eda deber\u00e1 estar marcada con matr\u00edcula y nombre completo, cuidando no manchar las fotos con la tinta, ya que, si ocurriera, no ser\u00e1n aceptadas.<\/em><\/li><li style=\"text-align: justify;\"><em><em>En caso de encontrarse fuera de la Ciudad de Quer\u00e9taro, se pueden enviar por paqueter\u00eda a la siguiente direcci\u00f3n:<\/em><\/em><p>A nombre de: Oficina de titulaciones UNAQ<br \/>Carretera Estatal 200 Quer\u00e9taro \u2013 Tequisquiapan No. 22154<br \/>Col. Parque Aeroespacial de Quer\u00e9taro.<br \/>Col\u00f3n, Quer\u00e9taro. M\u00e9xico<br \/>C.P. 76278<br \/>Tel\u00e9fono: (442) 101 66 00 EXT. 6722<br \/>*Se reciben en la caseta principal.<\/p><\/li><\/ul><h4 style=\"text-align: justify;\">2. Expedici\u00f3n del formato F098<\/h4><h4 style=\"text-align: justify;\">2.1 Actualizaci\u00f3n de datos personales<\/h4><p style=\"text-align: justify;\">Responder el siguiente formulario para la expedici\u00f3n de tu Formato\u00a0F098 <em>Inscripci\u00f3n de Titulo Electr\u00f3nico y Grado Acad\u00e9mico.<\/em> \u00c9ste se te har\u00e1 llegar una vez que se valide el cumplimiento de los requisitos internos.\u00a0<\/p><p style=\"text-align: justify;\"><a href=\"https:\/\/forms.office.com\/Pages\/ResponsePage.aspx?id=IbtmoXLR-ki-nwbY2nYlvCmAiLctKodEuNBIYf4-K3JUQzlTQ0YyRjEwVE1PN0hJREJUOEVKTE1NRS4u\" target=\"_blank\" rel=\"noopener\">https:\/\/forms.office.com\/Pages\/ResponsePage.aspx?id=IbtmoXLR-ki-nwbY2nYlvCmAiLctKodEuNBIYf4-K3JUQzlTQ0YyRjEwVE1PN0hJREJUOEVKTE1NRS4u\u00a0<\/a><\/p><h4 style=\"text-align: justify;\">3. Descarga de c\u00e9dula y Documentos oficiales UNAQ<\/h4><p style=\"text-align: justify;\">Una vez que la Oficina de Titulaciones haya realizado la inscripci\u00f3n de tu t\u00edtulo electr\u00f3nico ante la Direcci\u00f3n General de Profesiones, recibir\u00e1s un correo con el link de la SEP para la descarga de tu C\u00e9dula Profesional electr\u00f3nica.<\/p><p style=\"text-align: justify;\">Para que puedas descargarla deber\u00e1s contar con tu\u00a0<strong>e.FIRMA<\/strong>\u00a0vigente y realizar el pago correspondiente.<\/p><p style=\"text-align: justify;\"><em><strong>Importante: La e.firma la utilizar\u00e1s para la descarga de la c\u00e9dula, por lo que no es obligatoria para iniciar con tu proceso interno.\u00a0<\/strong><\/em><\/p><h4 style=\"text-align: justify;\">3.1 Pago ante la SEP por concepto de C\u00e9dula Profesional de Especialidad<\/h4><p style=\"text-align: justify;\">El monto vigente es de $2,790.00 mxn. Monto sujeto a cambios sin previo aviso.<\/p><p style=\"text-align: justify;\">El pago lo podr\u00e1s realizar con tarjeta de d\u00e9bito o cr\u00e9dito en l\u00ednea en el link que se te har\u00e1 llegar.<\/p><p style=\"text-align: justify;\"><em><strong>NOTA: Tanto la e.Firma como el pago a la SEP por concepto de C\u00e9dula Profesional de Especialidad, son procesos externos a la UNAQ.\u00a0<\/strong><\/em><\/p><h4 style=\"text-align: justify;\">3.2 Documentos oficiales<\/h4><p style=\"text-align: justify;\">Una vez que tus documentos oficiales se encuentren disponibles para entrega (Diploma y certificado total de estudios), te notificaremos el d\u00eda que puedes recogerlos a trav\u00e9s del correo electr\u00f3nico que validaste en tu Formato F098.<\/p>\t\t\t\t\t\t\t\t<\/div>\n\t\t\t\t<\/div>\n\t\t\t\t\t<\/div>\n\t\t<\/div>\n\t\t\t\t\t<\/div>\n\t\t<\/section>\n\t\t\t\t<\/div>","protected":false},"excerpt":{"rendered":"<p>REQUISITOS ESPECIALIDAD: Ser egresado (Plan de estudios concluido) Aprobaci\u00f3n de Examen de Especialidad (Acudir directamente a la Divisi\u00f3n de Posgrado para cumplir con los requisitos previos y agenden fecha de examen) El tiempo de respuesta es de 6 meses a partir del cumplimiento de los requisitos. 1. Entrega de requisitos internos: 1.1 Entrega de Tesina [&hellip;]<\/p>\n","protected":false},"author":1,"featured_media":0,"parent":9917,"menu_order":0,"comment_status":"closed","ping_status":"closed","template":"elementor_header_footer","meta":{"footnotes":""},"class_list":["post-13863","page","type-page","status-publish","hentry"],"yoast_head":"<!-- This site is optimized with the Yoast SEO plugin v27.3 - https:\/\/yoast.com\/product\/yoast-seo-wordpress\/ -->\n<title>Especialidad - UNAQ - Universidad Aeron&aacute;utica en Quer&eacute;taro<\/title>\n<meta name=\"robots\" content=\"index, follow, max-snippet:-1, max-image-preview:large, max-video-preview:-1\" \/>\n<link rel=\"canonical\" href=\"https:\/\/www.unaq.edu.mx\/en\/soyunaq\/titulaciones\/especialidad\/\" \/>\n<meta property=\"og:locale\" content=\"en_US\" \/>\n<meta property=\"og:type\" content=\"article\" \/>\n<meta property=\"og:title\" content=\"Especialidad - UNAQ - Universidad Aeron&aacute;utica en Quer&eacute;taro\" \/>\n<meta property=\"og:description\" content=\"REQUISITOS ESPECIALIDAD: Ser egresado (Plan de estudios concluido) Aprobaci\u00f3n de Examen de Especialidad (Acudir directamente a la Divisi\u00f3n de Posgrado para cumplir con los requisitos previos y agenden fecha de examen) El tiempo de respuesta es de 6 meses a partir del cumplimiento de los requisitos. 1. Entrega de requisitos internos: 1.1 Entrega de Tesina [&hellip;]\" \/>\n<meta property=\"og:url\" content=\"https:\/\/www.unaq.edu.mx\/en\/soyunaq\/titulaciones\/especialidad\/\" \/>\n<meta property=\"og:site_name\" content=\"UNAQ - Universidad Aeron&aacute;utica en Quer&eacute;taro\" \/>\n<meta property=\"article:publisher\" content=\"https:\/\/www.facebook.com\/UNAQMX\/\" \/>\n<meta property=\"article:modified_time\" content=\"2025-09-04T21:28:10+00:00\" \/>\n<meta name=\"twitter:card\" content=\"summary_large_image\" \/>\n<meta name=\"twitter:site\" content=\"@UNAQmx\" \/>\n<meta name=\"twitter:label1\" content=\"Est. reading time\" \/>\n\t<meta name=\"twitter:data1\" content=\"3 minutes\" \/>\n<script type=\"application\/ld+json\" class=\"yoast-schema-graph\">{\"@context\":\"https:\\\/\\\/schema.org\",\"@graph\":[{\"@type\":\"WebPage\",\"@id\":\"https:\\\/\\\/www.unaq.edu.mx\\\/soyunaq\\\/titulaciones\\\/especialidad\\\/\",\"url\":\"https:\\\/\\\/www.unaq.edu.mx\\\/soyunaq\\\/titulaciones\\\/especialidad\\\/\",\"name\":\"Especialidad - UNAQ - Universidad Aeron&aacute;utica en Quer&eacute;taro\",\"isPartOf\":{\"@id\":\"https:\\\/\\\/www.unaq.edu.mx\\\/#website\"},\"datePublished\":\"2024-04-16T20:34:48+00:00\",\"dateModified\":\"2025-09-04T21:28:10+00:00\",\"breadcrumb\":{\"@id\":\"https:\\\/\\\/www.unaq.edu.mx\\\/soyunaq\\\/titulaciones\\\/especialidad\\\/#breadcrumb\"},\"inLanguage\":\"en-US\",\"potentialAction\":[{\"@type\":\"ReadAction\",\"target\":[\"https:\\\/\\\/www.unaq.edu.mx\\\/soyunaq\\\/titulaciones\\\/especialidad\\\/\"]}]},{\"@type\":\"BreadcrumbList\",\"@id\":\"https:\\\/\\\/www.unaq.edu.mx\\\/soyunaq\\\/titulaciones\\\/especialidad\\\/#breadcrumb\",\"itemListElement\":[{\"@type\":\"ListItem\",\"position\":1,\"name\":\"Portada\",\"item\":\"https:\\\/\\\/www.unaq.edu.mx\\\/\"},{\"@type\":\"ListItem\",\"position\":2,\"name\":\"@SoyUNAQ\",\"item\":\"https:\\\/\\\/www.unaq.edu.mx\\\/soyunaq\\\/\"},{\"@type\":\"ListItem\",\"position\":3,\"name\":\"Titulaciones\",\"item\":\"https:\\\/\\\/www.unaq.edu.mx\\\/soyunaq\\\/titulaciones\\\/\"},{\"@type\":\"ListItem\",\"position\":4,\"name\":\"Especialidad\"}]},{\"@type\":\"WebSite\",\"@id\":\"https:\\\/\\\/www.unaq.edu.mx\\\/#website\",\"url\":\"https:\\\/\\\/www.unaq.edu.mx\\\/\",\"name\":\"UNAQ - Universidad Aeron&aacute;utica en Quer&eacute;taro\",\"description\":\"Formamos profesionales e investigadores para el sector aeron&aacute;utico, con valores, conocimientos, competencias y reconocimiento nacional e internacional, basado en un modelo educativo abierto, flexible, pertinente y estrechamente vinculado, para el desarrollo social, econ&oacute;mico y cultural de M&eacute;xico.\",\"publisher\":{\"@id\":\"https:\\\/\\\/www.unaq.edu.mx\\\/#organization\"},\"potentialAction\":[{\"@type\":\"SearchAction\",\"target\":{\"@type\":\"EntryPoint\",\"urlTemplate\":\"https:\\\/\\\/www.unaq.edu.mx\\\/?s={search_term_string}\"},\"query-input\":{\"@type\":\"PropertyValueSpecification\",\"valueRequired\":true,\"valueName\":\"search_term_string\"}}],\"inLanguage\":\"en-US\"},{\"@type\":\"Organization\",\"@id\":\"https:\\\/\\\/www.unaq.edu.mx\\\/#organization\",\"name\":\"Universidad Aeron\u00e1utica en Quer\u00e9taro\",\"url\":\"https:\\\/\\\/www.unaq.edu.mx\\\/\",\"logo\":{\"@type\":\"ImageObject\",\"inLanguage\":\"en-US\",\"@id\":\"https:\\\/\\\/www.unaq.edu.mx\\\/#\\\/schema\\\/logo\\\/image\\\/\",\"url\":\"https:\\\/\\\/www.unaq.edu.mx\\\/wp-content\\\/uploads\\\/2022\\\/04\\\/Logo_UNAQ.png\",\"contentUrl\":\"https:\\\/\\\/www.unaq.edu.mx\\\/wp-content\\\/uploads\\\/2022\\\/04\\\/Logo_UNAQ.png\",\"width\":648,\"height\":284,\"caption\":\"Universidad Aeron\u00e1utica en Quer\u00e9taro\"},\"image\":{\"@id\":\"https:\\\/\\\/www.unaq.edu.mx\\\/#\\\/schema\\\/logo\\\/image\\\/\"},\"sameAs\":[\"https:\\\/\\\/www.facebook.com\\\/UNAQMX\\\/\",\"https:\\\/\\\/x.com\\\/UNAQmx\",\"https:\\\/\\\/www.linkedin.com\\\/company\\\/unaq\",\"https:\\\/\\\/www.youtube.com\\\/user\\\/UNAQMX\"]}]}<\/script>\n<!-- \/ Yoast SEO plugin. -->","yoast_head_json":{"title":"Especialidad - UNAQ - Universidad Aeron&aacute;utica en Quer&eacute;taro","robots":{"index":"index","follow":"follow","max-snippet":"max-snippet:-1","max-image-preview":"max-image-preview:large","max-video-preview":"max-video-preview:-1"},"canonical":"https:\/\/www.unaq.edu.mx\/en\/soyunaq\/titulaciones\/especialidad\/","og_locale":"en_US","og_type":"article","og_title":"Especialidad - UNAQ - Universidad Aeron&aacute;utica en Quer&eacute;taro","og_description":"REQUISITOS ESPECIALIDAD: Ser egresado (Plan de estudios concluido) Aprobaci\u00f3n de Examen de Especialidad (Acudir directamente a la Divisi\u00f3n de Posgrado para cumplir con los requisitos previos y agenden fecha de examen) El tiempo de respuesta es de 6 meses a partir del cumplimiento de los requisitos. 1. Entrega de requisitos internos: 1.1 Entrega de Tesina [&hellip;]","og_url":"https:\/\/www.unaq.edu.mx\/en\/soyunaq\/titulaciones\/especialidad\/","og_site_name":"UNAQ - Universidad Aeron&aacute;utica en Quer&eacute;taro","article_publisher":"https:\/\/www.facebook.com\/UNAQMX\/","article_modified_time":"2025-09-04T21:28:10+00:00","twitter_card":"summary_large_image","twitter_site":"@UNAQmx","twitter_misc":{"Est. reading time":"3 minutes"},"schema":{"@context":"https:\/\/schema.org","@graph":[{"@type":"WebPage","@id":"https:\/\/www.unaq.edu.mx\/soyunaq\/titulaciones\/especialidad\/","url":"https:\/\/www.unaq.edu.mx\/soyunaq\/titulaciones\/especialidad\/","name":"Especialidad - UNAQ - Universidad Aeron&aacute;utica en Quer&eacute;taro","isPartOf":{"@id":"https:\/\/www.unaq.edu.mx\/#website"},"datePublished":"2024-04-16T20:34:48+00:00","dateModified":"2025-09-04T21:28:10+00:00","breadcrumb":{"@id":"https:\/\/www.unaq.edu.mx\/soyunaq\/titulaciones\/especialidad\/#breadcrumb"},"inLanguage":"en-US","potentialAction":[{"@type":"ReadAction","target":["https:\/\/www.unaq.edu.mx\/soyunaq\/titulaciones\/especialidad\/"]}]},{"@type":"BreadcrumbList","@id":"https:\/\/www.unaq.edu.mx\/soyunaq\/titulaciones\/especialidad\/#breadcrumb","itemListElement":[{"@type":"ListItem","position":1,"name":"Portada","item":"https:\/\/www.unaq.edu.mx\/"},{"@type":"ListItem","position":2,"name":"@SoyUNAQ","item":"https:\/\/www.unaq.edu.mx\/soyunaq\/"},{"@type":"ListItem","position":3,"name":"Titulaciones","item":"https:\/\/www.unaq.edu.mx\/soyunaq\/titulaciones\/"},{"@type":"ListItem","position":4,"name":"Especialidad"}]},{"@type":"WebSite","@id":"https:\/\/www.unaq.edu.mx\/#website","url":"https:\/\/www.unaq.edu.mx\/","name":"UNAQ - Universidad Aeron&aacute;utica en Quer&eacute;taro","description":"Formamos profesionales e investigadores para el sector aeron&aacute;utico, con valores, conocimientos, competencias y reconocimiento nacional e internacional, basado en un modelo educativo abierto, flexible, pertinente y estrechamente vinculado, para el desarrollo social, econ&oacute;mico y cultural de M&eacute;xico.","publisher":{"@id":"https:\/\/www.unaq.edu.mx\/#organization"},"potentialAction":[{"@type":"SearchAction","target":{"@type":"EntryPoint","urlTemplate":"https:\/\/www.unaq.edu.mx\/?s={search_term_string}"},"query-input":{"@type":"PropertyValueSpecification","valueRequired":true,"valueName":"search_term_string"}}],"inLanguage":"en-US"},{"@type":"Organization","@id":"https:\/\/www.unaq.edu.mx\/#organization","name":"Universidad Aeron\u00e1utica en Quer\u00e9taro","url":"https:\/\/www.unaq.edu.mx\/","logo":{"@type":"ImageObject","inLanguage":"en-US","@id":"https:\/\/www.unaq.edu.mx\/#\/schema\/logo\/image\/","url":"https:\/\/www.unaq.edu.mx\/wp-content\/uploads\/2022\/04\/Logo_UNAQ.png","contentUrl":"https:\/\/www.unaq.edu.mx\/wp-content\/uploads\/2022\/04\/Logo_UNAQ.png","width":648,"height":284,"caption":"Universidad Aeron\u00e1utica en Quer\u00e9taro"},"image":{"@id":"https:\/\/www.unaq.edu.mx\/#\/schema\/logo\/image\/"},"sameAs":["https:\/\/www.facebook.com\/UNAQMX\/","https:\/\/x.com\/UNAQmx","https:\/\/www.linkedin.com\/company\/unaq","https:\/\/www.youtube.com\/user\/UNAQMX"]}]}},"_links":{"self":[{"href":"https:\/\/www.unaq.edu.mx\/en\/wp-json\/wp\/v2\/pages\/13863","targetHints":{"allow":["GET"]}}],"collection":[{"href":"https:\/\/www.unaq.edu.mx\/en\/wp-json\/wp\/v2\/pages"}],"about":[{"href":"https:\/\/www.unaq.edu.mx\/en\/wp-json\/wp\/v2\/types\/page"}],"author":[{"embeddable":true,"href":"https:\/\/www.unaq.edu.mx\/en\/wp-json\/wp\/v2\/users\/1"}],"replies":[{"embeddable":true,"href":"https:\/\/www.unaq.edu.mx\/en\/wp-json\/wp\/v2\/comments?post=13863"}],"version-history":[{"count":10,"href":"https:\/\/www.unaq.edu.mx\/en\/wp-json\/wp\/v2\/pages\/13863\/revisions"}],"predecessor-version":[{"id":15929,"href":"https:\/\/www.unaq.edu.mx\/en\/wp-json\/wp\/v2\/pages\/13863\/revisions\/15929"}],"up":[{"embeddable":true,"href":"https:\/\/www.unaq.edu.mx\/en\/wp-json\/wp\/v2\/pages\/9917"}],"wp:attachment":[{"href":"https:\/\/www.unaq.edu.mx\/en\/wp-json\/wp\/v2\/media?parent=13863"}],"curies":[{"name":"wp","href":"https:\/\/api.w.org\/{rel}","templated":true}]}}