{"id":13671,"date":"2024-03-06T09:46:32","date_gmt":"2024-03-06T15:46:32","guid":{"rendered":"https:\/\/www.unaq.edu.mx\/?page_id=13671"},"modified":"2025-02-28T11:20:49","modified_gmt":"2025-02-28T17:20:49","slug":"innae","status":"publish","type":"page","link":"https:\/\/www.unaq.edu.mx\/en\/innae\/","title":{"rendered":"Congreso INNAE"},"content":{"rendered":"<div data-elementor-type=\"wp-page\" data-elementor-id=\"13671\" class=\"elementor elementor-13671\" data-elementor-post-type=\"page\">\n\t\t\t\t\t\t<section class=\"elementor-section elementor-top-section elementor-element elementor-element-d218be1 elementor-section-full_width elementor-section-height-default elementor-section-height-default\" data-id=\"d218be1\" data-element_type=\"section\" data-e-type=\"section\" data-settings=\"{&quot;background_background&quot;:&quot;classic&quot;,&quot;ekit_has_onepagescroll_dot&quot;:&quot;yes&quot;}\">\n\t\t\t\t\t\t<div class=\"elementor-container elementor-column-gap-default\">\n\t\t\t\t\t<div class=\"elementor-column elementor-col-100 elementor-top-column elementor-element elementor-element-5d0bc4d\" data-id=\"5d0bc4d\" data-element_type=\"column\" data-e-type=\"column\">\n\t\t\t<div class=\"elementor-widget-wrap elementor-element-populated\">\n\t\t\t\t\t\t<div class=\"elementor-element elementor-element-7e35668 elementor-widget elementor-widget-image\" data-id=\"7e35668\" data-element_type=\"widget\" data-e-type=\"widget\" data-settings=\"{&quot;ekit_we_effect_on&quot;:&quot;none&quot;}\" data-widget_type=\"image.default\">\n\t\t\t\t<div class=\"elementor-widget-container\">\n\t\t\t\t\t\t\t\t\t\t\t\t\t\t\t<img fetchpriority=\"high\" decoding=\"async\" width=\"1920\" height=\"500\" src=\"https:\/\/www.unaq.edu.mx\/wp-content\/uploads\/INNAE2025-3.jpg\" class=\"attachment-full size-full wp-image-15205\" alt=\"\" srcset=\"https:\/\/www.unaq.edu.mx\/wp-content\/uploads\/INNAE2025-3.jpg 1920w, https:\/\/www.unaq.edu.mx\/wp-content\/uploads\/INNAE2025-3-300x78.jpg 300w, https:\/\/www.unaq.edu.mx\/wp-content\/uploads\/INNAE2025-3-1024x267.jpg 1024w, https:\/\/www.unaq.edu.mx\/wp-content\/uploads\/INNAE2025-3-768x200.jpg 768w, https:\/\/www.unaq.edu.mx\/wp-content\/uploads\/INNAE2025-3-1536x400.jpg 1536w, https:\/\/www.unaq.edu.mx\/wp-content\/uploads\/INNAE2025-3-18x5.jpg 18w\" sizes=\"(max-width: 1920px) 100vw, 1920px\" \/>\t\t\t\t\t\t\t\t\t\t\t\t\t\t\t<\/div>\n\t\t\t\t<\/div>\n\t\t\t\t<div class=\"elementor-element elementor-element-0e8e615 elementor-nav-menu__align-center elementor-nav-menu--dropdown-tablet elementor-nav-menu__text-align-aside elementor-nav-menu--toggle elementor-nav-menu--burger elementor-widget elementor-widget-global elementor-global-15045 elementor-widget-nav-menu\" data-id=\"0e8e615\" data-element_type=\"widget\" data-e-type=\"widget\" data-settings=\"{&quot;submenu_icon&quot;:{&quot;value&quot;:&quot;&quot;,&quot;library&quot;:&quot;&quot;},&quot;layout&quot;:&quot;horizontal&quot;,&quot;toggle&quot;:&quot;burger&quot;,&quot;ekit_we_effect_on&quot;:&quot;none&quot;}\" data-widget_type=\"nav-menu.default\">\n\t\t\t\t<div class=\"elementor-widget-container\">\n\t\t\t\t\t\t\t\t<nav aria-label=\"Men\u00fa\" class=\"elementor-nav-menu--main elementor-nav-menu__container elementor-nav-menu--layout-horizontal e--pointer-text e--animation-grow\">\n\t\t\t\t<ul id=\"menu-1-0e8e615\" class=\"elementor-nav-menu\"><li class=\"menu-item menu-item-type-post_type menu-item-object-page menu-item-13694\"><a href=\"https:\/\/www.unaq.edu.mx\/en\/innae\/\" class=\"elementor-item\">Bienvenida<\/a><\/li>\n<li class=\"menu-item menu-item-type-post_type menu-item-object-page menu-item-13700\"><a href=\"https:\/\/www.unaq.edu.mx\/en\/innae\/convocatoria\/\" class=\"elementor-item\">Convocatoria<\/a><\/li>\n<li class=\"menu-item menu-item-type-post_type menu-item-object-page menu-item-13699\"><a href=\"https:\/\/www.unaq.edu.mx\/en\/innae\/registro\/\" class=\"elementor-item\">Registro<\/a><\/li>\n<li class=\"menu-item menu-item-type-post_type menu-item-object-page menu-item-15823\"><a href=\"https:\/\/www.unaq.edu.mx\/en\/innae\/conferencias-y-talleres\/\" class=\"elementor-item\">Conferencias y talleres<\/a><\/li>\n<li class=\"menu-item menu-item-type-post_type menu-item-object-page menu-item-14075\"><a href=\"https:\/\/www.unaq.edu.mx\/en\/innae\/competencias\/\" class=\"elementor-item\">Competitions<\/a><\/li>\n<li class=\"menu-item menu-item-type-post_type menu-item-object-page menu-item-15820\"><a href=\"https:\/\/www.unaq.edu.mx\/en\/innae\/programa\/\" class=\"elementor-item\">Programa<\/a><\/li>\n<li class=\"menu-item menu-item-type-post_type menu-item-object-page menu-item-14229\"><a href=\"https:\/\/www.unaq.edu.mx\/en\/innae\/memorias\/\" class=\"elementor-item\">Memorias<\/a><\/li>\n<li class=\"menu-item menu-item-type-post_type menu-item-object-page menu-item-13981\"><a href=\"https:\/\/www.unaq.edu.mx\/en\/innae\/alianzas\/\" class=\"elementor-item\">Alianzas<\/a><\/li>\n<li class=\"menu-item menu-item-type-post_type menu-item-object-page menu-item-13696\"><a href=\"https:\/\/www.unaq.edu.mx\/en\/innae\/logistica\/\" class=\"elementor-item\">Log\u00edstica<\/a><\/li>\n<li class=\"menu-item menu-item-type-post_type menu-item-object-page menu-item-13695\"><a href=\"https:\/\/www.unaq.edu.mx\/en\/innae\/contacto\/\" class=\"elementor-item\">Contact Us<\/a><\/li>\n<\/ul>\t\t\t<\/nav>\n\t\t\t\t\t<div class=\"elementor-menu-toggle\" role=\"button\" tabindex=\"0\" aria-label=\"Menu Toggle\" aria-expanded=\"false\">\n\t\t\t<i aria-hidden=\"true\" role=\"presentation\" class=\"elementor-menu-toggle__icon--open eicon-menu-bar\"><\/i><i aria-hidden=\"true\" role=\"presentation\" class=\"elementor-menu-toggle__icon--close eicon-close\"><\/i>\t\t<\/div>\n\t\t\t\t\t<nav class=\"elementor-nav-menu--dropdown elementor-nav-menu__container\" aria-hidden=\"true\">\n\t\t\t\t<ul id=\"menu-2-0e8e615\" class=\"elementor-nav-menu\"><li class=\"menu-item menu-item-type-post_type menu-item-object-page menu-item-13694\"><a href=\"https:\/\/www.unaq.edu.mx\/en\/innae\/\" class=\"elementor-item\" tabindex=\"-1\">Bienvenida<\/a><\/li>\n<li class=\"menu-item menu-item-type-post_type menu-item-object-page menu-item-13700\"><a href=\"https:\/\/www.unaq.edu.mx\/en\/innae\/convocatoria\/\" class=\"elementor-item\" tabindex=\"-1\">Convocatoria<\/a><\/li>\n<li class=\"menu-item menu-item-type-post_type menu-item-object-page menu-item-13699\"><a href=\"https:\/\/www.unaq.edu.mx\/en\/innae\/registro\/\" class=\"elementor-item\" tabindex=\"-1\">Registro<\/a><\/li>\n<li class=\"menu-item menu-item-type-post_type menu-item-object-page menu-item-15823\"><a href=\"https:\/\/www.unaq.edu.mx\/en\/innae\/conferencias-y-talleres\/\" class=\"elementor-item\" tabindex=\"-1\">Conferencias y talleres<\/a><\/li>\n<li class=\"menu-item menu-item-type-post_type menu-item-object-page menu-item-14075\"><a href=\"https:\/\/www.unaq.edu.mx\/en\/innae\/competencias\/\" class=\"elementor-item\" tabindex=\"-1\">Competitions<\/a><\/li>\n<li class=\"menu-item menu-item-type-post_type menu-item-object-page menu-item-15820\"><a href=\"https:\/\/www.unaq.edu.mx\/en\/innae\/programa\/\" class=\"elementor-item\" tabindex=\"-1\">Programa<\/a><\/li>\n<li class=\"menu-item menu-item-type-post_type menu-item-object-page menu-item-14229\"><a href=\"https:\/\/www.unaq.edu.mx\/en\/innae\/memorias\/\" class=\"elementor-item\" tabindex=\"-1\">Memorias<\/a><\/li>\n<li class=\"menu-item menu-item-type-post_type menu-item-object-page menu-item-13981\"><a href=\"https:\/\/www.unaq.edu.mx\/en\/innae\/alianzas\/\" class=\"elementor-item\" tabindex=\"-1\">Alianzas<\/a><\/li>\n<li class=\"menu-item menu-item-type-post_type menu-item-object-page menu-item-13696\"><a href=\"https:\/\/www.unaq.edu.mx\/en\/innae\/logistica\/\" class=\"elementor-item\" tabindex=\"-1\">Log\u00edstica<\/a><\/li>\n<li class=\"menu-item menu-item-type-post_type menu-item-object-page menu-item-13695\"><a href=\"https:\/\/www.unaq.edu.mx\/en\/innae\/contacto\/\" class=\"elementor-item\" tabindex=\"-1\">Contact Us<\/a><\/li>\n<\/ul>\t\t\t<\/nav>\n\t\t\t\t\t\t<\/div>\n\t\t\t\t<\/div>\n\t\t\t\t\t<\/div>\n\t\t<\/div>\n\t\t\t\t\t<\/div>\n\t\t<\/section>\n\t\t\t\t<section class=\"elementor-section elementor-top-section elementor-element elementor-element-11e4daa elementor-section-boxed elementor-section-height-default elementor-section-height-default\" data-id=\"11e4daa\" data-element_type=\"section\" data-e-type=\"section\" data-settings=\"{&quot;ekit_has_onepagescroll_dot&quot;:&quot;yes&quot;}\">\n\t\t\t\t\t\t<div class=\"elementor-container elementor-column-gap-default\">\n\t\t\t\t\t<div class=\"elementor-column elementor-col-100 elementor-top-column elementor-element elementor-element-145f8f6\" data-id=\"145f8f6\" data-element_type=\"column\" data-e-type=\"column\">\n\t\t\t<div class=\"elementor-widget-wrap elementor-element-populated\">\n\t\t\t\t\t\t<div class=\"elementor-element elementor-element-0a7dc11 elementor-widget elementor-widget-text-editor\" data-id=\"0a7dc11\" data-element_type=\"widget\" data-e-type=\"widget\" data-settings=\"{&quot;ekit_we_effect_on&quot;:&quot;none&quot;}\" data-widget_type=\"text-editor.default\">\n\t\t\t\t<div class=\"elementor-widget-container\">\n\t\t\t\t\t\t\t\t\t<p style=\"text-align: center;\"><strong>\u00a1Bienvenidos al 2do Congreso Internacional de Innovaci\u00f3n Aeroespacial (INNAE) 2025!<\/strong><\/p><p style=\"text-align: justify;\">La Universidad Aeron\u00e1utica en Quer\u00e9taro (UNAQ) tiene el honor de invitarte a un evento donde la creatividad, el conocimiento y la tecnolog\u00eda toman vuelo: el 2do Congreso Internacional de Innovaci\u00f3n Aeroespacial (INNAE).<\/p><p style=\"text-align: justify;\">Este congreso es el punto de encuentro para investigadores, emprendedores, estudiantes, l\u00edderes de la industria y apasionados del sector aeroespacial, quienes buscan explorar las fronteras de la tecnolog\u00eda, compartir sus ideas m\u00e1s innovadoras y colaborar en la creaci\u00f3n de soluciones que transformen el futuro del espacio y la aeron\u00e1utica.<\/p><h4 style=\"text-align: center;\"><strong>\u00bfQu\u00e9 te espera en INNAE 2025?<\/strong><\/h4><p style=\"text-align: justify;\"><strong>Conferencias Inspiradoras:<\/strong> Aprende de expertos internacionales que est\u00e1n definiendo el futuro del sector.<\/p><p style=\"text-align: justify;\"><strong>Talleres Interactivos:<\/strong> Desarrolla habilidades pr\u00e1cticas en sesiones guiadas por especialistas.<\/p><p style=\"text-align: justify;\"><strong>Exposici\u00f3n Aeroespacial:<\/strong> Descubre prototipos, investigaciones y tecnolog\u00edas emergentes.<\/p><p style=\"text-align: justify;\"><strong>Espacios de Conexi\u00f3n:<\/strong> Ampl\u00eda tu red de contactos con profesionales de la industria y la academia.<\/p><p style=\"text-align: justify;\"><strong>Presentaci\u00f3n de Investigaciones:<\/strong> Comparte tus hallazgos cient\u00edficos y contribuye al avance del conocimiento.<\/p><h4 style=\"text-align: center;\"><strong>\u00bfQui\u00e9nes pueden participar?<\/strong><\/h4><p style=\"text-align: justify;\">Si eres un investigador, emprendedor, estudiante, docente, profesional de la industria, o simplemente un entusiasta del espacio, el INNAE es el lugar para ti. Ven a inspirarte, a compartir y a formar parte de una comunidad comprometida con la innovaci\u00f3n aeroespacial.<\/p><h4 style=\"text-align: justify;\"><strong>\u00bfPor qu\u00e9 no puedes faltar?<\/strong><\/h4><p style=\"text-align: justify;\">El INNAE 2025 es mucho m\u00e1s que un congreso: es una plataforma para la <strong>inspiraci\u00f3n<\/strong>, la <strong>colaboraci\u00f3n<\/strong> and <strong>desarrollo de soluciones disruptivas<\/strong>. Aqu\u00ed se forjan alianzas estrat\u00e9gicas y nacen ideas que marcan el rumbo de la industria aeroespacial.<\/p><p style=\"text-align: justify;\"><strong>\u00danete a nosotros y despeguemos juntos hacia un futuro lleno de posibilidades.<\/strong><\/p><p style=\"text-align: justify;\"><strong>\u00a1Te esperamos en el INNAE 2025!<\/strong><\/p>\t\t\t\t\t\t\t\t<\/div>\n\t\t\t\t<\/div>\n\t\t\t\t\t<\/div>\n\t\t<\/div>\n\t\t\t\t\t<\/div>\n\t\t<\/section>\n\t\t\t\t<\/div>","protected":false},"excerpt":{"rendered":"<p>\u00a1Bienvenidos al 2do Congreso Internacional de Innovaci\u00f3n Aeroespacial (INNAE) 2025! La Universidad Aeron\u00e1utica en Quer\u00e9taro (UNAQ) tiene el honor de invitarte a un evento donde la creatividad, el conocimiento y la tecnolog\u00eda toman vuelo: el 2do Congreso Internacional de Innovaci\u00f3n Aeroespacial (INNAE). Este congreso es el punto de encuentro para investigadores, emprendedores, estudiantes, l\u00edderes de [&hellip;]<\/p>\n","protected":false},"author":1,"featured_media":0,"parent":0,"menu_order":0,"comment_status":"closed","ping_status":"closed","template":"elementor_header_footer","meta":{"footnotes":""},"class_list":["post-13671","page","type-page","status-publish","hentry"],"yoast_head":"<!-- This site is optimized with the Yoast SEO plugin v27.6 - https:\/\/yoast.com\/product\/yoast-seo-wordpress\/ -->\n<title>Congreso INNAE - UNAQ - Universidad Aeron&aacute;utica en Quer&eacute;taro<\/title>\n<meta name=\"robots\" content=\"index, follow, max-snippet:-1, max-image-preview:large, max-video-preview:-1\" \/>\n<link rel=\"canonical\" href=\"https:\/\/www.unaq.edu.mx\/en\/innae\/\" \/>\n<meta property=\"og:locale\" content=\"en_US\" \/>\n<meta property=\"og:type\" content=\"article\" \/>\n<meta property=\"og:title\" content=\"Congreso INNAE - UNAQ - Universidad Aeron&aacute;utica en Quer&eacute;taro\" \/>\n<meta property=\"og:description\" content=\"\u00a1Bienvenidos al 2do Congreso Internacional de Innovaci\u00f3n Aeroespacial (INNAE) 2025! La Universidad Aeron\u00e1utica en Quer\u00e9taro (UNAQ) tiene el honor de invitarte a un evento donde la creatividad, el conocimiento y la tecnolog\u00eda toman vuelo: el 2do Congreso Internacional de Innovaci\u00f3n Aeroespacial (INNAE). Este congreso es el punto de encuentro para investigadores, emprendedores, estudiantes, l\u00edderes de [&hellip;]\" \/>\n<meta property=\"og:url\" content=\"https:\/\/www.unaq.edu.mx\/en\/innae\/\" \/>\n<meta property=\"og:site_name\" content=\"UNAQ - Universidad Aeron&aacute;utica en Quer&eacute;taro\" \/>\n<meta property=\"article:publisher\" content=\"https:\/\/www.facebook.com\/UNAQMX\/\" \/>\n<meta property=\"article:modified_time\" content=\"2025-02-28T17:20:49+00:00\" \/>\n<meta property=\"og:image\" content=\"https:\/\/www.unaq.edu.mx\/wp-content\/uploads\/INNAE2025-3.jpg\" \/>\n\t<meta property=\"og:image:width\" content=\"1920\" \/>\n\t<meta property=\"og:image:height\" content=\"500\" \/>\n\t<meta property=\"og:image:type\" content=\"image\/jpeg\" \/>\n<meta name=\"twitter:card\" content=\"summary_large_image\" \/>\n<meta name=\"twitter:site\" content=\"@UNAQmx\" \/>\n<meta name=\"twitter:label1\" content=\"Est. reading time\" \/>\n\t<meta name=\"twitter:data1\" content=\"2 minutes\" \/>\n<script type=\"application\/ld+json\" class=\"yoast-schema-graph\">{\"@context\":\"https:\\\/\\\/schema.org\",\"@graph\":[{\"@type\":\"WebPage\",\"@id\":\"https:\\\/\\\/www.unaq.edu.mx\\\/innae\\\/\",\"url\":\"https:\\\/\\\/www.unaq.edu.mx\\\/innae\\\/\",\"name\":\"Congreso INNAE - UNAQ - Universidad Aeron&aacute;utica en Quer&eacute;taro\",\"isPartOf\":{\"@id\":\"https:\\\/\\\/www.unaq.edu.mx\\\/#website\"},\"primaryImageOfPage\":{\"@id\":\"https:\\\/\\\/www.unaq.edu.mx\\\/innae\\\/#primaryimage\"},\"image\":{\"@id\":\"https:\\\/\\\/www.unaq.edu.mx\\\/innae\\\/#primaryimage\"},\"thumbnailUrl\":\"https:\\\/\\\/www.unaq.edu.mx\\\/wp-content\\\/uploads\\\/INNAE2025-3.jpg\",\"datePublished\":\"2024-03-06T15:46:32+00:00\",\"dateModified\":\"2025-02-28T17:20:49+00:00\",\"breadcrumb\":{\"@id\":\"https:\\\/\\\/www.unaq.edu.mx\\\/innae\\\/#breadcrumb\"},\"inLanguage\":\"en-US\",\"potentialAction\":[{\"@type\":\"ReadAction\",\"target\":[\"https:\\\/\\\/www.unaq.edu.mx\\\/innae\\\/\"]}]},{\"@type\":\"ImageObject\",\"inLanguage\":\"en-US\",\"@id\":\"https:\\\/\\\/www.unaq.edu.mx\\\/innae\\\/#primaryimage\",\"url\":\"https:\\\/\\\/www.unaq.edu.mx\\\/wp-content\\\/uploads\\\/INNAE2025-3.jpg\",\"contentUrl\":\"https:\\\/\\\/www.unaq.edu.mx\\\/wp-content\\\/uploads\\\/INNAE2025-3.jpg\"},{\"@type\":\"BreadcrumbList\",\"@id\":\"https:\\\/\\\/www.unaq.edu.mx\\\/innae\\\/#breadcrumb\",\"itemListElement\":[{\"@type\":\"ListItem\",\"position\":1,\"name\":\"Portada\",\"item\":\"https:\\\/\\\/www.unaq.edu.mx\\\/\"},{\"@type\":\"ListItem\",\"position\":2,\"name\":\"Congreso INNAE\"}]},{\"@type\":\"WebSite\",\"@id\":\"https:\\\/\\\/www.unaq.edu.mx\\\/#website\",\"url\":\"https:\\\/\\\/www.unaq.edu.mx\\\/\",\"name\":\"UNAQ - Universidad Aeron&aacute;utica en Quer&eacute;taro\",\"description\":\"Formamos profesionales e investigadores para el sector aeron&aacute;utico, con valores, conocimientos, competencias y reconocimiento nacional e internacional, basado en un modelo educativo abierto, flexible, pertinente y estrechamente vinculado, para el desarrollo social, econ&oacute;mico y cultural de M&eacute;xico.\",\"publisher\":{\"@id\":\"https:\\\/\\\/www.unaq.edu.mx\\\/#organization\"},\"potentialAction\":[{\"@type\":\"SearchAction\",\"target\":{\"@type\":\"EntryPoint\",\"urlTemplate\":\"https:\\\/\\\/www.unaq.edu.mx\\\/?s={search_term_string}\"},\"query-input\":{\"@type\":\"PropertyValueSpecification\",\"valueRequired\":true,\"valueName\":\"search_term_string\"}}],\"inLanguage\":\"en-US\"},{\"@type\":\"Organization\",\"@id\":\"https:\\\/\\\/www.unaq.edu.mx\\\/#organization\",\"name\":\"Universidad Aeron\u00e1utica en Quer\u00e9taro\",\"url\":\"https:\\\/\\\/www.unaq.edu.mx\\\/\",\"logo\":{\"@type\":\"ImageObject\",\"inLanguage\":\"en-US\",\"@id\":\"https:\\\/\\\/www.unaq.edu.mx\\\/#\\\/schema\\\/logo\\\/image\\\/\",\"url\":\"https:\\\/\\\/www.unaq.edu.mx\\\/wp-content\\\/uploads\\\/2022\\\/04\\\/Logo_UNAQ.png\",\"contentUrl\":\"https:\\\/\\\/www.unaq.edu.mx\\\/wp-content\\\/uploads\\\/2022\\\/04\\\/Logo_UNAQ.png\",\"width\":648,\"height\":284,\"caption\":\"Universidad Aeron\u00e1utica en Quer\u00e9taro\"},\"image\":{\"@id\":\"https:\\\/\\\/www.unaq.edu.mx\\\/#\\\/schema\\\/logo\\\/image\\\/\"},\"sameAs\":[\"https:\\\/\\\/www.facebook.com\\\/UNAQMX\\\/\",\"https:\\\/\\\/x.com\\\/UNAQmx\",\"https:\\\/\\\/www.linkedin.com\\\/company\\\/unaq\",\"https:\\\/\\\/www.youtube.com\\\/user\\\/UNAQMX\"]}]}<\/script>\n<!-- \/ Yoast SEO plugin. -->","yoast_head_json":{"title":"Congreso INNAE - UNAQ - Universidad Aeron&aacute;utica en Quer&eacute;taro","robots":{"index":"index","follow":"follow","max-snippet":"max-snippet:-1","max-image-preview":"max-image-preview:large","max-video-preview":"max-video-preview:-1"},"canonical":"https:\/\/www.unaq.edu.mx\/en\/innae\/","og_locale":"en_US","og_type":"article","og_title":"Congreso INNAE - UNAQ - Universidad Aeron&aacute;utica en Quer&eacute;taro","og_description":"\u00a1Bienvenidos al 2do Congreso Internacional de Innovaci\u00f3n Aeroespacial (INNAE) 2025! La Universidad Aeron\u00e1utica en Quer\u00e9taro (UNAQ) tiene el honor de invitarte a un evento donde la creatividad, el conocimiento y la tecnolog\u00eda toman vuelo: el 2do Congreso Internacional de Innovaci\u00f3n Aeroespacial (INNAE). Este congreso es el punto de encuentro para investigadores, emprendedores, estudiantes, l\u00edderes de [&hellip;]","og_url":"https:\/\/www.unaq.edu.mx\/en\/innae\/","og_site_name":"UNAQ - Universidad Aeron&aacute;utica en Quer&eacute;taro","article_publisher":"https:\/\/www.facebook.com\/UNAQMX\/","article_modified_time":"2025-02-28T17:20:49+00:00","og_image":[{"width":1920,"height":500,"url":"https:\/\/www.unaq.edu.mx\/wp-content\/uploads\/INNAE2025-3.jpg","type":"image\/jpeg"}],"twitter_card":"summary_large_image","twitter_site":"@UNAQmx","twitter_misc":{"Est. reading time":"2 minutes"},"schema":{"@context":"https:\/\/schema.org","@graph":[{"@type":"WebPage","@id":"https:\/\/www.unaq.edu.mx\/innae\/","url":"https:\/\/www.unaq.edu.mx\/innae\/","name":"Congreso INNAE - UNAQ - Universidad Aeron&aacute;utica en Quer&eacute;taro","isPartOf":{"@id":"https:\/\/www.unaq.edu.mx\/#website"},"primaryImageOfPage":{"@id":"https:\/\/www.unaq.edu.mx\/innae\/#primaryimage"},"image":{"@id":"https:\/\/www.unaq.edu.mx\/innae\/#primaryimage"},"thumbnailUrl":"https:\/\/www.unaq.edu.mx\/wp-content\/uploads\/INNAE2025-3.jpg","datePublished":"2024-03-06T15:46:32+00:00","dateModified":"2025-02-28T17:20:49+00:00","breadcrumb":{"@id":"https:\/\/www.unaq.edu.mx\/innae\/#breadcrumb"},"inLanguage":"en-US","potentialAction":[{"@type":"ReadAction","target":["https:\/\/www.unaq.edu.mx\/innae\/"]}]},{"@type":"ImageObject","inLanguage":"en-US","@id":"https:\/\/www.unaq.edu.mx\/innae\/#primaryimage","url":"https:\/\/www.unaq.edu.mx\/wp-content\/uploads\/INNAE2025-3.jpg","contentUrl":"https:\/\/www.unaq.edu.mx\/wp-content\/uploads\/INNAE2025-3.jpg"},{"@type":"BreadcrumbList","@id":"https:\/\/www.unaq.edu.mx\/innae\/#breadcrumb","itemListElement":[{"@type":"ListItem","position":1,"name":"Portada","item":"https:\/\/www.unaq.edu.mx\/"},{"@type":"ListItem","position":2,"name":"Congreso INNAE"}]},{"@type":"WebSite","@id":"https:\/\/www.unaq.edu.mx\/#website","url":"https:\/\/www.unaq.edu.mx\/","name":"UNAQ - Universidad Aeron&aacute;utica en Quer&eacute;taro","description":"Formamos profesionales e investigadores para el sector aeron&aacute;utico, con valores, conocimientos, competencias y reconocimiento nacional e internacional, basado en un modelo educativo abierto, flexible, pertinente y estrechamente vinculado, para el desarrollo social, econ&oacute;mico y cultural de M&eacute;xico.","publisher":{"@id":"https:\/\/www.unaq.edu.mx\/#organization"},"potentialAction":[{"@type":"SearchAction","target":{"@type":"EntryPoint","urlTemplate":"https:\/\/www.unaq.edu.mx\/?s={search_term_string}"},"query-input":{"@type":"PropertyValueSpecification","valueRequired":true,"valueName":"search_term_string"}}],"inLanguage":"en-US"},{"@type":"Organization","@id":"https:\/\/www.unaq.edu.mx\/#organization","name":"Universidad Aeron\u00e1utica en Quer\u00e9taro","url":"https:\/\/www.unaq.edu.mx\/","logo":{"@type":"ImageObject","inLanguage":"en-US","@id":"https:\/\/www.unaq.edu.mx\/#\/schema\/logo\/image\/","url":"https:\/\/www.unaq.edu.mx\/wp-content\/uploads\/2022\/04\/Logo_UNAQ.png","contentUrl":"https:\/\/www.unaq.edu.mx\/wp-content\/uploads\/2022\/04\/Logo_UNAQ.png","width":648,"height":284,"caption":"Universidad Aeron\u00e1utica en Quer\u00e9taro"},"image":{"@id":"https:\/\/www.unaq.edu.mx\/#\/schema\/logo\/image\/"},"sameAs":["https:\/\/www.facebook.com\/UNAQMX\/","https:\/\/x.com\/UNAQmx","https:\/\/www.linkedin.com\/company\/unaq","https:\/\/www.youtube.com\/user\/UNAQMX"]}]}},"_links":{"self":[{"href":"https:\/\/www.unaq.edu.mx\/en\/wp-json\/wp\/v2\/pages\/13671","targetHints":{"allow":["GET"]}}],"collection":[{"href":"https:\/\/www.unaq.edu.mx\/en\/wp-json\/wp\/v2\/pages"}],"about":[{"href":"https:\/\/www.unaq.edu.mx\/en\/wp-json\/wp\/v2\/types\/page"}],"author":[{"embeddable":true,"href":"https:\/\/www.unaq.edu.mx\/en\/wp-json\/wp\/v2\/users\/1"}],"replies":[{"embeddable":true,"href":"https:\/\/www.unaq.edu.mx\/en\/wp-json\/wp\/v2\/comments?post=13671"}],"version-history":[{"count":31,"href":"https:\/\/www.unaq.edu.mx\/en\/wp-json\/wp\/v2\/pages\/13671\/revisions"}],"predecessor-version":[{"id":15208,"href":"https:\/\/www.unaq.edu.mx\/en\/wp-json\/wp\/v2\/pages\/13671\/revisions\/15208"}],"wp:attachment":[{"href":"https:\/\/www.unaq.edu.mx\/en\/wp-json\/wp\/v2\/media?parent=13671"}],"curies":[{"name":"wp","href":"https:\/\/api.w.org\/{rel}","templated":true}]}}