{"id":12828,"date":"2023-08-22T10:31:08","date_gmt":"2023-08-22T16:31:08","guid":{"rendered":"https:\/\/www.unaq.edu.mx\/?page_id=12828"},"modified":"2024-07-31T15:22:23","modified_gmt":"2024-07-31T21:22:23","slug":"dron-kab","status":"publish","type":"page","link":"https:\/\/www.unaq.edu.mx\/en\/soyunaq\/equipos-representativos\/dron-kab\/","title":{"rendered":"Dron Kab"},"content":{"rendered":"<div data-elementor-type=\"wp-page\" data-elementor-id=\"12828\" class=\"elementor elementor-12828\" data-elementor-post-type=\"page\">\n\t\t\t\t\t\t<section class=\"elementor-section elementor-top-section elementor-element elementor-element-8ca8b6b elementor-section-full_width elementor-section-height-default elementor-section-height-default\" data-id=\"8ca8b6b\" data-element_type=\"section\" data-e-type=\"section\" data-settings=\"{&quot;ekit_has_onepagescroll_dot&quot;:&quot;yes&quot;}\">\n\t\t\t\t\t\t<div class=\"elementor-container elementor-column-gap-default\">\n\t\t\t\t\t<div class=\"elementor-column elementor-col-100 elementor-top-column elementor-element elementor-element-216dc4d\" data-id=\"216dc4d\" data-element_type=\"column\" data-e-type=\"column\">\n\t\t\t<div class=\"elementor-widget-wrap elementor-element-populated\">\n\t\t\t\t\t\t<div class=\"elementor-element elementor-element-60e8f8c elementor-widget elementor-widget-image\" data-id=\"60e8f8c\" data-element_type=\"widget\" data-e-type=\"widget\" data-settings=\"{&quot;ekit_we_effect_on&quot;:&quot;none&quot;}\" data-widget_type=\"image.default\">\n\t\t\t\t<div class=\"elementor-widget-container\">\n\t\t\t\t\t\t\t\t\t\t\t\t\t\t\t<img fetchpriority=\"high\" decoding=\"async\" width=\"1920\" height=\"500\" src=\"https:\/\/www.unaq.edu.mx\/wp-content\/uploads\/Header_Dron_KAB.jpg\" class=\"attachment-full size-full wp-image-12830\" alt=\"\" srcset=\"https:\/\/www.unaq.edu.mx\/wp-content\/uploads\/Header_Dron_KAB.jpg 1920w, https:\/\/www.unaq.edu.mx\/wp-content\/uploads\/Header_Dron_KAB-300x78.jpg 300w, https:\/\/www.unaq.edu.mx\/wp-content\/uploads\/Header_Dron_KAB-1024x267.jpg 1024w, https:\/\/www.unaq.edu.mx\/wp-content\/uploads\/Header_Dron_KAB-768x200.jpg 768w, https:\/\/www.unaq.edu.mx\/wp-content\/uploads\/Header_Dron_KAB-1536x400.jpg 1536w, https:\/\/www.unaq.edu.mx\/wp-content\/uploads\/Header_Dron_KAB-18x5.jpg 18w\" sizes=\"(max-width: 1920px) 100vw, 1920px\" \/>\t\t\t\t\t\t\t\t\t\t\t\t\t\t\t<\/div>\n\t\t\t\t<\/div>\n\t\t\t\t\t<\/div>\n\t\t<\/div>\n\t\t\t\t\t<\/div>\n\t\t<\/section>\n\t\t\t\t<section class=\"elementor-section elementor-top-section elementor-element elementor-element-0dd11d1 elementor-section-boxed elementor-section-height-default elementor-section-height-default\" data-id=\"0dd11d1\" data-element_type=\"section\" data-e-type=\"section\" data-settings=\"{&quot;ekit_has_onepagescroll_dot&quot;:&quot;yes&quot;}\">\n\t\t\t\t\t\t<div class=\"elementor-container elementor-column-gap-default\">\n\t\t\t\t\t<div class=\"elementor-column elementor-col-100 elementor-top-column elementor-element elementor-element-ca5680c\" data-id=\"ca5680c\" data-element_type=\"column\" data-e-type=\"column\">\n\t\t\t<div class=\"elementor-widget-wrap elementor-element-populated\">\n\t\t\t\t\t\t<div class=\"elementor-element elementor-element-f905621 elementor-widget elementor-widget-heading\" data-id=\"f905621\" data-element_type=\"widget\" data-e-type=\"widget\" data-settings=\"{&quot;ekit_we_effect_on&quot;:&quot;none&quot;}\" data-widget_type=\"heading.default\">\n\t\t\t\t<div class=\"elementor-widget-container\">\n\t\t\t\t\t<h2 class=\"elementor-heading-title elementor-size-default\">Dron Kab<\/h2>\t\t\t\t<\/div>\n\t\t\t\t<\/div>\n\t\t\t\t<div class=\"elementor-element elementor-element-0b7b71e elementor-widget elementor-widget-text-editor\" data-id=\"0b7b71e\" data-element_type=\"widget\" data-e-type=\"widget\" data-settings=\"{&quot;ekit_we_effect_on&quot;:&quot;none&quot;}\" data-widget_type=\"text-editor.default\">\n\t\t\t\t<div class=\"elementor-widget-container\">\n\t\t\t\t\t\t\t\t\t<p style=\"text-align: justify;\"><img decoding=\"async\" class=\"size-medium wp-image-12832 alignright\" src=\"https:\/\/www.unaq.edu.mx\/wp-content\/uploads\/Logo_Dron_KAB-300x173.png\" alt=\"\" width=\"300\" height=\"173\" srcset=\"https:\/\/www.unaq.edu.mx\/wp-content\/uploads\/Logo_Dron_KAB-300x173.png 300w, https:\/\/www.unaq.edu.mx\/wp-content\/uploads\/Logo_Dron_KAB-18x10.png 18w, https:\/\/www.unaq.edu.mx\/wp-content\/uploads\/Logo_Dron_KAB.png 600w\" sizes=\"(max-width: 300px) 100vw, 300px\" \/><\/p><p style=\"text-align: justify;\">Dron Kab es un equipo representativo de la UNAQ consolidado en el a\u00f1o 2022. Dedicado al dise\u00f1o y desarrollo de drones que puedan volar de manera aut\u00f3noma y, mediante algoritmos de inteligencia artificial, ejecutar acciones que les permitan resolver misiones de vuelo en competencias nacionales e internacionales.\u00a0<\/p><p style=\"text-align: justify;\">El equipo est\u00e1 conformado por estudiantes que buscan contribuir a la innovaci\u00f3n y desarrollo de veh\u00edculos no tripulados, conformado por 4 \u00e1reas t\u00e9cnicas y 1 administrativa.\u00a0<\/p><p style=\"text-align: justify;\">El nombre del equipo, Dron Kab, deriva de la palabra inglesa &#8220;drone&#8221;, cuyo significado original es z\u00e1ngano, y &#8220;kab&#8221;, que significa abeja en maya.<\/p><p>Achievements:<\/p><ul><li>1er Lugar en la categor\u00eda de Drones Aut\u00f3nomos, Torneo Mexicano de Rob\u00f3tica 2024.<\/li><li>2do Lugar Taller Nacional de Drones Inteligentes, 2023.<\/li><li>4to Lugar en la categor\u00eda de Drones Aut\u00f3nomos, Torneo Mexicano de Rob\u00f3tica 2023<\/li><\/ul><p style=\"text-align: justify;\">Social networks:<\/p>\t\t\t\t\t\t\t\t<\/div>\n\t\t\t\t<\/div>\n\t\t\t\t<div class=\"elementor-element elementor-element-286e4a9 e-grid-align-left elementor-shape-rounded elementor-grid-0 elementor-widget elementor-widget-social-icons\" data-id=\"286e4a9\" data-element_type=\"widget\" data-e-type=\"widget\" data-settings=\"{&quot;ekit_we_effect_on&quot;:&quot;none&quot;}\" data-widget_type=\"social-icons.default\">\n\t\t\t\t<div class=\"elementor-widget-container\">\n\t\t\t\t\t\t\t<div class=\"elementor-social-icons-wrapper elementor-grid\" role=\"list\">\n\t\t\t\t\t\t\t<span class=\"elementor-grid-item\" role=\"listitem\">\n\t\t\t\t\t<a class=\"elementor-icon elementor-social-icon elementor-social-icon-facebook elementor-repeater-item-696a927\" href=\"https:\/\/www.facebook.com\/profile.php?id=100088523205402\" target=\"_blank\">\n\t\t\t\t\t\t<span class=\"elementor-screen-only\">Facebook<\/span>\n\t\t\t\t\t\t<i aria-hidden=\"true\" class=\"fab fa-facebook\"><\/i>\t\t\t\t\t<\/a>\n\t\t\t\t<\/span>\n\t\t\t\t\t\t\t<span class=\"elementor-grid-item\" role=\"listitem\">\n\t\t\t\t\t<a class=\"elementor-icon elementor-social-icon elementor-social-icon-instagram elementor-repeater-item-d3ba2f2\" href=\"https:\/\/www.instagram.com\/dron.kab\" target=\"_blank\">\n\t\t\t\t\t\t<span class=\"elementor-screen-only\">Instagram<\/span>\n\t\t\t\t\t\t<i aria-hidden=\"true\" class=\"fab fa-instagram\"><\/i>\t\t\t\t\t<\/a>\n\t\t\t\t<\/span>\n\t\t\t\t\t<\/div>\n\t\t\t\t\t\t<\/div>\n\t\t\t\t<\/div>\n\t\t\t\t\t<\/div>\n\t\t<\/div>\n\t\t\t\t\t<\/div>\n\t\t<\/section>\n\t\t\t\t<\/div>","protected":false},"excerpt":{"rendered":"<p>Dron Kab Dron Kab es un equipo representativo de la UNAQ consolidado en el a\u00f1o 2022. Dedicado al dise\u00f1o y desarrollo de drones que puedan volar de manera aut\u00f3noma y, mediante algoritmos de inteligencia artificial, ejecutar acciones que les permitan resolver misiones de vuelo en competencias nacionales e internacionales.\u00a0 El equipo est\u00e1 conformado por estudiantes [&hellip;]<\/p>\n","protected":false},"author":1,"featured_media":0,"parent":9688,"menu_order":0,"comment_status":"closed","ping_status":"closed","template":"elementor_header_footer","meta":{"footnotes":""},"class_list":["post-12828","page","type-page","status-publish","hentry"],"yoast_head":"<!-- This site is optimized with the Yoast SEO plugin v27.3 - https:\/\/yoast.com\/product\/yoast-seo-wordpress\/ -->\n<title>Dron Kab - UNAQ - Universidad Aeron&aacute;utica en Quer&eacute;taro<\/title>\n<meta name=\"robots\" content=\"index, follow, max-snippet:-1, max-image-preview:large, max-video-preview:-1\" \/>\n<link rel=\"canonical\" href=\"https:\/\/www.unaq.edu.mx\/en\/soyunaq\/equipos-representativos\/dron-kab\/\" \/>\n<meta property=\"og:locale\" content=\"en_US\" \/>\n<meta property=\"og:type\" content=\"article\" \/>\n<meta property=\"og:title\" content=\"Dron Kab - UNAQ - Universidad Aeron&aacute;utica en Quer&eacute;taro\" \/>\n<meta property=\"og:description\" content=\"Dron Kab Dron Kab es un equipo representativo de la UNAQ consolidado en el a\u00f1o 2022. Dedicado al dise\u00f1o y desarrollo de drones que puedan volar de manera aut\u00f3noma y, mediante algoritmos de inteligencia artificial, ejecutar acciones que les permitan resolver misiones de vuelo en competencias nacionales e internacionales.\u00a0 El equipo est\u00e1 conformado por estudiantes [&hellip;]\" \/>\n<meta property=\"og:url\" content=\"https:\/\/www.unaq.edu.mx\/en\/soyunaq\/equipos-representativos\/dron-kab\/\" \/>\n<meta property=\"og:site_name\" content=\"UNAQ - Universidad Aeron&aacute;utica en Quer&eacute;taro\" \/>\n<meta property=\"article:publisher\" content=\"https:\/\/www.facebook.com\/UNAQMX\/\" \/>\n<meta property=\"article:modified_time\" content=\"2024-07-31T21:22:23+00:00\" \/>\n<meta property=\"og:image\" content=\"https:\/\/www.unaq.edu.mx\/wp-content\/uploads\/Header_Dron_KAB.jpg\" \/>\n<meta name=\"twitter:card\" content=\"summary_large_image\" \/>\n<meta name=\"twitter:site\" content=\"@UNAQmx\" \/>\n<meta name=\"twitter:label1\" content=\"Est. reading time\" \/>\n\t<meta name=\"twitter:data1\" content=\"2 minutes\" \/>\n<script type=\"application\/ld+json\" class=\"yoast-schema-graph\">{\"@context\":\"https:\\\/\\\/schema.org\",\"@graph\":[{\"@type\":\"WebPage\",\"@id\":\"https:\\\/\\\/www.unaq.edu.mx\\\/soyunaq\\\/equipos-representativos\\\/dron-kab\\\/\",\"url\":\"https:\\\/\\\/www.unaq.edu.mx\\\/soyunaq\\\/equipos-representativos\\\/dron-kab\\\/\",\"name\":\"Dron Kab - UNAQ - Universidad Aeron&aacute;utica en Quer&eacute;taro\",\"isPartOf\":{\"@id\":\"https:\\\/\\\/www.unaq.edu.mx\\\/#website\"},\"primaryImageOfPage\":{\"@id\":\"https:\\\/\\\/www.unaq.edu.mx\\\/soyunaq\\\/equipos-representativos\\\/dron-kab\\\/#primaryimage\"},\"image\":{\"@id\":\"https:\\\/\\\/www.unaq.edu.mx\\\/soyunaq\\\/equipos-representativos\\\/dron-kab\\\/#primaryimage\"},\"thumbnailUrl\":\"https:\\\/\\\/www.unaq.edu.mx\\\/wp-content\\\/uploads\\\/Header_Dron_KAB.jpg\",\"datePublished\":\"2023-08-22T16:31:08+00:00\",\"dateModified\":\"2024-07-31T21:22:23+00:00\",\"breadcrumb\":{\"@id\":\"https:\\\/\\\/www.unaq.edu.mx\\\/soyunaq\\\/equipos-representativos\\\/dron-kab\\\/#breadcrumb\"},\"inLanguage\":\"en-US\",\"potentialAction\":[{\"@type\":\"ReadAction\",\"target\":[\"https:\\\/\\\/www.unaq.edu.mx\\\/soyunaq\\\/equipos-representativos\\\/dron-kab\\\/\"]}]},{\"@type\":\"ImageObject\",\"inLanguage\":\"en-US\",\"@id\":\"https:\\\/\\\/www.unaq.edu.mx\\\/soyunaq\\\/equipos-representativos\\\/dron-kab\\\/#primaryimage\",\"url\":\"https:\\\/\\\/www.unaq.edu.mx\\\/wp-content\\\/uploads\\\/Header_Dron_KAB.jpg\",\"contentUrl\":\"https:\\\/\\\/www.unaq.edu.mx\\\/wp-content\\\/uploads\\\/Header_Dron_KAB.jpg\"},{\"@type\":\"BreadcrumbList\",\"@id\":\"https:\\\/\\\/www.unaq.edu.mx\\\/soyunaq\\\/equipos-representativos\\\/dron-kab\\\/#breadcrumb\",\"itemListElement\":[{\"@type\":\"ListItem\",\"position\":1,\"name\":\"Portada\",\"item\":\"https:\\\/\\\/www.unaq.edu.mx\\\/\"},{\"@type\":\"ListItem\",\"position\":2,\"name\":\"@SoyUNAQ\",\"item\":\"https:\\\/\\\/www.unaq.edu.mx\\\/soyunaq\\\/\"},{\"@type\":\"ListItem\",\"position\":3,\"name\":\"Equipos representativos\",\"item\":\"https:\\\/\\\/www.unaq.edu.mx\\\/soyunaq\\\/equipos-representativos\\\/\"},{\"@type\":\"ListItem\",\"position\":4,\"name\":\"Dron Kab\"}]},{\"@type\":\"WebSite\",\"@id\":\"https:\\\/\\\/www.unaq.edu.mx\\\/#website\",\"url\":\"https:\\\/\\\/www.unaq.edu.mx\\\/\",\"name\":\"UNAQ - Universidad Aeron&aacute;utica en Quer&eacute;taro\",\"description\":\"Formamos profesionales e investigadores para el sector aeron&aacute;utico, con valores, conocimientos, competencias y reconocimiento nacional e internacional, basado en un modelo educativo abierto, flexible, pertinente y estrechamente vinculado, para el desarrollo social, econ&oacute;mico y cultural de M&eacute;xico.\",\"publisher\":{\"@id\":\"https:\\\/\\\/www.unaq.edu.mx\\\/#organization\"},\"potentialAction\":[{\"@type\":\"SearchAction\",\"target\":{\"@type\":\"EntryPoint\",\"urlTemplate\":\"https:\\\/\\\/www.unaq.edu.mx\\\/?s={search_term_string}\"},\"query-input\":{\"@type\":\"PropertyValueSpecification\",\"valueRequired\":true,\"valueName\":\"search_term_string\"}}],\"inLanguage\":\"en-US\"},{\"@type\":\"Organization\",\"@id\":\"https:\\\/\\\/www.unaq.edu.mx\\\/#organization\",\"name\":\"Universidad Aeron\u00e1utica en Quer\u00e9taro\",\"url\":\"https:\\\/\\\/www.unaq.edu.mx\\\/\",\"logo\":{\"@type\":\"ImageObject\",\"inLanguage\":\"en-US\",\"@id\":\"https:\\\/\\\/www.unaq.edu.mx\\\/#\\\/schema\\\/logo\\\/image\\\/\",\"url\":\"https:\\\/\\\/www.unaq.edu.mx\\\/wp-content\\\/uploads\\\/2022\\\/04\\\/Logo_UNAQ.png\",\"contentUrl\":\"https:\\\/\\\/www.unaq.edu.mx\\\/wp-content\\\/uploads\\\/2022\\\/04\\\/Logo_UNAQ.png\",\"width\":648,\"height\":284,\"caption\":\"Universidad Aeron\u00e1utica en Quer\u00e9taro\"},\"image\":{\"@id\":\"https:\\\/\\\/www.unaq.edu.mx\\\/#\\\/schema\\\/logo\\\/image\\\/\"},\"sameAs\":[\"https:\\\/\\\/www.facebook.com\\\/UNAQMX\\\/\",\"https:\\\/\\\/x.com\\\/UNAQmx\",\"https:\\\/\\\/www.linkedin.com\\\/company\\\/unaq\",\"https:\\\/\\\/www.youtube.com\\\/user\\\/UNAQMX\"]}]}<\/script>\n<!-- \/ Yoast SEO plugin. -->","yoast_head_json":{"title":"Dron Kab - UNAQ - Universidad Aeron&aacute;utica en Quer&eacute;taro","robots":{"index":"index","follow":"follow","max-snippet":"max-snippet:-1","max-image-preview":"max-image-preview:large","max-video-preview":"max-video-preview:-1"},"canonical":"https:\/\/www.unaq.edu.mx\/en\/soyunaq\/equipos-representativos\/dron-kab\/","og_locale":"en_US","og_type":"article","og_title":"Dron Kab - UNAQ - Universidad Aeron&aacute;utica en Quer&eacute;taro","og_description":"Dron Kab Dron Kab es un equipo representativo de la UNAQ consolidado en el a\u00f1o 2022. Dedicado al dise\u00f1o y desarrollo de drones que puedan volar de manera aut\u00f3noma y, mediante algoritmos de inteligencia artificial, ejecutar acciones que les permitan resolver misiones de vuelo en competencias nacionales e internacionales.\u00a0 El equipo est\u00e1 conformado por estudiantes [&hellip;]","og_url":"https:\/\/www.unaq.edu.mx\/en\/soyunaq\/equipos-representativos\/dron-kab\/","og_site_name":"UNAQ - Universidad Aeron&aacute;utica en Quer&eacute;taro","article_publisher":"https:\/\/www.facebook.com\/UNAQMX\/","article_modified_time":"2024-07-31T21:22:23+00:00","og_image":[{"url":"https:\/\/www.unaq.edu.mx\/wp-content\/uploads\/Header_Dron_KAB.jpg","type":"","width":"","height":""}],"twitter_card":"summary_large_image","twitter_site":"@UNAQmx","twitter_misc":{"Est. reading time":"2 minutes"},"schema":{"@context":"https:\/\/schema.org","@graph":[{"@type":"WebPage","@id":"https:\/\/www.unaq.edu.mx\/soyunaq\/equipos-representativos\/dron-kab\/","url":"https:\/\/www.unaq.edu.mx\/soyunaq\/equipos-representativos\/dron-kab\/","name":"Dron Kab - UNAQ - Universidad Aeron&aacute;utica en Quer&eacute;taro","isPartOf":{"@id":"https:\/\/www.unaq.edu.mx\/#website"},"primaryImageOfPage":{"@id":"https:\/\/www.unaq.edu.mx\/soyunaq\/equipos-representativos\/dron-kab\/#primaryimage"},"image":{"@id":"https:\/\/www.unaq.edu.mx\/soyunaq\/equipos-representativos\/dron-kab\/#primaryimage"},"thumbnailUrl":"https:\/\/www.unaq.edu.mx\/wp-content\/uploads\/Header_Dron_KAB.jpg","datePublished":"2023-08-22T16:31:08+00:00","dateModified":"2024-07-31T21:22:23+00:00","breadcrumb":{"@id":"https:\/\/www.unaq.edu.mx\/soyunaq\/equipos-representativos\/dron-kab\/#breadcrumb"},"inLanguage":"en-US","potentialAction":[{"@type":"ReadAction","target":["https:\/\/www.unaq.edu.mx\/soyunaq\/equipos-representativos\/dron-kab\/"]}]},{"@type":"ImageObject","inLanguage":"en-US","@id":"https:\/\/www.unaq.edu.mx\/soyunaq\/equipos-representativos\/dron-kab\/#primaryimage","url":"https:\/\/www.unaq.edu.mx\/wp-content\/uploads\/Header_Dron_KAB.jpg","contentUrl":"https:\/\/www.unaq.edu.mx\/wp-content\/uploads\/Header_Dron_KAB.jpg"},{"@type":"BreadcrumbList","@id":"https:\/\/www.unaq.edu.mx\/soyunaq\/equipos-representativos\/dron-kab\/#breadcrumb","itemListElement":[{"@type":"ListItem","position":1,"name":"Portada","item":"https:\/\/www.unaq.edu.mx\/"},{"@type":"ListItem","position":2,"name":"@SoyUNAQ","item":"https:\/\/www.unaq.edu.mx\/soyunaq\/"},{"@type":"ListItem","position":3,"name":"Equipos representativos","item":"https:\/\/www.unaq.edu.mx\/soyunaq\/equipos-representativos\/"},{"@type":"ListItem","position":4,"name":"Dron Kab"}]},{"@type":"WebSite","@id":"https:\/\/www.unaq.edu.mx\/#website","url":"https:\/\/www.unaq.edu.mx\/","name":"UNAQ - Universidad Aeron&aacute;utica en Quer&eacute;taro","description":"Formamos profesionales e investigadores para el sector aeron&aacute;utico, con valores, conocimientos, competencias y reconocimiento nacional e internacional, basado en un modelo educativo abierto, flexible, pertinente y estrechamente vinculado, para el desarrollo social, econ&oacute;mico y cultural de M&eacute;xico.","publisher":{"@id":"https:\/\/www.unaq.edu.mx\/#organization"},"potentialAction":[{"@type":"SearchAction","target":{"@type":"EntryPoint","urlTemplate":"https:\/\/www.unaq.edu.mx\/?s={search_term_string}"},"query-input":{"@type":"PropertyValueSpecification","valueRequired":true,"valueName":"search_term_string"}}],"inLanguage":"en-US"},{"@type":"Organization","@id":"https:\/\/www.unaq.edu.mx\/#organization","name":"Universidad Aeron\u00e1utica en Quer\u00e9taro","url":"https:\/\/www.unaq.edu.mx\/","logo":{"@type":"ImageObject","inLanguage":"en-US","@id":"https:\/\/www.unaq.edu.mx\/#\/schema\/logo\/image\/","url":"https:\/\/www.unaq.edu.mx\/wp-content\/uploads\/2022\/04\/Logo_UNAQ.png","contentUrl":"https:\/\/www.unaq.edu.mx\/wp-content\/uploads\/2022\/04\/Logo_UNAQ.png","width":648,"height":284,"caption":"Universidad Aeron\u00e1utica en Quer\u00e9taro"},"image":{"@id":"https:\/\/www.unaq.edu.mx\/#\/schema\/logo\/image\/"},"sameAs":["https:\/\/www.facebook.com\/UNAQMX\/","https:\/\/x.com\/UNAQmx","https:\/\/www.linkedin.com\/company\/unaq","https:\/\/www.youtube.com\/user\/UNAQMX"]}]}},"_links":{"self":[{"href":"https:\/\/www.unaq.edu.mx\/en\/wp-json\/wp\/v2\/pages\/12828","targetHints":{"allow":["GET"]}}],"collection":[{"href":"https:\/\/www.unaq.edu.mx\/en\/wp-json\/wp\/v2\/pages"}],"about":[{"href":"https:\/\/www.unaq.edu.mx\/en\/wp-json\/wp\/v2\/types\/page"}],"author":[{"embeddable":true,"href":"https:\/\/www.unaq.edu.mx\/en\/wp-json\/wp\/v2\/users\/1"}],"replies":[{"embeddable":true,"href":"https:\/\/www.unaq.edu.mx\/en\/wp-json\/wp\/v2\/comments?post=12828"}],"version-history":[{"count":8,"href":"https:\/\/www.unaq.edu.mx\/en\/wp-json\/wp\/v2\/pages\/12828\/revisions"}],"predecessor-version":[{"id":14342,"href":"https:\/\/www.unaq.edu.mx\/en\/wp-json\/wp\/v2\/pages\/12828\/revisions\/14342"}],"up":[{"embeddable":true,"href":"https:\/\/www.unaq.edu.mx\/en\/wp-json\/wp\/v2\/pages\/9688"}],"wp:attachment":[{"href":"https:\/\/www.unaq.edu.mx\/en\/wp-json\/wp\/v2\/media?parent=12828"}],"curies":[{"name":"wp","href":"https:\/\/api.w.org\/{rel}","templated":true}]}}