{"id":12528,"date":"2023-06-21T14:58:56","date_gmt":"2023-06-21T20:58:56","guid":{"rendered":"https:\/\/www.unaq.edu.mx\/?page_id=12528"},"modified":"2025-12-12T10:49:24","modified_gmt":"2025-12-12T16:49:24","slug":"ima","status":"publish","type":"page","link":"https:\/\/www.unaq.edu.mx\/en\/oferta-educativa\/ing\/ima\/","title":{"rendered":"Ingenier\u00eda en Mantenimiento Aeron\u00e1utico (IMA)"},"content":{"rendered":"<div data-elementor-type=\"wp-page\" data-elementor-id=\"12528\" class=\"elementor elementor-12528\" data-elementor-post-type=\"page\">\n\t\t\t\t\t\t<section class=\"elementor-section elementor-top-section elementor-element elementor-element-5c501a9 elementor-section-boxed elementor-section-height-default elementor-section-height-default\" data-id=\"5c501a9\" data-element_type=\"section\" data-e-type=\"section\" data-settings=\"{&quot;ekit_has_onepagescroll_dot&quot;:&quot;yes&quot;}\">\n\t\t\t\t\t\t<div class=\"elementor-container elementor-column-gap-default\">\n\t\t\t\t\t<div class=\"elementor-column elementor-col-100 elementor-top-column elementor-element elementor-element-8074f02\" data-id=\"8074f02\" data-element_type=\"column\" data-e-type=\"column\">\n\t\t\t<div class=\"elementor-widget-wrap elementor-element-populated\">\n\t\t\t\t\t\t<div class=\"elementor-element elementor-element-11ca41e elementor-widget elementor-widget-heading\" data-id=\"11ca41e\" data-element_type=\"widget\" data-e-type=\"widget\" data-settings=\"{&quot;ekit_we_effect_on&quot;:&quot;none&quot;}\" data-widget_type=\"heading.default\">\n\t\t\t\t<div class=\"elementor-widget-container\">\n\t\t\t\t\t<h2 class=\"elementor-heading-title elementor-size-default\">Ingenier\u00eda en Mantenimiento Aeron\u00e1utico (IMA)<\/h2>\t\t\t\t<\/div>\n\t\t\t\t<\/div>\n\t\t\t\t<div class=\"elementor-element elementor-element-ce138e7 elementor-widget elementor-widget-heading\" data-id=\"ce138e7\" data-element_type=\"widget\" data-e-type=\"widget\" data-settings=\"{&quot;ekit_we_effect_on&quot;:&quot;none&quot;}\" data-widget_type=\"heading.default\">\n\t\t\t\t<div class=\"elementor-widget-container\">\n\t\t\t\t\t<h4 class=\"elementor-heading-title elementor-size-default\">Programa de continuidad de T\u00e9cnico Superior Universitario (Modalidad Mixta) <\/h4>\t\t\t\t<\/div>\n\t\t\t\t<\/div>\n\t\t\t\t\t<\/div>\n\t\t<\/div>\n\t\t\t\t\t<\/div>\n\t\t<\/section>\n\t\t\t\t<section class=\"elementor-section elementor-top-section elementor-element elementor-element-0711328 elementor-section-boxed elementor-section-height-default elementor-section-height-default\" data-id=\"0711328\" data-element_type=\"section\" data-e-type=\"section\" data-settings=\"{&quot;ekit_has_onepagescroll_dot&quot;:&quot;yes&quot;}\">\n\t\t\t\t\t\t<div class=\"elementor-container elementor-column-gap-default\">\n\t\t\t\t\t<div class=\"elementor-column elementor-col-50 elementor-top-column elementor-element elementor-element-de92ed1\" data-id=\"de92ed1\" data-element_type=\"column\" data-e-type=\"column\">\n\t\t\t<div class=\"elementor-widget-wrap elementor-element-populated\">\n\t\t\t\t\t\t<div class=\"elementor-element elementor-element-2268065 elementor-widget elementor-widget-text-editor\" data-id=\"2268065\" data-element_type=\"widget\" data-e-type=\"widget\" data-settings=\"{&quot;ekit_we_effect_on&quot;:&quot;none&quot;}\" data-widget_type=\"text-editor.default\">\n\t\t\t\t<div class=\"elementor-widget-container\">\n\t\t\t\t\t\t\t\t\t<h3 style=\"text-align: justify;\">Admission profile<\/h3><p style=\"text-align: justify;\">El estudiante interesado en ingresar a la Ingenier\u00eda Mantenimiento Aeron\u00e1utico a, en la Universidad Aeron\u00e1utica en Quer\u00e9taro debe cumplir con los siguientes:<\/p><h4 style=\"text-align: justify;\">Requirements:<\/h4><ul><li style=\"text-align: justify;\">T\u00edtulo y c\u00e9dula profesional de T\u00e9cnico Superior Universitario en Mantenimiento Aeron\u00e1utico \u00e1rea Planeador y Motor o \u00e1rea Avi\u00f3nica.<\/li><li style=\"text-align: justify;\">Disponibilidad de horario para las clases, de lunes a viernes flexible y s\u00e1bados de 8h00 a 14h00.<\/li><\/ul><h4>Knowledge:<\/h4><ul><li>Matem\u00e1ticas en general, \u00e1lgebra, estad\u00edstica y c\u00e1lculo diferencial e integral de funciones de una variable.<\/li><li>Generales de f\u00edsica, particularmente en lo que respecta a temas relacionados con f\u00edsica cl\u00e1sica.<\/li><li>Preferentemente comprensi\u00f3n de textos en ingl\u00e9s.<\/li><\/ul><h4>Skills:<\/h4><ul><li>Oral and written communication in the Spanish language.<\/li><li>De b\u00fasqueda de informaci\u00f3n en diferentes fuentes.<\/li><li>Adaptation to new environments.<\/li><li>Disposici\u00f3n al aprendizaje aut\u00f3nomo.<\/li><li>En el manejo de herramientas computacionales b\u00e1sicas (procesador de textos, hoja de c\u00e1lculo).<\/li><li>Capacidad de an\u00e1lisis y s\u00edntesis.<\/li><li>Manejo de herramientas de taller.<\/li><li>Manejo de la presi\u00f3n laboral.<\/li><li>Razonamiento Espacial.<\/li><\/ul><h4>Attitudes<\/h4><ul><li>Disposici\u00f3n para el trabajo en equipo.<\/li><li>Proactivo y propositivo.<\/li><li>Organizado.<\/li><li>Disciplinado.<\/li><li>Honesto.<\/li><li>Responsable.<\/li><li>Respetuoso.<\/li><li>Autocr\u00edtico.<\/li><li>Deseos de superaci\u00f3n.<\/li><li>Resilient to frustration<\/li><\/ul><h4>Interests<\/h4><ul><li>B\u00fasqueda de crecimiento profesional.<\/li><li>Por la b\u00fasqueda de soluciones de problemas en el mantenimiento aeron\u00e1utico de aeronaves, componentes y\/o accesorios.<\/li><li>Desarrollar soluciones y m\u00e9todos para eficientar recursos en el mantenimiento aeron\u00e1utico.<\/li><li>Por conocer la problem\u00e1tica social local, nacional e internacional y proponer soluciones en el sector aeron\u00e1utico.<\/li><\/ul>\t\t\t\t\t\t\t\t<\/div>\n\t\t\t\t<\/div>\n\t\t\t\t\t<\/div>\n\t\t<\/div>\n\t\t\t\t<div class=\"elementor-column elementor-col-50 elementor-top-column elementor-element elementor-element-dd02081\" data-id=\"dd02081\" data-element_type=\"column\" data-e-type=\"column\">\n\t\t\t<div class=\"elementor-widget-wrap elementor-element-populated\">\n\t\t\t\t\t\t<div class=\"elementor-element elementor-element-f1ce7d3 elementor-widget elementor-widget-text-editor\" data-id=\"f1ce7d3\" data-element_type=\"widget\" data-e-type=\"widget\" data-settings=\"{&quot;ekit_we_effect_on&quot;:&quot;none&quot;}\" data-widget_type=\"text-editor.default\">\n\t\t\t\t<div class=\"elementor-widget-container\">\n\t\t\t\t\t\t\t\t\t<h4 style=\"text-align: justify;\">Competencias Profesionales<\/h4><p style=\"text-align: justify;\">Professional competencies are the skills that allow the engineer to develop activities in his work field, to adapt to new environments, as well as transfer, if needed, his knowledge, skills, and attitudes to forthcoming professional areas.<\/p><h4 style=\"text-align: justify;\">Competencias Gen\u00e9ricas<\/h4><p style=\"text-align: justify;\">To raise and solve problems based on the principles and theories of physics, chemistry, and math, through the scientific method to back up decision-making in the scientific and technological scope.\u00a0\u00a0<br \/>\u00a0<br \/>To develop and strengthen the instrumental, interpersonal, systemic, and directive skills to communicate in a second language.<\/p><p style=\"text-align: justify;\">Competencias Espec\u00edficas<\/p><ol><li style=\"text-align: justify;\"><strong>Gestionar el mantenimiento de aeronaves, sus componentes y\/o accesorios a trav\u00e9s del dise\u00f1o y la administraci\u00f3n de programas de mantenimiento en talleres aeron\u00e1uticos de aviaci\u00f3n comercial y general, enfocados a servicios, reparaciones y alteraciones, cumpliendo con la normatividad nacional e internacional para contribuir a la aeronavegabilidad.<\/strong><ol><li style=\"text-align: justify;\">Dise\u00f1ar programas de mantenimiento de aeronaves, sus componentes y\/o accesorios\u00a0\u00a0\u00a0 mediante metodolog\u00edas de mantenimiento cumpliendo con normativa nacional e internacional en talleres aeron\u00e1uticos para mantener la operatividad, aeronavegabilidad y eficientar la vida \u00fatil.<\/li><li style=\"text-align: justify;\">Administrar programas de mantenimiento de aeronaves, sus componentes y\/o accesorios\u00a0\u00a0 mediante la planeaci\u00f3n, organizaci\u00f3n, direcci\u00f3n y control de los programas de mantenimiento en talleres aeron\u00e1uticos para optimizar la operaci\u00f3n.<\/li><li style=\"text-align: justify;\">Contribuir al aseguramiento de la aeronavegabilidad de aeronaves, sus componentes y\/o accesorios, a trav\u00e9s de sistemas de calidad y seguridad operativa cumpliendo con la normatividad aplicable para que operen de una manera segura y cumplan con el prop\u00f3sito para el cual fueron dise\u00f1ados.<\/li><\/ol><\/li><\/ol><h4>Labor field<\/h4><p>El Ingeniero en Mantenimiento Aeron\u00e1utico, podr\u00e1 desenvolverse en:<\/p><ul><li>L\u00edneas A\u00e9reas\u202f<\/li><li>Instituciones p\u00fablicas con flota a\u00e9rea\u202f<\/li><li>MRO (Maintenance, Repair and Overhaul)\u202f<\/li><li>Talleres autorizados de Mantenimiento Aeron\u00e1utico<\/li><\/ul><h4>Professional Occupations<\/h4><p>El Ingeniero en Mantenimiento Aeron\u00e1utico, podr\u00e1 desempe\u00f1arse como:<\/p><ul><li>Gerente de registros de mantenimiento<\/li><li>Gerente de Administraci\u00f3n de aeronavegabilidad<\/li><li>Consultor T\u00e9cnico<\/li><li>Representante ante la autoridad<\/li><li>Supervisor de mantenimiento<\/li><li>Gerente de Proyectos<\/li><li>Jefe de Taller de Mantenimiento<\/li><li>Ingeniero de Planeaci\u00f3n de mantenimiento<\/li><li>Director de servicio de mantenimiento t\u00e9cnico y de operaci\u00f3n<\/li><\/ul>\t\t\t\t\t\t\t\t<\/div>\n\t\t\t\t<\/div>\n\t\t\t\t\t<\/div>\n\t\t<\/div>\n\t\t\t\t\t<\/div>\n\t\t<\/section>\n\t\t\t\t<section class=\"elementor-section elementor-top-section elementor-element elementor-element-09539e2 elementor-section-boxed elementor-section-height-default elementor-section-height-default\" data-id=\"09539e2\" data-element_type=\"section\" data-e-type=\"section\" data-settings=\"{&quot;ekit_has_onepagescroll_dot&quot;:&quot;yes&quot;}\">\n\t\t\t\t\t\t<div class=\"elementor-container elementor-column-gap-default\">\n\t\t\t\t\t<div class=\"elementor-column elementor-col-100 elementor-top-column elementor-element elementor-element-3d98a0e\" data-id=\"3d98a0e\" data-element_type=\"column\" data-e-type=\"column\">\n\t\t\t<div class=\"elementor-widget-wrap elementor-element-populated\">\n\t\t\t\t\t\t<div class=\"elementor-element elementor-element-421337c elementor-widget elementor-widget-image\" data-id=\"421337c\" data-element_type=\"widget\" data-e-type=\"widget\" data-settings=\"{&quot;ekit_we_effect_on&quot;:&quot;none&quot;}\" data-widget_type=\"image.default\">\n\t\t\t\t<div class=\"elementor-widget-container\">\n\t\t\t\t\t\t\t\t\t\t\t\t\t\t\t\t<a href=\"https:\/\/www.unaq.edu.mx\/wp-content\/uploads\/MapaCurricularIMA.jpg\" data-elementor-open-lightbox=\"yes\" data-e-action-hash=\"#elementor-action%3Aaction%3Dlightbox%26settings%3DeyJpZCI6MTYyMjIsInVybCI6Imh0dHBzOlwvXC93d3cudW5hcS5lZHUubXhcL3dwLWNvbnRlbnRcL3VwbG9hZHNcL01hcGFDdXJyaWN1bGFySU1BLmpwZyJ9\">\n\t\t\t\t\t\t\t<img fetchpriority=\"high\" decoding=\"async\" width=\"1650\" height=\"1275\" src=\"https:\/\/www.unaq.edu.mx\/wp-content\/uploads\/MapaCurricularIMA.jpg\" class=\"attachment-full size-full wp-image-16222\" alt=\"\" srcset=\"https:\/\/www.unaq.edu.mx\/wp-content\/uploads\/MapaCurricularIMA.jpg 1650w, https:\/\/www.unaq.edu.mx\/wp-content\/uploads\/MapaCurricularIMA-300x232.jpg 300w, https:\/\/www.unaq.edu.mx\/wp-content\/uploads\/MapaCurricularIMA-1024x791.jpg 1024w, https:\/\/www.unaq.edu.mx\/wp-content\/uploads\/MapaCurricularIMA-768x593.jpg 768w, https:\/\/www.unaq.edu.mx\/wp-content\/uploads\/MapaCurricularIMA-1536x1187.jpg 1536w, https:\/\/www.unaq.edu.mx\/wp-content\/uploads\/MapaCurricularIMA-16x12.jpg 16w\" sizes=\"(max-width: 1650px) 100vw, 1650px\" \/>\t\t\t\t\t\t\t\t<\/a>\n\t\t\t\t\t\t\t\t\t\t\t\t\t\t\t<\/div>\n\t\t\t\t<\/div>\n\t\t\t\t<div class=\"elementor-element elementor-element-7f2bfcd elementor-widget elementor-widget-text-editor\" data-id=\"7f2bfcd\" data-element_type=\"widget\" data-e-type=\"widget\" data-settings=\"{&quot;ekit_we_effect_on&quot;:&quot;none&quot;}\" data-widget_type=\"text-editor.default\">\n\t\t\t\t<div class=\"elementor-widget-container\">\n\t\t\t\t\t\t\t\t\t<p style=\"text-align: center;\">Importante: Nombres de carreras y planes de estudios sujetos a cambios sin previo aviso<\/p>\t\t\t\t\t\t\t\t<\/div>\n\t\t\t\t<\/div>\n\t\t\t\t\t<\/div>\n\t\t<\/div>\n\t\t\t\t\t<\/div>\n\t\t<\/section>\n\t\t\t\t<\/div>","protected":false},"excerpt":{"rendered":"<p>Ingenier\u00eda en Mantenimiento Aeron\u00e1utico (IMA) Programa de continuidad de T\u00e9cnico Superior Universitario (Modalidad Mixta) Perfil de Ingreso El estudiante interesado en ingresar a la Ingenier\u00eda Mantenimiento Aeron\u00e1utico a, en la Universidad Aeron\u00e1utica en Quer\u00e9taro debe cumplir con los siguientes: Requisitos: T\u00edtulo y c\u00e9dula profesional de T\u00e9cnico Superior Universitario en Mantenimiento Aeron\u00e1utico \u00e1rea Planeador y Motor [&hellip;]<\/p>\n","protected":false},"author":1,"featured_media":0,"parent":10049,"menu_order":0,"comment_status":"closed","ping_status":"closed","template":"elementor_header_footer","meta":{"footnotes":""},"class_list":["post-12528","page","type-page","status-publish","hentry"],"yoast_head":"<!-- This site is optimized with the Yoast SEO plugin v27.3 - https:\/\/yoast.com\/product\/yoast-seo-wordpress\/ -->\n<title>Ingenier\u00eda en Mantenimiento Aeron\u00e1utico (IMA) - UNAQ - Universidad Aeron&aacute;utica en Quer&eacute;taro<\/title>\n<meta name=\"robots\" content=\"index, follow, max-snippet:-1, max-image-preview:large, max-video-preview:-1\" \/>\n<link rel=\"canonical\" href=\"https:\/\/www.unaq.edu.mx\/en\/oferta-educativa\/ing\/ima\/\" \/>\n<meta property=\"og:locale\" content=\"en_US\" \/>\n<meta property=\"og:type\" content=\"article\" \/>\n<meta property=\"og:title\" content=\"Ingenier\u00eda en Mantenimiento Aeron\u00e1utico (IMA) - UNAQ - Universidad Aeron&aacute;utica en Quer&eacute;taro\" \/>\n<meta property=\"og:description\" content=\"Ingenier\u00eda en Mantenimiento Aeron\u00e1utico (IMA) Programa de continuidad de T\u00e9cnico Superior Universitario (Modalidad Mixta) Perfil de Ingreso El estudiante interesado en ingresar a la Ingenier\u00eda Mantenimiento Aeron\u00e1utico a, en la Universidad Aeron\u00e1utica en Quer\u00e9taro debe cumplir con los siguientes: Requisitos: T\u00edtulo y c\u00e9dula profesional de T\u00e9cnico Superior Universitario en Mantenimiento Aeron\u00e1utico \u00e1rea Planeador y Motor [&hellip;]\" \/>\n<meta property=\"og:url\" content=\"https:\/\/www.unaq.edu.mx\/en\/oferta-educativa\/ing\/ima\/\" \/>\n<meta property=\"og:site_name\" content=\"UNAQ - Universidad Aeron&aacute;utica en Quer&eacute;taro\" \/>\n<meta property=\"article:publisher\" content=\"https:\/\/www.facebook.com\/UNAQMX\/\" \/>\n<meta property=\"article:modified_time\" content=\"2025-12-12T16:49:24+00:00\" \/>\n<meta property=\"og:image\" content=\"https:\/\/www.unaq.edu.mx\/wp-content\/uploads\/MapaCurricularIMA.jpg\" \/>\n<meta name=\"twitter:card\" content=\"summary_large_image\" \/>\n<meta name=\"twitter:site\" content=\"@UNAQmx\" \/>\n<meta name=\"twitter:label1\" content=\"Est. reading time\" \/>\n\t<meta name=\"twitter:data1\" content=\"3 minutes\" \/>\n<script type=\"application\/ld+json\" class=\"yoast-schema-graph\">{\"@context\":\"https:\\\/\\\/schema.org\",\"@graph\":[{\"@type\":\"WebPage\",\"@id\":\"https:\\\/\\\/www.unaq.edu.mx\\\/oferta-educativa\\\/ing\\\/ima\\\/\",\"url\":\"https:\\\/\\\/www.unaq.edu.mx\\\/oferta-educativa\\\/ing\\\/ima\\\/\",\"name\":\"Ingenier\u00eda en Mantenimiento Aeron\u00e1utico (IMA) - UNAQ - Universidad Aeron&aacute;utica en Quer&eacute;taro\",\"isPartOf\":{\"@id\":\"https:\\\/\\\/www.unaq.edu.mx\\\/#website\"},\"primaryImageOfPage\":{\"@id\":\"https:\\\/\\\/www.unaq.edu.mx\\\/oferta-educativa\\\/ing\\\/ima\\\/#primaryimage\"},\"image\":{\"@id\":\"https:\\\/\\\/www.unaq.edu.mx\\\/oferta-educativa\\\/ing\\\/ima\\\/#primaryimage\"},\"thumbnailUrl\":\"https:\\\/\\\/www.unaq.edu.mx\\\/wp-content\\\/uploads\\\/MapaCurricularIMA.jpg\",\"datePublished\":\"2023-06-21T20:58:56+00:00\",\"dateModified\":\"2025-12-12T16:49:24+00:00\",\"breadcrumb\":{\"@id\":\"https:\\\/\\\/www.unaq.edu.mx\\\/oferta-educativa\\\/ing\\\/ima\\\/#breadcrumb\"},\"inLanguage\":\"en-US\",\"potentialAction\":[{\"@type\":\"ReadAction\",\"target\":[\"https:\\\/\\\/www.unaq.edu.mx\\\/oferta-educativa\\\/ing\\\/ima\\\/\"]}]},{\"@type\":\"ImageObject\",\"inLanguage\":\"en-US\",\"@id\":\"https:\\\/\\\/www.unaq.edu.mx\\\/oferta-educativa\\\/ing\\\/ima\\\/#primaryimage\",\"url\":\"https:\\\/\\\/www.unaq.edu.mx\\\/wp-content\\\/uploads\\\/MapaCurricularIMA.jpg\",\"contentUrl\":\"https:\\\/\\\/www.unaq.edu.mx\\\/wp-content\\\/uploads\\\/MapaCurricularIMA.jpg\"},{\"@type\":\"BreadcrumbList\",\"@id\":\"https:\\\/\\\/www.unaq.edu.mx\\\/oferta-educativa\\\/ing\\\/ima\\\/#breadcrumb\",\"itemListElement\":[{\"@type\":\"ListItem\",\"position\":1,\"name\":\"Portada\",\"item\":\"https:\\\/\\\/www.unaq.edu.mx\\\/\"},{\"@type\":\"ListItem\",\"position\":2,\"name\":\"Oferta Educativa\",\"item\":\"https:\\\/\\\/www.unaq.edu.mx\\\/oferta-educativa\\\/\"},{\"@type\":\"ListItem\",\"position\":3,\"name\":\"Ingenier\u00eda (ING)\",\"item\":\"https:\\\/\\\/www.unaq.edu.mx\\\/oferta-educativa\\\/ing\\\/\"},{\"@type\":\"ListItem\",\"position\":4,\"name\":\"Ingenier\u00eda en Mantenimiento Aeron\u00e1utico (IMA)\"}]},{\"@type\":\"WebSite\",\"@id\":\"https:\\\/\\\/www.unaq.edu.mx\\\/#website\",\"url\":\"https:\\\/\\\/www.unaq.edu.mx\\\/\",\"name\":\"UNAQ - Universidad Aeron&aacute;utica en Quer&eacute;taro\",\"description\":\"Formamos profesionales e investigadores para el sector aeron&aacute;utico, con valores, conocimientos, competencias y reconocimiento nacional e internacional, basado en un modelo educativo abierto, flexible, pertinente y estrechamente vinculado, para el desarrollo social, econ&oacute;mico y cultural de M&eacute;xico.\",\"publisher\":{\"@id\":\"https:\\\/\\\/www.unaq.edu.mx\\\/#organization\"},\"potentialAction\":[{\"@type\":\"SearchAction\",\"target\":{\"@type\":\"EntryPoint\",\"urlTemplate\":\"https:\\\/\\\/www.unaq.edu.mx\\\/?s={search_term_string}\"},\"query-input\":{\"@type\":\"PropertyValueSpecification\",\"valueRequired\":true,\"valueName\":\"search_term_string\"}}],\"inLanguage\":\"en-US\"},{\"@type\":\"Organization\",\"@id\":\"https:\\\/\\\/www.unaq.edu.mx\\\/#organization\",\"name\":\"Universidad Aeron\u00e1utica en Quer\u00e9taro\",\"url\":\"https:\\\/\\\/www.unaq.edu.mx\\\/\",\"logo\":{\"@type\":\"ImageObject\",\"inLanguage\":\"en-US\",\"@id\":\"https:\\\/\\\/www.unaq.edu.mx\\\/#\\\/schema\\\/logo\\\/image\\\/\",\"url\":\"https:\\\/\\\/www.unaq.edu.mx\\\/wp-content\\\/uploads\\\/2022\\\/04\\\/Logo_UNAQ.png\",\"contentUrl\":\"https:\\\/\\\/www.unaq.edu.mx\\\/wp-content\\\/uploads\\\/2022\\\/04\\\/Logo_UNAQ.png\",\"width\":648,\"height\":284,\"caption\":\"Universidad Aeron\u00e1utica en Quer\u00e9taro\"},\"image\":{\"@id\":\"https:\\\/\\\/www.unaq.edu.mx\\\/#\\\/schema\\\/logo\\\/image\\\/\"},\"sameAs\":[\"https:\\\/\\\/www.facebook.com\\\/UNAQMX\\\/\",\"https:\\\/\\\/x.com\\\/UNAQmx\",\"https:\\\/\\\/www.linkedin.com\\\/company\\\/unaq\",\"https:\\\/\\\/www.youtube.com\\\/user\\\/UNAQMX\"]}]}<\/script>\n<!-- \/ Yoast SEO plugin. -->","yoast_head_json":{"title":"Ingenier\u00eda en Mantenimiento Aeron\u00e1utico (IMA) - UNAQ - Universidad Aeron&aacute;utica en Quer&eacute;taro","robots":{"index":"index","follow":"follow","max-snippet":"max-snippet:-1","max-image-preview":"max-image-preview:large","max-video-preview":"max-video-preview:-1"},"canonical":"https:\/\/www.unaq.edu.mx\/en\/oferta-educativa\/ing\/ima\/","og_locale":"en_US","og_type":"article","og_title":"Ingenier\u00eda en Mantenimiento Aeron\u00e1utico (IMA) - UNAQ - Universidad Aeron&aacute;utica en Quer&eacute;taro","og_description":"Ingenier\u00eda en Mantenimiento Aeron\u00e1utico (IMA) Programa de continuidad de T\u00e9cnico Superior Universitario (Modalidad Mixta) Perfil de Ingreso El estudiante interesado en ingresar a la Ingenier\u00eda Mantenimiento Aeron\u00e1utico a, en la Universidad Aeron\u00e1utica en Quer\u00e9taro debe cumplir con los siguientes: Requisitos: T\u00edtulo y c\u00e9dula profesional de T\u00e9cnico Superior Universitario en Mantenimiento Aeron\u00e1utico \u00e1rea Planeador y Motor [&hellip;]","og_url":"https:\/\/www.unaq.edu.mx\/en\/oferta-educativa\/ing\/ima\/","og_site_name":"UNAQ - Universidad Aeron&aacute;utica en Quer&eacute;taro","article_publisher":"https:\/\/www.facebook.com\/UNAQMX\/","article_modified_time":"2025-12-12T16:49:24+00:00","og_image":[{"url":"https:\/\/www.unaq.edu.mx\/wp-content\/uploads\/MapaCurricularIMA.jpg","type":"","width":"","height":""}],"twitter_card":"summary_large_image","twitter_site":"@UNAQmx","twitter_misc":{"Est. reading time":"3 minutes"},"schema":{"@context":"https:\/\/schema.org","@graph":[{"@type":"WebPage","@id":"https:\/\/www.unaq.edu.mx\/oferta-educativa\/ing\/ima\/","url":"https:\/\/www.unaq.edu.mx\/oferta-educativa\/ing\/ima\/","name":"Ingenier\u00eda en Mantenimiento Aeron\u00e1utico (IMA) - UNAQ - Universidad Aeron&aacute;utica en Quer&eacute;taro","isPartOf":{"@id":"https:\/\/www.unaq.edu.mx\/#website"},"primaryImageOfPage":{"@id":"https:\/\/www.unaq.edu.mx\/oferta-educativa\/ing\/ima\/#primaryimage"},"image":{"@id":"https:\/\/www.unaq.edu.mx\/oferta-educativa\/ing\/ima\/#primaryimage"},"thumbnailUrl":"https:\/\/www.unaq.edu.mx\/wp-content\/uploads\/MapaCurricularIMA.jpg","datePublished":"2023-06-21T20:58:56+00:00","dateModified":"2025-12-12T16:49:24+00:00","breadcrumb":{"@id":"https:\/\/www.unaq.edu.mx\/oferta-educativa\/ing\/ima\/#breadcrumb"},"inLanguage":"en-US","potentialAction":[{"@type":"ReadAction","target":["https:\/\/www.unaq.edu.mx\/oferta-educativa\/ing\/ima\/"]}]},{"@type":"ImageObject","inLanguage":"en-US","@id":"https:\/\/www.unaq.edu.mx\/oferta-educativa\/ing\/ima\/#primaryimage","url":"https:\/\/www.unaq.edu.mx\/wp-content\/uploads\/MapaCurricularIMA.jpg","contentUrl":"https:\/\/www.unaq.edu.mx\/wp-content\/uploads\/MapaCurricularIMA.jpg"},{"@type":"BreadcrumbList","@id":"https:\/\/www.unaq.edu.mx\/oferta-educativa\/ing\/ima\/#breadcrumb","itemListElement":[{"@type":"ListItem","position":1,"name":"Portada","item":"https:\/\/www.unaq.edu.mx\/"},{"@type":"ListItem","position":2,"name":"Oferta Educativa","item":"https:\/\/www.unaq.edu.mx\/oferta-educativa\/"},{"@type":"ListItem","position":3,"name":"Ingenier\u00eda (ING)","item":"https:\/\/www.unaq.edu.mx\/oferta-educativa\/ing\/"},{"@type":"ListItem","position":4,"name":"Ingenier\u00eda en Mantenimiento Aeron\u00e1utico (IMA)"}]},{"@type":"WebSite","@id":"https:\/\/www.unaq.edu.mx\/#website","url":"https:\/\/www.unaq.edu.mx\/","name":"UNAQ - Universidad Aeron&aacute;utica en Quer&eacute;taro","description":"Formamos profesionales e investigadores para el sector aeron&aacute;utico, con valores, conocimientos, competencias y reconocimiento nacional e internacional, basado en un modelo educativo abierto, flexible, pertinente y estrechamente vinculado, para el desarrollo social, econ&oacute;mico y cultural de M&eacute;xico.","publisher":{"@id":"https:\/\/www.unaq.edu.mx\/#organization"},"potentialAction":[{"@type":"SearchAction","target":{"@type":"EntryPoint","urlTemplate":"https:\/\/www.unaq.edu.mx\/?s={search_term_string}"},"query-input":{"@type":"PropertyValueSpecification","valueRequired":true,"valueName":"search_term_string"}}],"inLanguage":"en-US"},{"@type":"Organization","@id":"https:\/\/www.unaq.edu.mx\/#organization","name":"Universidad Aeron\u00e1utica en Quer\u00e9taro","url":"https:\/\/www.unaq.edu.mx\/","logo":{"@type":"ImageObject","inLanguage":"en-US","@id":"https:\/\/www.unaq.edu.mx\/#\/schema\/logo\/image\/","url":"https:\/\/www.unaq.edu.mx\/wp-content\/uploads\/2022\/04\/Logo_UNAQ.png","contentUrl":"https:\/\/www.unaq.edu.mx\/wp-content\/uploads\/2022\/04\/Logo_UNAQ.png","width":648,"height":284,"caption":"Universidad Aeron\u00e1utica en Quer\u00e9taro"},"image":{"@id":"https:\/\/www.unaq.edu.mx\/#\/schema\/logo\/image\/"},"sameAs":["https:\/\/www.facebook.com\/UNAQMX\/","https:\/\/x.com\/UNAQmx","https:\/\/www.linkedin.com\/company\/unaq","https:\/\/www.youtube.com\/user\/UNAQMX"]}]}},"_links":{"self":[{"href":"https:\/\/www.unaq.edu.mx\/en\/wp-json\/wp\/v2\/pages\/12528","targetHints":{"allow":["GET"]}}],"collection":[{"href":"https:\/\/www.unaq.edu.mx\/en\/wp-json\/wp\/v2\/pages"}],"about":[{"href":"https:\/\/www.unaq.edu.mx\/en\/wp-json\/wp\/v2\/types\/page"}],"author":[{"embeddable":true,"href":"https:\/\/www.unaq.edu.mx\/en\/wp-json\/wp\/v2\/users\/1"}],"replies":[{"embeddable":true,"href":"https:\/\/www.unaq.edu.mx\/en\/wp-json\/wp\/v2\/comments?post=12528"}],"version-history":[{"count":28,"href":"https:\/\/www.unaq.edu.mx\/en\/wp-json\/wp\/v2\/pages\/12528\/revisions"}],"predecessor-version":[{"id":16225,"href":"https:\/\/www.unaq.edu.mx\/en\/wp-json\/wp\/v2\/pages\/12528\/revisions\/16225"}],"up":[{"embeddable":true,"href":"https:\/\/www.unaq.edu.mx\/en\/wp-json\/wp\/v2\/pages\/10049"}],"wp:attachment":[{"href":"https:\/\/www.unaq.edu.mx\/en\/wp-json\/wp\/v2\/media?parent=12528"}],"curies":[{"name":"wp","href":"https:\/\/api.w.org\/{rel}","templated":true}]}}