{"id":10381,"date":"2022-04-12T12:38:15","date_gmt":"2022-04-12T18:38:15","guid":{"rendered":"https:\/\/www.unaq.edu.mx\/?page_id=10381"},"modified":"2026-04-29T10:06:49","modified_gmt":"2026-04-29T16:06:49","slug":"aviso-de-privacidad","status":"publish","type":"page","link":"https:\/\/www.unaq.edu.mx\/en\/aviso-de-privacidad\/","title":{"rendered":"Aviso de Privacidad"},"content":{"rendered":"<div data-elementor-type=\"wp-page\" data-elementor-id=\"10381\" class=\"elementor elementor-10381\" data-elementor-post-type=\"page\">\n\t\t\t\t\t\t<section class=\"elementor-section elementor-top-section elementor-element elementor-element-59e18a4 elementor-section-boxed elementor-section-height-default elementor-section-height-default\" data-id=\"59e18a4\" data-element_type=\"section\" data-e-type=\"section\" data-settings=\"{&quot;ekit_has_onepagescroll_dot&quot;:&quot;yes&quot;}\">\n\t\t\t\t\t\t<div class=\"elementor-container elementor-column-gap-default\">\n\t\t\t\t\t<div class=\"elementor-column elementor-col-100 elementor-top-column elementor-element elementor-element-27c9b21\" data-id=\"27c9b21\" data-element_type=\"column\" data-e-type=\"column\">\n\t\t\t<div class=\"elementor-widget-wrap elementor-element-populated\">\n\t\t\t\t\t\t<div class=\"elementor-element elementor-element-6c7726f elementor-widget elementor-widget-heading\" data-id=\"6c7726f\" data-element_type=\"widget\" data-e-type=\"widget\" data-settings=\"{&quot;ekit_we_effect_on&quot;:&quot;none&quot;}\" data-widget_type=\"heading.default\">\n\t\t\t\t<div class=\"elementor-widget-container\">\n\t\t\t\t\t<h2 class=\"elementor-heading-title elementor-size-default\">Aviso de Privacidad<\/h2>\t\t\t\t<\/div>\n\t\t\t\t<\/div>\n\t\t\t\t<div class=\"elementor-element elementor-element-d775934 elementor-widget elementor-widget-text-editor\" data-id=\"d775934\" data-element_type=\"widget\" data-e-type=\"widget\" data-settings=\"{&quot;ekit_we_effect_on&quot;:&quot;none&quot;}\" data-widget_type=\"text-editor.default\">\n\t\t\t\t<div class=\"elementor-widget-container\">\n\t\t\t\t\t\t\t\t\t<p style=\"text-align: justify;\">La Universidad Aeron\u00e1utica en Quer\u00e9taro, mejor conocida como la UNAQ, con domicilio en Carretera Estatal 200 Quer\u00e9taro Tequisquiapan n\u00famero 22154, Colonia Parque Aeroespacial de Quer\u00e9taro, c\u00f3digo postal 76278 en el Municipio de Col\u00f3n, Quer\u00e9taro, M\u00e9xico y Portal de internet <a href=\"https:\/\/www.unaq.edu.mx\/en\/\">www.unaq.edu.mx<\/a>, es la responsable del uso y proyecci\u00f3n de sus datos personales, y al respecto le informamos lo siguiente:<\/p><p style=\"text-align: justify; padding-left: 40px;\"><strong>\u00bfPara qu\u00e9 fines utilizaremos sus datos personales?<\/strong><\/p><p>Los datos personales que recabamos de usted, los utilizaremos para las siguientes finalidades que son necesarias para el servicio que solicita:<\/p><ul><li>Llevar a cabo procesos de inscripci\u00f3n, reinscripci\u00f3n y control escolar.<\/li><li>Integrar y administrar expedientes acad\u00e9micos, administrativos, laborales y cl\u00ednicos.<\/li><li>Verificar identidad, requisitos acad\u00e9micos y documentaci\u00f3n oficial.<\/li><li>Gestionar procesos de contrataci\u00f3n, n\u00f3mina, seguridad social y cumplimiento de obligaciones laborales.<\/li><li>Administrar servicios educativos, de capacitaci\u00f3n y formaci\u00f3n profesional.<\/li><li>Gestionar becas, apoyos institucionales y servicios estudiantiles.<\/li><li>Realizar control de acceso, asistencia, uso de instalaciones, pr\u00e9stamo de materiales y recursos institucionales.<\/li><li>Dar cumplimiento a obligaciones legales, fiscales, administrativas y de transparencia.<\/li><li>Elaborar reportes, estad\u00edsticas e informes institucionales.<\/li><li>Gestionar convenios, vinculaci\u00f3n institucional, pr\u00e1cticas profesionales y bolsa de trabajo.<\/li><li>Administrar sistemas tecnol\u00f3gicos, redes institucionales y comunicaci\u00f3n interna.<\/li><li>Atender emergencias m\u00e9dicas, protecci\u00f3n civil y contacto con familiares o terceros autorizados.<\/li><\/ul><p>\u00a0<\/p><p style=\"text-align: justify; padding-left: 40px;\"><strong>\u00bfCon qui\u00e9n compartimos su informaci\u00f3n personal y para qu\u00e9 fines?<\/strong><\/p><p style=\"text-align: justify;\">Le informamos que sus datos personales son compartidos dentro del pa\u00eds con las siguientes personas, empresas, organizaciones o autoridades distintas a nosotros, para los siguientes fines:<\/p><p style=\"text-align: justify;\">Con Instituciones de Gobierno Federal, Estatal y Municipal, para informar y llevar a cabo estad\u00edsticas de Educaci\u00f3n en el Sector, en ejercicio de las funciones de la UNAQ.<\/p><p style=\"text-align: justify; padding-left: 40px;\"><strong>\u00bfC\u00f3mo puede acceder, rectificar o cancelar sus datos personales, u oponerse a su uso?<\/strong><\/p><p style=\"text-align: justify;\">Usted tiene derecho a conocer qu\u00e9 datos personales tenemos de usted, para qu\u00e9 los utilizamos y las condiciones del uso que les damos (Acceso). Asimismo, es su derecho solicitar la correcci\u00f3n de su informaci\u00f3n personal en caso de que est\u00e9 desactualizada, sea inexacta o incompleta. (Rectificaci\u00f3n); que la eliminemos de nuestros registros o bases de datos cuando considere que la misma no est\u00e1 siendo utilizada adecuadamente. (Cancelaci\u00f3n); as\u00ed como oponerse al uso de sus datos personales para fines espec\u00edficos (Oposici\u00f3n). Estos derechos se conocen como derechos ARCO.<\/p><p style=\"text-align: justify; padding-left: 40px;\"><strong>Para el ejercicio de cualquiera de los derechos ARCO, usted deber\u00e1 presentar la solicitud respectiva a trav\u00e9s del siguiente:<\/strong><\/p><p style=\"text-align: justify;\"><strong>Solicitud por correo al Titular del \u00c1rea Jur\u00eddica.<\/strong><\/p><p style=\"text-align: justify; padding-left: 40px;\"><strong>Para conocer el procedimiento y requisitos para el ejercicio de los derechos ARCO, ponemos a su disposici\u00f3n el siguiente medio:<\/strong><\/p><p style=\"text-align: justify;\">Dirigirse a la Unidad enlace de la Dependencia.<\/p><p style=\"text-align: justify;\">Los datos de contacto de la persona o departamento de datos personales, que est\u00e1 a cargo de dar tr\u00e1mite a las solicitudes de derechos ARCO, son los siguientes:<\/p><p style=\"text-align: justify; padding-left: 80px;\"><strong>Lic. Ariadna Tovar Ruiz, Abogada General de la UNAQ.<\/strong><\/p><p style=\"text-align: justify; padding-left: 40px;\">Domicilio ubicado en Carretera Estatal 200 Quer\u00e9taro Tequisquiapan n\u00famero 22154, Colonia Parque Aeroespacial de Quer\u00e9taro, c\u00f3digo postal 76278, Municipio de Col\u00f3n, Quer\u00e9taro, M\u00e9xico.<br \/>Correo electr\u00f3nico: <a href=\"mailto:ariadna.tovar@unaq.mx\" target=\"_blank\" rel=\"noopener\">ariadna.tovar@unaq.mx<\/a><br \/>N\u00famero telef\u00f3nico: 442 1016600, extensi\u00f3n 6635.<\/p><p style=\"text-align: justify;\"><strong>Revocaci\u00f3n de su consentimiento para el uso de sus datos personales<\/strong><\/p><p style=\"text-align: justify;\">Usted puede revocar el consentimiento que, en su caso, nos haya otorgado para el tratamiento de sus datos personales. Sin embargo, es importante que tenga en cuenta que no en todos los casos podremos atender su solicitud o concluir el uso de forma inmediata, ya que es posible que por alguna obligaci\u00f3n legal requiramos seguir tratando sus datos personales. Asimismo, usted deber\u00e1 considerar que, para ciertos fines, la revocaci\u00f3n de su consentimiento implicar\u00e1 que no le podamos seguir prestando el servicio que nos solicit\u00f3, o la conclusi\u00f3n de su relaci\u00f3n con nosotros.<\/p><p style=\"text-align: justify; padding-left: 40px;\"><strong>Para revocar su consentimiento deber\u00e1 presentar su solicitud a trav\u00e9s de los siguientes medios:<\/strong><\/p><p style=\"text-align: justify;\">Solicitud por correo u oficio al titular del \u00e1rea Jur\u00eddica de la UNAQ.<\/p><p style=\"text-align: justify; padding-left: 40px;\"><strong>Para conocer el procedimiento y requisitos para la revocaci\u00f3n del consentimiento, ponemos a su disposici\u00f3n los siguientes medios:<\/strong><\/p><p style=\"text-align: justify;\">Solicitud por correo u oficio al titular del \u00e1rea Jur\u00eddica de la UNAQ.<\/p><p style=\"text-align: justify; padding-left: 40px;\"><strong>\u00bfC\u00f3mo puede limitar el uso o divulgaci\u00f3n de su informaci\u00f3n personal?<\/strong><\/p><p style=\"text-align: justify;\">Con objeto de que usted pueda limitar el uso y divulgaci\u00f3n de su informaci\u00f3n personal, le ofrecemos los siguientes medios:<\/p><p style=\"text-align: justify;\">Solicitud por correo u oficio al titular del \u00e1rea de Jur\u00eddica de la UNAQ.<\/p><p style=\"text-align: justify; padding-left: 40px;\"><strong>\u00bfC\u00f3mo puede conocer los cambios en este aviso de privacidad?<\/strong><\/p><p style=\"text-align: justify;\">El presente aviso de privacidad puede sufrir modificaciones, cambios o actualizaciones derivadas de nuevos requerimientos legales; de nuestras propias necesidades por los productos o servicios que ofrecemos; de nuestras pr\u00e1cticas de privacidad; de cambios en nuestro modelo de negocio, o por otras causas.<\/p><p style=\"text-align: justify;\">Nos comprometemos a mantenerlo informado sobre los cambios que pueda sufrir el presente aviso de privacidad, a trav\u00e9s de: la p\u00e1gina oficial de la UNAQ: www.unaq.edu.mx.<\/p><p style=\"text-align: justify;\">El procedimiento a trav\u00e9s del cual se llevar\u00e1n a cabo las notificaciones sobre cambios o actualizaciones al presente aviso de privacidad se publicar\u00e1 en la p\u00e1gina antes mencionada.<\/p><p style=\"text-align: right;\">Agosto 2024<\/p>\t\t\t\t\t\t\t\t<\/div>\n\t\t\t\t<\/div>\n\t\t\t\t<div class=\"elementor-element elementor-element-e8f05d5 elementor-widget elementor-widget-elementskit-creative-button\" data-id=\"e8f05d5\" data-element_type=\"widget\" data-e-type=\"widget\" data-settings=\"{&quot;ekit_we_effect_on&quot;:&quot;none&quot;}\" data-widget_type=\"elementskit-creative-button.default\">\n\t\t\t\t<div class=\"elementor-widget-container\">\n\t\t\t\t\t<div class=\"ekit-wid-con\" >\t\t<div class=\"ekit-btn-wraper\">\n\t\t\t\t\t\t\t\t<a href=\"https:\/\/unaq-my.sharepoint.com\/:b:\/g\/personal\/webpage_soyunaq_mx\/EXglhk9v92ZBslD-WzNsuDQBNLZi0nN1Ebx1qZJLYxZDSA?e=x8Dz1l\" target=\"_blank\" class=\"ekit_creative_button ekit_slide_in_line ekit_slide_text_right ekit_btn_splash\" id=\"\" style=\"flex-direction: row;\" data-text=\"\">\n\t\t\t\t\t\t<span class=\"ekit_creative_button_icon_wrapper\">\n\t\t\t\t\t\t<i aria-hidden=\"true\" class=\"ekit_creative_button_icon_before fas fa-cloud-download-alt\"><\/i>\t\t\t\t\t\t<\/span>\n\n\t\t\t\t\t\t<span class=\"ekit_creative_button_text\">Aviso de privacidad integral<\/span>\n\n\t\t\t\t\t\t\t\t\t\t\t<\/a>\n\t\t\t\t\t\t<\/div>\n        <\/div>\t\t\t\t<\/div>\n\t\t\t\t<\/div>\n\t\t\t\t\t<\/div>\n\t\t<\/div>\n\t\t\t\t\t<\/div>\n\t\t<\/section>\n\t\t\t\t<\/div>","protected":false},"excerpt":{"rendered":"<p>Aviso de Privacidad La Universidad Aeron\u00e1utica en Quer\u00e9taro, mejor conocida como la UNAQ, con domicilio en Carretera Estatal 200 Quer\u00e9taro Tequisquiapan n\u00famero 22154, Colonia Parque Aeroespacial de Quer\u00e9taro, c\u00f3digo postal 76278 en el Municipio de Col\u00f3n, Quer\u00e9taro, M\u00e9xico y Portal de internet www.unaq.edu.mx, es la responsable del uso y proyecci\u00f3n de sus datos personales, y [&hellip;]<\/p>\n","protected":false},"author":1,"featured_media":0,"parent":0,"menu_order":0,"comment_status":"closed","ping_status":"closed","template":"elementor_header_footer","meta":{"footnotes":""},"class_list":["post-10381","page","type-page","status-publish","hentry"],"yoast_head":"<!-- This site is optimized with the Yoast SEO plugin v27.6 - https:\/\/yoast.com\/product\/yoast-seo-wordpress\/ -->\n<title>Aviso de Privacidad - UNAQ - Universidad Aeron&aacute;utica en Quer&eacute;taro<\/title>\n<meta name=\"robots\" content=\"index, follow, max-snippet:-1, max-image-preview:large, max-video-preview:-1\" \/>\n<link rel=\"canonical\" href=\"https:\/\/www.unaq.edu.mx\/en\/aviso-de-privacidad\/\" \/>\n<meta property=\"og:locale\" content=\"en_US\" \/>\n<meta property=\"og:type\" content=\"article\" \/>\n<meta property=\"og:title\" content=\"Aviso de Privacidad - UNAQ - Universidad Aeron&aacute;utica en Quer&eacute;taro\" \/>\n<meta property=\"og:description\" content=\"Aviso de Privacidad La Universidad Aeron\u00e1utica en Quer\u00e9taro, mejor conocida como la UNAQ, con domicilio en Carretera Estatal 200 Quer\u00e9taro Tequisquiapan n\u00famero 22154, Colonia Parque Aeroespacial de Quer\u00e9taro, c\u00f3digo postal 76278 en el Municipio de Col\u00f3n, Quer\u00e9taro, M\u00e9xico y Portal de internet www.unaq.edu.mx, es la responsable del uso y proyecci\u00f3n de sus datos personales, y [&hellip;]\" \/>\n<meta property=\"og:url\" content=\"https:\/\/www.unaq.edu.mx\/en\/aviso-de-privacidad\/\" \/>\n<meta property=\"og:site_name\" content=\"UNAQ - Universidad Aeron&aacute;utica en Quer&eacute;taro\" \/>\n<meta property=\"article:publisher\" content=\"https:\/\/www.facebook.com\/UNAQMX\/\" \/>\n<meta property=\"article:modified_time\" content=\"2026-04-29T16:06:49+00:00\" \/>\n<meta name=\"twitter:card\" content=\"summary_large_image\" \/>\n<meta name=\"twitter:site\" content=\"@UNAQmx\" \/>\n<meta name=\"twitter:label1\" content=\"Est. reading time\" \/>\n\t<meta name=\"twitter:data1\" content=\"4 minutes\" \/>\n<script type=\"application\/ld+json\" class=\"yoast-schema-graph\">{\"@context\":\"https:\\\/\\\/schema.org\",\"@graph\":[{\"@type\":\"WebPage\",\"@id\":\"https:\\\/\\\/www.unaq.edu.mx\\\/aviso-de-privacidad\\\/\",\"url\":\"https:\\\/\\\/www.unaq.edu.mx\\\/aviso-de-privacidad\\\/\",\"name\":\"Aviso de Privacidad - UNAQ - Universidad Aeron&aacute;utica en Quer&eacute;taro\",\"isPartOf\":{\"@id\":\"https:\\\/\\\/www.unaq.edu.mx\\\/#website\"},\"datePublished\":\"2022-04-12T18:38:15+00:00\",\"dateModified\":\"2026-04-29T16:06:49+00:00\",\"breadcrumb\":{\"@id\":\"https:\\\/\\\/www.unaq.edu.mx\\\/aviso-de-privacidad\\\/#breadcrumb\"},\"inLanguage\":\"en-US\",\"potentialAction\":[{\"@type\":\"ReadAction\",\"target\":[\"https:\\\/\\\/www.unaq.edu.mx\\\/aviso-de-privacidad\\\/\"]}]},{\"@type\":\"BreadcrumbList\",\"@id\":\"https:\\\/\\\/www.unaq.edu.mx\\\/aviso-de-privacidad\\\/#breadcrumb\",\"itemListElement\":[{\"@type\":\"ListItem\",\"position\":1,\"name\":\"Portada\",\"item\":\"https:\\\/\\\/www.unaq.edu.mx\\\/\"},{\"@type\":\"ListItem\",\"position\":2,\"name\":\"Aviso de Privacidad\"}]},{\"@type\":\"WebSite\",\"@id\":\"https:\\\/\\\/www.unaq.edu.mx\\\/#website\",\"url\":\"https:\\\/\\\/www.unaq.edu.mx\\\/\",\"name\":\"UNAQ - Universidad Aeron&aacute;utica en Quer&eacute;taro\",\"description\":\"Formamos profesionales e investigadores para el sector aeron&aacute;utico, con valores, conocimientos, competencias y reconocimiento nacional e internacional, basado en un modelo educativo abierto, flexible, pertinente y estrechamente vinculado, para el desarrollo social, econ&oacute;mico y cultural de M&eacute;xico.\",\"publisher\":{\"@id\":\"https:\\\/\\\/www.unaq.edu.mx\\\/#organization\"},\"potentialAction\":[{\"@type\":\"SearchAction\",\"target\":{\"@type\":\"EntryPoint\",\"urlTemplate\":\"https:\\\/\\\/www.unaq.edu.mx\\\/?s={search_term_string}\"},\"query-input\":{\"@type\":\"PropertyValueSpecification\",\"valueRequired\":true,\"valueName\":\"search_term_string\"}}],\"inLanguage\":\"en-US\"},{\"@type\":\"Organization\",\"@id\":\"https:\\\/\\\/www.unaq.edu.mx\\\/#organization\",\"name\":\"Universidad Aeron\u00e1utica en Quer\u00e9taro\",\"url\":\"https:\\\/\\\/www.unaq.edu.mx\\\/\",\"logo\":{\"@type\":\"ImageObject\",\"inLanguage\":\"en-US\",\"@id\":\"https:\\\/\\\/www.unaq.edu.mx\\\/#\\\/schema\\\/logo\\\/image\\\/\",\"url\":\"https:\\\/\\\/www.unaq.edu.mx\\\/wp-content\\\/uploads\\\/2022\\\/04\\\/Logo_UNAQ.png\",\"contentUrl\":\"https:\\\/\\\/www.unaq.edu.mx\\\/wp-content\\\/uploads\\\/2022\\\/04\\\/Logo_UNAQ.png\",\"width\":648,\"height\":284,\"caption\":\"Universidad Aeron\u00e1utica en Quer\u00e9taro\"},\"image\":{\"@id\":\"https:\\\/\\\/www.unaq.edu.mx\\\/#\\\/schema\\\/logo\\\/image\\\/\"},\"sameAs\":[\"https:\\\/\\\/www.facebook.com\\\/UNAQMX\\\/\",\"https:\\\/\\\/x.com\\\/UNAQmx\",\"https:\\\/\\\/www.linkedin.com\\\/company\\\/unaq\",\"https:\\\/\\\/www.youtube.com\\\/user\\\/UNAQMX\"]}]}<\/script>\n<!-- \/ Yoast SEO plugin. -->","yoast_head_json":{"title":"Aviso de Privacidad - UNAQ - Universidad Aeron&aacute;utica en Quer&eacute;taro","robots":{"index":"index","follow":"follow","max-snippet":"max-snippet:-1","max-image-preview":"max-image-preview:large","max-video-preview":"max-video-preview:-1"},"canonical":"https:\/\/www.unaq.edu.mx\/en\/aviso-de-privacidad\/","og_locale":"en_US","og_type":"article","og_title":"Aviso de Privacidad - UNAQ - Universidad Aeron&aacute;utica en Quer&eacute;taro","og_description":"Aviso de Privacidad La Universidad Aeron\u00e1utica en Quer\u00e9taro, mejor conocida como la UNAQ, con domicilio en Carretera Estatal 200 Quer\u00e9taro Tequisquiapan n\u00famero 22154, Colonia Parque Aeroespacial de Quer\u00e9taro, c\u00f3digo postal 76278 en el Municipio de Col\u00f3n, Quer\u00e9taro, M\u00e9xico y Portal de internet www.unaq.edu.mx, es la responsable del uso y proyecci\u00f3n de sus datos personales, y [&hellip;]","og_url":"https:\/\/www.unaq.edu.mx\/en\/aviso-de-privacidad\/","og_site_name":"UNAQ - Universidad Aeron&aacute;utica en Quer&eacute;taro","article_publisher":"https:\/\/www.facebook.com\/UNAQMX\/","article_modified_time":"2026-04-29T16:06:49+00:00","twitter_card":"summary_large_image","twitter_site":"@UNAQmx","twitter_misc":{"Est. reading time":"4 minutes"},"schema":{"@context":"https:\/\/schema.org","@graph":[{"@type":"WebPage","@id":"https:\/\/www.unaq.edu.mx\/aviso-de-privacidad\/","url":"https:\/\/www.unaq.edu.mx\/aviso-de-privacidad\/","name":"Aviso de Privacidad - UNAQ - Universidad Aeron&aacute;utica en Quer&eacute;taro","isPartOf":{"@id":"https:\/\/www.unaq.edu.mx\/#website"},"datePublished":"2022-04-12T18:38:15+00:00","dateModified":"2026-04-29T16:06:49+00:00","breadcrumb":{"@id":"https:\/\/www.unaq.edu.mx\/aviso-de-privacidad\/#breadcrumb"},"inLanguage":"en-US","potentialAction":[{"@type":"ReadAction","target":["https:\/\/www.unaq.edu.mx\/aviso-de-privacidad\/"]}]},{"@type":"BreadcrumbList","@id":"https:\/\/www.unaq.edu.mx\/aviso-de-privacidad\/#breadcrumb","itemListElement":[{"@type":"ListItem","position":1,"name":"Portada","item":"https:\/\/www.unaq.edu.mx\/"},{"@type":"ListItem","position":2,"name":"Aviso de Privacidad"}]},{"@type":"WebSite","@id":"https:\/\/www.unaq.edu.mx\/#website","url":"https:\/\/www.unaq.edu.mx\/","name":"UNAQ - Universidad Aeron&aacute;utica en Quer&eacute;taro","description":"Formamos profesionales e investigadores para el sector aeron&aacute;utico, con valores, conocimientos, competencias y reconocimiento nacional e internacional, basado en un modelo educativo abierto, flexible, pertinente y estrechamente vinculado, para el desarrollo social, econ&oacute;mico y cultural de M&eacute;xico.","publisher":{"@id":"https:\/\/www.unaq.edu.mx\/#organization"},"potentialAction":[{"@type":"SearchAction","target":{"@type":"EntryPoint","urlTemplate":"https:\/\/www.unaq.edu.mx\/?s={search_term_string}"},"query-input":{"@type":"PropertyValueSpecification","valueRequired":true,"valueName":"search_term_string"}}],"inLanguage":"en-US"},{"@type":"Organization","@id":"https:\/\/www.unaq.edu.mx\/#organization","name":"Universidad Aeron\u00e1utica en Quer\u00e9taro","url":"https:\/\/www.unaq.edu.mx\/","logo":{"@type":"ImageObject","inLanguage":"en-US","@id":"https:\/\/www.unaq.edu.mx\/#\/schema\/logo\/image\/","url":"https:\/\/www.unaq.edu.mx\/wp-content\/uploads\/2022\/04\/Logo_UNAQ.png","contentUrl":"https:\/\/www.unaq.edu.mx\/wp-content\/uploads\/2022\/04\/Logo_UNAQ.png","width":648,"height":284,"caption":"Universidad Aeron\u00e1utica en Quer\u00e9taro"},"image":{"@id":"https:\/\/www.unaq.edu.mx\/#\/schema\/logo\/image\/"},"sameAs":["https:\/\/www.facebook.com\/UNAQMX\/","https:\/\/x.com\/UNAQmx","https:\/\/www.linkedin.com\/company\/unaq","https:\/\/www.youtube.com\/user\/UNAQMX"]}]}},"_links":{"self":[{"href":"https:\/\/www.unaq.edu.mx\/en\/wp-json\/wp\/v2\/pages\/10381","targetHints":{"allow":["GET"]}}],"collection":[{"href":"https:\/\/www.unaq.edu.mx\/en\/wp-json\/wp\/v2\/pages"}],"about":[{"href":"https:\/\/www.unaq.edu.mx\/en\/wp-json\/wp\/v2\/types\/page"}],"author":[{"embeddable":true,"href":"https:\/\/www.unaq.edu.mx\/en\/wp-json\/wp\/v2\/users\/1"}],"replies":[{"embeddable":true,"href":"https:\/\/www.unaq.edu.mx\/en\/wp-json\/wp\/v2\/comments?post=10381"}],"version-history":[{"count":25,"href":"https:\/\/www.unaq.edu.mx\/en\/wp-json\/wp\/v2\/pages\/10381\/revisions"}],"predecessor-version":[{"id":16597,"href":"https:\/\/www.unaq.edu.mx\/en\/wp-json\/wp\/v2\/pages\/10381\/revisions\/16597"}],"wp:attachment":[{"href":"https:\/\/www.unaq.edu.mx\/en\/wp-json\/wp\/v2\/media?parent=10381"}],"curies":[{"name":"wp","href":"https:\/\/api.w.org\/{rel}","templated":true}]}}