{"id":10305,"date":"2022-04-12T08:11:50","date_gmt":"2022-04-12T14:11:50","guid":{"rendered":"https:\/\/www.unaq.edu.mx\/?page_id=10305"},"modified":"2022-04-12T08:16:30","modified_gmt":"2022-04-12T14:16:30","slug":"2013-2","status":"publish","type":"page","link":"https:\/\/www.unaq.edu.mx\/en\/nosotros\/historia-de-la-unaq\/2013-2\/","title":{"rendered":"Nuestra Historia &#8211; 2013"},"content":{"rendered":"<div data-elementor-type=\"wp-page\" data-elementor-id=\"10305\" class=\"elementor elementor-10305\" data-elementor-post-type=\"page\">\n\t\t\t\t\t\t<section class=\"elementor-section elementor-top-section elementor-element elementor-element-afb3625 elementor-section-boxed elementor-section-height-default elementor-section-height-default\" data-id=\"afb3625\" data-element_type=\"section\" data-e-type=\"section\" data-settings=\"{&quot;ekit_has_onepagescroll_dot&quot;:&quot;yes&quot;}\">\n\t\t\t\t\t\t<div class=\"elementor-container elementor-column-gap-default\">\n\t\t\t\t\t<div class=\"elementor-column elementor-col-100 elementor-top-column elementor-element elementor-element-cf38cae\" data-id=\"cf38cae\" data-element_type=\"column\" data-e-type=\"column\">\n\t\t\t<div class=\"elementor-widget-wrap elementor-element-populated\">\n\t\t\t\t\t\t<div class=\"elementor-element elementor-element-3666dc1 elementor-widget elementor-widget-heading\" data-id=\"3666dc1\" data-element_type=\"widget\" data-e-type=\"widget\" data-settings=\"{&quot;ekit_we_effect_on&quot;:&quot;none&quot;}\" data-widget_type=\"heading.default\">\n\t\t\t\t<div class=\"elementor-widget-container\">\n\t\t\t\t\t<h2 class=\"elementor-heading-title elementor-size-default\">Our History - 2013<\/h2>\t\t\t\t<\/div>\n\t\t\t\t<\/div>\n\t\t\t\t<div class=\"elementor-element elementor-element-f37fa96 elementor-widget elementor-widget-text-editor\" data-id=\"f37fa96\" data-element_type=\"widget\" data-e-type=\"widget\" data-settings=\"{&quot;ekit_we_effect_on&quot;:&quot;none&quot;}\" data-widget_type=\"text-editor.default\">\n\t\t\t\t<div class=\"elementor-widget-container\">\n\t\t\t\t\t\t\t\t\t<figure id=\"attachment_10307\" aria-describedby=\"caption-attachment-10307\" style=\"width: 300px\" class=\"wp-caption alignright\"><img fetchpriority=\"high\" decoding=\"async\" class=\"wp-image-10307 size-medium\" src=\"https:\/\/www.unaq.edu.mx\/wp-content\/uploads\/Egresados-300x225.jpg\" alt=\"\" width=\"300\" height=\"225\" srcset=\"https:\/\/www.unaq.edu.mx\/wp-content\/uploads\/Egresados-300x225.jpg 300w, https:\/\/www.unaq.edu.mx\/wp-content\/uploads\/Egresados-16x12.jpg 16w, https:\/\/www.unaq.edu.mx\/wp-content\/uploads\/Egresados.jpg 768w\" sizes=\"(max-width: 300px) 100vw, 300px\" \/><figcaption id=\"caption-attachment-10307\" class=\"wp-caption-text\">UNAQ graduates<\/figcaption><\/figure><p style=\"text-align: justify;\">One of our main goals in 2013 was the strengthening of our capacities in order to increase enrollment, which increased by 73%.<\/p><p style=\"text-align: justify;\">There was an update, together with the Coordinaci\u00f3n General de Universidades Tecnol\u00f3gicas y Polit\u00e9cnicas (CGUTyP) (General Coordination of Technical and Polytechnic Universities) applied to the academic programs of Advanced Technician Program (TSU) ratifying both demanding lines in aeronautic field which are: Aeronautical Manufacturing and Precision machining Area, Aeronautical Maintenance in the Avionics Area, and Aeronautical Maintenance in Glider and powerplant.<\/p><p style=\"text-align: justify;\">Since culture and sports are of great importance for students, UNAQ has worked in developing new programs and strategies, considering the needs and expectations of the students, to contribute to their growth in the social, physical and psychological aspects.<\/p><p style=\"text-align: justify;\">When participating in different university tournaments, our students won the first place prize in chess competition and the first place in javelin throw, the first and the second place in Tae Kwon Do, the second place in Table Tennis and the second place in Karate. UNAQ also competed in the regional tournament organized by CONDDE (National Board of Sport in Education).<\/p><p style=\"text-align: justify;\">Over 230 students at UNAQ participated in sport tournaments on its 6th anniversary. \u201cEl Piti\u201d Altamirano attended the Award\u00b4s Ceremony of the Internal Tournaments.<\/p><p style=\"text-align: justify;\">In the 6th anniversary, over 800 people participated at UNAQ 2013 Grand Running Race.<\/p><p style=\"text-align: justify;\">In 2013, students of the area of Engineering and TSU with musical abilities formed a musical group called \u201cBonanza\u201d, whereas others participated in dancing, music and theater lessons.<\/p><p style=\"text-align: justify;\">Students of Engineering and TSU became part of the program of new scientists and technological talents of CONCYTEQ, where they had the chance to develop drones able to lift considerable weight with restricted dimensions and power.<\/p><figure id=\"attachment_10238\" aria-describedby=\"caption-attachment-10238\" style=\"width: 300px\" class=\"wp-caption alignright\"><img decoding=\"async\" class=\"wp-image-10238 size-medium\" src=\"https:\/\/www.unaq.edu.mx\/wp-content\/uploads\/EnsambleComponentesAvion2-300x225.jpg\" alt=\"\" width=\"300\" height=\"225\" srcset=\"https:\/\/www.unaq.edu.mx\/wp-content\/uploads\/EnsambleComponentesAvion2-300x225.jpg 300w, https:\/\/www.unaq.edu.mx\/wp-content\/uploads\/EnsambleComponentesAvion2-768x576.jpg 768w, https:\/\/www.unaq.edu.mx\/wp-content\/uploads\/EnsambleComponentesAvion2-16x12.jpg 16w, https:\/\/www.unaq.edu.mx\/wp-content\/uploads\/EnsambleComponentesAvion2.jpg 800w\" sizes=\"(max-width: 300px) 100vw, 300px\" \/><figcaption id=\"caption-attachment-10238\" class=\"wp-caption-text\">Aircraft components assemble<\/figcaption><\/figure><p style=\"text-align: justify;\">In order to promote patience, persistence, and passion for aeronautics, the Model Aero planes Workshop is created, allowing the development of abilities in constructing model aero planes. With this, a new representative team of UNAQ is born UNAQ U-Fly Team.<\/p><p style=\"text-align: justify;\">In this year, two students studied in France, as part of the MEXPROTEC program, promoted by CGUTyP. They were given the possibility to develop international competences.<\/p><p style=\"text-align: justify;\">For the second year in a row, DHL Express and C\u00e1mara Nacional de la Industria de la Transformaci\u00f3n (CANACINTRA), awarded prizes to the best students, which consisted in economic incentives and fully-paid stays in the U.S.A. and Germany.<\/p><p style=\"text-align: justify;\">In 2013, UNAQ strengthens bonds with Germany, creating strategic alliances with German companies, through CAMEXA (C\u00e1mara Mexico-Alemania de Comercio e Industria). The presence of the Universidad de Ciencias Aplicadas (AACHEN) achieved alliances for academic doctoral exchanges.<\/p><p style=\"text-align: justify;\">Mr. Timothy Spencer George, plenipotentiary and extraordinary ambassador of Australia in Mexico, visited UNAQ.<\/p><p style=\"text-align: justify;\">In 2013, the trainee program for Delta Air Lines and Aeromexico starts, with the participation of 120 technicians in TechOps\u2019 training program.<\/p><p style=\"text-align: justify;\">For third time, UNAQ was headquarter of the eight meeting of COMEA (Consejo Mexicano para la Educaci\u00f3n Aeroespacial). Its goal was to reunite more than twenty one academic institutions that belong to COMEA whose main wish was to consolidate their academic programs in the aerospace field.<\/p><figure id=\"attachment_10308\" aria-describedby=\"caption-attachment-10308\" style=\"width: 300px\" class=\"wp-caption alignright\"><img decoding=\"async\" class=\"wp-image-10308 size-medium\" src=\"https:\/\/www.unaq.edu.mx\/wp-content\/uploads\/FirmaConvenioFAM-300x225.jpg\" alt=\"\" width=\"300\" height=\"225\" srcset=\"https:\/\/www.unaq.edu.mx\/wp-content\/uploads\/FirmaConvenioFAM-300x225.jpg 300w, https:\/\/www.unaq.edu.mx\/wp-content\/uploads\/FirmaConvenioFAM-16x12.jpg 16w, https:\/\/www.unaq.edu.mx\/wp-content\/uploads\/FirmaConvenioFAM.jpg 768w\" sizes=\"(max-width: 300px) 100vw, 300px\" \/><figcaption id=\"caption-attachment-10308\" class=\"wp-caption-text\">Signed agreement with FAM<\/figcaption><\/figure><p style=\"text-align: justify;\">Some of the most important agreements that were signed were:<\/p><ul style=\"text-align: justify;\"><li style=\"text-align: justify;\">\u201cAsteca\u201d, aviation school<\/li><li style=\"text-align: justify;\">Global Composites<\/li><li style=\"text-align: justify;\">Queretaro Municipality<\/li><li style=\"text-align: justify;\">(FAM) Mexican Air Force<\/li><\/ul><p style=\"text-align: justify;\">Significant progress is made in the construction of the Mexican-French Campus.<\/p><p style=\"text-align: justify;\">France received a group of professors of UNAQ, who will retort some of the most advanced programs in the aeronautics field.<\/p>\t\t\t\t\t\t\t\t<\/div>\n\t\t\t\t<\/div>\n\t\t\t\t\t<\/div>\n\t\t<\/div>\n\t\t\t\t\t<\/div>\n\t\t<\/section>\n\t\t\t\t<\/div>","protected":false},"excerpt":{"rendered":"<p>Nuestra Historia &#8211; 2013 Uno de los prop\u00f3sitos claves de la universidad durante el 2013 fue el fortalecimiento de sus capacidades con el objetivo de incrementar la matr\u00edcula, la cual aument\u00f3 en un 73%. Se realiz\u00f3 una actualizaci\u00f3n conjunta con la Coordinaci\u00f3n General de Universidades Tecnol\u00f3gicas y Polit\u00e9cnicas a los programas de estudio del nivel [&hellip;]<\/p>\n","protected":false},"author":1,"featured_media":0,"parent":9305,"menu_order":0,"comment_status":"closed","ping_status":"closed","template":"elementor_header_footer","meta":{"footnotes":""},"class_list":["post-10305","page","type-page","status-publish","hentry"],"yoast_head":"<!-- This site is optimized with the Yoast SEO plugin v27.6 - https:\/\/yoast.com\/product\/yoast-seo-wordpress\/ -->\n<title>Nuestra Historia - 2013 - UNAQ - Universidad Aeron&aacute;utica en Quer&eacute;taro<\/title>\n<meta name=\"robots\" content=\"index, follow, max-snippet:-1, max-image-preview:large, max-video-preview:-1\" \/>\n<link rel=\"canonical\" href=\"https:\/\/www.unaq.edu.mx\/en\/nosotros\/historia-de-la-unaq\/2013-2\/\" \/>\n<meta property=\"og:locale\" content=\"en_US\" \/>\n<meta property=\"og:type\" content=\"article\" \/>\n<meta property=\"og:title\" content=\"Nuestra Historia - 2013 - UNAQ - Universidad Aeron&aacute;utica en Quer&eacute;taro\" \/>\n<meta property=\"og:description\" content=\"Nuestra Historia &#8211; 2013 Uno de los prop\u00f3sitos claves de la universidad durante el 2013 fue el fortalecimiento de sus capacidades con el objetivo de incrementar la matr\u00edcula, la cual aument\u00f3 en un 73%. Se realiz\u00f3 una actualizaci\u00f3n conjunta con la Coordinaci\u00f3n General de Universidades Tecnol\u00f3gicas y Polit\u00e9cnicas a los programas de estudio del nivel [&hellip;]\" \/>\n<meta property=\"og:url\" content=\"https:\/\/www.unaq.edu.mx\/en\/nosotros\/historia-de-la-unaq\/2013-2\/\" \/>\n<meta property=\"og:site_name\" content=\"UNAQ - Universidad Aeron&aacute;utica en Quer&eacute;taro\" \/>\n<meta property=\"article:publisher\" content=\"https:\/\/www.facebook.com\/UNAQMX\/\" \/>\n<meta property=\"article:modified_time\" content=\"2022-04-12T14:16:30+00:00\" \/>\n<meta property=\"og:image\" content=\"https:\/\/www.unaq.edu.mx\/wp-content\/uploads\/Egresados-300x225.jpg\" \/>\n<meta name=\"twitter:card\" content=\"summary_large_image\" \/>\n<meta name=\"twitter:site\" content=\"@UNAQmx\" \/>\n<meta name=\"twitter:label1\" content=\"Est. reading time\" \/>\n\t<meta name=\"twitter:data1\" content=\"4 minutes\" \/>\n<script type=\"application\/ld+json\" class=\"yoast-schema-graph\">{\"@context\":\"https:\\\/\\\/schema.org\",\"@graph\":[{\"@type\":\"WebPage\",\"@id\":\"https:\\\/\\\/www.unaq.edu.mx\\\/nosotros\\\/historia-de-la-unaq\\\/2013-2\\\/\",\"url\":\"https:\\\/\\\/www.unaq.edu.mx\\\/nosotros\\\/historia-de-la-unaq\\\/2013-2\\\/\",\"name\":\"Nuestra Historia - 2013 - UNAQ - Universidad Aeron&aacute;utica en Quer&eacute;taro\",\"isPartOf\":{\"@id\":\"https:\\\/\\\/www.unaq.edu.mx\\\/#website\"},\"primaryImageOfPage\":{\"@id\":\"https:\\\/\\\/www.unaq.edu.mx\\\/nosotros\\\/historia-de-la-unaq\\\/2013-2\\\/#primaryimage\"},\"image\":{\"@id\":\"https:\\\/\\\/www.unaq.edu.mx\\\/nosotros\\\/historia-de-la-unaq\\\/2013-2\\\/#primaryimage\"},\"thumbnailUrl\":\"https:\\\/\\\/www.unaq.edu.mx\\\/wp-content\\\/uploads\\\/Egresados-300x225.jpg\",\"datePublished\":\"2022-04-12T14:11:50+00:00\",\"dateModified\":\"2022-04-12T14:16:30+00:00\",\"breadcrumb\":{\"@id\":\"https:\\\/\\\/www.unaq.edu.mx\\\/nosotros\\\/historia-de-la-unaq\\\/2013-2\\\/#breadcrumb\"},\"inLanguage\":\"en-US\",\"potentialAction\":[{\"@type\":\"ReadAction\",\"target\":[\"https:\\\/\\\/www.unaq.edu.mx\\\/nosotros\\\/historia-de-la-unaq\\\/2013-2\\\/\"]}]},{\"@type\":\"ImageObject\",\"inLanguage\":\"en-US\",\"@id\":\"https:\\\/\\\/www.unaq.edu.mx\\\/nosotros\\\/historia-de-la-unaq\\\/2013-2\\\/#primaryimage\",\"url\":\"https:\\\/\\\/www.unaq.edu.mx\\\/wp-content\\\/uploads\\\/Egresados-300x225.jpg\",\"contentUrl\":\"https:\\\/\\\/www.unaq.edu.mx\\\/wp-content\\\/uploads\\\/Egresados-300x225.jpg\"},{\"@type\":\"BreadcrumbList\",\"@id\":\"https:\\\/\\\/www.unaq.edu.mx\\\/nosotros\\\/historia-de-la-unaq\\\/2013-2\\\/#breadcrumb\",\"itemListElement\":[{\"@type\":\"ListItem\",\"position\":1,\"name\":\"Portada\",\"item\":\"https:\\\/\\\/www.unaq.edu.mx\\\/\"},{\"@type\":\"ListItem\",\"position\":2,\"name\":\"Nosotros\",\"item\":\"https:\\\/\\\/www.unaq.edu.mx\\\/nosotros\\\/\"},{\"@type\":\"ListItem\",\"position\":3,\"name\":\"Historia de la UNAQ\",\"item\":\"https:\\\/\\\/www.unaq.edu.mx\\\/nosotros\\\/historia-de-la-unaq\\\/\"},{\"@type\":\"ListItem\",\"position\":4,\"name\":\"Nuestra Historia &#8211; 2013\"}]},{\"@type\":\"WebSite\",\"@id\":\"https:\\\/\\\/www.unaq.edu.mx\\\/#website\",\"url\":\"https:\\\/\\\/www.unaq.edu.mx\\\/\",\"name\":\"UNAQ - Universidad Aeron&aacute;utica en Quer&eacute;taro\",\"description\":\"Formamos profesionales e investigadores para el sector aeron&aacute;utico, con valores, conocimientos, competencias y reconocimiento nacional e internacional, basado en un modelo educativo abierto, flexible, pertinente y estrechamente vinculado, para el desarrollo social, econ&oacute;mico y cultural de M&eacute;xico.\",\"publisher\":{\"@id\":\"https:\\\/\\\/www.unaq.edu.mx\\\/#organization\"},\"potentialAction\":[{\"@type\":\"SearchAction\",\"target\":{\"@type\":\"EntryPoint\",\"urlTemplate\":\"https:\\\/\\\/www.unaq.edu.mx\\\/?s={search_term_string}\"},\"query-input\":{\"@type\":\"PropertyValueSpecification\",\"valueRequired\":true,\"valueName\":\"search_term_string\"}}],\"inLanguage\":\"en-US\"},{\"@type\":\"Organization\",\"@id\":\"https:\\\/\\\/www.unaq.edu.mx\\\/#organization\",\"name\":\"Universidad Aeron\u00e1utica en Quer\u00e9taro\",\"url\":\"https:\\\/\\\/www.unaq.edu.mx\\\/\",\"logo\":{\"@type\":\"ImageObject\",\"inLanguage\":\"en-US\",\"@id\":\"https:\\\/\\\/www.unaq.edu.mx\\\/#\\\/schema\\\/logo\\\/image\\\/\",\"url\":\"https:\\\/\\\/www.unaq.edu.mx\\\/wp-content\\\/uploads\\\/2022\\\/04\\\/Logo_UNAQ.png\",\"contentUrl\":\"https:\\\/\\\/www.unaq.edu.mx\\\/wp-content\\\/uploads\\\/2022\\\/04\\\/Logo_UNAQ.png\",\"width\":648,\"height\":284,\"caption\":\"Universidad Aeron\u00e1utica en Quer\u00e9taro\"},\"image\":{\"@id\":\"https:\\\/\\\/www.unaq.edu.mx\\\/#\\\/schema\\\/logo\\\/image\\\/\"},\"sameAs\":[\"https:\\\/\\\/www.facebook.com\\\/UNAQMX\\\/\",\"https:\\\/\\\/x.com\\\/UNAQmx\",\"https:\\\/\\\/www.linkedin.com\\\/company\\\/unaq\",\"https:\\\/\\\/www.youtube.com\\\/user\\\/UNAQMX\"]}]}<\/script>\n<!-- \/ Yoast SEO plugin. -->","yoast_head_json":{"title":"Nuestra Historia - 2013 - UNAQ - Universidad Aeron&aacute;utica en Quer&eacute;taro","robots":{"index":"index","follow":"follow","max-snippet":"max-snippet:-1","max-image-preview":"max-image-preview:large","max-video-preview":"max-video-preview:-1"},"canonical":"https:\/\/www.unaq.edu.mx\/en\/nosotros\/historia-de-la-unaq\/2013-2\/","og_locale":"en_US","og_type":"article","og_title":"Nuestra Historia - 2013 - UNAQ - Universidad Aeron&aacute;utica en Quer&eacute;taro","og_description":"Nuestra Historia &#8211; 2013 Uno de los prop\u00f3sitos claves de la universidad durante el 2013 fue el fortalecimiento de sus capacidades con el objetivo de incrementar la matr\u00edcula, la cual aument\u00f3 en un 73%. Se realiz\u00f3 una actualizaci\u00f3n conjunta con la Coordinaci\u00f3n General de Universidades Tecnol\u00f3gicas y Polit\u00e9cnicas a los programas de estudio del nivel [&hellip;]","og_url":"https:\/\/www.unaq.edu.mx\/en\/nosotros\/historia-de-la-unaq\/2013-2\/","og_site_name":"UNAQ - Universidad Aeron&aacute;utica en Quer&eacute;taro","article_publisher":"https:\/\/www.facebook.com\/UNAQMX\/","article_modified_time":"2022-04-12T14:16:30+00:00","og_image":[{"url":"https:\/\/www.unaq.edu.mx\/wp-content\/uploads\/Egresados-300x225.jpg","type":"","width":"","height":""}],"twitter_card":"summary_large_image","twitter_site":"@UNAQmx","twitter_misc":{"Est. reading time":"4 minutes"},"schema":{"@context":"https:\/\/schema.org","@graph":[{"@type":"WebPage","@id":"https:\/\/www.unaq.edu.mx\/nosotros\/historia-de-la-unaq\/2013-2\/","url":"https:\/\/www.unaq.edu.mx\/nosotros\/historia-de-la-unaq\/2013-2\/","name":"Nuestra Historia - 2013 - UNAQ - Universidad Aeron&aacute;utica en Quer&eacute;taro","isPartOf":{"@id":"https:\/\/www.unaq.edu.mx\/#website"},"primaryImageOfPage":{"@id":"https:\/\/www.unaq.edu.mx\/nosotros\/historia-de-la-unaq\/2013-2\/#primaryimage"},"image":{"@id":"https:\/\/www.unaq.edu.mx\/nosotros\/historia-de-la-unaq\/2013-2\/#primaryimage"},"thumbnailUrl":"https:\/\/www.unaq.edu.mx\/wp-content\/uploads\/Egresados-300x225.jpg","datePublished":"2022-04-12T14:11:50+00:00","dateModified":"2022-04-12T14:16:30+00:00","breadcrumb":{"@id":"https:\/\/www.unaq.edu.mx\/nosotros\/historia-de-la-unaq\/2013-2\/#breadcrumb"},"inLanguage":"en-US","potentialAction":[{"@type":"ReadAction","target":["https:\/\/www.unaq.edu.mx\/nosotros\/historia-de-la-unaq\/2013-2\/"]}]},{"@type":"ImageObject","inLanguage":"en-US","@id":"https:\/\/www.unaq.edu.mx\/nosotros\/historia-de-la-unaq\/2013-2\/#primaryimage","url":"https:\/\/www.unaq.edu.mx\/wp-content\/uploads\/Egresados-300x225.jpg","contentUrl":"https:\/\/www.unaq.edu.mx\/wp-content\/uploads\/Egresados-300x225.jpg"},{"@type":"BreadcrumbList","@id":"https:\/\/www.unaq.edu.mx\/nosotros\/historia-de-la-unaq\/2013-2\/#breadcrumb","itemListElement":[{"@type":"ListItem","position":1,"name":"Portada","item":"https:\/\/www.unaq.edu.mx\/"},{"@type":"ListItem","position":2,"name":"Nosotros","item":"https:\/\/www.unaq.edu.mx\/nosotros\/"},{"@type":"ListItem","position":3,"name":"Historia de la UNAQ","item":"https:\/\/www.unaq.edu.mx\/nosotros\/historia-de-la-unaq\/"},{"@type":"ListItem","position":4,"name":"Nuestra Historia &#8211; 2013"}]},{"@type":"WebSite","@id":"https:\/\/www.unaq.edu.mx\/#website","url":"https:\/\/www.unaq.edu.mx\/","name":"UNAQ - Universidad Aeron&aacute;utica en Quer&eacute;taro","description":"Formamos profesionales e investigadores para el sector aeron&aacute;utico, con valores, conocimientos, competencias y reconocimiento nacional e internacional, basado en un modelo educativo abierto, flexible, pertinente y estrechamente vinculado, para el desarrollo social, econ&oacute;mico y cultural de M&eacute;xico.","publisher":{"@id":"https:\/\/www.unaq.edu.mx\/#organization"},"potentialAction":[{"@type":"SearchAction","target":{"@type":"EntryPoint","urlTemplate":"https:\/\/www.unaq.edu.mx\/?s={search_term_string}"},"query-input":{"@type":"PropertyValueSpecification","valueRequired":true,"valueName":"search_term_string"}}],"inLanguage":"en-US"},{"@type":"Organization","@id":"https:\/\/www.unaq.edu.mx\/#organization","name":"Universidad Aeron\u00e1utica en Quer\u00e9taro","url":"https:\/\/www.unaq.edu.mx\/","logo":{"@type":"ImageObject","inLanguage":"en-US","@id":"https:\/\/www.unaq.edu.mx\/#\/schema\/logo\/image\/","url":"https:\/\/www.unaq.edu.mx\/wp-content\/uploads\/2022\/04\/Logo_UNAQ.png","contentUrl":"https:\/\/www.unaq.edu.mx\/wp-content\/uploads\/2022\/04\/Logo_UNAQ.png","width":648,"height":284,"caption":"Universidad Aeron\u00e1utica en Quer\u00e9taro"},"image":{"@id":"https:\/\/www.unaq.edu.mx\/#\/schema\/logo\/image\/"},"sameAs":["https:\/\/www.facebook.com\/UNAQMX\/","https:\/\/x.com\/UNAQmx","https:\/\/www.linkedin.com\/company\/unaq","https:\/\/www.youtube.com\/user\/UNAQMX"]}]}},"_links":{"self":[{"href":"https:\/\/www.unaq.edu.mx\/en\/wp-json\/wp\/v2\/pages\/10305","targetHints":{"allow":["GET"]}}],"collection":[{"href":"https:\/\/www.unaq.edu.mx\/en\/wp-json\/wp\/v2\/pages"}],"about":[{"href":"https:\/\/www.unaq.edu.mx\/en\/wp-json\/wp\/v2\/types\/page"}],"author":[{"embeddable":true,"href":"https:\/\/www.unaq.edu.mx\/en\/wp-json\/wp\/v2\/users\/1"}],"replies":[{"embeddable":true,"href":"https:\/\/www.unaq.edu.mx\/en\/wp-json\/wp\/v2\/comments?post=10305"}],"version-history":[{"count":4,"href":"https:\/\/www.unaq.edu.mx\/en\/wp-json\/wp\/v2\/pages\/10305\/revisions"}],"predecessor-version":[{"id":10311,"href":"https:\/\/www.unaq.edu.mx\/en\/wp-json\/wp\/v2\/pages\/10305\/revisions\/10311"}],"up":[{"embeddable":true,"href":"https:\/\/www.unaq.edu.mx\/en\/wp-json\/wp\/v2\/pages\/9305"}],"wp:attachment":[{"href":"https:\/\/www.unaq.edu.mx\/en\/wp-json\/wp\/v2\/media?parent=10305"}],"curies":[{"name":"wp","href":"https:\/\/api.w.org\/{rel}","templated":true}]}}