{"id":10300,"date":"2022-04-12T08:06:22","date_gmt":"2022-04-12T14:06:22","guid":{"rendered":"https:\/\/www.unaq.edu.mx\/?page_id=10300"},"modified":"2022-04-12T08:07:49","modified_gmt":"2022-04-12T14:07:49","slug":"2012-2","status":"publish","type":"page","link":"https:\/\/www.unaq.edu.mx\/en\/nosotros\/historia-de-la-unaq\/2012-2\/","title":{"rendered":"Nuestra Historia &#8211; 2012"},"content":{"rendered":"<div data-elementor-type=\"wp-page\" data-elementor-id=\"10300\" class=\"elementor elementor-10300\" data-elementor-post-type=\"page\">\n\t\t\t\t\t\t<section class=\"elementor-section elementor-top-section elementor-element elementor-element-dd6f0ee elementor-section-boxed elementor-section-height-default elementor-section-height-default\" data-id=\"dd6f0ee\" data-element_type=\"section\" data-e-type=\"section\" data-settings=\"{&quot;ekit_has_onepagescroll_dot&quot;:&quot;yes&quot;}\">\n\t\t\t\t\t\t<div class=\"elementor-container elementor-column-gap-default\">\n\t\t\t\t\t<div class=\"elementor-column elementor-col-100 elementor-top-column elementor-element elementor-element-59f4a7d\" data-id=\"59f4a7d\" data-element_type=\"column\" data-e-type=\"column\">\n\t\t\t<div class=\"elementor-widget-wrap elementor-element-populated\">\n\t\t\t\t\t\t<div class=\"elementor-element elementor-element-d2d1915 elementor-widget elementor-widget-heading\" data-id=\"d2d1915\" data-element_type=\"widget\" data-e-type=\"widget\" data-settings=\"{&quot;ekit_we_effect_on&quot;:&quot;none&quot;}\" data-widget_type=\"heading.default\">\n\t\t\t\t<div class=\"elementor-widget-container\">\n\t\t\t\t\t<h2 class=\"elementor-heading-title elementor-size-default\">Our History - 2012<\/h2>\t\t\t\t<\/div>\n\t\t\t\t<\/div>\n\t\t\t\t<div class=\"elementor-element elementor-element-4b008f9 elementor-widget elementor-widget-text-editor\" data-id=\"4b008f9\" data-element_type=\"widget\" data-e-type=\"widget\" data-settings=\"{&quot;ekit_we_effect_on&quot;:&quot;none&quot;}\" data-widget_type=\"text-editor.default\">\n\t\t\t\t<div class=\"elementor-widget-container\">\n\t\t\t\t\t\t\t\t\t<figure id=\"attachment_10246\" aria-describedby=\"caption-attachment-10246\" style=\"width: 300px\" class=\"wp-caption alignright\"><img fetchpriority=\"high\" decoding=\"async\" class=\"wp-image-10246 size-medium\" src=\"https:\/\/www.unaq.edu.mx\/wp-content\/uploads\/Nuestra_Historia_2012-300x225.jpg\" alt=\"\" width=\"300\" height=\"225\" srcset=\"https:\/\/www.unaq.edu.mx\/wp-content\/uploads\/Nuestra_Historia_2012-300x225.jpg 300w, https:\/\/www.unaq.edu.mx\/wp-content\/uploads\/Nuestra_Historia_2012-768x576.jpg 768w, https:\/\/www.unaq.edu.mx\/wp-content\/uploads\/Nuestra_Historia_2012-16x12.jpg 16w, https:\/\/www.unaq.edu.mx\/wp-content\/uploads\/Nuestra_Historia_2012.jpg 800w\" sizes=\"(max-width: 300px) 100vw, 300px\" \/><figcaption id=\"caption-attachment-10246\" class=\"wp-caption-text\">Presentation of the National Strategic Program of the Aerospace Industry 2012 \u2013 2020<\/figcaption><\/figure><p style=\"text-align: justify;\">In 2012, the arrival of the Tech Ops company was announced, and UNAQ committed to train all its technical staff.<\/p><p style=\"text-align: justify;\">This year UNAQ hosted the Ambassador of France, Elisabeth Beton Del\u00e8ngue and the Ambassador of Canada, Sara Hradecky.<\/p><p style=\"text-align: justify;\">Two students of Aeronautical Engineering in Manufacturing had the opportunity to study a semester in the University of West Virginia for the first time.<\/p><p style=\"text-align: justify;\">The first DHL, Canacintra, UNAQ prize was awarded to UNAQ outstanding students of the different levels.<\/p><p style=\"text-align: justify;\">The first office of the General Directorate of Civil Aviation, DGAC for the certification of aircraft parts manufactured in Mexico was inaugurated within the facilities of UNAQ.<\/p><p style=\"text-align: justify;\">During Mexico Aerospace Summit UNAQ participated with a stand, for the first time.<\/p><p style=\"text-align: justify;\">The strategic program of the national aerospace industry was presented at UNAQ facilities, by the Federal Secretary of Economy Bruno Ferrari. (Proa\u00e9reo 2012-2020).<\/p><p style=\"text-align: justify;\">By mid-year, UNAQ hosted the diplomatic corps of the European Union in Mexico.<\/p><p style=\"text-align: justify;\">Collaboration agreements were signed with CONCYTEQ, the (University of Sonora), UNISON, the Tec. De Monterrey Campus Quer\u00e9taro and the (CIAT) of General Electric.<\/p><p style=\"text-align: justify;\">A LearJet 25 was purchased, for university equipment.<\/p><p style=\"text-align: justify;\">In December 2012, the construction of the Franco-Mexicano Campus began.<\/p>\t\t\t\t\t\t\t\t<\/div>\n\t\t\t\t<\/div>\n\t\t\t\t\t<\/div>\n\t\t<\/div>\n\t\t\t\t\t<\/div>\n\t\t<\/section>\n\t\t\t\t<\/div>","protected":false},"excerpt":{"rendered":"<p>Nuestra Historia &#8211; 2012 En 2012 se anuncia la llegada de la empresa\u00a0 Tech Ops en donde la UNAQ le entrenar\u00e1 todo su personal t\u00e9cnico. En este a\u00f1o se recibieron las visitas de la Embajadora de Francia, Elisabeth Beton Del\u00e8ngue y la Embajadora de Canada, Sara Hradecky. Se env\u00edan por primera vez a dos estudiantes [&hellip;]<\/p>\n","protected":false},"author":1,"featured_media":0,"parent":9305,"menu_order":0,"comment_status":"closed","ping_status":"closed","template":"elementor_header_footer","meta":{"footnotes":""},"class_list":["post-10300","page","type-page","status-publish","hentry"],"yoast_head":"<!-- This site is optimized with the Yoast SEO plugin v27.6 - https:\/\/yoast.com\/product\/yoast-seo-wordpress\/ -->\n<title>Nuestra Historia - 2012 - UNAQ - Universidad Aeron&aacute;utica en Quer&eacute;taro<\/title>\n<meta name=\"robots\" content=\"index, follow, max-snippet:-1, max-image-preview:large, max-video-preview:-1\" \/>\n<link rel=\"canonical\" href=\"https:\/\/www.unaq.edu.mx\/en\/nosotros\/historia-de-la-unaq\/2012-2\/\" \/>\n<meta property=\"og:locale\" content=\"en_US\" \/>\n<meta property=\"og:type\" content=\"article\" \/>\n<meta property=\"og:title\" content=\"Nuestra Historia - 2012 - UNAQ - Universidad Aeron&aacute;utica en Quer&eacute;taro\" \/>\n<meta property=\"og:description\" content=\"Nuestra Historia &#8211; 2012 En 2012 se anuncia la llegada de la empresa\u00a0 Tech Ops en donde la UNAQ le entrenar\u00e1 todo su personal t\u00e9cnico. En este a\u00f1o se recibieron las visitas de la Embajadora de Francia, Elisabeth Beton Del\u00e8ngue y la Embajadora de Canada, Sara Hradecky. Se env\u00edan por primera vez a dos estudiantes [&hellip;]\" \/>\n<meta property=\"og:url\" content=\"https:\/\/www.unaq.edu.mx\/en\/nosotros\/historia-de-la-unaq\/2012-2\/\" \/>\n<meta property=\"og:site_name\" content=\"UNAQ - Universidad Aeron&aacute;utica en Quer&eacute;taro\" \/>\n<meta property=\"article:publisher\" content=\"https:\/\/www.facebook.com\/UNAQMX\/\" \/>\n<meta property=\"article:modified_time\" content=\"2022-04-12T14:07:49+00:00\" \/>\n<meta property=\"og:image\" content=\"https:\/\/www.unaq.edu.mx\/wp-content\/uploads\/Nuestra_Historia_2012-300x225.jpg\" \/>\n<meta name=\"twitter:card\" content=\"summary_large_image\" \/>\n<meta name=\"twitter:site\" content=\"@UNAQmx\" \/>\n<meta name=\"twitter:label1\" content=\"Est. reading time\" \/>\n\t<meta name=\"twitter:data1\" content=\"1 minute\" \/>\n<script type=\"application\/ld+json\" class=\"yoast-schema-graph\">{\"@context\":\"https:\\\/\\\/schema.org\",\"@graph\":[{\"@type\":\"WebPage\",\"@id\":\"https:\\\/\\\/www.unaq.edu.mx\\\/nosotros\\\/historia-de-la-unaq\\\/2012-2\\\/\",\"url\":\"https:\\\/\\\/www.unaq.edu.mx\\\/nosotros\\\/historia-de-la-unaq\\\/2012-2\\\/\",\"name\":\"Nuestra Historia - 2012 - UNAQ - Universidad Aeron&aacute;utica en Quer&eacute;taro\",\"isPartOf\":{\"@id\":\"https:\\\/\\\/www.unaq.edu.mx\\\/#website\"},\"primaryImageOfPage\":{\"@id\":\"https:\\\/\\\/www.unaq.edu.mx\\\/nosotros\\\/historia-de-la-unaq\\\/2012-2\\\/#primaryimage\"},\"image\":{\"@id\":\"https:\\\/\\\/www.unaq.edu.mx\\\/nosotros\\\/historia-de-la-unaq\\\/2012-2\\\/#primaryimage\"},\"thumbnailUrl\":\"https:\\\/\\\/www.unaq.edu.mx\\\/wp-content\\\/uploads\\\/Nuestra_Historia_2012-300x225.jpg\",\"datePublished\":\"2022-04-12T14:06:22+00:00\",\"dateModified\":\"2022-04-12T14:07:49+00:00\",\"breadcrumb\":{\"@id\":\"https:\\\/\\\/www.unaq.edu.mx\\\/nosotros\\\/historia-de-la-unaq\\\/2012-2\\\/#breadcrumb\"},\"inLanguage\":\"en-US\",\"potentialAction\":[{\"@type\":\"ReadAction\",\"target\":[\"https:\\\/\\\/www.unaq.edu.mx\\\/nosotros\\\/historia-de-la-unaq\\\/2012-2\\\/\"]}]},{\"@type\":\"ImageObject\",\"inLanguage\":\"en-US\",\"@id\":\"https:\\\/\\\/www.unaq.edu.mx\\\/nosotros\\\/historia-de-la-unaq\\\/2012-2\\\/#primaryimage\",\"url\":\"https:\\\/\\\/www.unaq.edu.mx\\\/wp-content\\\/uploads\\\/Nuestra_Historia_2012-300x225.jpg\",\"contentUrl\":\"https:\\\/\\\/www.unaq.edu.mx\\\/wp-content\\\/uploads\\\/Nuestra_Historia_2012-300x225.jpg\"},{\"@type\":\"BreadcrumbList\",\"@id\":\"https:\\\/\\\/www.unaq.edu.mx\\\/nosotros\\\/historia-de-la-unaq\\\/2012-2\\\/#breadcrumb\",\"itemListElement\":[{\"@type\":\"ListItem\",\"position\":1,\"name\":\"Portada\",\"item\":\"https:\\\/\\\/www.unaq.edu.mx\\\/\"},{\"@type\":\"ListItem\",\"position\":2,\"name\":\"Nosotros\",\"item\":\"https:\\\/\\\/www.unaq.edu.mx\\\/nosotros\\\/\"},{\"@type\":\"ListItem\",\"position\":3,\"name\":\"Historia de la UNAQ\",\"item\":\"https:\\\/\\\/www.unaq.edu.mx\\\/nosotros\\\/historia-de-la-unaq\\\/\"},{\"@type\":\"ListItem\",\"position\":4,\"name\":\"Nuestra Historia &#8211; 2012\"}]},{\"@type\":\"WebSite\",\"@id\":\"https:\\\/\\\/www.unaq.edu.mx\\\/#website\",\"url\":\"https:\\\/\\\/www.unaq.edu.mx\\\/\",\"name\":\"UNAQ - Universidad Aeron&aacute;utica en Quer&eacute;taro\",\"description\":\"Formamos profesionales e investigadores para el sector aeron&aacute;utico, con valores, conocimientos, competencias y reconocimiento nacional e internacional, basado en un modelo educativo abierto, flexible, pertinente y estrechamente vinculado, para el desarrollo social, econ&oacute;mico y cultural de M&eacute;xico.\",\"publisher\":{\"@id\":\"https:\\\/\\\/www.unaq.edu.mx\\\/#organization\"},\"potentialAction\":[{\"@type\":\"SearchAction\",\"target\":{\"@type\":\"EntryPoint\",\"urlTemplate\":\"https:\\\/\\\/www.unaq.edu.mx\\\/?s={search_term_string}\"},\"query-input\":{\"@type\":\"PropertyValueSpecification\",\"valueRequired\":true,\"valueName\":\"search_term_string\"}}],\"inLanguage\":\"en-US\"},{\"@type\":\"Organization\",\"@id\":\"https:\\\/\\\/www.unaq.edu.mx\\\/#organization\",\"name\":\"Universidad Aeron\u00e1utica en Quer\u00e9taro\",\"url\":\"https:\\\/\\\/www.unaq.edu.mx\\\/\",\"logo\":{\"@type\":\"ImageObject\",\"inLanguage\":\"en-US\",\"@id\":\"https:\\\/\\\/www.unaq.edu.mx\\\/#\\\/schema\\\/logo\\\/image\\\/\",\"url\":\"https:\\\/\\\/www.unaq.edu.mx\\\/wp-content\\\/uploads\\\/2022\\\/04\\\/Logo_UNAQ.png\",\"contentUrl\":\"https:\\\/\\\/www.unaq.edu.mx\\\/wp-content\\\/uploads\\\/2022\\\/04\\\/Logo_UNAQ.png\",\"width\":648,\"height\":284,\"caption\":\"Universidad Aeron\u00e1utica en Quer\u00e9taro\"},\"image\":{\"@id\":\"https:\\\/\\\/www.unaq.edu.mx\\\/#\\\/schema\\\/logo\\\/image\\\/\"},\"sameAs\":[\"https:\\\/\\\/www.facebook.com\\\/UNAQMX\\\/\",\"https:\\\/\\\/x.com\\\/UNAQmx\",\"https:\\\/\\\/www.linkedin.com\\\/company\\\/unaq\",\"https:\\\/\\\/www.youtube.com\\\/user\\\/UNAQMX\"]}]}<\/script>\n<!-- \/ Yoast SEO plugin. -->","yoast_head_json":{"title":"Nuestra Historia - 2012 - UNAQ - Universidad Aeron&aacute;utica en Quer&eacute;taro","robots":{"index":"index","follow":"follow","max-snippet":"max-snippet:-1","max-image-preview":"max-image-preview:large","max-video-preview":"max-video-preview:-1"},"canonical":"https:\/\/www.unaq.edu.mx\/en\/nosotros\/historia-de-la-unaq\/2012-2\/","og_locale":"en_US","og_type":"article","og_title":"Nuestra Historia - 2012 - UNAQ - Universidad Aeron&aacute;utica en Quer&eacute;taro","og_description":"Nuestra Historia &#8211; 2012 En 2012 se anuncia la llegada de la empresa\u00a0 Tech Ops en donde la UNAQ le entrenar\u00e1 todo su personal t\u00e9cnico. En este a\u00f1o se recibieron las visitas de la Embajadora de Francia, Elisabeth Beton Del\u00e8ngue y la Embajadora de Canada, Sara Hradecky. Se env\u00edan por primera vez a dos estudiantes [&hellip;]","og_url":"https:\/\/www.unaq.edu.mx\/en\/nosotros\/historia-de-la-unaq\/2012-2\/","og_site_name":"UNAQ - Universidad Aeron&aacute;utica en Quer&eacute;taro","article_publisher":"https:\/\/www.facebook.com\/UNAQMX\/","article_modified_time":"2022-04-12T14:07:49+00:00","og_image":[{"url":"https:\/\/www.unaq.edu.mx\/wp-content\/uploads\/Nuestra_Historia_2012-300x225.jpg","type":"","width":"","height":""}],"twitter_card":"summary_large_image","twitter_site":"@UNAQmx","twitter_misc":{"Est. reading time":"1 minute"},"schema":{"@context":"https:\/\/schema.org","@graph":[{"@type":"WebPage","@id":"https:\/\/www.unaq.edu.mx\/nosotros\/historia-de-la-unaq\/2012-2\/","url":"https:\/\/www.unaq.edu.mx\/nosotros\/historia-de-la-unaq\/2012-2\/","name":"Nuestra Historia - 2012 - UNAQ - Universidad Aeron&aacute;utica en Quer&eacute;taro","isPartOf":{"@id":"https:\/\/www.unaq.edu.mx\/#website"},"primaryImageOfPage":{"@id":"https:\/\/www.unaq.edu.mx\/nosotros\/historia-de-la-unaq\/2012-2\/#primaryimage"},"image":{"@id":"https:\/\/www.unaq.edu.mx\/nosotros\/historia-de-la-unaq\/2012-2\/#primaryimage"},"thumbnailUrl":"https:\/\/www.unaq.edu.mx\/wp-content\/uploads\/Nuestra_Historia_2012-300x225.jpg","datePublished":"2022-04-12T14:06:22+00:00","dateModified":"2022-04-12T14:07:49+00:00","breadcrumb":{"@id":"https:\/\/www.unaq.edu.mx\/nosotros\/historia-de-la-unaq\/2012-2\/#breadcrumb"},"inLanguage":"en-US","potentialAction":[{"@type":"ReadAction","target":["https:\/\/www.unaq.edu.mx\/nosotros\/historia-de-la-unaq\/2012-2\/"]}]},{"@type":"ImageObject","inLanguage":"en-US","@id":"https:\/\/www.unaq.edu.mx\/nosotros\/historia-de-la-unaq\/2012-2\/#primaryimage","url":"https:\/\/www.unaq.edu.mx\/wp-content\/uploads\/Nuestra_Historia_2012-300x225.jpg","contentUrl":"https:\/\/www.unaq.edu.mx\/wp-content\/uploads\/Nuestra_Historia_2012-300x225.jpg"},{"@type":"BreadcrumbList","@id":"https:\/\/www.unaq.edu.mx\/nosotros\/historia-de-la-unaq\/2012-2\/#breadcrumb","itemListElement":[{"@type":"ListItem","position":1,"name":"Portada","item":"https:\/\/www.unaq.edu.mx\/"},{"@type":"ListItem","position":2,"name":"Nosotros","item":"https:\/\/www.unaq.edu.mx\/nosotros\/"},{"@type":"ListItem","position":3,"name":"Historia de la UNAQ","item":"https:\/\/www.unaq.edu.mx\/nosotros\/historia-de-la-unaq\/"},{"@type":"ListItem","position":4,"name":"Nuestra Historia &#8211; 2012"}]},{"@type":"WebSite","@id":"https:\/\/www.unaq.edu.mx\/#website","url":"https:\/\/www.unaq.edu.mx\/","name":"UNAQ - Universidad Aeron&aacute;utica en Quer&eacute;taro","description":"Formamos profesionales e investigadores para el sector aeron&aacute;utico, con valores, conocimientos, competencias y reconocimiento nacional e internacional, basado en un modelo educativo abierto, flexible, pertinente y estrechamente vinculado, para el desarrollo social, econ&oacute;mico y cultural de M&eacute;xico.","publisher":{"@id":"https:\/\/www.unaq.edu.mx\/#organization"},"potentialAction":[{"@type":"SearchAction","target":{"@type":"EntryPoint","urlTemplate":"https:\/\/www.unaq.edu.mx\/?s={search_term_string}"},"query-input":{"@type":"PropertyValueSpecification","valueRequired":true,"valueName":"search_term_string"}}],"inLanguage":"en-US"},{"@type":"Organization","@id":"https:\/\/www.unaq.edu.mx\/#organization","name":"Universidad Aeron\u00e1utica en Quer\u00e9taro","url":"https:\/\/www.unaq.edu.mx\/","logo":{"@type":"ImageObject","inLanguage":"en-US","@id":"https:\/\/www.unaq.edu.mx\/#\/schema\/logo\/image\/","url":"https:\/\/www.unaq.edu.mx\/wp-content\/uploads\/2022\/04\/Logo_UNAQ.png","contentUrl":"https:\/\/www.unaq.edu.mx\/wp-content\/uploads\/2022\/04\/Logo_UNAQ.png","width":648,"height":284,"caption":"Universidad Aeron\u00e1utica en Quer\u00e9taro"},"image":{"@id":"https:\/\/www.unaq.edu.mx\/#\/schema\/logo\/image\/"},"sameAs":["https:\/\/www.facebook.com\/UNAQMX\/","https:\/\/x.com\/UNAQmx","https:\/\/www.linkedin.com\/company\/unaq","https:\/\/www.youtube.com\/user\/UNAQMX"]}]}},"_links":{"self":[{"href":"https:\/\/www.unaq.edu.mx\/en\/wp-json\/wp\/v2\/pages\/10300","targetHints":{"allow":["GET"]}}],"collection":[{"href":"https:\/\/www.unaq.edu.mx\/en\/wp-json\/wp\/v2\/pages"}],"about":[{"href":"https:\/\/www.unaq.edu.mx\/en\/wp-json\/wp\/v2\/types\/page"}],"author":[{"embeddable":true,"href":"https:\/\/www.unaq.edu.mx\/en\/wp-json\/wp\/v2\/users\/1"}],"replies":[{"embeddable":true,"href":"https:\/\/www.unaq.edu.mx\/en\/wp-json\/wp\/v2\/comments?post=10300"}],"version-history":[{"count":4,"href":"https:\/\/www.unaq.edu.mx\/en\/wp-json\/wp\/v2\/pages\/10300\/revisions"}],"predecessor-version":[{"id":10304,"href":"https:\/\/www.unaq.edu.mx\/en\/wp-json\/wp\/v2\/pages\/10300\/revisions\/10304"}],"up":[{"embeddable":true,"href":"https:\/\/www.unaq.edu.mx\/en\/wp-json\/wp\/v2\/pages\/9305"}],"wp:attachment":[{"href":"https:\/\/www.unaq.edu.mx\/en\/wp-json\/wp\/v2\/media?parent=10300"}],"curies":[{"name":"wp","href":"https:\/\/api.w.org\/{rel}","templated":true}]}}