{"id":10294,"date":"2022-04-12T08:01:20","date_gmt":"2022-04-12T14:01:20","guid":{"rendered":"https:\/\/www.unaq.edu.mx\/?page_id=10294"},"modified":"2022-04-12T08:03:57","modified_gmt":"2022-04-12T14:03:57","slug":"2011-2","status":"publish","type":"page","link":"https:\/\/www.unaq.edu.mx\/en\/nosotros\/historia-de-la-unaq\/2011-2\/","title":{"rendered":"Nuestra Historia &#8211; 2011"},"content":{"rendered":"<div data-elementor-type=\"wp-page\" data-elementor-id=\"10294\" class=\"elementor elementor-10294\" data-elementor-post-type=\"page\">\n\t\t\t\t\t\t<section class=\"elementor-section elementor-top-section elementor-element elementor-element-2f70cd7 elementor-section-boxed elementor-section-height-default elementor-section-height-default\" data-id=\"2f70cd7\" data-element_type=\"section\" data-e-type=\"section\" data-settings=\"{&quot;ekit_has_onepagescroll_dot&quot;:&quot;yes&quot;}\">\n\t\t\t\t\t\t<div class=\"elementor-container elementor-column-gap-default\">\n\t\t\t\t\t<div class=\"elementor-column elementor-col-100 elementor-top-column elementor-element elementor-element-9752f79\" data-id=\"9752f79\" data-element_type=\"column\" data-e-type=\"column\">\n\t\t\t<div class=\"elementor-widget-wrap elementor-element-populated\">\n\t\t\t\t\t\t<div class=\"elementor-element elementor-element-bb2523a elementor-widget elementor-widget-heading\" data-id=\"bb2523a\" data-element_type=\"widget\" data-e-type=\"widget\" data-settings=\"{&quot;ekit_we_effect_on&quot;:&quot;none&quot;}\" data-widget_type=\"heading.default\">\n\t\t\t\t<div class=\"elementor-widget-container\">\n\t\t\t\t\t<h2 class=\"elementor-heading-title elementor-size-default\">Our History - 2011<\/h2>\t\t\t\t<\/div>\n\t\t\t\t<\/div>\n\t\t\t\t<div class=\"elementor-element elementor-element-ae2c122 elementor-widget elementor-widget-text-editor\" data-id=\"ae2c122\" data-element_type=\"widget\" data-e-type=\"widget\" data-settings=\"{&quot;ekit_we_effect_on&quot;:&quot;none&quot;}\" data-widget_type=\"text-editor.default\">\n\t\t\t\t<div class=\"elementor-widget-container\">\n\t\t\t\t\t\t\t\t\t<figure id=\"attachment_10245\" aria-describedby=\"caption-attachment-10245\" style=\"width: 300px\" class=\"wp-caption alignright\"><img fetchpriority=\"high\" decoding=\"async\" class=\"wp-image-10245 size-medium\" src=\"https:\/\/www.unaq.edu.mx\/wp-content\/uploads\/Nuestra_Historia_2011-300x225.jpg\" alt=\"\" width=\"300\" height=\"225\" srcset=\"https:\/\/www.unaq.edu.mx\/wp-content\/uploads\/Nuestra_Historia_2011-300x225.jpg 300w, https:\/\/www.unaq.edu.mx\/wp-content\/uploads\/Nuestra_Historia_2011-768x576.jpg 768w, https:\/\/www.unaq.edu.mx\/wp-content\/uploads\/Nuestra_Historia_2011-16x12.jpg 16w, https:\/\/www.unaq.edu.mx\/wp-content\/uploads\/Nuestra_Historia_2011.jpg 800w\" sizes=\"(max-width: 300px) 100vw, 300px\" \/><figcaption id=\"caption-attachment-10245\" class=\"wp-caption-text\">First Generation of the Advanced Technician Program in Avionics<\/figcaption><\/figure><p style=\"text-align: justify;\">One of the attributes of the UNAQ Educational Model is its commitment to sustainable development; in this sense, some of the last institutional achievements in 2011 were obtained in environmental matters:<\/p><ul style=\"text-align: justify;\"><li>The environmental license and authorization for the management of urban solid waste and hazardous waste, by SEDESU.<\/li><li>The Certificate of Environmental Quality by PROFEPA.<\/li><li>With the participation of the aeronautical cluster companies and other important actors in the field, the first generation of the Environmental Leadership Program was headed.<\/li><\/ul><p style=\"text-align: justify;\">April 2011 has been marked as one of the most important months for this institution due to the graduation of the First Generation of Advanced Technician Program in Avionicsintegrated by sixteen young students who reached their university goal. With this qualification, the graduates gave meaning to all the efforts made until that time, and publicly consolidated the institution. With the presence of the Governor of the State Jos\u00e9 Eduardo Calzada Rovirosa and other authorities of the Entity in their graduation ceremony, the students received their Title and Professional License in addition to the class II license, issued by the DGAC, which authorizes them to work in maintenance work for operational aircraft.<\/p><p style=\"text-align: justify;\">Throughout these years, UNAQ has contributed to the development and consolidation of the aerospace industry in the entity, adding, from its educational perspective, the large investment attraction project of the Government of the State of Quer\u00e9taro, which with the arrival of companies as Eurocopter, confirms the success of the commitment with this strategic sector for the economic growth of the country.<\/p><p style=\"text-align: justify;\">During 2011, one of the most important projects for the university, was the opening of the first DGAC office in the country in charge of the certification of manufacturing processes, in accordance to the BASA agreement (Bilateral Agreement for Safety in Aviation). For DGAC, the authorization of this space defines the beginning for the operations of this important bilateral agreement in Mexico and in the United States of America, that\u2019s seeking for the manufacturing homologation of aeronautical components for the State of Quer\u00e9taro and for UNAQ; it is also the first step to achieve the Mexican aeronautical manufacturing certification and the leadership position of the entity on these processes.<\/p><p style=\"text-align: justify;\">Before the ending of 2011, thanks to the successful evolution of the university, the academic buildings A and B were built. These allowed the addition of other spaces which were added up to the integral education commitment: classrooms, laboratories, information and language center, consultation rooms and auditorium.<\/p><p style=\"text-align: justify;\">As described throughout these paragraphs, the flight has just begun for this Institution of Higher Education that seeks, as described by its institutional vision: to be a socially responsible, consolidated, national and international institution for its social, economic, technological and academic impact; a true \"Sky of opportunities\" available for young people and Mexico welfare.<\/p>\t\t\t\t\t\t\t\t<\/div>\n\t\t\t\t<\/div>\n\t\t\t\t\t<\/div>\n\t\t<\/div>\n\t\t\t\t\t<\/div>\n\t\t<\/section>\n\t\t\t\t<\/div>","protected":false},"excerpt":{"rendered":"<p>Nuestra Historia &#8211; 2011 Uno de los atributos del Modelo Educativo de la UNAQ es su compromiso con el desarrollo sustentable; en este aspecto, algunos de los \u00faltimos logros institucionales del a\u00f1o 2011, se obtuvieron en materia de medio ambiente: La licencia ambiental y la autorizaci\u00f3n para manejo de residuos s\u00f3lidos urbanos y residuos peligrosos, [&hellip;]<\/p>\n","protected":false},"author":1,"featured_media":0,"parent":9305,"menu_order":0,"comment_status":"closed","ping_status":"closed","template":"elementor_header_footer","meta":{"footnotes":""},"class_list":["post-10294","page","type-page","status-publish","hentry"],"yoast_head":"<!-- This site is optimized with the Yoast SEO plugin v27.6 - https:\/\/yoast.com\/product\/yoast-seo-wordpress\/ -->\n<title>Nuestra Historia - 2011 - UNAQ - Universidad Aeron&aacute;utica en Quer&eacute;taro<\/title>\n<meta name=\"robots\" content=\"index, follow, max-snippet:-1, max-image-preview:large, max-video-preview:-1\" \/>\n<link rel=\"canonical\" href=\"https:\/\/www.unaq.edu.mx\/en\/nosotros\/historia-de-la-unaq\/2011-2\/\" \/>\n<meta property=\"og:locale\" content=\"en_US\" \/>\n<meta property=\"og:type\" content=\"article\" \/>\n<meta property=\"og:title\" content=\"Nuestra Historia - 2011 - UNAQ - Universidad Aeron&aacute;utica en Quer&eacute;taro\" \/>\n<meta property=\"og:description\" content=\"Nuestra Historia &#8211; 2011 Uno de los atributos del Modelo Educativo de la UNAQ es su compromiso con el desarrollo sustentable; en este aspecto, algunos de los \u00faltimos logros institucionales del a\u00f1o 2011, se obtuvieron en materia de medio ambiente: La licencia ambiental y la autorizaci\u00f3n para manejo de residuos s\u00f3lidos urbanos y residuos peligrosos, [&hellip;]\" \/>\n<meta property=\"og:url\" content=\"https:\/\/www.unaq.edu.mx\/en\/nosotros\/historia-de-la-unaq\/2011-2\/\" \/>\n<meta property=\"og:site_name\" content=\"UNAQ - Universidad Aeron&aacute;utica en Quer&eacute;taro\" \/>\n<meta property=\"article:publisher\" content=\"https:\/\/www.facebook.com\/UNAQMX\/\" \/>\n<meta property=\"article:modified_time\" content=\"2022-04-12T14:03:57+00:00\" \/>\n<meta property=\"og:image\" content=\"https:\/\/www.unaq.edu.mx\/wp-content\/uploads\/Nuestra_Historia_2011-300x225.jpg\" \/>\n<meta name=\"twitter:card\" content=\"summary_large_image\" \/>\n<meta name=\"twitter:site\" content=\"@UNAQmx\" \/>\n<meta name=\"twitter:label1\" content=\"Est. reading time\" \/>\n\t<meta name=\"twitter:data1\" content=\"3 minutes\" \/>\n<script type=\"application\/ld+json\" class=\"yoast-schema-graph\">{\"@context\":\"https:\\\/\\\/schema.org\",\"@graph\":[{\"@type\":\"WebPage\",\"@id\":\"https:\\\/\\\/www.unaq.edu.mx\\\/nosotros\\\/historia-de-la-unaq\\\/2011-2\\\/\",\"url\":\"https:\\\/\\\/www.unaq.edu.mx\\\/nosotros\\\/historia-de-la-unaq\\\/2011-2\\\/\",\"name\":\"Nuestra Historia - 2011 - UNAQ - Universidad Aeron&aacute;utica en Quer&eacute;taro\",\"isPartOf\":{\"@id\":\"https:\\\/\\\/www.unaq.edu.mx\\\/#website\"},\"primaryImageOfPage\":{\"@id\":\"https:\\\/\\\/www.unaq.edu.mx\\\/nosotros\\\/historia-de-la-unaq\\\/2011-2\\\/#primaryimage\"},\"image\":{\"@id\":\"https:\\\/\\\/www.unaq.edu.mx\\\/nosotros\\\/historia-de-la-unaq\\\/2011-2\\\/#primaryimage\"},\"thumbnailUrl\":\"https:\\\/\\\/www.unaq.edu.mx\\\/wp-content\\\/uploads\\\/Nuestra_Historia_2011-300x225.jpg\",\"datePublished\":\"2022-04-12T14:01:20+00:00\",\"dateModified\":\"2022-04-12T14:03:57+00:00\",\"breadcrumb\":{\"@id\":\"https:\\\/\\\/www.unaq.edu.mx\\\/nosotros\\\/historia-de-la-unaq\\\/2011-2\\\/#breadcrumb\"},\"inLanguage\":\"en-US\",\"potentialAction\":[{\"@type\":\"ReadAction\",\"target\":[\"https:\\\/\\\/www.unaq.edu.mx\\\/nosotros\\\/historia-de-la-unaq\\\/2011-2\\\/\"]}]},{\"@type\":\"ImageObject\",\"inLanguage\":\"en-US\",\"@id\":\"https:\\\/\\\/www.unaq.edu.mx\\\/nosotros\\\/historia-de-la-unaq\\\/2011-2\\\/#primaryimage\",\"url\":\"https:\\\/\\\/www.unaq.edu.mx\\\/wp-content\\\/uploads\\\/Nuestra_Historia_2011-300x225.jpg\",\"contentUrl\":\"https:\\\/\\\/www.unaq.edu.mx\\\/wp-content\\\/uploads\\\/Nuestra_Historia_2011-300x225.jpg\"},{\"@type\":\"BreadcrumbList\",\"@id\":\"https:\\\/\\\/www.unaq.edu.mx\\\/nosotros\\\/historia-de-la-unaq\\\/2011-2\\\/#breadcrumb\",\"itemListElement\":[{\"@type\":\"ListItem\",\"position\":1,\"name\":\"Portada\",\"item\":\"https:\\\/\\\/www.unaq.edu.mx\\\/\"},{\"@type\":\"ListItem\",\"position\":2,\"name\":\"Nosotros\",\"item\":\"https:\\\/\\\/www.unaq.edu.mx\\\/nosotros\\\/\"},{\"@type\":\"ListItem\",\"position\":3,\"name\":\"Historia de la UNAQ\",\"item\":\"https:\\\/\\\/www.unaq.edu.mx\\\/nosotros\\\/historia-de-la-unaq\\\/\"},{\"@type\":\"ListItem\",\"position\":4,\"name\":\"Nuestra Historia &#8211; 2011\"}]},{\"@type\":\"WebSite\",\"@id\":\"https:\\\/\\\/www.unaq.edu.mx\\\/#website\",\"url\":\"https:\\\/\\\/www.unaq.edu.mx\\\/\",\"name\":\"UNAQ - Universidad Aeron&aacute;utica en Quer&eacute;taro\",\"description\":\"Formamos profesionales e investigadores para el sector aeron&aacute;utico, con valores, conocimientos, competencias y reconocimiento nacional e internacional, basado en un modelo educativo abierto, flexible, pertinente y estrechamente vinculado, para el desarrollo social, econ&oacute;mico y cultural de M&eacute;xico.\",\"publisher\":{\"@id\":\"https:\\\/\\\/www.unaq.edu.mx\\\/#organization\"},\"potentialAction\":[{\"@type\":\"SearchAction\",\"target\":{\"@type\":\"EntryPoint\",\"urlTemplate\":\"https:\\\/\\\/www.unaq.edu.mx\\\/?s={search_term_string}\"},\"query-input\":{\"@type\":\"PropertyValueSpecification\",\"valueRequired\":true,\"valueName\":\"search_term_string\"}}],\"inLanguage\":\"en-US\"},{\"@type\":\"Organization\",\"@id\":\"https:\\\/\\\/www.unaq.edu.mx\\\/#organization\",\"name\":\"Universidad Aeron\u00e1utica en Quer\u00e9taro\",\"url\":\"https:\\\/\\\/www.unaq.edu.mx\\\/\",\"logo\":{\"@type\":\"ImageObject\",\"inLanguage\":\"en-US\",\"@id\":\"https:\\\/\\\/www.unaq.edu.mx\\\/#\\\/schema\\\/logo\\\/image\\\/\",\"url\":\"https:\\\/\\\/www.unaq.edu.mx\\\/wp-content\\\/uploads\\\/2022\\\/04\\\/Logo_UNAQ.png\",\"contentUrl\":\"https:\\\/\\\/www.unaq.edu.mx\\\/wp-content\\\/uploads\\\/2022\\\/04\\\/Logo_UNAQ.png\",\"width\":648,\"height\":284,\"caption\":\"Universidad Aeron\u00e1utica en Quer\u00e9taro\"},\"image\":{\"@id\":\"https:\\\/\\\/www.unaq.edu.mx\\\/#\\\/schema\\\/logo\\\/image\\\/\"},\"sameAs\":[\"https:\\\/\\\/www.facebook.com\\\/UNAQMX\\\/\",\"https:\\\/\\\/x.com\\\/UNAQmx\",\"https:\\\/\\\/www.linkedin.com\\\/company\\\/unaq\",\"https:\\\/\\\/www.youtube.com\\\/user\\\/UNAQMX\"]}]}<\/script>\n<!-- \/ Yoast SEO plugin. -->","yoast_head_json":{"title":"Nuestra Historia - 2011 - UNAQ - Universidad Aeron&aacute;utica en Quer&eacute;taro","robots":{"index":"index","follow":"follow","max-snippet":"max-snippet:-1","max-image-preview":"max-image-preview:large","max-video-preview":"max-video-preview:-1"},"canonical":"https:\/\/www.unaq.edu.mx\/en\/nosotros\/historia-de-la-unaq\/2011-2\/","og_locale":"en_US","og_type":"article","og_title":"Nuestra Historia - 2011 - UNAQ - Universidad Aeron&aacute;utica en Quer&eacute;taro","og_description":"Nuestra Historia &#8211; 2011 Uno de los atributos del Modelo Educativo de la UNAQ es su compromiso con el desarrollo sustentable; en este aspecto, algunos de los \u00faltimos logros institucionales del a\u00f1o 2011, se obtuvieron en materia de medio ambiente: La licencia ambiental y la autorizaci\u00f3n para manejo de residuos s\u00f3lidos urbanos y residuos peligrosos, [&hellip;]","og_url":"https:\/\/www.unaq.edu.mx\/en\/nosotros\/historia-de-la-unaq\/2011-2\/","og_site_name":"UNAQ - Universidad Aeron&aacute;utica en Quer&eacute;taro","article_publisher":"https:\/\/www.facebook.com\/UNAQMX\/","article_modified_time":"2022-04-12T14:03:57+00:00","og_image":[{"url":"https:\/\/www.unaq.edu.mx\/wp-content\/uploads\/Nuestra_Historia_2011-300x225.jpg","type":"","width":"","height":""}],"twitter_card":"summary_large_image","twitter_site":"@UNAQmx","twitter_misc":{"Est. reading time":"3 minutes"},"schema":{"@context":"https:\/\/schema.org","@graph":[{"@type":"WebPage","@id":"https:\/\/www.unaq.edu.mx\/nosotros\/historia-de-la-unaq\/2011-2\/","url":"https:\/\/www.unaq.edu.mx\/nosotros\/historia-de-la-unaq\/2011-2\/","name":"Nuestra Historia - 2011 - UNAQ - Universidad Aeron&aacute;utica en Quer&eacute;taro","isPartOf":{"@id":"https:\/\/www.unaq.edu.mx\/#website"},"primaryImageOfPage":{"@id":"https:\/\/www.unaq.edu.mx\/nosotros\/historia-de-la-unaq\/2011-2\/#primaryimage"},"image":{"@id":"https:\/\/www.unaq.edu.mx\/nosotros\/historia-de-la-unaq\/2011-2\/#primaryimage"},"thumbnailUrl":"https:\/\/www.unaq.edu.mx\/wp-content\/uploads\/Nuestra_Historia_2011-300x225.jpg","datePublished":"2022-04-12T14:01:20+00:00","dateModified":"2022-04-12T14:03:57+00:00","breadcrumb":{"@id":"https:\/\/www.unaq.edu.mx\/nosotros\/historia-de-la-unaq\/2011-2\/#breadcrumb"},"inLanguage":"en-US","potentialAction":[{"@type":"ReadAction","target":["https:\/\/www.unaq.edu.mx\/nosotros\/historia-de-la-unaq\/2011-2\/"]}]},{"@type":"ImageObject","inLanguage":"en-US","@id":"https:\/\/www.unaq.edu.mx\/nosotros\/historia-de-la-unaq\/2011-2\/#primaryimage","url":"https:\/\/www.unaq.edu.mx\/wp-content\/uploads\/Nuestra_Historia_2011-300x225.jpg","contentUrl":"https:\/\/www.unaq.edu.mx\/wp-content\/uploads\/Nuestra_Historia_2011-300x225.jpg"},{"@type":"BreadcrumbList","@id":"https:\/\/www.unaq.edu.mx\/nosotros\/historia-de-la-unaq\/2011-2\/#breadcrumb","itemListElement":[{"@type":"ListItem","position":1,"name":"Portada","item":"https:\/\/www.unaq.edu.mx\/"},{"@type":"ListItem","position":2,"name":"Nosotros","item":"https:\/\/www.unaq.edu.mx\/nosotros\/"},{"@type":"ListItem","position":3,"name":"Historia de la UNAQ","item":"https:\/\/www.unaq.edu.mx\/nosotros\/historia-de-la-unaq\/"},{"@type":"ListItem","position":4,"name":"Nuestra Historia &#8211; 2011"}]},{"@type":"WebSite","@id":"https:\/\/www.unaq.edu.mx\/#website","url":"https:\/\/www.unaq.edu.mx\/","name":"UNAQ - Universidad Aeron&aacute;utica en Quer&eacute;taro","description":"Formamos profesionales e investigadores para el sector aeron&aacute;utico, con valores, conocimientos, competencias y reconocimiento nacional e internacional, basado en un modelo educativo abierto, flexible, pertinente y estrechamente vinculado, para el desarrollo social, econ&oacute;mico y cultural de M&eacute;xico.","publisher":{"@id":"https:\/\/www.unaq.edu.mx\/#organization"},"potentialAction":[{"@type":"SearchAction","target":{"@type":"EntryPoint","urlTemplate":"https:\/\/www.unaq.edu.mx\/?s={search_term_string}"},"query-input":{"@type":"PropertyValueSpecification","valueRequired":true,"valueName":"search_term_string"}}],"inLanguage":"en-US"},{"@type":"Organization","@id":"https:\/\/www.unaq.edu.mx\/#organization","name":"Universidad Aeron\u00e1utica en Quer\u00e9taro","url":"https:\/\/www.unaq.edu.mx\/","logo":{"@type":"ImageObject","inLanguage":"en-US","@id":"https:\/\/www.unaq.edu.mx\/#\/schema\/logo\/image\/","url":"https:\/\/www.unaq.edu.mx\/wp-content\/uploads\/2022\/04\/Logo_UNAQ.png","contentUrl":"https:\/\/www.unaq.edu.mx\/wp-content\/uploads\/2022\/04\/Logo_UNAQ.png","width":648,"height":284,"caption":"Universidad Aeron\u00e1utica en Quer\u00e9taro"},"image":{"@id":"https:\/\/www.unaq.edu.mx\/#\/schema\/logo\/image\/"},"sameAs":["https:\/\/www.facebook.com\/UNAQMX\/","https:\/\/x.com\/UNAQmx","https:\/\/www.linkedin.com\/company\/unaq","https:\/\/www.youtube.com\/user\/UNAQMX"]}]}},"_links":{"self":[{"href":"https:\/\/www.unaq.edu.mx\/en\/wp-json\/wp\/v2\/pages\/10294","targetHints":{"allow":["GET"]}}],"collection":[{"href":"https:\/\/www.unaq.edu.mx\/en\/wp-json\/wp\/v2\/pages"}],"about":[{"href":"https:\/\/www.unaq.edu.mx\/en\/wp-json\/wp\/v2\/types\/page"}],"author":[{"embeddable":true,"href":"https:\/\/www.unaq.edu.mx\/en\/wp-json\/wp\/v2\/users\/1"}],"replies":[{"embeddable":true,"href":"https:\/\/www.unaq.edu.mx\/en\/wp-json\/wp\/v2\/comments?post=10294"}],"version-history":[{"count":4,"href":"https:\/\/www.unaq.edu.mx\/en\/wp-json\/wp\/v2\/pages\/10294\/revisions"}],"predecessor-version":[{"id":10299,"href":"https:\/\/www.unaq.edu.mx\/en\/wp-json\/wp\/v2\/pages\/10294\/revisions\/10299"}],"up":[{"embeddable":true,"href":"https:\/\/www.unaq.edu.mx\/en\/wp-json\/wp\/v2\/pages\/9305"}],"wp:attachment":[{"href":"https:\/\/www.unaq.edu.mx\/en\/wp-json\/wp\/v2\/media?parent=10294"}],"curies":[{"name":"wp","href":"https:\/\/api.w.org\/{rel}","templated":true}]}}