{"id":10266,"date":"2022-04-12T07:38:56","date_gmt":"2022-04-12T13:38:56","guid":{"rendered":"https:\/\/www.unaq.edu.mx\/?page_id=10266"},"modified":"2022-04-12T07:40:50","modified_gmt":"2022-04-12T13:40:50","slug":"2007-2","status":"publish","type":"page","link":"https:\/\/www.unaq.edu.mx\/en\/nosotros\/historia-de-la-unaq\/2007-2\/","title":{"rendered":"Nuestra Historia &#8211; 2007"},"content":{"rendered":"<div data-elementor-type=\"wp-page\" data-elementor-id=\"10266\" class=\"elementor elementor-10266\" data-elementor-post-type=\"page\">\n\t\t\t\t\t\t<section class=\"elementor-section elementor-top-section elementor-element elementor-element-29191a6 elementor-section-boxed elementor-section-height-default elementor-section-height-default\" data-id=\"29191a6\" data-element_type=\"section\" data-e-type=\"section\" data-settings=\"{&quot;ekit_has_onepagescroll_dot&quot;:&quot;yes&quot;}\">\n\t\t\t\t\t\t<div class=\"elementor-container elementor-column-gap-default\">\n\t\t\t\t\t<div class=\"elementor-column elementor-col-100 elementor-top-column elementor-element elementor-element-f16f790\" data-id=\"f16f790\" data-element_type=\"column\" data-e-type=\"column\">\n\t\t\t<div class=\"elementor-widget-wrap elementor-element-populated\">\n\t\t\t\t\t\t<div class=\"elementor-element elementor-element-e0c0e20 elementor-widget elementor-widget-heading\" data-id=\"e0c0e20\" data-element_type=\"widget\" data-e-type=\"widget\" data-settings=\"{&quot;ekit_we_effect_on&quot;:&quot;none&quot;}\" data-widget_type=\"heading.default\">\n\t\t\t\t<div class=\"elementor-widget-container\">\n\t\t\t\t\t<h2 class=\"elementor-heading-title elementor-size-default\">Our History - 2007<\/h2>\t\t\t\t<\/div>\n\t\t\t\t<\/div>\n\t\t\t\t<div class=\"elementor-element elementor-element-2fafba2 elementor-widget elementor-widget-text-editor\" data-id=\"2fafba2\" data-element_type=\"widget\" data-e-type=\"widget\" data-settings=\"{&quot;ekit_we_effect_on&quot;:&quot;none&quot;}\" data-widget_type=\"text-editor.default\">\n\t\t\t\t<div class=\"elementor-widget-container\">\n\t\t\t\t\t\t\t\t\t<figure id=\"attachment_10241\" aria-describedby=\"caption-attachment-10241\" style=\"width: 300px\" class=\"wp-caption alignright\"><img fetchpriority=\"high\" decoding=\"async\" class=\"wp-image-10241 size-medium\" src=\"https:\/\/www.unaq.edu.mx\/wp-content\/uploads\/Nuestra_Historia_2007-300x225.jpg\" alt=\"\" width=\"300\" height=\"225\" srcset=\"https:\/\/www.unaq.edu.mx\/wp-content\/uploads\/Nuestra_Historia_2007-300x225.jpg 300w, https:\/\/www.unaq.edu.mx\/wp-content\/uploads\/Nuestra_Historia_2007-768x576.jpg 768w, https:\/\/www.unaq.edu.mx\/wp-content\/uploads\/Nuestra_Historia_2007-16x12.jpg 16w, https:\/\/www.unaq.edu.mx\/wp-content\/uploads\/Nuestra_Historia_2007.jpg 800w\" sizes=\"(max-width: 300px) 100vw, 300px\" \/><figcaption id=\"caption-attachment-10241\" class=\"wp-caption-text\">Students of the Intensive Training Program<\/figcaption><\/figure><p style=\"text-align: justify;\">Parallel to PEI operation, efforts continued to attract foreign companies to integrate the cluster, and legal, educational and administrative models were outlined to generate a new higher education institution in the State, that could meet human capital training at various levels: from basic manufacturing to researcher level. This effort is consolidated by signing the Coordination Agreement for the Creation, Operation, Consolidation, and Financial Support acquisition for the National Aeronautical University in Quer\u00e9taro (UNAQ) on September 28, 2007, and by the subsequent promulgation of the Decree for creating the National Aeronautical University in Quer\u00e9taro (UNAQ), on November 23, 2007. UNAQ is a Government decentralized public organization in the State of Quer\u00e9taro with its own legal personality and heritage, its facilities are located on a 20-hectare site within the Quer\u00e9taro International Airport (AIQ), under the general direction of Ing. Jorge Enrique Leonardo Guti\u00e9rrez de Velasco Rodr\u00edguez, founding Rector of the institution.<\/p>\t\t\t\t\t\t\t\t<\/div>\n\t\t\t\t<\/div>\n\t\t\t\t\t<\/div>\n\t\t<\/div>\n\t\t\t\t\t<\/div>\n\t\t<\/section>\n\t\t\t\t<\/div>","protected":false},"excerpt":{"rendered":"<p>Nuestra Historia &#8211; 2007 De manera paralela en que se operaba el PEI, se continuaban los esfuerzos por atraer compa\u00f1\u00edas extranjeras que integrar\u00edan el cl\u00faster, se delineaban los modelos: jur\u00eddico, educativo y administrativo de una nueva instituci\u00f3n de educaci\u00f3n superior en el Estado, para la atenci\u00f3n de las necesidades de formaci\u00f3n de capital humano en [&hellip;]<\/p>\n","protected":false},"author":1,"featured_media":0,"parent":9305,"menu_order":0,"comment_status":"closed","ping_status":"closed","template":"elementor_header_footer","meta":{"footnotes":""},"class_list":["post-10266","page","type-page","status-publish","hentry"],"yoast_head":"<!-- This site is optimized with the Yoast SEO plugin v27.6 - https:\/\/yoast.com\/product\/yoast-seo-wordpress\/ -->\n<title>Nuestra Historia - 2007 - UNAQ - Universidad Aeron&aacute;utica en Quer&eacute;taro<\/title>\n<meta name=\"robots\" content=\"index, follow, max-snippet:-1, max-image-preview:large, max-video-preview:-1\" \/>\n<link rel=\"canonical\" href=\"https:\/\/www.unaq.edu.mx\/en\/nosotros\/historia-de-la-unaq\/2007-2\/\" \/>\n<meta property=\"og:locale\" content=\"en_US\" \/>\n<meta property=\"og:type\" content=\"article\" \/>\n<meta property=\"og:title\" content=\"Nuestra Historia - 2007 - UNAQ - Universidad Aeron&aacute;utica en Quer&eacute;taro\" \/>\n<meta property=\"og:description\" content=\"Nuestra Historia &#8211; 2007 De manera paralela en que se operaba el PEI, se continuaban los esfuerzos por atraer compa\u00f1\u00edas extranjeras que integrar\u00edan el cl\u00faster, se delineaban los modelos: jur\u00eddico, educativo y administrativo de una nueva instituci\u00f3n de educaci\u00f3n superior en el Estado, para la atenci\u00f3n de las necesidades de formaci\u00f3n de capital humano en [&hellip;]\" \/>\n<meta property=\"og:url\" content=\"https:\/\/www.unaq.edu.mx\/en\/nosotros\/historia-de-la-unaq\/2007-2\/\" \/>\n<meta property=\"og:site_name\" content=\"UNAQ - Universidad Aeron&aacute;utica en Quer&eacute;taro\" \/>\n<meta property=\"article:publisher\" content=\"https:\/\/www.facebook.com\/UNAQMX\/\" \/>\n<meta property=\"article:modified_time\" content=\"2022-04-12T13:40:50+00:00\" \/>\n<meta property=\"og:image\" content=\"https:\/\/www.unaq.edu.mx\/wp-content\/uploads\/Nuestra_Historia_2007-300x225.jpg\" \/>\n<meta name=\"twitter:card\" content=\"summary_large_image\" \/>\n<meta name=\"twitter:site\" content=\"@UNAQmx\" \/>\n<meta name=\"twitter:label1\" content=\"Est. reading time\" \/>\n\t<meta name=\"twitter:data1\" content=\"1 minute\" \/>\n<script type=\"application\/ld+json\" class=\"yoast-schema-graph\">{\"@context\":\"https:\\\/\\\/schema.org\",\"@graph\":[{\"@type\":\"WebPage\",\"@id\":\"https:\\\/\\\/www.unaq.edu.mx\\\/nosotros\\\/historia-de-la-unaq\\\/2007-2\\\/\",\"url\":\"https:\\\/\\\/www.unaq.edu.mx\\\/nosotros\\\/historia-de-la-unaq\\\/2007-2\\\/\",\"name\":\"Nuestra Historia - 2007 - UNAQ - Universidad Aeron&aacute;utica en Quer&eacute;taro\",\"isPartOf\":{\"@id\":\"https:\\\/\\\/www.unaq.edu.mx\\\/#website\"},\"primaryImageOfPage\":{\"@id\":\"https:\\\/\\\/www.unaq.edu.mx\\\/nosotros\\\/historia-de-la-unaq\\\/2007-2\\\/#primaryimage\"},\"image\":{\"@id\":\"https:\\\/\\\/www.unaq.edu.mx\\\/nosotros\\\/historia-de-la-unaq\\\/2007-2\\\/#primaryimage\"},\"thumbnailUrl\":\"https:\\\/\\\/www.unaq.edu.mx\\\/wp-content\\\/uploads\\\/Nuestra_Historia_2007-300x225.jpg\",\"datePublished\":\"2022-04-12T13:38:56+00:00\",\"dateModified\":\"2022-04-12T13:40:50+00:00\",\"breadcrumb\":{\"@id\":\"https:\\\/\\\/www.unaq.edu.mx\\\/nosotros\\\/historia-de-la-unaq\\\/2007-2\\\/#breadcrumb\"},\"inLanguage\":\"en-US\",\"potentialAction\":[{\"@type\":\"ReadAction\",\"target\":[\"https:\\\/\\\/www.unaq.edu.mx\\\/nosotros\\\/historia-de-la-unaq\\\/2007-2\\\/\"]}]},{\"@type\":\"ImageObject\",\"inLanguage\":\"en-US\",\"@id\":\"https:\\\/\\\/www.unaq.edu.mx\\\/nosotros\\\/historia-de-la-unaq\\\/2007-2\\\/#primaryimage\",\"url\":\"https:\\\/\\\/www.unaq.edu.mx\\\/wp-content\\\/uploads\\\/Nuestra_Historia_2007-300x225.jpg\",\"contentUrl\":\"https:\\\/\\\/www.unaq.edu.mx\\\/wp-content\\\/uploads\\\/Nuestra_Historia_2007-300x225.jpg\"},{\"@type\":\"BreadcrumbList\",\"@id\":\"https:\\\/\\\/www.unaq.edu.mx\\\/nosotros\\\/historia-de-la-unaq\\\/2007-2\\\/#breadcrumb\",\"itemListElement\":[{\"@type\":\"ListItem\",\"position\":1,\"name\":\"Portada\",\"item\":\"https:\\\/\\\/www.unaq.edu.mx\\\/\"},{\"@type\":\"ListItem\",\"position\":2,\"name\":\"Nosotros\",\"item\":\"https:\\\/\\\/www.unaq.edu.mx\\\/nosotros\\\/\"},{\"@type\":\"ListItem\",\"position\":3,\"name\":\"Historia de la UNAQ\",\"item\":\"https:\\\/\\\/www.unaq.edu.mx\\\/nosotros\\\/historia-de-la-unaq\\\/\"},{\"@type\":\"ListItem\",\"position\":4,\"name\":\"Nuestra Historia &#8211; 2007\"}]},{\"@type\":\"WebSite\",\"@id\":\"https:\\\/\\\/www.unaq.edu.mx\\\/#website\",\"url\":\"https:\\\/\\\/www.unaq.edu.mx\\\/\",\"name\":\"UNAQ - Universidad Aeron&aacute;utica en Quer&eacute;taro\",\"description\":\"Formamos profesionales e investigadores para el sector aeron&aacute;utico, con valores, conocimientos, competencias y reconocimiento nacional e internacional, basado en un modelo educativo abierto, flexible, pertinente y estrechamente vinculado, para el desarrollo social, econ&oacute;mico y cultural de M&eacute;xico.\",\"publisher\":{\"@id\":\"https:\\\/\\\/www.unaq.edu.mx\\\/#organization\"},\"potentialAction\":[{\"@type\":\"SearchAction\",\"target\":{\"@type\":\"EntryPoint\",\"urlTemplate\":\"https:\\\/\\\/www.unaq.edu.mx\\\/?s={search_term_string}\"},\"query-input\":{\"@type\":\"PropertyValueSpecification\",\"valueRequired\":true,\"valueName\":\"search_term_string\"}}],\"inLanguage\":\"en-US\"},{\"@type\":\"Organization\",\"@id\":\"https:\\\/\\\/www.unaq.edu.mx\\\/#organization\",\"name\":\"Universidad Aeron\u00e1utica en Quer\u00e9taro\",\"url\":\"https:\\\/\\\/www.unaq.edu.mx\\\/\",\"logo\":{\"@type\":\"ImageObject\",\"inLanguage\":\"en-US\",\"@id\":\"https:\\\/\\\/www.unaq.edu.mx\\\/#\\\/schema\\\/logo\\\/image\\\/\",\"url\":\"https:\\\/\\\/www.unaq.edu.mx\\\/wp-content\\\/uploads\\\/2022\\\/04\\\/Logo_UNAQ.png\",\"contentUrl\":\"https:\\\/\\\/www.unaq.edu.mx\\\/wp-content\\\/uploads\\\/2022\\\/04\\\/Logo_UNAQ.png\",\"width\":648,\"height\":284,\"caption\":\"Universidad Aeron\u00e1utica en Quer\u00e9taro\"},\"image\":{\"@id\":\"https:\\\/\\\/www.unaq.edu.mx\\\/#\\\/schema\\\/logo\\\/image\\\/\"},\"sameAs\":[\"https:\\\/\\\/www.facebook.com\\\/UNAQMX\\\/\",\"https:\\\/\\\/x.com\\\/UNAQmx\",\"https:\\\/\\\/www.linkedin.com\\\/company\\\/unaq\",\"https:\\\/\\\/www.youtube.com\\\/user\\\/UNAQMX\"]}]}<\/script>\n<!-- \/ Yoast SEO plugin. -->","yoast_head_json":{"title":"Nuestra Historia - 2007 - UNAQ - Universidad Aeron&aacute;utica en Quer&eacute;taro","robots":{"index":"index","follow":"follow","max-snippet":"max-snippet:-1","max-image-preview":"max-image-preview:large","max-video-preview":"max-video-preview:-1"},"canonical":"https:\/\/www.unaq.edu.mx\/en\/nosotros\/historia-de-la-unaq\/2007-2\/","og_locale":"en_US","og_type":"article","og_title":"Nuestra Historia - 2007 - UNAQ - Universidad Aeron&aacute;utica en Quer&eacute;taro","og_description":"Nuestra Historia &#8211; 2007 De manera paralela en que se operaba el PEI, se continuaban los esfuerzos por atraer compa\u00f1\u00edas extranjeras que integrar\u00edan el cl\u00faster, se delineaban los modelos: jur\u00eddico, educativo y administrativo de una nueva instituci\u00f3n de educaci\u00f3n superior en el Estado, para la atenci\u00f3n de las necesidades de formaci\u00f3n de capital humano en [&hellip;]","og_url":"https:\/\/www.unaq.edu.mx\/en\/nosotros\/historia-de-la-unaq\/2007-2\/","og_site_name":"UNAQ - Universidad Aeron&aacute;utica en Quer&eacute;taro","article_publisher":"https:\/\/www.facebook.com\/UNAQMX\/","article_modified_time":"2022-04-12T13:40:50+00:00","og_image":[{"url":"https:\/\/www.unaq.edu.mx\/wp-content\/uploads\/Nuestra_Historia_2007-300x225.jpg","type":"","width":"","height":""}],"twitter_card":"summary_large_image","twitter_site":"@UNAQmx","twitter_misc":{"Est. reading time":"1 minute"},"schema":{"@context":"https:\/\/schema.org","@graph":[{"@type":"WebPage","@id":"https:\/\/www.unaq.edu.mx\/nosotros\/historia-de-la-unaq\/2007-2\/","url":"https:\/\/www.unaq.edu.mx\/nosotros\/historia-de-la-unaq\/2007-2\/","name":"Nuestra Historia - 2007 - UNAQ - Universidad Aeron&aacute;utica en Quer&eacute;taro","isPartOf":{"@id":"https:\/\/www.unaq.edu.mx\/#website"},"primaryImageOfPage":{"@id":"https:\/\/www.unaq.edu.mx\/nosotros\/historia-de-la-unaq\/2007-2\/#primaryimage"},"image":{"@id":"https:\/\/www.unaq.edu.mx\/nosotros\/historia-de-la-unaq\/2007-2\/#primaryimage"},"thumbnailUrl":"https:\/\/www.unaq.edu.mx\/wp-content\/uploads\/Nuestra_Historia_2007-300x225.jpg","datePublished":"2022-04-12T13:38:56+00:00","dateModified":"2022-04-12T13:40:50+00:00","breadcrumb":{"@id":"https:\/\/www.unaq.edu.mx\/nosotros\/historia-de-la-unaq\/2007-2\/#breadcrumb"},"inLanguage":"en-US","potentialAction":[{"@type":"ReadAction","target":["https:\/\/www.unaq.edu.mx\/nosotros\/historia-de-la-unaq\/2007-2\/"]}]},{"@type":"ImageObject","inLanguage":"en-US","@id":"https:\/\/www.unaq.edu.mx\/nosotros\/historia-de-la-unaq\/2007-2\/#primaryimage","url":"https:\/\/www.unaq.edu.mx\/wp-content\/uploads\/Nuestra_Historia_2007-300x225.jpg","contentUrl":"https:\/\/www.unaq.edu.mx\/wp-content\/uploads\/Nuestra_Historia_2007-300x225.jpg"},{"@type":"BreadcrumbList","@id":"https:\/\/www.unaq.edu.mx\/nosotros\/historia-de-la-unaq\/2007-2\/#breadcrumb","itemListElement":[{"@type":"ListItem","position":1,"name":"Portada","item":"https:\/\/www.unaq.edu.mx\/"},{"@type":"ListItem","position":2,"name":"Nosotros","item":"https:\/\/www.unaq.edu.mx\/nosotros\/"},{"@type":"ListItem","position":3,"name":"Historia de la UNAQ","item":"https:\/\/www.unaq.edu.mx\/nosotros\/historia-de-la-unaq\/"},{"@type":"ListItem","position":4,"name":"Nuestra Historia &#8211; 2007"}]},{"@type":"WebSite","@id":"https:\/\/www.unaq.edu.mx\/#website","url":"https:\/\/www.unaq.edu.mx\/","name":"UNAQ - Universidad Aeron&aacute;utica en Quer&eacute;taro","description":"Formamos profesionales e investigadores para el sector aeron&aacute;utico, con valores, conocimientos, competencias y reconocimiento nacional e internacional, basado en un modelo educativo abierto, flexible, pertinente y estrechamente vinculado, para el desarrollo social, econ&oacute;mico y cultural de M&eacute;xico.","publisher":{"@id":"https:\/\/www.unaq.edu.mx\/#organization"},"potentialAction":[{"@type":"SearchAction","target":{"@type":"EntryPoint","urlTemplate":"https:\/\/www.unaq.edu.mx\/?s={search_term_string}"},"query-input":{"@type":"PropertyValueSpecification","valueRequired":true,"valueName":"search_term_string"}}],"inLanguage":"en-US"},{"@type":"Organization","@id":"https:\/\/www.unaq.edu.mx\/#organization","name":"Universidad Aeron\u00e1utica en Quer\u00e9taro","url":"https:\/\/www.unaq.edu.mx\/","logo":{"@type":"ImageObject","inLanguage":"en-US","@id":"https:\/\/www.unaq.edu.mx\/#\/schema\/logo\/image\/","url":"https:\/\/www.unaq.edu.mx\/wp-content\/uploads\/2022\/04\/Logo_UNAQ.png","contentUrl":"https:\/\/www.unaq.edu.mx\/wp-content\/uploads\/2022\/04\/Logo_UNAQ.png","width":648,"height":284,"caption":"Universidad Aeron\u00e1utica en Quer\u00e9taro"},"image":{"@id":"https:\/\/www.unaq.edu.mx\/#\/schema\/logo\/image\/"},"sameAs":["https:\/\/www.facebook.com\/UNAQMX\/","https:\/\/x.com\/UNAQmx","https:\/\/www.linkedin.com\/company\/unaq","https:\/\/www.youtube.com\/user\/UNAQMX"]}]}},"_links":{"self":[{"href":"https:\/\/www.unaq.edu.mx\/en\/wp-json\/wp\/v2\/pages\/10266","targetHints":{"allow":["GET"]}}],"collection":[{"href":"https:\/\/www.unaq.edu.mx\/en\/wp-json\/wp\/v2\/pages"}],"about":[{"href":"https:\/\/www.unaq.edu.mx\/en\/wp-json\/wp\/v2\/types\/page"}],"author":[{"embeddable":true,"href":"https:\/\/www.unaq.edu.mx\/en\/wp-json\/wp\/v2\/users\/1"}],"replies":[{"embeddable":true,"href":"https:\/\/www.unaq.edu.mx\/en\/wp-json\/wp\/v2\/comments?post=10266"}],"version-history":[{"count":4,"href":"https:\/\/www.unaq.edu.mx\/en\/wp-json\/wp\/v2\/pages\/10266\/revisions"}],"predecessor-version":[{"id":10270,"href":"https:\/\/www.unaq.edu.mx\/en\/wp-json\/wp\/v2\/pages\/10266\/revisions\/10270"}],"up":[{"embeddable":true,"href":"https:\/\/www.unaq.edu.mx\/en\/wp-json\/wp\/v2\/pages\/9305"}],"wp:attachment":[{"href":"https:\/\/www.unaq.edu.mx\/en\/wp-json\/wp\/v2\/media?parent=10266"}],"curies":[{"name":"wp","href":"https:\/\/api.w.org\/{rel}","templated":true}]}}